{"id":343,"date":"2013-07-03T21:30:10","date_gmt":"2013-07-03T19:30:10","guid":{"rendered":"http:\/\/www.chile-reise.com\/wordpress\/?page_id=343"},"modified":"2014-07-11T22:57:52","modified_gmt":"2014-07-11T20:57:52","slug":"hotel-marina-las-condes","status":"publish","type":"page","link":"https:\/\/www.chile-reise.com\/de\/hotels\/santiago-zentralchile-und-pazifikkueste\/hotel-marina-las-condes\/","title":{"rendered":"Hotel Marina Las Condes ****"},"content":{"rendered":"<p>\r\n        <style type='text\/css'>\r\n            #gallery-1 {\r\n                margin: auto;\r\n            }\r\n            #gallery-1 .gallery-item {\r\n                float: left;\r\n                margin-top: 10px;\r\n                text-align: center;\r\n                width: 33%;           }\r\n            #gallery-1 img {\r\n                border: 2px solid #cfcfcf;\r\n            }\r\n            #gallery-1 .gallery-caption {\r\n                margin-left: 0;\r\n            }\r\n        <\/style>\r\n        <!-- see gallery_shortcode() in wp-includes\/media.php -->\r\n        <div id='gallery-1' class='gallery-images gallery galleryid-343'><dl class='gallery-item'>\r\n            <dt class='gallery-icon'>\r\n                <a href='https:\/\/www.chile-reise.com\/wp-content\/uploads\/76068_001_Pool.jpg'><img loading=\"lazy\" decoding=\"async\" width=\"240\" height=\"140\" src=\"https:\/\/www.chile-reise.com\/wp-content\/uploads\/76068_001_Pool-240x140.jpg\" class=\"attachment-thumbnail size-thumbnail\" alt=\"76068 001 Pool\" \/><\/a>\r\n            <\/dt>\r\n                <dd class='gallery-caption'>\r\n                Hotel Marina Las Condes\r\n                <\/dd><\/dl><dl class='gallery-item'>\r\n            <dt class='gallery-icon'>\r\n                <a href='https:\/\/www.chile-reise.com\/wp-content\/uploads\/76068_004_Exterior.jpg'><img loading=\"lazy\" decoding=\"async\" width=\"240\" height=\"140\" src=\"https:\/\/www.chile-reise.com\/wp-content\/uploads\/76068_004_Exterior-240x140.jpg\" class=\"attachment-thumbnail size-thumbnail\" alt=\"76068 004 Exterior\" \/><\/a>\r\n            <\/dt>\r\n                <dd class='gallery-caption'>\r\n                Hotel Marina Las Condes\r\n                <\/dd><\/dl><dl class='gallery-item'>\r\n            <dt class='gallery-icon'>\r\n                <a href='https:\/\/www.chile-reise.com\/wp-content\/uploads\/76068_005_Guestroom.jpg'><img loading=\"lazy\" decoding=\"async\" width=\"240\" height=\"140\" src=\"https:\/\/www.chile-reise.com\/wp-content\/uploads\/76068_005_Guestroom-240x140.jpg\" class=\"attachment-thumbnail size-thumbnail\" alt=\"76068 005 Guestroom\" srcset=\"https:\/\/www.chile-reise.com\/wp-content\/uploads\/76068_005_Guestroom-240x140.jpg 240w, https:\/\/www.chile-reise.com\/wp-content\/uploads\/76068_005_Guestroom-570x330.jpg 570w, https:\/\/www.chile-reise.com\/wp-content\/uploads\/76068_005_Guestroom.jpg 700w\" sizes=\"auto, (max-width: 240px) 100vw, 240px\" \/><\/a>\r\n            <\/dt>\r\n                <dd class='gallery-caption'>\r\n                Hotel Marina Las Condes Room\r\n                <\/dd><\/dl><br style=\"clear: both\" \/><dl class='gallery-item'>\r\n            <dt class='gallery-icon'>\r\n                <a href='https:\/\/www.chile-reise.com\/wp-content\/uploads\/76068_010_Restaurant.jpg'><img loading=\"lazy\" decoding=\"async\" width=\"240\" height=\"140\" src=\"https:\/\/www.chile-reise.com\/wp-content\/uploads\/76068_010_Restaurant-240x140.jpg\" class=\"attachment-thumbnail size-thumbnail\" alt=\"76068 010 Restaurant\" \/><\/a>\r\n            <\/dt>\r\n                <dd class='gallery-caption'>\r\n                Hotel Marina Las Condes Restaurant\r\n                <\/dd><\/dl><dl class='gallery-item'>\r\n            <dt class='gallery-icon'>\r\n                <a href='https:\/\/www.chile-reise.com\/wp-content\/uploads\/76068_007_BarLounge.jpg'><img loading=\"lazy\" decoding=\"async\" width=\"240\" height=\"140\" src=\"https:\/\/www.chile-reise.com\/wp-content\/uploads\/76068_007_BarLounge-240x140.jpg\" class=\"attachment-thumbnail size-thumbnail\" alt=\"76068 007 BarLounge\" \/><\/a>\r\n            <\/dt>\r\n                <dd class='gallery-caption'>\r\n                Hotel Marina Las Condes Bar\r\n                <\/dd><\/dl><dl class='gallery-item'>\r\n            <dt class='gallery-icon'>\r\n                <a href='https:\/\/www.chile-reise.com\/wp-content\/uploads\/76068_002_Recreation.jpg'><img loading=\"lazy\" decoding=\"async\" width=\"240\" height=\"140\" src=\"https:\/\/www.chile-reise.com\/wp-content\/uploads\/76068_002_Recreation-240x140.jpg\" class=\"attachment-thumbnail size-thumbnail\" alt=\"76068 002 Recreation\" \/><\/a>\r\n            <\/dt>\r\n                <dd class='gallery-caption'>\r\n                Hotel Marina Las Condes Gym\r\n                <\/dd><\/dl><br style=\"clear: both\" \/>\r\n            <br style='clear: both;' \/>\r\n        <\/div>\n\n<div class=\"clear\"><\/div><div class=\"divider\"><\/div>\n<p>Er\u00f6ffnet als das erste Best Western-Hotel aus der \u201ePremier\u201c-Kategorie in Lateinamerika, bietet dieses moderne Stadthotel einen verl\u00e4sslichen Standard auf hohem Niveau. Die Lage im Gesch\u00e4ftsbezirk Las Condes garantiert eine gute Erreichbarkeit des Flughafens, der Innenstadt und der bekanntesten Skigebiete Chiles. Die Zimmer sind einladend, lichtdurchflutet und verf\u00fcgen \u00fcber eine hervorragende Ausstattung. Im 12. Stockwerk sorgen ein Whirlpool und ein Schwimmbecken mit Panoramafenster f\u00fcr beeindruckende Ausblicke \u00fcber die Stadt. Ein Restaurant und eine Bar vervollst\u00e4ndigen das Angebot des Hotels.<\/p>\n<p><strong>Zimmer:<\/strong> 151<br \/>\n<strong>Ausstattung:<\/strong> Haartrockner, Kabel-TV, Telefon, Klimaanlage, Heizung, Minibar, Safe, B\u00fcgeleisen und -brett, Schwimmbecken, Whirlpool, Restaurant, Bar, Konferenzr\u00e4ume, Fitnesscenter, W\u00e4scheservice, Parkpl\u00e4tze<br \/>\n<strong>Internet:<\/strong> Wi-Fi<\/p>","protected":false},"excerpt":{"rendered":"<p>Er\u00f6ffnet als das erste Best Western-Hotel aus der \u201ePremier\u201c-Kategorie in Lateinamerika, bietet dieses moderne Stadthotel einen verl\u00e4sslichen Standard auf hohem Niveau. Die Lage im Gesch\u00e4ftsbezirk Las Condes garantiert eine gute Erreichbarkeit des Flughafens, der Innenstadt und der bekanntesten Skigebiete Chiles. &#8230;<\/p>\n","protected":false},"author":16,"featured_media":0,"parent":210,"menu_order":0,"comment_status":"open","ping_status":"open","template":"","meta":{"slim_seo":{"title":"Hotel Marina Las Condes **** Hotel Marina Las Condes **** - travelArt","description":"Hotel Marina Las Condes Hotel Marina Las Condes Hotel Marina Las Condes Room Hotel Marina Las Condes Restaurant Hotel Marina Las Condes Bar Hotel Marina Las Con"},"footnotes":""},"class_list":["post-343","page","type-page","status-publish","hentry"],"_links":{"self":[{"href":"https:\/\/www.chile-reise.com\/de\/wp-json\/wp\/v2\/pages\/343","targetHints":{"allow":["GET"]}}],"collection":[{"href":"https:\/\/www.chile-reise.com\/de\/wp-json\/wp\/v2\/pages"}],"about":[{"href":"https:\/\/www.chile-reise.com\/de\/wp-json\/wp\/v2\/types\/page"}],"author":[{"embeddable":true,"href":"https:\/\/www.chile-reise.com\/de\/wp-json\/wp\/v2\/users\/16"}],"replies":[{"embeddable":true,"href":"https:\/\/www.chile-reise.com\/de\/wp-json\/wp\/v2\/comments?post=343"}],"version-history":[{"count":0,"href":"https:\/\/www.chile-reise.com\/de\/wp-json\/wp\/v2\/pages\/343\/revisions"}],"up":[{"embeddable":true,"href":"https:\/\/www.chile-reise.com\/de\/wp-json\/wp\/v2\/pages\/210"}],"wp:attachment":[{"href":"https:\/\/www.chile-reise.com\/de\/wp-json\/wp\/v2\/media?parent=343"}],"curies":[{"name":"wp","href":"https:\/\/api.w.org\/{rel}","templated":true}]}}