{"id":342,"date":"2013-07-03T21:28:55","date_gmt":"2013-07-03T19:28:55","guid":{"rendered":"http:\/\/www.chile-reise.com\/wordpress\/?page_id=342"},"modified":"2015-04-10T16:51:57","modified_gmt":"2015-04-10T14:51:57","slug":"hotel-su-merced","status":"publish","type":"page","link":"https:\/\/www.chile-reise.com\/de\/hotels\/santiago-zentralchile-und-pazifikkueste\/hotel-su-merced\/","title":{"rendered":"Hotel Su Merced (B)"},"content":{"rendered":"<p>\r\n        <style type='text\/css'>\r\n            #gallery-1 {\r\n                margin: auto;\r\n            }\r\n            #gallery-1 .gallery-item {\r\n                float: left;\r\n                margin-top: 10px;\r\n                text-align: center;\r\n                width: 33%;           }\r\n            #gallery-1 img {\r\n                border: 2px solid #cfcfcf;\r\n            }\r\n            #gallery-1 .gallery-caption {\r\n                margin-left: 0;\r\n            }\r\n        <\/style>\r\n        <!-- see gallery_shortcode() in wp-includes\/media.php -->\r\n        <div id='gallery-1' class='gallery-images gallery galleryid-342'><dl class='gallery-item'>\r\n            <dt class='gallery-icon'>\r\n                <a href='https:\/\/www.chile-reise.com\/wp-content\/uploads\/Fachada-Hotel.jpg'><img loading=\"lazy\" decoding=\"async\" width=\"240\" height=\"140\" src=\"https:\/\/www.chile-reise.com\/wp-content\/uploads\/Fachada-Hotel-240x140.jpg\" class=\"attachment-thumbnail size-thumbnail\" alt=\"Fachada Hotel\" \/><\/a>\r\n            <\/dt>\r\n                <dd class='gallery-caption'>\r\n                Hotel Su Merced\r\n                <\/dd><\/dl><dl class='gallery-item'>\r\n            <dt class='gallery-icon'>\r\n                <a href='https:\/\/www.chile-reise.com\/wp-content\/uploads\/Hab-Suite.jpg'><img loading=\"lazy\" decoding=\"async\" width=\"240\" height=\"140\" src=\"https:\/\/www.chile-reise.com\/wp-content\/uploads\/Hab-Suite-240x140.jpg\" class=\"attachment-thumbnail size-thumbnail\" alt=\"Hab Suite\" \/><\/a>\r\n            <\/dt>\r\n                <dd class='gallery-caption'>\r\n                Hotel Su Merced Room\r\n                <\/dd><\/dl><dl class='gallery-item'>\r\n            <dt class='gallery-icon'>\r\n                <a href='https:\/\/www.chile-reise.com\/wp-content\/uploads\/Terraza.jpg'><img loading=\"lazy\" decoding=\"async\" width=\"240\" height=\"140\" src=\"https:\/\/www.chile-reise.com\/wp-content\/uploads\/Terraza-240x140.jpg\" class=\"attachment-thumbnail size-thumbnail\" alt=\"Terraza\" \/><\/a>\r\n            <\/dt>\r\n                <dd class='gallery-caption'>\r\n                Hotel Su Merced Terrace\r\n                <\/dd><\/dl><br style=\"clear: both\" \/>\r\n            <br style='clear: both;' \/>\r\n        <\/div>\n\n<div class=\"clear\"><\/div><div class=\"divider\"><\/div>\n<p>Das Boutique-Hotel \u201eSu Merced\u201c liegt im quirligen und angesagten Viertel \u201cLastarria\u201d, im Herzen Santiagos. Das detailgetreu restaurierte und modern eingerichtete Geb\u00e4ude aus dem fr\u00fchen 20. Jahrhundert begr\u00fc\u00dft seine G\u00e4ste mit historischem Charme und modernem Komfort, der keine W\u00fcnsche offen l\u00e4sst. Mit nur neun individuell eingerichteten Zimmern in verschiedenen Kategorien bietet Su Merced ein angenehm privates Ambiente; eine moderne Lounge und eine Terrasse im 4. Stock laden am Abend zum Verweilen ein. Im Hotelrestaurant werden Fleisch, Fisch und Meeresfr\u00fcchte mit lokalem Gem\u00fcse kombiniert, die Weinauswahl stellt ein weiteres Highlight dar.<\/p>\n<p><strong>Zimmer:<\/strong> 9<br \/>\n<strong>Ausstattung:<\/strong> Minibar, Kabel-TV, Safe, Heizung, Klimaanlage, einige Zimmer mit Schreibtisch; Restaurant, Lounge, Terrasse, W\u00e4scheservice, Parkpl\u00e4tze<br \/>\n<strong>Internet:<\/strong> Wi-Fi<\/p>","protected":false},"excerpt":{"rendered":"<p>Das Boutique-Hotel \u201eSu Merced\u201c liegt im quirligen und angesagten Viertel \u201cLastarria\u201d, im Herzen Santiagos. Das detailgetreu restaurierte und modern eingerichtete Geb\u00e4ude aus dem fr\u00fchen 20. Jahrhundert begr\u00fc\u00dft seine G\u00e4ste mit historischem Charme und modernem Komfort, der keine W\u00fcnsche offen l\u00e4sst. &#8230;<\/p>\n","protected":false},"author":16,"featured_media":0,"parent":210,"menu_order":0,"comment_status":"open","ping_status":"open","template":"","meta":{"slim_seo":{"title":"Hotel Su Merced (B) Hotel Su Merced (B) - travelArt","description":"Hotel Su Merced Hotel Su Merced Room Hotel Su Merced Terrace Das Boutique-Hotel \u201eSu Merced\u201c liegt im quirligen und angesagten Viertel \u201cLastarria\u201d, im Herzen San"},"footnotes":""},"class_list":["post-342","page","type-page","status-publish","hentry"],"_links":{"self":[{"href":"https:\/\/www.chile-reise.com\/de\/wp-json\/wp\/v2\/pages\/342","targetHints":{"allow":["GET"]}}],"collection":[{"href":"https:\/\/www.chile-reise.com\/de\/wp-json\/wp\/v2\/pages"}],"about":[{"href":"https:\/\/www.chile-reise.com\/de\/wp-json\/wp\/v2\/types\/page"}],"author":[{"embeddable":true,"href":"https:\/\/www.chile-reise.com\/de\/wp-json\/wp\/v2\/users\/16"}],"replies":[{"embeddable":true,"href":"https:\/\/www.chile-reise.com\/de\/wp-json\/wp\/v2\/comments?post=342"}],"version-history":[{"count":0,"href":"https:\/\/www.chile-reise.com\/de\/wp-json\/wp\/v2\/pages\/342\/revisions"}],"up":[{"embeddable":true,"href":"https:\/\/www.chile-reise.com\/de\/wp-json\/wp\/v2\/pages\/210"}],"wp:attachment":[{"href":"https:\/\/www.chile-reise.com\/de\/wp-json\/wp\/v2\/media?parent=342"}],"curies":[{"name":"wp","href":"https:\/\/api.w.org\/{rel}","templated":true}]}}