{"id":335,"date":"2013-07-03T21:22:14","date_gmt":"2013-07-03T19:22:14","guid":{"rendered":"http:\/\/www.chile-reise.com\/wordpress\/?page_id=335"},"modified":"2015-04-10T16:50:02","modified_gmt":"2015-04-10T14:50:02","slug":"boutique-hotel-le-reve","status":"publish","type":"page","link":"https:\/\/www.chile-reise.com\/de\/hotels\/santiago-zentralchile-und-pazifikkueste\/boutique-hotel-le-reve\/","title":{"rendered":"Hotel Le Reve (B)"},"content":{"rendered":"<p>\r\n        <style type='text\/css'>\r\n            #gallery-1 {\r\n                margin: auto;\r\n            }\r\n            #gallery-1 .gallery-item {\r\n                float: left;\r\n                margin-top: 10px;\r\n                text-align: center;\r\n                width: 33%;           }\r\n            #gallery-1 img {\r\n                border: 2px solid #cfcfcf;\r\n            }\r\n            #gallery-1 .gallery-caption {\r\n                margin-left: 0;\r\n            }\r\n        <\/style>\r\n        <!-- see gallery_shortcode() in wp-includes\/media.php -->\r\n        <div id='gallery-1' class='gallery-images gallery galleryid-335'><dl class='gallery-item'>\r\n            <dt class='gallery-icon'>\r\n                <a href='https:\/\/www.chile-reise.com\/wp-content\/uploads\/Boutique-Hotel-Le-Reve.jpg'><img loading=\"lazy\" decoding=\"async\" width=\"240\" height=\"140\" src=\"https:\/\/www.chile-reise.com\/wp-content\/uploads\/Boutique-Hotel-Le-Reve-240x140.jpg\" class=\"attachment-thumbnail size-thumbnail\" alt=\"Boutique Hotel Le Reve\" \/><\/a>\r\n            <\/dt>\r\n                <dd class='gallery-caption'>\r\n                Boutique Hotel Le Reve\r\n                <\/dd><\/dl><dl class='gallery-item'>\r\n            <dt class='gallery-icon'>\r\n                <a href='https:\/\/www.chile-reise.com\/wp-content\/uploads\/Boutique-Hotel-Le-Reve_Double-Room.jpg'><img loading=\"lazy\" decoding=\"async\" width=\"240\" height=\"140\" src=\"https:\/\/www.chile-reise.com\/wp-content\/uploads\/Boutique-Hotel-Le-Reve_Double-Room-240x140.jpg\" class=\"attachment-thumbnail size-thumbnail\" alt=\"Boutique Hotel Le Reve Double Room\" \/><\/a>\r\n            <\/dt>\r\n                <dd class='gallery-caption'>\r\n                Le Reve Double Room\r\n                <\/dd><\/dl><dl class='gallery-item'>\r\n            <dt class='gallery-icon'>\r\n                <a href='https:\/\/www.chile-reise.com\/wp-content\/uploads\/Boutique-Hotel-Le-Reve_Hallway.jpg'><img loading=\"lazy\" decoding=\"async\" width=\"240\" height=\"140\" src=\"https:\/\/www.chile-reise.com\/wp-content\/uploads\/Boutique-Hotel-Le-Reve_Hallway-240x140.jpg\" class=\"attachment-thumbnail size-thumbnail\" alt=\"Boutique Hotel Le Reve Hallway\" \/><\/a>\r\n            <\/dt>\r\n                <dd class='gallery-caption'>\r\n                Le Reve Hallway\r\n                <\/dd><\/dl><br style=\"clear: both\" \/><dl class='gallery-item'>\r\n            <dt class='gallery-icon'>\r\n                <a href='https:\/\/www.chile-reise.com\/wp-content\/uploads\/Boutique-Hotel-Le-Reve_Living-Room.jpg'><img loading=\"lazy\" decoding=\"async\" width=\"240\" height=\"140\" src=\"https:\/\/www.chile-reise.com\/wp-content\/uploads\/Boutique-Hotel-Le-Reve_Living-Room-240x140.jpg\" class=\"attachment-thumbnail size-thumbnail\" alt=\"Boutique Hotel Le Reve Living Room\" \/><\/a>\r\n            <\/dt>\r\n                <dd class='gallery-caption'>\r\n                Le Reve Living Room\r\n                <\/dd><\/dl><dl class='gallery-item'>\r\n            <dt class='gallery-icon'>\r\n                <a href='https:\/\/www.chile-reise.com\/wp-content\/uploads\/Boutique-Hotel-Le-Reve_Suite.jpg'><img loading=\"lazy\" decoding=\"async\" width=\"240\" height=\"140\" src=\"https:\/\/www.chile-reise.com\/wp-content\/uploads\/Boutique-Hotel-Le-Reve_Suite-240x140.jpg\" class=\"attachment-thumbnail size-thumbnail\" alt=\"Boutique Hotel Le Reve Suite\" \/><\/a>\r\n            <\/dt>\r\n                <dd class='gallery-caption'>\r\n                Le Reve Suite\r\n                <\/dd><\/dl><dl class='gallery-item'>\r\n            <dt class='gallery-icon'>\r\n                <a href='https:\/\/www.chile-reise.com\/wp-content\/uploads\/Boutique-Hotel-Le-Reve_Patio.jpg'><img loading=\"lazy\" decoding=\"async\" width=\"240\" height=\"140\" src=\"https:\/\/www.chile-reise.com\/wp-content\/uploads\/Boutique-Hotel-Le-Reve_Patio-240x140.jpg\" class=\"attachment-thumbnail size-thumbnail\" alt=\"Boutique Hotel Le Reve Patio\" \/><\/a>\r\n            <\/dt><\/dl><br style=\"clear: both\" \/>\r\n            <br style='clear: both;' \/>\r\n        <\/div>\n\n<div class=\"clear\"><\/div><div class=\"divider\"><\/div>\n<p>Das sch\u00f6ne und gem\u00fctliche Boutique-Hotel Le Reve liegt im Herzen des Stadtteils Providencia, dem modernen Gesch\u00e4ftsviertel von Santiago. Das denkmalgesch\u00fctzte Geb\u00e4ude \u00fcberzeugt mit franz\u00f6sischer Architektur und einem wundersch\u00f6nen Garten, der den G\u00e4sten als Ruhepol in der Stadt Entspannung bietet. Die Einrichtung der Zimmer und Aufenthaltsr\u00e4ume l\u00e4sst historische und moderne Stilelemente verschmelzen. Einige Zimmer haben einen Balkon mit Aussicht auf den Garten. Eine Besonderheit ist die \u00abHonesty Bar\u00bb: Die G\u00e4ste bedienen sich einfach selbst und schreiben dann ihre Getr\u00e4nke auf.<\/p>\n<p><strong>Zimmer:<\/strong> 31<br \/>\n<strong>Ausstattung:<\/strong> Kabel-TV, Klimaanlage, Heizung, Minibar, Telefon, Safe, Aufenthaltsraum, Garten, Suiten mit Wohnzimmer, Honesty-Bar, W\u00e4scheservice, Parkpl\u00e4tze<br \/>\n<strong>Internet:<\/strong> Wi-Fi<\/p>","protected":false},"excerpt":{"rendered":"<p>Das sch\u00f6ne und gem\u00fctliche Boutique-Hotel Le Reve liegt im Herzen des Stadtteils Providencia, dem modernen Gesch\u00e4ftsviertel von Santiago. Das denkmalgesch\u00fctzte Geb\u00e4ude \u00fcberzeugt mit franz\u00f6sischer Architektur und einem wundersch\u00f6nen Garten, der den G\u00e4sten als Ruhepol in der Stadt Entspannung bietet. Die &#8230;<\/p>\n","protected":false},"author":16,"featured_media":0,"parent":210,"menu_order":0,"comment_status":"open","ping_status":"open","template":"","meta":{"slim_seo":{"title":"Hotel Le Reve (B) Hotel Le Reve (B) - travelArt","description":"Boutique Hotel Le Reve Le Reve Double Room Le Reve Hallway Le Reve Living Room Le Reve Suite Das sch\u00f6ne und gem\u00fctliche Boutique-Hotel Le Reve liegt im Herzen de"},"footnotes":""},"class_list":["post-335","page","type-page","status-publish","hentry"],"_links":{"self":[{"href":"https:\/\/www.chile-reise.com\/de\/wp-json\/wp\/v2\/pages\/335","targetHints":{"allow":["GET"]}}],"collection":[{"href":"https:\/\/www.chile-reise.com\/de\/wp-json\/wp\/v2\/pages"}],"about":[{"href":"https:\/\/www.chile-reise.com\/de\/wp-json\/wp\/v2\/types\/page"}],"author":[{"embeddable":true,"href":"https:\/\/www.chile-reise.com\/de\/wp-json\/wp\/v2\/users\/16"}],"replies":[{"embeddable":true,"href":"https:\/\/www.chile-reise.com\/de\/wp-json\/wp\/v2\/comments?post=335"}],"version-history":[{"count":0,"href":"https:\/\/www.chile-reise.com\/de\/wp-json\/wp\/v2\/pages\/335\/revisions"}],"up":[{"embeddable":true,"href":"https:\/\/www.chile-reise.com\/de\/wp-json\/wp\/v2\/pages\/210"}],"wp:attachment":[{"href":"https:\/\/www.chile-reise.com\/de\/wp-json\/wp\/v2\/media?parent=335"}],"curies":[{"name":"wp","href":"https:\/\/api.w.org\/{rel}","templated":true}]}}