{"id":333,"date":"2013-07-03T21:20:58","date_gmt":"2013-07-03T19:20:58","guid":{"rendered":"http:\/\/www.chile-reise.com\/wordpress\/?page_id=333"},"modified":"2013-10-18T15:49:41","modified_gmt":"2013-10-18T13:49:41","slug":"hotel-noi-vitacura","status":"publish","type":"page","link":"https:\/\/www.chile-reise.com\/de\/hotels\/santiago-zentralchile-und-pazifikkueste\/hotel-noi-vitacura\/","title":{"rendered":"NOI Vitacura *****"},"content":{"rendered":"<p>\r\n        <style type='text\/css'>\r\n            #gallery-1 {\r\n                margin: auto;\r\n            }\r\n            #gallery-1 .gallery-item {\r\n                float: left;\r\n                margin-top: 10px;\r\n                text-align: center;\r\n                width: 33%;           }\r\n            #gallery-1 img {\r\n                border: 2px solid #cfcfcf;\r\n            }\r\n            #gallery-1 .gallery-caption {\r\n                margin-left: 0;\r\n            }\r\n        <\/style>\r\n        <!-- see gallery_shortcode() in wp-includes\/media.php -->\r\n        <div id='gallery-1' class='gallery-images gallery galleryid-333'><dl class='gallery-item'>\r\n            <dt class='gallery-icon'>\r\n                <a href='https:\/\/www.chile-reise.com\/wp-content\/uploads\/Noi-Vitacura.jpg'><img loading=\"lazy\" decoding=\"async\" width=\"240\" height=\"140\" src=\"https:\/\/www.chile-reise.com\/wp-content\/uploads\/Noi-Vitacura-240x140.jpg\" class=\"attachment-thumbnail size-thumbnail\" alt=\"Noi Vitacura\" \/><\/a>\r\n            <\/dt>\r\n                <dd class='gallery-caption'>\r\n                NOI Vitacura\r\n                <\/dd><\/dl><dl class='gallery-item'>\r\n            <dt class='gallery-icon'>\r\n                <a href='https:\/\/www.chile-reise.com\/wp-content\/uploads\/Noi-Vitacura-Double-Room.jpg'><img loading=\"lazy\" decoding=\"async\" width=\"240\" height=\"140\" src=\"https:\/\/www.chile-reise.com\/wp-content\/uploads\/Noi-Vitacura-Double-Room-240x140.jpg\" class=\"attachment-thumbnail size-thumbnail\" alt=\"Noi Vitacura Double Room\" \/><\/a>\r\n            <\/dt>\r\n                <dd class='gallery-caption'>\r\n                NOI Vitacura Double Room\r\n                <\/dd><\/dl><dl class='gallery-item'>\r\n            <dt class='gallery-icon'>\r\n                <a href='https:\/\/www.chile-reise.com\/wp-content\/uploads\/Noi-Vitacura-Piscina.jpg'><img loading=\"lazy\" decoding=\"async\" width=\"240\" height=\"140\" src=\"https:\/\/www.chile-reise.com\/wp-content\/uploads\/Noi-Vitacura-Piscina-240x140.jpg\" class=\"attachment-thumbnail size-thumbnail\" alt=\"Noi Vitacura Piscina\" \/><\/a>\r\n            <\/dt>\r\n                <dd class='gallery-caption'>\r\n                NOI Vitacura Pool\r\n                <\/dd><\/dl><br style=\"clear: both\" \/><dl class='gallery-item'>\r\n            <dt class='gallery-icon'>\r\n                <a href='https:\/\/www.chile-reise.com\/wp-content\/uploads\/Noi-Vitacura-Spa.jpg'><img loading=\"lazy\" decoding=\"async\" width=\"240\" height=\"140\" src=\"https:\/\/www.chile-reise.com\/wp-content\/uploads\/Noi-Vitacura-Spa-240x140.jpg\" class=\"attachment-thumbnail size-thumbnail\" alt=\"Noi Vitacura Spa\" \/><\/a>\r\n            <\/dt>\r\n                <dd class='gallery-caption'>\r\n                NOI Vitacura Spa\r\n                <\/dd><\/dl><dl class='gallery-item'>\r\n            <dt class='gallery-icon'>\r\n                <a href='https:\/\/www.chile-reise.com\/wp-content\/uploads\/Noi-Vitacura-Suite.jpg'><img loading=\"lazy\" decoding=\"async\" width=\"240\" height=\"140\" src=\"https:\/\/www.chile-reise.com\/wp-content\/uploads\/Noi-Vitacura-Suite-240x140.jpg\" class=\"attachment-thumbnail size-thumbnail\" alt=\"Noi Vitacura\" \/><\/a>\r\n            <\/dt>\r\n                <dd class='gallery-caption'>\r\n                NOI Vitacura Suite\r\n                <\/dd><\/dl><dl class='gallery-item'>\r\n            <dt class='gallery-icon'>\r\n                <a href='https:\/\/www.chile-reise.com\/wp-content\/uploads\/Noi-Vitacura-Restaurant.jpg'><img loading=\"lazy\" decoding=\"async\" width=\"240\" height=\"140\" src=\"https:\/\/www.chile-reise.com\/wp-content\/uploads\/Noi-Vitacura-Restaurant-240x140.jpg\" class=\"attachment-thumbnail size-thumbnail\" alt=\"Noi Vitacura Restaurant\" \/><\/a>\r\n            <\/dt>\r\n                <dd class='gallery-caption'>\r\n                NOI Vitacura Restaurant\r\n                <\/dd><\/dl><br style=\"clear: both\" \/>\r\n            <br style='clear: both;' \/>\r\n        <\/div>\n\n<div class=\"clear\"><\/div><div class=\"divider\"><\/div>\n<p>Nahe hochklassiger Gesch\u00e4fte, Bars und Restaurants und doch nicht weit entfernt von der urspr\u00fcnglichen Natur der Anden, bietet das luxuri\u00f6se Hotel NOI Vitacura einen perfekten Ausgangpunkt f\u00fcr anspruchsvolle Reisende. Die ger\u00e4umigen Zimmer sind mit viel heimischen Holz, modernem Design und in harmonischen Farben ausgestattet, w\u00e4hrend die gro\u00dfen Fensterfronten wunderbare Blicke \u00fcber die Stadt und auf die Berge er\u00f6ffnen. In zwei Restaurants und Bars werden internationale Spezialit\u00e4ten und Getr\u00e4nke serviert.<\/p>\n<p><strong>Zimmer:<\/strong> 87<br \/>\n<strong>Ausstattung:<\/strong> Kabel-TV, Telefon mit  Videofunktion, Audiosystem, zwei Restaurants, zwei Bars, Schwimmbecken, Spa, Fitnesscenter, W\u00e4scheservice, Parkpl\u00e4tze<br \/>\nBehindertengerechte Zimmer stehen zur Verf\u00fcgung.<br \/>\n<strong>Internet:<\/strong> Wi-Fi<\/p>","protected":false},"excerpt":{"rendered":"<p>Nahe hochklassiger Gesch\u00e4fte, Bars und Restaurants und doch nicht weit entfernt von der urspr\u00fcnglichen Natur der Anden, bietet das luxuri\u00f6se Hotel NOI Vitacura einen perfekten Ausgangpunkt f\u00fcr anspruchsvolle Reisende. Die ger\u00e4umigen Zimmer sind mit viel heimischen Holz, modernem Design und &#8230;<\/p>\n","protected":false},"author":16,"featured_media":0,"parent":210,"menu_order":0,"comment_status":"open","ping_status":"open","template":"","meta":{"slim_seo":{"title":"NOI Vitacura ***** NOI Vitacura ***** - travelArt","description":"NOI Vitacura NOI Vitacura Double Room NOI Vitacura Pool NOI Vitacura Spa NOI Vitacura Suite NOI Vitacura Restaurant Nahe hochklassiger Gesch\u00e4fte, Bars und Resta"},"footnotes":""},"class_list":["post-333","page","type-page","status-publish","hentry"],"_links":{"self":[{"href":"https:\/\/www.chile-reise.com\/de\/wp-json\/wp\/v2\/pages\/333","targetHints":{"allow":["GET"]}}],"collection":[{"href":"https:\/\/www.chile-reise.com\/de\/wp-json\/wp\/v2\/pages"}],"about":[{"href":"https:\/\/www.chile-reise.com\/de\/wp-json\/wp\/v2\/types\/page"}],"author":[{"embeddable":true,"href":"https:\/\/www.chile-reise.com\/de\/wp-json\/wp\/v2\/users\/16"}],"replies":[{"embeddable":true,"href":"https:\/\/www.chile-reise.com\/de\/wp-json\/wp\/v2\/comments?post=333"}],"version-history":[{"count":0,"href":"https:\/\/www.chile-reise.com\/de\/wp-json\/wp\/v2\/pages\/333\/revisions"}],"up":[{"embeddable":true,"href":"https:\/\/www.chile-reise.com\/de\/wp-json\/wp\/v2\/pages\/210"}],"wp:attachment":[{"href":"https:\/\/www.chile-reise.com\/de\/wp-json\/wp\/v2\/media?parent=333"}],"curies":[{"name":"wp","href":"https:\/\/api.w.org\/{rel}","templated":true}]}}