{"id":332,"date":"2013-07-03T21:19:37","date_gmt":"2013-07-03T19:19:37","guid":{"rendered":"http:\/\/www.chile-reise.com\/wordpress\/?page_id=332"},"modified":"2015-04-10T16:49:16","modified_gmt":"2015-04-10T14:49:16","slug":"boutique-hotel-the-aubrey","status":"publish","type":"page","link":"https:\/\/www.chile-reise.com\/de\/hotels\/santiago-zentralchile-und-pazifikkueste\/boutique-hotel-the-aubrey\/","title":{"rendered":"The Aubrey (B)"},"content":{"rendered":"<p>\r\n        <style type='text\/css'>\r\n            #gallery-1 {\r\n                margin: auto;\r\n            }\r\n            #gallery-1 .gallery-item {\r\n                float: left;\r\n                margin-top: 10px;\r\n                text-align: center;\r\n                width: 33%;           }\r\n            #gallery-1 img {\r\n                border: 2px solid #cfcfcf;\r\n            }\r\n            #gallery-1 .gallery-caption {\r\n                margin-left: 0;\r\n            }\r\n        <\/style>\r\n        <!-- see gallery_shortcode() in wp-includes\/media.php -->\r\n        <div id='gallery-1' class='gallery-images gallery galleryid-332'><dl class='gallery-item'>\r\n            <dt class='gallery-icon'>\r\n                <a href='https:\/\/www.chile-reise.com\/wp-content\/uploads\/The-Aubrey-fachada.jpg'><img loading=\"lazy\" decoding=\"async\" width=\"240\" height=\"140\" src=\"https:\/\/www.chile-reise.com\/wp-content\/uploads\/The-Aubrey-fachada-240x140.jpg\" class=\"attachment-thumbnail size-thumbnail\" alt=\"The Aubrey Boutique Hotel\" \/><\/a>\r\n            <\/dt>\r\n                <dd class='gallery-caption'>\r\n                Boutique Hotel The Aubrey\r\n                <\/dd><\/dl><dl class='gallery-item'>\r\n            <dt class='gallery-icon'>\r\n                <a href='https:\/\/www.chile-reise.com\/wp-content\/uploads\/The-Aubrey-suite.jpg'><img loading=\"lazy\" decoding=\"async\" width=\"240\" height=\"140\" src=\"https:\/\/www.chile-reise.com\/wp-content\/uploads\/The-Aubrey-suite-240x140.jpg\" class=\"attachment-thumbnail size-thumbnail\" alt=\"The Aubrey suite\" \/><\/a>\r\n            <\/dt>\r\n                <dd class='gallery-caption'>\r\n                The Aubrey Suite\r\n                <\/dd><\/dl><dl class='gallery-item'>\r\n            <dt class='gallery-icon'>\r\n                <a href='https:\/\/www.chile-reise.com\/wp-content\/uploads\/The-Aubrey-Hallway.jpg'><img loading=\"lazy\" decoding=\"async\" width=\"240\" height=\"140\" src=\"https:\/\/www.chile-reise.com\/wp-content\/uploads\/The-Aubrey-Hallway-240x140.jpg\" class=\"attachment-thumbnail size-thumbnail\" alt=\"The Aubrey Hallway\" \/><\/a>\r\n            <\/dt>\r\n                <dd class='gallery-caption'>\r\n                The Aubrey Hallway\r\n                <\/dd><\/dl><br style=\"clear: both\" \/><dl class='gallery-item'>\r\n            <dt class='gallery-icon'>\r\n                <a href='https:\/\/www.chile-reise.com\/wp-content\/uploads\/The-Aubrey-Pool2.jpg'><img loading=\"lazy\" decoding=\"async\" width=\"240\" height=\"140\" src=\"https:\/\/www.chile-reise.com\/wp-content\/uploads\/The-Aubrey-Pool2-240x140.jpg\" class=\"attachment-thumbnail size-thumbnail\" alt=\"The Aubrey Pool2\" \/><\/a>\r\n            <\/dt>\r\n                <dd class='gallery-caption'>\r\n                The Aubrey Pool\r\n                <\/dd><\/dl><dl class='gallery-item'>\r\n            <dt class='gallery-icon'>\r\n                <a href='https:\/\/www.chile-reise.com\/wp-content\/uploads\/The-Aubrey-Lounge-Bar.jpg'><img loading=\"lazy\" decoding=\"async\" width=\"240\" height=\"140\" src=\"https:\/\/www.chile-reise.com\/wp-content\/uploads\/The-Aubrey-Lounge-Bar-240x140.jpg\" class=\"attachment-thumbnail size-thumbnail\" alt=\"The Aubrey Lounge Bar\" \/><\/a>\r\n            <\/dt>\r\n                <dd class='gallery-caption'>\r\n                The Aubrey Bar Lounge\r\n                <\/dd><\/dl><dl class='gallery-item'>\r\n            <dt class='gallery-icon'>\r\n                <a href='https:\/\/www.chile-reise.com\/wp-content\/uploads\/The-Aubrey-Parque-Metro-Terrace.jpg'><img loading=\"lazy\" decoding=\"async\" width=\"240\" height=\"140\" src=\"https:\/\/www.chile-reise.com\/wp-content\/uploads\/The-Aubrey-Parque-Metro-Terrace-240x140.jpg\" class=\"attachment-thumbnail size-thumbnail\" alt=\"The Aubrey Parque Metro Terrace\" \/><\/a>\r\n            <\/dt>\r\n                <dd class='gallery-caption'>\r\n                The Aubrey Patio &#038; Terrace\r\n                <\/dd><\/dl><br style=\"clear: both\" \/>\r\n            <br style='clear: both;' \/>\r\n        <\/div>\n\n<div class=\"clear\"><\/div><div class=\"divider\"><\/div>\n<p>Das geschmackvoll gestaltete Boutique-Hotel The Aubrey mit pers\u00f6nlichem Service und gro\u00dfartiger Atmosph\u00e4re liegt in einem wundersch\u00f6n renovierten Haus aus den 1920er Jahren im quirligen Stadtteil Bellavista. Die gem\u00fctlichen Zimmer sind alle stilvoll individuell gestaltet.<br \/>\nDie wichtigsten Sehensw\u00fcrdigkeiten Santiagos sind ganz in der N\u00e4he und nur wenige Schritte entfernt befinden sich gem\u00fctliche Caf\u00e9s,  angesagte Bars und das farbenfrohe Ausgehzentrum Patio Bellavista. Anspruchsvolle G\u00e4ste werden sich hier wohlf\u00fchlen.<\/p>\n<p><strong>Zimmer:<\/strong> 15<br \/>\n<strong>Ausstattung:<\/strong> Safe, Kabel-TV, Minibar, Aufenthaltsr\u00e4ume, Schwimmbecken, Massageservice, Fahrradverleih, W\u00e4scheservice, Parkpl\u00e4tze<br \/>\n<strong>Internet:<\/strong> Wi-Fi<\/p>","protected":false},"excerpt":{"rendered":"<p>Das geschmackvoll gestaltete Boutique-Hotel The Aubrey mit pers\u00f6nlichem Service und gro\u00dfartiger Atmosph\u00e4re liegt in einem wundersch\u00f6n renovierten Haus aus den 1920er Jahren im quirligen Stadtteil Bellavista. Die gem\u00fctlichen Zimmer sind alle stilvoll individuell gestaltet. Die wichtigsten Sehensw\u00fcrdigkeiten Santiagos sind ganz &#8230;<\/p>\n","protected":false},"author":16,"featured_media":0,"parent":210,"menu_order":0,"comment_status":"open","ping_status":"open","template":"","meta":{"slim_seo":{"title":"The Aubrey (B) The Aubrey (B) - travelArt","description":"Boutique Hotel The Aubrey The Aubrey Suite The Aubrey Hallway The Aubrey Pool The Aubrey Bar Lounge The Aubrey Patio &#038; Terrace Das geschmackvoll gestaltete"},"footnotes":""},"class_list":["post-332","page","type-page","status-publish","hentry"],"_links":{"self":[{"href":"https:\/\/www.chile-reise.com\/de\/wp-json\/wp\/v2\/pages\/332","targetHints":{"allow":["GET"]}}],"collection":[{"href":"https:\/\/www.chile-reise.com\/de\/wp-json\/wp\/v2\/pages"}],"about":[{"href":"https:\/\/www.chile-reise.com\/de\/wp-json\/wp\/v2\/types\/page"}],"author":[{"embeddable":true,"href":"https:\/\/www.chile-reise.com\/de\/wp-json\/wp\/v2\/users\/16"}],"replies":[{"embeddable":true,"href":"https:\/\/www.chile-reise.com\/de\/wp-json\/wp\/v2\/comments?post=332"}],"version-history":[{"count":0,"href":"https:\/\/www.chile-reise.com\/de\/wp-json\/wp\/v2\/pages\/332\/revisions"}],"up":[{"embeddable":true,"href":"https:\/\/www.chile-reise.com\/de\/wp-json\/wp\/v2\/pages\/210"}],"wp:attachment":[{"href":"https:\/\/www.chile-reise.com\/de\/wp-json\/wp\/v2\/media?parent=332"}],"curies":[{"name":"wp","href":"https:\/\/api.w.org\/{rel}","templated":true}]}}