{"id":328,"date":"2013-07-03T21:18:15","date_gmt":"2013-07-03T19:18:15","guid":{"rendered":"http:\/\/www.chile-reise.com\/wordpress\/?page_id=328"},"modified":"2014-02-28T19:59:04","modified_gmt":"2014-02-28T17:59:04","slug":"hotel-w","status":"publish","type":"page","link":"https:\/\/www.chile-reise.com\/de\/hotels\/santiago-zentralchile-und-pazifikkueste\/hotel-w\/","title":{"rendered":"Hotel W *****"},"content":{"rendered":"<p>\r\n        <style type='text\/css'>\r\n            #gallery-1 {\r\n                margin: auto;\r\n            }\r\n            #gallery-1 .gallery-item {\r\n                float: left;\r\n                margin-top: 10px;\r\n                text-align: center;\r\n                width: 33%;           }\r\n            #gallery-1 img {\r\n                border: 2px solid #cfcfcf;\r\n            }\r\n            #gallery-1 .gallery-caption {\r\n                margin-left: 0;\r\n            }\r\n        <\/style>\r\n        <!-- see gallery_shortcode() in wp-includes\/media.php -->\r\n        <div id='gallery-1' class='gallery-images gallery galleryid-328'><dl class='gallery-item'>\r\n            <dt class='gallery-icon'>\r\n                <a href='https:\/\/www.chile-reise.com\/wp-content\/uploads\/Fachada_klein2.jpg'><img loading=\"lazy\" decoding=\"async\" width=\"240\" height=\"140\" src=\"https:\/\/www.chile-reise.com\/wp-content\/uploads\/Fachada_klein2-240x140.jpg\" class=\"attachment-thumbnail size-thumbnail\" alt=\"Fachada klein\" \/><\/a>\r\n            <\/dt>\r\n                <dd class='gallery-caption'>\r\n                Hotel W\r\n                <\/dd><\/dl><dl class='gallery-item'>\r\n            <dt class='gallery-icon'>\r\n                <a href='https:\/\/www.chile-reise.com\/wp-content\/uploads\/Habitaci\u00f3n_klein3.jpg'><img loading=\"lazy\" decoding=\"async\" width=\"240\" height=\"140\" src=\"https:\/\/www.chile-reise.com\/wp-content\/uploads\/Habitaci\u00f3n_klein3-240x140.jpg\" class=\"attachment-thumbnail size-thumbnail\" alt=\"Habitaci\u00f3n klein\" \/><\/a>\r\n            <\/dt>\r\n                <dd class='gallery-caption'>\r\n                Hotel W Room\r\n                <\/dd><\/dl><dl class='gallery-item'>\r\n            <dt class='gallery-icon'>\r\n                <a href='https:\/\/www.chile-reise.com\/wp-content\/uploads\/Piscina_klein.jpg'><img loading=\"lazy\" decoding=\"async\" width=\"240\" height=\"140\" src=\"https:\/\/www.chile-reise.com\/wp-content\/uploads\/Piscina_klein-240x140.jpg\" class=\"attachment-thumbnail size-thumbnail\" alt=\"Piscina klein\" \/><\/a>\r\n            <\/dt>\r\n                <dd class='gallery-caption'>\r\n                Hotel W Pool\r\n                <\/dd><\/dl><br style=\"clear: both\" \/><dl class='gallery-item'>\r\n            <dt class='gallery-icon'>\r\n                <a href='https:\/\/www.chile-reise.com\/wp-content\/uploads\/Lounge_klein1.jpg'><img loading=\"lazy\" decoding=\"async\" width=\"240\" height=\"140\" src=\"https:\/\/www.chile-reise.com\/wp-content\/uploads\/Lounge_klein1-240x140.jpg\" class=\"attachment-thumbnail size-thumbnail\" alt=\"Lounge klein\" \/><\/a>\r\n            <\/dt>\r\n                <dd class='gallery-caption'>\r\n                Hotel W Restaurant\r\n                <\/dd><\/dl>\r\n            <br style='clear: both;' \/>\r\n        <\/div>\n<div class=\"clear\"><\/div><div class=\"divider\"><\/div>\n<p>Das Hotel der Kette \u00abW\u00bb, die sich auf besonders ausgefallene Kundenw\u00fcnsche spezialisiert hat, befindet sich im noblen Stadtteil Las Condes. Die Einrichtung der Zimmer und Suiten ist farbenfroh, sehr modern und gewagt, gleichzeitig funktionell und komfortabel, ganz im W-Stil. Hohe Decken und gro\u00dfe Fenster sorgen f\u00fcr viel Tageslicht und die Badezimmer sind mit herrlich entspannenden Rainforest-Duschen ausgestattet. Das Hotel W wartet mit drei verschiedenen Restaurants auf, wo die G\u00e4ste traditionelle K\u00fcche auf hohem Niveau und der authentische Geschmack regionaltypischer Produkte erwartet.<\/p>\n<p><strong>Zimmer:<\/strong> 196<br \/>\n<strong>Ausstattung:<\/strong> Telefon, B\u00fcgeleisen und B\u00fcgelbrett, Zimmersafe, Haartrockner, Wecker, Kabel-TV, Regenwalddusche, iPod-Basisstation, drei Restaurants, Lounge, Schwimmbecken, Fitnesscenter, W\u00e4scheservice, Parkpl\u00e4tze, Behindertengerechte Zimmer stehen zur Verf\u00fcgung.<br \/>\n<strong>Internet:<\/strong> Wi-Fi<\/p>","protected":false},"excerpt":{"rendered":"<p>Das Hotel der Kette \u00abW\u00bb, die sich auf besonders ausgefallene Kundenw\u00fcnsche spezialisiert hat, befindet sich im noblen Stadtteil Las Condes. Die Einrichtung der Zimmer und Suiten ist farbenfroh, sehr modern und gewagt, gleichzeitig funktionell und komfortabel, ganz im W-Stil. Hohe &#8230;<\/p>\n","protected":false},"author":16,"featured_media":0,"parent":210,"menu_order":0,"comment_status":"open","ping_status":"open","template":"","meta":{"slim_seo":{"title":"Hotel W ***** Hotel W ***** - travelArt","description":"Hotel W Hotel W Room Hotel W Pool Hotel W Restaurant Das Hotel der Kette \u00abW\u00bb, die sich auf besonders ausgefallene Kundenw\u00fcnsche spezialisiert hat, befindet sich"},"footnotes":""},"class_list":["post-328","page","type-page","status-publish","hentry"],"_links":{"self":[{"href":"https:\/\/www.chile-reise.com\/de\/wp-json\/wp\/v2\/pages\/328","targetHints":{"allow":["GET"]}}],"collection":[{"href":"https:\/\/www.chile-reise.com\/de\/wp-json\/wp\/v2\/pages"}],"about":[{"href":"https:\/\/www.chile-reise.com\/de\/wp-json\/wp\/v2\/types\/page"}],"author":[{"embeddable":true,"href":"https:\/\/www.chile-reise.com\/de\/wp-json\/wp\/v2\/users\/16"}],"replies":[{"embeddable":true,"href":"https:\/\/www.chile-reise.com\/de\/wp-json\/wp\/v2\/comments?post=328"}],"version-history":[{"count":0,"href":"https:\/\/www.chile-reise.com\/de\/wp-json\/wp\/v2\/pages\/328\/revisions"}],"up":[{"embeddable":true,"href":"https:\/\/www.chile-reise.com\/de\/wp-json\/wp\/v2\/pages\/210"}],"wp:attachment":[{"href":"https:\/\/www.chile-reise.com\/de\/wp-json\/wp\/v2\/media?parent=328"}],"curies":[{"name":"wp","href":"https:\/\/api.w.org\/{rel}","templated":true}]}}