{"id":327,"date":"2013-07-03T21:15:40","date_gmt":"2013-07-03T19:15:40","guid":{"rendered":"http:\/\/www.chile-reise.com\/wordpress\/?page_id=327"},"modified":"2015-04-10T16:48:25","modified_gmt":"2015-04-10T14:48:25","slug":"lastarria-boutique-hotel","status":"publish","type":"page","link":"https:\/\/www.chile-reise.com\/de\/hotels\/santiago-zentralchile-und-pazifikkueste\/lastarria-boutique-hotel\/","title":{"rendered":"Lastarria Boutique Hotel (B)"},"content":{"rendered":"<p>\r\n        <style type='text\/css'>\r\n            #gallery-1 {\r\n                margin: auto;\r\n            }\r\n            #gallery-1 .gallery-item {\r\n                float: left;\r\n                margin-top: 10px;\r\n                text-align: center;\r\n                width: 33%;           }\r\n            #gallery-1 img {\r\n                border: 2px solid #cfcfcf;\r\n            }\r\n            #gallery-1 .gallery-caption {\r\n                margin-left: 0;\r\n            }\r\n        <\/style>\r\n        <!-- see gallery_shortcode() in wp-includes\/media.php -->\r\n        <div id='gallery-1' class='gallery-images gallery galleryid-327'><dl class='gallery-item'>\r\n            <dt class='gallery-icon'>\r\n                <a href='https:\/\/www.chile-reise.com\/wp-content\/uploads\/Lastarria-Boutique-Hotel-Front.jpg'><img loading=\"lazy\" decoding=\"async\" width=\"240\" height=\"140\" src=\"https:\/\/www.chile-reise.com\/wp-content\/uploads\/Lastarria-Boutique-Hotel-Front-240x140.jpg\" class=\"attachment-thumbnail size-thumbnail\" alt=\"Lastarria Boutique Hotel Front\" \/><\/a>\r\n            <\/dt>\r\n                <dd class='gallery-caption'>\r\n                Lastarria Boutique Hotel\r\n                <\/dd><\/dl><dl class='gallery-item'>\r\n            <dt class='gallery-icon'>\r\n                <a href='https:\/\/www.chile-reise.com\/wp-content\/uploads\/Lastarria-Boutique-Hotel-Room.jpg'><img loading=\"lazy\" decoding=\"async\" width=\"240\" height=\"140\" src=\"https:\/\/www.chile-reise.com\/wp-content\/uploads\/Lastarria-Boutique-Hotel-Room-240x140.jpg\" class=\"attachment-thumbnail size-thumbnail\" alt=\"Lastarria Boutique Hotel Room\" \/><\/a>\r\n            <\/dt>\r\n                <dd class='gallery-caption'>\r\n                Lastarria Boutique Hotel Room\r\n                <\/dd><\/dl><dl class='gallery-item'>\r\n            <dt class='gallery-icon'>\r\n                <a href='https:\/\/www.chile-reise.com\/wp-content\/uploads\/Lastarria-Boutique-Hotel-Garden.jpg'><img loading=\"lazy\" decoding=\"async\" width=\"240\" height=\"140\" src=\"https:\/\/www.chile-reise.com\/wp-content\/uploads\/Lastarria-Boutique-Hotel-Garden-240x140.jpg\" class=\"attachment-thumbnail size-thumbnail\" alt=\"Lastarria Boutique Hotel Garden\" srcset=\"https:\/\/www.chile-reise.com\/wp-content\/uploads\/Lastarria-Boutique-Hotel-Garden-240x140.jpg 240w, https:\/\/www.chile-reise.com\/wp-content\/uploads\/Lastarria-Boutique-Hotel-Garden-567x330.jpg 567w\" sizes=\"auto, (max-width: 240px) 100vw, 240px\" \/><\/a>\r\n            <\/dt>\r\n                <dd class='gallery-caption'>\r\n                Lastarria Boutique Hotel Garden\r\n                <\/dd><\/dl><br style=\"clear: both\" \/><dl class='gallery-item'>\r\n            <dt class='gallery-icon'>\r\n                <a href='https:\/\/www.chile-reise.com\/wp-content\/uploads\/Lastarria-Boutique-Hotel-Restaurant2.jpg'><img loading=\"lazy\" decoding=\"async\" width=\"240\" height=\"140\" src=\"https:\/\/www.chile-reise.com\/wp-content\/uploads\/Lastarria-Boutique-Hotel-Restaurant2-240x140.jpg\" class=\"attachment-thumbnail size-thumbnail\" alt=\"Lastarria Boutique Hotel Restaurant2\" \/><\/a>\r\n            <\/dt>\r\n                <dd class='gallery-caption'>\r\n                Lastarria Boutique Hotel Cafeter\u00eda\r\n                <\/dd><\/dl><dl class='gallery-item'>\r\n            <dt class='gallery-icon'>\r\n                <a href='https:\/\/www.chile-reise.com\/wp-content\/uploads\/Lastarria-Boutique-Hotel-Room-7.jpg'><img loading=\"lazy\" decoding=\"async\" width=\"240\" height=\"140\" src=\"https:\/\/www.chile-reise.com\/wp-content\/uploads\/Lastarria-Boutique-Hotel-Room-7-240x140.jpg\" class=\"attachment-thumbnail size-thumbnail\" alt=\"Lastarria Boutique Hotel Room\" \/><\/a>\r\n            <\/dt>\r\n                <dd class='gallery-caption'>\r\n                Lastarria Boutique Hotel Room 7\r\n                <\/dd><\/dl><dl class='gallery-item'>\r\n            <dt class='gallery-icon'>\r\n                <a href='https:\/\/www.chile-reise.com\/wp-content\/uploads\/Lastarria-Boutique-Hotel-Terrace.jpg'><img loading=\"lazy\" decoding=\"async\" width=\"240\" height=\"140\" src=\"https:\/\/www.chile-reise.com\/wp-content\/uploads\/Lastarria-Boutique-Hotel-Terrace-240x140.jpg\" class=\"attachment-thumbnail size-thumbnail\" alt=\"Lastarria Boutique Hotel Terrace\" \/><\/a>\r\n            <\/dt>\r\n                <dd class='gallery-caption'>\r\n                Lastarria Boutique Hotel Terrace\r\n                <\/dd><\/dl><br style=\"clear: both\" \/>\r\n            <br style='clear: both;' \/>\r\n        <\/div>\n\n<div class=\"clear\"><\/div><div class=\"divider\"><\/div>\n<p>Das Lastarria Boutique Hotel liegt im Herzen des Boheme-Viertels Lastarria im Zentrum Santiagos. In unmittelbarer Umgebung finden Sie viele Caf\u00e9s, Antiquit\u00e4tengesch\u00e4fte, Museen, Kinos, Theater und Restaurants. Dieses Boutique Hotel in einem historischen Geb\u00e4ude aus dem Jahr 1927 bietet Ihnen einen angenehmen Aufenthalt mit viel Liebe zum Detail. Die individuell und modern eingerichteten Zimmer sind komfortabel ausgestattet.<\/p>\n<p><strong>Zimmer:<\/strong> 14<br \/>\n<strong>Ausstattung:<\/strong> TV, Minibar, Safe, Business-Center, Restaurant\/Lounge, Kinderbetreuung, kleiner Fitnessraum, Massageservice, Garten, Schwimmbecken, Solarium, W\u00e4scheservice<br \/>\n<strong>Internet:<\/strong> Wi-Fi<\/p>","protected":false},"excerpt":{"rendered":"<p>Das Lastarria Boutique Hotel liegt im Herzen des Boheme-Viertels Lastarria im Zentrum Santiagos. In unmittelbarer Umgebung finden Sie viele Caf\u00e9s, Antiquit\u00e4tengesch\u00e4fte, Museen, Kinos, Theater und Restaurants. Dieses Boutique Hotel in einem historischen Geb\u00e4ude aus dem Jahr 1927 bietet Ihnen einen &#8230;<\/p>\n","protected":false},"author":16,"featured_media":0,"parent":210,"menu_order":0,"comment_status":"open","ping_status":"open","template":"","meta":{"slim_seo":{"title":"Lastarria Boutique Hotel (B) Lastarria Boutique Hotel (B) - travelArt","description":"Lastarria Boutique Hotel Lastarria Boutique Hotel Room Lastarria Boutique Hotel Garden Lastarria Boutique Hotel Cafeter\u00eda Lastarria Boutique Hotel Room 7 Lastar"},"footnotes":""},"class_list":["post-327","page","type-page","status-publish","hentry"],"_links":{"self":[{"href":"https:\/\/www.chile-reise.com\/de\/wp-json\/wp\/v2\/pages\/327","targetHints":{"allow":["GET"]}}],"collection":[{"href":"https:\/\/www.chile-reise.com\/de\/wp-json\/wp\/v2\/pages"}],"about":[{"href":"https:\/\/www.chile-reise.com\/de\/wp-json\/wp\/v2\/types\/page"}],"author":[{"embeddable":true,"href":"https:\/\/www.chile-reise.com\/de\/wp-json\/wp\/v2\/users\/16"}],"replies":[{"embeddable":true,"href":"https:\/\/www.chile-reise.com\/de\/wp-json\/wp\/v2\/comments?post=327"}],"version-history":[{"count":0,"href":"https:\/\/www.chile-reise.com\/de\/wp-json\/wp\/v2\/pages\/327\/revisions"}],"up":[{"embeddable":true,"href":"https:\/\/www.chile-reise.com\/de\/wp-json\/wp\/v2\/pages\/210"}],"wp:attachment":[{"href":"https:\/\/www.chile-reise.com\/de\/wp-json\/wp\/v2\/media?parent=327"}],"curies":[{"name":"wp","href":"https:\/\/api.w.org\/{rel}","templated":true}]}}