{"id":3269,"date":"2013-10-01T12:26:28","date_gmt":"2013-10-01T10:26:28","guid":{"rendered":"http:\/\/www.chile-reise.com\/?page_id=3269"},"modified":"2013-10-01T12:26:28","modified_gmt":"2013-10-01T10:26:28","slug":"newsletter-anmeldung","status":"publish","type":"page","link":"https:\/\/www.chile-reise.com\/de\/newsletter-anmeldung\/","title":{"rendered":"Newsletter Anmeldung"},"content":{"rendered":"<p>Vielen Dank f\u00fcr Ihre Anmeldung zum Newsletter. Es wurde Ihnen soeben eine E-Mail mit einem Best\u00e4tigungslink zugesendet. Bitte klicken Sie in dieser E-Mail auf den Best\u00e4tigungslink um zum Verteiler hinzugef\u00fcgt zu werden.<\/p>","protected":false},"excerpt":{"rendered":"<p>Vielen Dank f\u00fcr Ihre Anmeldung zum Newsletter. Es wurde Ihnen soeben eine E-Mail mit einem Best\u00e4tigungslink zugesendet. Bitte klicken Sie in dieser E-Mail auf den Best\u00e4tigungslink um zum Verteiler hinzugef\u00fcgt zu werden.<\/p>\n","protected":false},"author":16,"featured_media":0,"parent":0,"menu_order":0,"comment_status":"open","ping_status":"open","template":"","meta":{"slim_seo":{"title":"Newsletter Anmeldung Confirm Subscription - travelArt","description":"Vielen Dank f\u00fcr Ihre Anmeldung zum Newsletter. Es wurde Ihnen soeben eine E-Mail mit einem Best\u00e4tigungslink zugesendet. Bitte klicken Sie in dieser E-Mail auf d"},"footnotes":""},"class_list":["post-3269","page","type-page","status-publish","hentry"],"_links":{"self":[{"href":"https:\/\/www.chile-reise.com\/de\/wp-json\/wp\/v2\/pages\/3269","targetHints":{"allow":["GET"]}}],"collection":[{"href":"https:\/\/www.chile-reise.com\/de\/wp-json\/wp\/v2\/pages"}],"about":[{"href":"https:\/\/www.chile-reise.com\/de\/wp-json\/wp\/v2\/types\/page"}],"author":[{"embeddable":true,"href":"https:\/\/www.chile-reise.com\/de\/wp-json\/wp\/v2\/users\/16"}],"replies":[{"embeddable":true,"href":"https:\/\/www.chile-reise.com\/de\/wp-json\/wp\/v2\/comments?post=3269"}],"version-history":[{"count":0,"href":"https:\/\/www.chile-reise.com\/de\/wp-json\/wp\/v2\/pages\/3269\/revisions"}],"wp:attachment":[{"href":"https:\/\/www.chile-reise.com\/de\/wp-json\/wp\/v2\/media?parent=3269"}],"curies":[{"name":"wp","href":"https:\/\/api.w.org\/{rel}","templated":true}]}}