{"id":325,"date":"2013-07-03T21:14:19","date_gmt":"2013-07-03T19:14:19","guid":{"rendered":"http:\/\/www.chile-reise.com\/wordpress\/?page_id=325"},"modified":"2015-04-10T16:45:30","modified_gmt":"2015-04-10T14:45:30","slug":"plaza-el-bosque-park-suites","status":"publish","type":"page","link":"https:\/\/www.chile-reise.com\/de\/hotels\/santiago-zentralchile-und-pazifikkueste\/plaza-el-bosque-park-suites\/","title":{"rendered":"Plaza El Bosque Ebro *****"},"content":{"rendered":"<p>\r\n        <style type='text\/css'>\r\n            #gallery-1 {\r\n                margin: auto;\r\n            }\r\n            #gallery-1 .gallery-item {\r\n                float: left;\r\n                margin-top: 10px;\r\n                text-align: center;\r\n                width: 33%;           }\r\n            #gallery-1 img {\r\n                border: 2px solid #cfcfcf;\r\n            }\r\n            #gallery-1 .gallery-caption {\r\n                margin-left: 0;\r\n            }\r\n        <\/style>\r\n        <!-- see gallery_shortcode() in wp-includes\/media.php -->\r\n        <div id='gallery-1' class='gallery-images gallery galleryid-325'><dl class='gallery-item'>\r\n            <dt class='gallery-icon'>\r\n                <a href='https:\/\/www.chile-reise.com\/wp-content\/uploads\/Plaza-el-Bosque-Park-Suites-Fassade.jpg'><img loading=\"lazy\" decoding=\"async\" width=\"240\" height=\"140\" src=\"https:\/\/www.chile-reise.com\/wp-content\/uploads\/Plaza-el-Bosque-Park-Suites-Fassade-240x140.jpg\" class=\"attachment-thumbnail size-thumbnail\" alt=\"Plaza el Bosque Park Suites Fassade\" \/><\/a>\r\n            <\/dt>\r\n                <dd class='gallery-caption'>\r\n                Plaza El Bosque Park &#038; Suites\r\n                <\/dd><\/dl><dl class='gallery-item'>\r\n            <dt class='gallery-icon'>\r\n                <a href='https:\/\/www.chile-reise.com\/wp-content\/uploads\/Plaza-el-Bosque-Park-Suites-Suite-Ejecutiva.jpg'><img loading=\"lazy\" decoding=\"async\" width=\"240\" height=\"140\" src=\"https:\/\/www.chile-reise.com\/wp-content\/uploads\/Plaza-el-Bosque-Park-Suites-Suite-Ejecutiva-240x140.jpg\" class=\"attachment-thumbnail size-thumbnail\" alt=\"Plaza el Bosque Park Suites Suite Ejecutiva\" \/><\/a>\r\n            <\/dt>\r\n                <dd class='gallery-caption'>\r\n                Plaza El Bosque Park &#038; Suites Executive Suite\r\n                <\/dd><\/dl><dl class='gallery-item'>\r\n            <dt class='gallery-icon'>\r\n                <a href='https:\/\/www.chile-reise.com\/wp-content\/uploads\/Plaza-el-Bosque-Park-Suites-Lobby.jpg'><img loading=\"lazy\" decoding=\"async\" width=\"240\" height=\"140\" src=\"https:\/\/www.chile-reise.com\/wp-content\/uploads\/Plaza-el-Bosque-Park-Suites-Lobby-240x140.jpg\" class=\"attachment-thumbnail size-thumbnail\" alt=\"Plaza el Bosque Park Suites Lobby\" \/><\/a>\r\n            <\/dt>\r\n                <dd class='gallery-caption'>\r\n                Plaza El Bosque Park &#038; Suites Lobby\r\n                <\/dd><\/dl><br style=\"clear: both\" \/><dl class='gallery-item'>\r\n            <dt class='gallery-icon'>\r\n                <a href='https:\/\/www.chile-reise.com\/wp-content\/uploads\/Plaza-el-Bosque-Park-Suites-Sala-de-Juegos.jpg'><img loading=\"lazy\" decoding=\"async\" width=\"240\" height=\"140\" src=\"https:\/\/www.chile-reise.com\/wp-content\/uploads\/Plaza-el-Bosque-Park-Suites-Sala-de-Juegos-240x140.jpg\" class=\"attachment-thumbnail size-thumbnail\" alt=\"Plaza el Bosque Park Suites Sala de Juegos\" \/><\/a>\r\n            <\/dt>\r\n                <dd class='gallery-caption'>\r\n                Plaza El Bosque Park &#038; Suites Pool Billard\r\n                <\/dd><\/dl><dl class='gallery-item'>\r\n            <dt class='gallery-icon'>\r\n                <a href='https:\/\/www.chile-reise.com\/wp-content\/uploads\/Plaza-el-Bosque-Park-Suites-Piscina.jpg'><img loading=\"lazy\" decoding=\"async\" width=\"240\" height=\"140\" src=\"https:\/\/www.chile-reise.com\/wp-content\/uploads\/Plaza-el-Bosque-Park-Suites-Piscina-240x140.jpg\" class=\"attachment-thumbnail size-thumbnail\" alt=\"Plaza el Bosque Park Suites Piscina\" \/><\/a>\r\n            <\/dt>\r\n                <dd class='gallery-caption'>\r\n                Plaza El Bosque Park &#038; Suites Pool\r\n                <\/dd><\/dl><dl class='gallery-item'>\r\n            <dt class='gallery-icon'>\r\n                <a href='https:\/\/www.chile-reise.com\/wp-content\/uploads\/Plaza-el-Bosque-Park-Suites-Restaurant.jpg'><img loading=\"lazy\" decoding=\"async\" width=\"240\" height=\"140\" src=\"https:\/\/www.chile-reise.com\/wp-content\/uploads\/Plaza-el-Bosque-Park-Suites-Restaurant-240x140.jpg\" class=\"attachment-thumbnail size-thumbnail\" alt=\"Plaza el Bosque Park Suites Restaurant\" \/><\/a>\r\n            <\/dt>\r\n                <dd class='gallery-caption'>\r\n                Plaza El Bosque Park &#038; Suites Restaurant\r\n                <\/dd><\/dl><br style=\"clear: both\" \/>\r\n            <br style='clear: both;' \/>\r\n        <\/div>\n\n<div class=\"clear\"><\/div><div class=\"divider\"><\/div>\n<p>Das Hotel El Bosque Ebro liegt umgeben von sch\u00f6nen Restaurants, Caf\u00e9s und Einkaufsm\u00f6glichkeiten im neuen Finanz- und Businessviertel von Las Condes. Holz, Marmor, Metall und Glas herrschen bei der Einrichtung vor und geben dem Hotel einen klassisch-edlen Stil. Die elegant m\u00f6blierten, komfortablen Zimmer sind alle als Suiten mit einem getrennten Wohnzimmer-bereich ausgebaut. Im obersten Stockwerk gibt es ein sehr gutes Restaurant mit Panoramablick sowie einen Wellness-Bereich.<\/p>\n<p><strong>Zimmer:<\/strong> 179<br \/>\n<strong>Ausstattung:<\/strong> Heizung, Telefon, Haartrockner, Kabel-TV, Radiowecker, Safe, Klimaanlage, Minibar, zwei Restaurants, Bar, Konferenzr\u00e4ume, Businesscenter, Hallenbad, Terrasse, Spa mit Sauna, Whirlpool und Massager\u00e4umen, Fitnessraum, Spielesaal, Kinderbetreuung, Kunstgalerie, W\u00e4scheservice,  Parkpl\u00e4tze<br \/>\n<strong>Internet:<\/strong> Wi-Fi<\/p>","protected":false},"excerpt":{"rendered":"<p>Das Hotel El Bosque Ebro liegt umgeben von sch\u00f6nen Restaurants, Caf\u00e9s und Einkaufsm\u00f6glichkeiten im neuen Finanz- und Businessviertel von Las Condes. Holz, Marmor, Metall und Glas herrschen bei der Einrichtung vor und geben dem Hotel einen klassisch-edlen Stil. Die elegant &#8230;<\/p>\n","protected":false},"author":16,"featured_media":0,"parent":210,"menu_order":0,"comment_status":"open","ping_status":"open","template":"","meta":{"slim_seo":{"title":"Plaza El Bosque Ebro ***** Plaza El Bosque Ebro ***** - travelArt","description":"Plaza El Bosque Park &#038; Suites Plaza El Bosque Park &#038; Suites Executive Suite Plaza El Bosque Park &#038; Suites Lobby Plaza El Bosque Park &#038; Suite"},"footnotes":""},"class_list":["post-325","page","type-page","status-publish","hentry"],"_links":{"self":[{"href":"https:\/\/www.chile-reise.com\/de\/wp-json\/wp\/v2\/pages\/325","targetHints":{"allow":["GET"]}}],"collection":[{"href":"https:\/\/www.chile-reise.com\/de\/wp-json\/wp\/v2\/pages"}],"about":[{"href":"https:\/\/www.chile-reise.com\/de\/wp-json\/wp\/v2\/types\/page"}],"author":[{"embeddable":true,"href":"https:\/\/www.chile-reise.com\/de\/wp-json\/wp\/v2\/users\/16"}],"replies":[{"embeddable":true,"href":"https:\/\/www.chile-reise.com\/de\/wp-json\/wp\/v2\/comments?post=325"}],"version-history":[{"count":0,"href":"https:\/\/www.chile-reise.com\/de\/wp-json\/wp\/v2\/pages\/325\/revisions"}],"up":[{"embeddable":true,"href":"https:\/\/www.chile-reise.com\/de\/wp-json\/wp\/v2\/pages\/210"}],"wp:attachment":[{"href":"https:\/\/www.chile-reise.com\/de\/wp-json\/wp\/v2\/media?parent=325"}],"curies":[{"name":"wp","href":"https:\/\/api.w.org\/{rel}","templated":true}]}}