{"id":3245,"date":"2013-09-27T16:38:28","date_gmt":"2013-09-27T14:38:28","guid":{"rendered":"http:\/\/www.chile-reise.com\/?page_id=3245"},"modified":"2015-04-09T22:51:29","modified_gmt":"2015-04-09T20:51:29","slug":"la-casa-de-don-tomas","status":"publish","type":"page","link":"https:\/\/www.chile-reise.com\/de\/la-casa-de-don-tomas\/","title":{"rendered":"La Casa de Don Tomas ***"},"content":{"rendered":"<p>\r\n        <style type='text\/css'>\r\n            #gallery-1 {\r\n                margin: auto;\r\n            }\r\n            #gallery-1 .gallery-item {\r\n                float: left;\r\n                margin-top: 10px;\r\n                text-align: center;\r\n                width: 33%;           }\r\n            #gallery-1 img {\r\n                border: 2px solid #cfcfcf;\r\n            }\r\n            #gallery-1 .gallery-caption {\r\n                margin-left: 0;\r\n            }\r\n        <\/style>\r\n        <!-- see gallery_shortcode() in wp-includes\/media.php -->\r\n        <div id='gallery-1' class='gallery-images gallery galleryid-3245'><dl class='gallery-item'>\r\n            <dt class='gallery-icon'>\r\n                <a href='https:\/\/www.chile-reise.com\/wp-content\/uploads\/Don-Tomas-1.jpg'><img loading=\"lazy\" decoding=\"async\" width=\"240\" height=\"140\" src=\"https:\/\/www.chile-reise.com\/wp-content\/uploads\/Don-Tomas-1-240x140.jpg\" class=\"attachment-thumbnail size-thumbnail\" alt=\"Don Tomas\" \/><\/a>\r\n            <\/dt>\r\n                <dd class='gallery-caption'>\r\n                Don Tomas Frontage\r\n                <\/dd><\/dl><dl class='gallery-item'>\r\n            <dt class='gallery-icon'>\r\n                <a href='https:\/\/www.chile-reise.com\/wp-content\/uploads\/Don-Tomas-2.jpg'><img loading=\"lazy\" decoding=\"async\" width=\"240\" height=\"140\" src=\"https:\/\/www.chile-reise.com\/wp-content\/uploads\/Don-Tomas-2-240x140.jpg\" class=\"attachment-thumbnail size-thumbnail\" alt=\"Don Tomas\" \/><\/a>\r\n            <\/dt>\r\n                <dd class='gallery-caption'>\r\n                Don Tomas Lobby\r\n                <\/dd><\/dl><dl class='gallery-item'>\r\n            <dt class='gallery-icon'>\r\n                <a href='https:\/\/www.chile-reise.com\/wp-content\/uploads\/Don-Tomas-3.jpg'><img loading=\"lazy\" decoding=\"async\" width=\"240\" height=\"140\" src=\"https:\/\/www.chile-reise.com\/wp-content\/uploads\/Don-Tomas-3-240x140.jpg\" class=\"attachment-thumbnail size-thumbnail\" alt=\"Don Tomas\" \/><\/a>\r\n            <\/dt>\r\n                <dd class='gallery-caption'>\r\n                Don Tomas Matrimonial\r\n                <\/dd><\/dl><br style=\"clear: both\" \/><dl class='gallery-item'>\r\n            <dt class='gallery-icon'>\r\n                <a href='https:\/\/www.chile-reise.com\/wp-content\/uploads\/Don-Tomas-4.jpg'><img loading=\"lazy\" decoding=\"async\" width=\"240\" height=\"140\" src=\"https:\/\/www.chile-reise.com\/wp-content\/uploads\/Don-Tomas-4-240x140.jpg\" class=\"attachment-thumbnail size-thumbnail\" alt=\"Don Tomas\" \/><\/a>\r\n            <\/dt>\r\n                <dd class='gallery-caption'>\r\n                Don Tomas Twin\r\n                <\/dd><\/dl><dl class='gallery-item'>\r\n            <dt class='gallery-icon'>\r\n                <a href='https:\/\/www.chile-reise.com\/wp-content\/uploads\/Don-Tomas-5.jpg'><img loading=\"lazy\" decoding=\"async\" width=\"240\" height=\"140\" src=\"https:\/\/www.chile-reise.com\/wp-content\/uploads\/Don-Tomas-5-240x140.jpg\" class=\"attachment-thumbnail size-thumbnail\" alt=\"Don Tomas\" \/><\/a>\r\n            <\/dt>\r\n                <dd class='gallery-caption'>\r\n                Don Tomas Pool\r\n                <\/dd><\/dl><dl class='gallery-item'>\r\n            <dt class='gallery-icon'>\r\n                <a href='https:\/\/www.chile-reise.com\/wp-content\/uploads\/Don-Tomas-6.jpg'><img loading=\"lazy\" decoding=\"async\" width=\"240\" height=\"140\" src=\"https:\/\/www.chile-reise.com\/wp-content\/uploads\/Don-Tomas-6-240x140.jpg\" class=\"attachment-thumbnail size-thumbnail\" alt=\"Don Tomas\" \/><\/a>\r\n            <\/dt>\r\n                <dd class='gallery-caption'>\r\n                Don Tomas by Night\r\n                <\/dd><\/dl><br style=\"clear: both\" \/>\r\n            <br style='clear: both;' \/>\r\n        <\/div>\n\n<div class=\"clear\"><\/div><div class=\"divider\"><\/div>\n<p>Dieses auf Grund seines guten Preis-Leistungs-Verh\u00e4ltnisses beliebte, angenehme und familienfreundliche Hotel im lokaltypischen Stil liegt f\u00fcnf Gehminuten vom Zentrum San Pedros entfernt. Die Zimmer, sind um einen Innenhof herum angeordnet. Von der Terrasse mit Paprikab\u00e4umen und Pool hat man einen sch\u00f6nen Blick auf den Vulkan Licancabur. <\/p>\n<p><strong>Zimmer:<\/strong> 50<br \/>\n<strong>Ausstattung:<\/strong> Heizung, Telefon, F\u00f6n, Zimmersafe, Restaurant, Cafeteria,  Schwimmbecken, Terrasse, W\u00e4scheservice,  Parkpl\u00e4tze<br \/>\n<strong>Internet:<\/strong> Wi-Fi<\/p>","protected":false},"excerpt":{"rendered":"<p>Dieses auf Grund seines guten Preis-Leistungs-Verh\u00e4ltnisses beliebte, angenehme und familienfreundliche Hotel im lokaltypischen Stil liegt f\u00fcnf Gehminuten vom Zentrum San Pedros entfernt. Die Zimmer, sind um einen Innenhof herum angeordnet. Von der Terrasse mit Paprikab\u00e4umen und Pool hat man einen &#8230;<\/p>\n","protected":false},"author":3,"featured_media":0,"parent":0,"menu_order":0,"comment_status":"open","ping_status":"open","template":"","meta":{"slim_seo":{"title":"La Casa de Don Tomas *** La Casa de Don Tomas *** - travelArt","description":"Don Tomas Frontage Don Tomas Lobby Don Tomas Matrimonial Don Tomas Twin Don Tomas Pool Don Tomas by Night Dieses auf Grund seines guten Preis-Leistungs-Verh\u00e4ltn"},"footnotes":""},"class_list":["post-3245","page","type-page","status-publish","hentry"],"_links":{"self":[{"href":"https:\/\/www.chile-reise.com\/de\/wp-json\/wp\/v2\/pages\/3245","targetHints":{"allow":["GET"]}}],"collection":[{"href":"https:\/\/www.chile-reise.com\/de\/wp-json\/wp\/v2\/pages"}],"about":[{"href":"https:\/\/www.chile-reise.com\/de\/wp-json\/wp\/v2\/types\/page"}],"author":[{"embeddable":true,"href":"https:\/\/www.chile-reise.com\/de\/wp-json\/wp\/v2\/users\/3"}],"replies":[{"embeddable":true,"href":"https:\/\/www.chile-reise.com\/de\/wp-json\/wp\/v2\/comments?post=3245"}],"version-history":[{"count":0,"href":"https:\/\/www.chile-reise.com\/de\/wp-json\/wp\/v2\/pages\/3245\/revisions"}],"wp:attachment":[{"href":"https:\/\/www.chile-reise.com\/de\/wp-json\/wp\/v2\/media?parent=3245"}],"curies":[{"name":"wp","href":"https:\/\/api.w.org\/{rel}","templated":true}]}}