{"id":322,"date":"2013-07-03T21:12:41","date_gmt":"2013-07-03T19:12:41","guid":{"rendered":"http:\/\/www.chile-reise.com\/wordpress\/?page_id=322"},"modified":"2013-10-03T17:00:52","modified_gmt":"2013-10-03T15:00:52","slug":"hotel-the-ritz-carlton","status":"publish","type":"page","link":"https:\/\/www.chile-reise.com\/de\/hotels\/santiago-zentralchile-und-pazifikkueste\/hotel-the-ritz-carlton\/","title":{"rendered":"The Ritz Carlton *****"},"content":{"rendered":"<p>\r\n        <style type='text\/css'>\r\n            #gallery-1 {\r\n                margin: auto;\r\n            }\r\n            #gallery-1 .gallery-item {\r\n                float: left;\r\n                margin-top: 10px;\r\n                text-align: center;\r\n                width: 33%;           }\r\n            #gallery-1 img {\r\n                border: 2px solid #cfcfcf;\r\n            }\r\n            #gallery-1 .gallery-caption {\r\n                margin-left: 0;\r\n            }\r\n        <\/style>\r\n        <!-- see gallery_shortcode() in wp-includes\/media.php -->\r\n        <div id='gallery-1' class='gallery-images gallery galleryid-322'><dl class='gallery-item'>\r\n            <dt class='gallery-icon'>\r\n                <a href='https:\/\/www.chile-reise.com\/wp-content\/uploads\/Ritz-Carlton-Front.jpg'><img loading=\"lazy\" decoding=\"async\" width=\"240\" height=\"140\" src=\"https:\/\/www.chile-reise.com\/wp-content\/uploads\/Ritz-Carlton-Front-240x140.jpg\" class=\"attachment-thumbnail size-thumbnail\" alt=\"Ritz Carlton\" \/><\/a>\r\n            <\/dt>\r\n                <dd class='gallery-caption'>\r\n                The Ritz Carlton\r\n                <\/dd><\/dl><dl class='gallery-item'>\r\n            <dt class='gallery-icon'>\r\n                <a href='https:\/\/www.chile-reise.com\/wp-content\/uploads\/Ritz-Carlton-Habitaci\u00f3n.jpg'><img loading=\"lazy\" decoding=\"async\" width=\"240\" height=\"140\" src=\"https:\/\/www.chile-reise.com\/wp-content\/uploads\/Ritz-Carlton-Habitaci\u00f3n-240x140.jpg\" class=\"attachment-thumbnail size-thumbnail\" alt=\"Ritz Carlton Habitaci\u00f3n\" \/><\/a>\r\n            <\/dt>\r\n                <dd class='gallery-caption'>\r\n                The Ritz Carlton Double Room\r\n                <\/dd><\/dl><dl class='gallery-item'>\r\n            <dt class='gallery-icon'>\r\n                <a href='https:\/\/www.chile-reise.com\/wp-content\/uploads\/Ritz-Carlton-Piscina.jpg'><img loading=\"lazy\" decoding=\"async\" width=\"240\" height=\"140\" src=\"https:\/\/www.chile-reise.com\/wp-content\/uploads\/Ritz-Carlton-Piscina-240x140.jpg\" class=\"attachment-thumbnail size-thumbnail\" alt=\"Ritz Carlton Piscina\" \/><\/a>\r\n            <\/dt>\r\n                <dd class='gallery-caption'>\r\n                The Ritz Carlton Pool\r\n                <\/dd><\/dl><br style=\"clear: both\" \/>\r\n            <br style='clear: both;' \/>\r\n        <\/div>\n\n<div class=\"clear\"><\/div><div class=\"divider\"><\/div>\n<p>The Ritz Carlton wurde nicht umsonst schon mehrfach vom Cond\u00e9 Nast Traveller und Travel&#038;Leisure unter die besten Hotels Lateinamerikas gew\u00e4hlt. Es liegt mitten in Santiagos elegantem Viertel Las Condes in der N\u00e4he vieler attraktiver Gesch\u00e4fte, Restaurants, Bars und Caf\u00e9s. Der Flughafen ist in 30 Minuten zu erreichen und der traditionelle Golfclub \u00abLos Leones\u00bb in nur f\u00fcnf Minuten.<br \/>\nDer Einrichtungsstil ist klassisch-edel, warme Farbt\u00f6ne und Gold herrschen vor. Die Austtattung des Hotels l\u00e4sst keinen Wunsch offen. Im Wellnessbereich im obersten Stockwerk bietet ein gl\u00e4sernes Dach eine wunderbare Aussicht auf Santiago, so dass die G\u00e4ste am Ende eines langen Tages im Whirppool entspannen und dabei die gesch\u00e4ftige Stadt von dieser Oase der Ruhe aus beobachten k\u00f6nnen.<\/p>\n<p><strong>Zimmer:<\/strong> 205<br \/>\n<strong>Ausstattung:<\/strong> Heizung, Telefon, Fax, Haartrockner, Kabel-TV, Safe, Minibar, Radio, Klimaanlage, Restaurants, Bars, Lounges, Business-Center, Veranstaltungsr\u00e4ume,  Hallenbad, Whirlpool, Fitnessraum, Massager\u00e4ume, Sauna, Dampfbad, Kosmetikbehandlungen, Terrasse, W\u00e4scheservice, Parkpl\u00e4tze<br \/>\n<strong>Internet:<\/strong> High-Speed-Internetanschluss auf den Zimmern<\/p>","protected":false},"excerpt":{"rendered":"<p>The Ritz Carlton wurde nicht umsonst schon mehrfach vom Cond\u00e9 Nast Traveller und Travel&#038;Leisure unter die besten Hotels Lateinamerikas gew\u00e4hlt. Es liegt mitten in Santiagos elegantem Viertel Las Condes in der N\u00e4he vieler attraktiver Gesch\u00e4fte, Restaurants, Bars und Caf\u00e9s. Der &#8230;<\/p>\n","protected":false},"author":16,"featured_media":0,"parent":210,"menu_order":0,"comment_status":"open","ping_status":"open","template":"","meta":{"slim_seo":{"title":"The Ritz Carlton ***** The Ritz Carlton ***** - travelArt","description":"The Ritz Carlton The Ritz Carlton Double Room The Ritz Carlton Pool The Ritz Carlton wurde nicht umsonst schon mehrfach vom Cond\u00e9 Nast Traveller und Travel&Leis"},"footnotes":""},"class_list":["post-322","page","type-page","status-publish","hentry"],"_links":{"self":[{"href":"https:\/\/www.chile-reise.com\/de\/wp-json\/wp\/v2\/pages\/322","targetHints":{"allow":["GET"]}}],"collection":[{"href":"https:\/\/www.chile-reise.com\/de\/wp-json\/wp\/v2\/pages"}],"about":[{"href":"https:\/\/www.chile-reise.com\/de\/wp-json\/wp\/v2\/types\/page"}],"author":[{"embeddable":true,"href":"https:\/\/www.chile-reise.com\/de\/wp-json\/wp\/v2\/users\/16"}],"replies":[{"embeddable":true,"href":"https:\/\/www.chile-reise.com\/de\/wp-json\/wp\/v2\/comments?post=322"}],"version-history":[{"count":0,"href":"https:\/\/www.chile-reise.com\/de\/wp-json\/wp\/v2\/pages\/322\/revisions"}],"up":[{"embeddable":true,"href":"https:\/\/www.chile-reise.com\/de\/wp-json\/wp\/v2\/pages\/210"}],"wp:attachment":[{"href":"https:\/\/www.chile-reise.com\/de\/wp-json\/wp\/v2\/media?parent=322"}],"curies":[{"name":"wp","href":"https:\/\/api.w.org\/{rel}","templated":true}]}}