{"id":320,"date":"2013-07-03T21:11:03","date_gmt":"2013-07-03T19:11:03","guid":{"rendered":"http:\/\/www.chile-reise.com\/wordpress\/?page_id=320"},"modified":"2013-10-18T14:54:07","modified_gmt":"2013-10-18T12:54:07","slug":"grand-hotel-hyatt","status":"publish","type":"page","link":"https:\/\/www.chile-reise.com\/de\/hotels\/santiago-zentralchile-und-pazifikkueste\/grand-hotel-hyatt\/","title":{"rendered":"Grand Hotel Hyatt *****"},"content":{"rendered":"<p>\r\n        <style type='text\/css'>\r\n            #gallery-1 {\r\n                margin: auto;\r\n            }\r\n            #gallery-1 .gallery-item {\r\n                float: left;\r\n                margin-top: 10px;\r\n                text-align: center;\r\n                width: 33%;           }\r\n            #gallery-1 img {\r\n                border: 2px solid #cfcfcf;\r\n            }\r\n            #gallery-1 .gallery-caption {\r\n                margin-left: 0;\r\n            }\r\n        <\/style>\r\n        <!-- see gallery_shortcode() in wp-includes\/media.php -->\r\n        <div id='gallery-1' class='gallery-images gallery galleryid-320'><dl class='gallery-item'>\r\n            <dt class='gallery-icon'>\r\n                <a href='https:\/\/www.chile-reise.com\/wp-content\/uploads\/Hyatt.jpg'><img loading=\"lazy\" decoding=\"async\" width=\"240\" height=\"140\" src=\"https:\/\/www.chile-reise.com\/wp-content\/uploads\/Hyatt-240x140.jpg\" class=\"attachment-thumbnail size-thumbnail\" alt=\"Hyatt\" \/><\/a>\r\n            <\/dt>\r\n                <dd class='gallery-caption'>\r\n                Grand Hotel Hyatt\r\n                <\/dd><\/dl><dl class='gallery-item'>\r\n            <dt class='gallery-icon'>\r\n                <a href='https:\/\/www.chile-reise.com\/wp-content\/uploads\/Hyatt-Habitaci\u00f3n.jpg'><img loading=\"lazy\" decoding=\"async\" width=\"240\" height=\"140\" src=\"https:\/\/www.chile-reise.com\/wp-content\/uploads\/Hyatt-Habitaci\u00f3n-240x140.jpg\" class=\"attachment-thumbnail size-thumbnail\" alt=\"Hyatt Habitaci\u00f3n\" \/><\/a>\r\n            <\/dt>\r\n                <dd class='gallery-caption'>\r\n                Hyatt Double Room\r\n                <\/dd><\/dl><dl class='gallery-item'>\r\n            <dt class='gallery-icon'>\r\n                <a href='https:\/\/www.chile-reise.com\/wp-content\/uploads\/Hyatt-Lobby-Lounge.jpg'><img loading=\"lazy\" decoding=\"async\" width=\"240\" height=\"140\" src=\"https:\/\/www.chile-reise.com\/wp-content\/uploads\/Hyatt-Lobby-Lounge-240x140.jpg\" class=\"attachment-thumbnail size-thumbnail\" alt=\"Hyatt Lobby Lounge\" \/><\/a>\r\n            <\/dt>\r\n                <dd class='gallery-caption'>\r\n                Hyatt Lobby Lounge\r\n                <\/dd><\/dl><br style=\"clear: both\" \/><dl class='gallery-item'>\r\n            <dt class='gallery-icon'>\r\n                <a href='https:\/\/www.chile-reise.com\/wp-content\/uploads\/Hyatt-Club-Lounge.jpg'><img loading=\"lazy\" decoding=\"async\" width=\"240\" height=\"140\" src=\"https:\/\/www.chile-reise.com\/wp-content\/uploads\/Hyatt-Club-Lounge-240x140.jpg\" class=\"attachment-thumbnail size-thumbnail\" alt=\"Hyatt Club Lounge\" \/><\/a>\r\n            <\/dt>\r\n                <dd class='gallery-caption'>\r\n                Hyatt Club Lounge\r\n                <\/dd><\/dl><dl class='gallery-item'>\r\n            <dt class='gallery-icon'>\r\n                <a href='https:\/\/www.chile-reise.com\/wp-content\/uploads\/Hyatt-Piscina_2.jpg'><img loading=\"lazy\" decoding=\"async\" width=\"240\" height=\"140\" src=\"https:\/\/www.chile-reise.com\/wp-content\/uploads\/Hyatt-Piscina_2-240x140.jpg\" class=\"attachment-thumbnail size-thumbnail\" alt=\"Grand Hotel Hyatt\" \/><\/a>\r\n            <\/dt>\r\n                <dd class='gallery-caption'>\r\n                Hyatt Pool\r\n                <\/dd><\/dl><dl class='gallery-item'>\r\n            <dt class='gallery-icon'>\r\n                <a href='https:\/\/www.chile-reise.com\/wp-content\/uploads\/Hyatt-Ascensor.jpg'><img loading=\"lazy\" decoding=\"async\" width=\"240\" height=\"140\" src=\"https:\/\/www.chile-reise.com\/wp-content\/uploads\/Hyatt-Ascensor-240x140.jpg\" class=\"attachment-thumbnail size-thumbnail\" alt=\"Hyatt Ascensor\" \/><\/a>\r\n            <\/dt>\r\n                <dd class='gallery-caption'>\r\n                Hyatt Tower Interior\r\n                <\/dd><\/dl><br style=\"clear: both\" \/>\r\n            <br style='clear: both;' \/>\r\n        <\/div>\n\n<div class=\"clear\"><\/div><div class=\"divider\"><\/div>\n<p>Der runde Glasturm des gro\u00dfen Luxushotels Grand Hyatt dominiert das Stra\u00dfenbild in dem gehobenen Wohnviertel von Las Condes, in dem es liegt. Die gro\u00dfen, luxuri\u00f6sen Zimmer und Suites sind f\u00fcr h\u00f6chste Anspr\u00fcche ausgestattet. Das ganze Hotel ist gro\u00dfz\u00fcgig angelegt und edel eingerichtet, Marmor und Holz bestimmen hier das Bild. Gro\u00dfe Fenster machen das Hotel hell und freundlich und bieten sch\u00f6ne Ausblicke auf Santiago oder die Anden. Weitl\u00e4ufige Gartenanlagen mit einem gro\u00dfen Schwimmbecken, ein gut ausgestattetes Spa, sowie drei Spezialit\u00e4tenrestaurants (Italienisch, Japanisch;   Indonesisch) und Live-Musik in der Bar lassen kaum einen Wunsch offen.<\/p>\n<p><strong>Zimmer:<\/strong> 310<br \/>\n<strong>Ausstattung:<\/strong> Heizung, Telefon, Haartrockner, Bademantel, Kabel-TV, Steroanlage, Minibar, Safe, Klimaanlage, Kinderbett auf Anfrage, Sofa in allen Zimmern, drei Restaurants, Bar, Club, Lounge, W\u00e4scheservice, Floristik, Schmuckgesch\u00e4ft, Business-Center, Garten, Au\u00dfenschwimmbecken, Spa, Tennispl\u00e4tze, Fitnessraum, Parkpl\u00e4tze<br \/>\nBehindertengerechte Zimmer stehen zur Verf\u00fcgung.<br \/>\n<strong>Internet:<\/strong> Wi-Fi<\/p>","protected":false},"excerpt":{"rendered":"<p>Der runde Glasturm des gro\u00dfen Luxushotels Grand Hyatt dominiert das Stra\u00dfenbild in dem gehobenen Wohnviertel von Las Condes, in dem es liegt. Die gro\u00dfen, luxuri\u00f6sen Zimmer und Suites sind f\u00fcr h\u00f6chste Anspr\u00fcche ausgestattet. Das ganze Hotel ist gro\u00dfz\u00fcgig angelegt und &#8230;<\/p>\n","protected":false},"author":16,"featured_media":0,"parent":210,"menu_order":0,"comment_status":"open","ping_status":"open","template":"","meta":{"slim_seo":{"title":"Grand Hotel Hyatt ***** Grand Hotel Hyatt ***** - travelArt","description":"Grand Hotel Hyatt Hyatt Double Room Hyatt Lobby Lounge Hyatt Club Lounge Hyatt Pool Hyatt Tower Interior Der runde Glasturm des gro\u00dfen Luxushotels Grand Hyatt d"},"footnotes":""},"class_list":["post-320","page","type-page","status-publish","hentry"],"_links":{"self":[{"href":"https:\/\/www.chile-reise.com\/de\/wp-json\/wp\/v2\/pages\/320","targetHints":{"allow":["GET"]}}],"collection":[{"href":"https:\/\/www.chile-reise.com\/de\/wp-json\/wp\/v2\/pages"}],"about":[{"href":"https:\/\/www.chile-reise.com\/de\/wp-json\/wp\/v2\/types\/page"}],"author":[{"embeddable":true,"href":"https:\/\/www.chile-reise.com\/de\/wp-json\/wp\/v2\/users\/16"}],"replies":[{"embeddable":true,"href":"https:\/\/www.chile-reise.com\/de\/wp-json\/wp\/v2\/comments?post=320"}],"version-history":[{"count":0,"href":"https:\/\/www.chile-reise.com\/de\/wp-json\/wp\/v2\/pages\/320\/revisions"}],"up":[{"embeddable":true,"href":"https:\/\/www.chile-reise.com\/de\/wp-json\/wp\/v2\/pages\/210"}],"wp:attachment":[{"href":"https:\/\/www.chile-reise.com\/de\/wp-json\/wp\/v2\/media?parent=320"}],"curies":[{"name":"wp","href":"https:\/\/api.w.org\/{rel}","templated":true}]}}