{"id":317,"date":"2013-07-03T21:08:52","date_gmt":"2013-07-03T19:08:52","guid":{"rendered":"http:\/\/www.chile-reise.com\/wordpress\/?page_id=317"},"modified":"2015-04-10T16:44:09","modified_gmt":"2015-04-10T14:44:09","slug":"hotel-plaza-san-francisco","status":"publish","type":"page","link":"https:\/\/www.chile-reise.com\/de\/hotels\/santiago-zentralchile-und-pazifikkueste\/hotel-plaza-san-francisco\/","title":{"rendered":"Hotel Plaza San Francisco *****"},"content":{"rendered":"<p>\r\n        <style type='text\/css'>\r\n            #gallery-1 {\r\n                margin: auto;\r\n            }\r\n            #gallery-1 .gallery-item {\r\n                float: left;\r\n                margin-top: 10px;\r\n                text-align: center;\r\n                width: 33%;           }\r\n            #gallery-1 img {\r\n                border: 2px solid #cfcfcf;\r\n            }\r\n            #gallery-1 .gallery-caption {\r\n                margin-left: 0;\r\n            }\r\n        <\/style>\r\n        <!-- see gallery_shortcode() in wp-includes\/media.php -->\r\n        <div id='gallery-1' class='gallery-images gallery galleryid-317'><dl class='gallery-item'>\r\n            <dt class='gallery-icon'>\r\n                <a href='https:\/\/www.chile-reise.com\/wp-content\/uploads\/Plaza-San-Francisco-Front.jpg'><img loading=\"lazy\" decoding=\"async\" width=\"240\" height=\"140\" src=\"https:\/\/www.chile-reise.com\/wp-content\/uploads\/Plaza-San-Francisco-Front-240x140.jpg\" class=\"attachment-thumbnail size-thumbnail\" alt=\"Plaza San Francisco Front\" \/><\/a>\r\n            <\/dt>\r\n                <dd class='gallery-caption'>\r\n                Hotel Plaza San Francisco Front\r\n                <\/dd><\/dl><dl class='gallery-item'>\r\n            <dt class='gallery-icon'>\r\n                <a href='https:\/\/www.chile-reise.com\/wp-content\/uploads\/Plaza-San-Francisco-Lobby.jpg'><img loading=\"lazy\" decoding=\"async\" width=\"240\" height=\"140\" src=\"https:\/\/www.chile-reise.com\/wp-content\/uploads\/Plaza-San-Francisco-Lobby-240x140.jpg\" class=\"attachment-thumbnail size-thumbnail\" alt=\"Plaza San Francisco Lobby\" \/><\/a>\r\n            <\/dt>\r\n                <dd class='gallery-caption'>\r\n                Hotel Plaza San Francisco Lobby\r\n                <\/dd><\/dl><dl class='gallery-item'>\r\n            <dt class='gallery-icon'>\r\n                <a href='https:\/\/www.chile-reise.com\/wp-content\/uploads\/Plaza-San-Francisco-Double-Queen-Standard.jpg'><img loading=\"lazy\" decoding=\"async\" width=\"240\" height=\"140\" src=\"https:\/\/www.chile-reise.com\/wp-content\/uploads\/Plaza-San-Francisco-Double-Queen-Standard-240x140.jpg\" class=\"attachment-thumbnail size-thumbnail\" alt=\"Plaza San Francisco Double Queen Standard\" \/><\/a>\r\n            <\/dt>\r\n                <dd class='gallery-caption'>\r\n                Hotel Plaza San Francisco Double Queen Standard\r\n                <\/dd><\/dl><br style=\"clear: both\" \/><dl class='gallery-item'>\r\n            <dt class='gallery-icon'>\r\n                <a href='https:\/\/www.chile-reise.com\/wp-content\/uploads\/Plaza-San-Francisco-King-Standard.jpg'><img loading=\"lazy\" decoding=\"async\" width=\"240\" height=\"140\" src=\"https:\/\/www.chile-reise.com\/wp-content\/uploads\/Plaza-San-Francisco-King-Standard-240x140.jpg\" class=\"attachment-thumbnail size-thumbnail\" alt=\"Plaza San Francisco King Standard\" \/><\/a>\r\n            <\/dt>\r\n                <dd class='gallery-caption'>\r\n                Hotel Plaza San Francisco King Standard\r\n                <\/dd><\/dl><dl class='gallery-item'>\r\n            <dt class='gallery-icon'>\r\n                <a href='https:\/\/www.chile-reise.com\/wp-content\/uploads\/Plaza-San-Francisco-Piscina.jpg'><img loading=\"lazy\" decoding=\"async\" width=\"240\" height=\"140\" src=\"https:\/\/www.chile-reise.com\/wp-content\/uploads\/Plaza-San-Francisco-Piscina-240x140.jpg\" class=\"attachment-thumbnail size-thumbnail\" alt=\"Plaza San Francisco Piscina\" \/><\/a>\r\n            <\/dt>\r\n                <dd class='gallery-caption'>\r\n                Hotel Plaza San Francisco Pool \r\n                <\/dd><\/dl><dl class='gallery-item'>\r\n            <dt class='gallery-icon'>\r\n                <a href='https:\/\/www.chile-reise.com\/wp-content\/uploads\/Plaza-San-Francisco-Restaurant-Bristol.jpg'><img loading=\"lazy\" decoding=\"async\" width=\"240\" height=\"140\" src=\"https:\/\/www.chile-reise.com\/wp-content\/uploads\/Plaza-San-Francisco-Restaurant-Bristol-240x140.jpg\" class=\"attachment-thumbnail size-thumbnail\" alt=\"Plaza San Francisco Restaurant Bristol\" srcset=\"https:\/\/www.chile-reise.com\/wp-content\/uploads\/Plaza-San-Francisco-Restaurant-Bristol-240x140.jpg 240w, https:\/\/www.chile-reise.com\/wp-content\/uploads\/Plaza-San-Francisco-Restaurant-Bristol-560x330.jpg 560w, https:\/\/www.chile-reise.com\/wp-content\/uploads\/Plaza-San-Francisco-Restaurant-Bristol.jpg 635w\" sizes=\"auto, (max-width: 240px) 100vw, 240px\" \/><\/a>\r\n            <\/dt>\r\n                <dd class='gallery-caption'>\r\n                Hotel Plaza San Francisco Restaurant\r\n                <\/dd><\/dl><br style=\"clear: both\" \/>\r\n            <br style='clear: both;' \/>\r\n        <\/div>\n\n<div class=\"clear\"><\/div><div class=\"divider\"><\/div>\n<p>Das Hotel Plaza San Francisco hat das beste Preis-Leistungs-Verh\u00e4ltnis unter den f\u00fcnf-Sterne H\u00e4usern in Santiago. Die Lage dieses traditionsreichen, eleganten Hauses neben dem Kloster San Francisco mitten im Zentrum der Stadt ist ideal: Nah am Regierungsviertel und am Finanzzentrum, an Museen und Pl\u00e4tzen, k\u00f6nnen die G\u00e4ste Santiago von hier aus ohne Umwege kennenlernen. Das ganze Hotel ist klassisch-edel eingerichtet und sehr komfortabel. Das hoteleigene Restaurant Bristol verw\u00f6hnt die G\u00e4ste mit seiner mehrfach ausgezeichneten K\u00fcche.<\/p>\n<p><strong>Zimmer:<\/strong> 146<br \/>\n<strong>Ausstattung:<\/strong> Heizung, Telefon, Haartrockner, Safe, Minibar, Klimaanlage, Restaurant, Piano-Bar, Veranstaltungsr\u00e4ume, Business-Center, Schwimmbecken, Fitnessraum, Sauna, Massageraum, Kunstgalerie, W\u00e4scheservice<br \/>\n<strong>Internet:<\/strong> Wi-Fi<br \/>\n<em>Ausgezeichnet mit \u201eSello S\u201c, dem chilenischen Nachhaltigkeitssiegel.<\/em><\/p>","protected":false},"excerpt":{"rendered":"<p>Das Hotel Plaza San Francisco hat das beste Preis-Leistungs-Verh\u00e4ltnis unter den f\u00fcnf-Sterne H\u00e4usern in Santiago. Die Lage dieses traditionsreichen, eleganten Hauses neben dem Kloster San Francisco mitten im Zentrum der Stadt ist ideal: Nah am Regierungsviertel und am Finanzzentrum, an &#8230;<\/p>\n","protected":false},"author":16,"featured_media":0,"parent":210,"menu_order":0,"comment_status":"open","ping_status":"open","template":"","meta":{"slim_seo":{"title":"Hotel Plaza San Francisco ***** Hotel Plaza San Francisco ***** - travelArt","description":"Hotel Plaza San Francisco Front Hotel Plaza San Francisco Lobby Hotel Plaza San Francisco Double Queen Standard Hotel Plaza San Francisco King Standard Hotel Pl"},"footnotes":""},"class_list":["post-317","page","type-page","status-publish","hentry"],"_links":{"self":[{"href":"https:\/\/www.chile-reise.com\/de\/wp-json\/wp\/v2\/pages\/317","targetHints":{"allow":["GET"]}}],"collection":[{"href":"https:\/\/www.chile-reise.com\/de\/wp-json\/wp\/v2\/pages"}],"about":[{"href":"https:\/\/www.chile-reise.com\/de\/wp-json\/wp\/v2\/types\/page"}],"author":[{"embeddable":true,"href":"https:\/\/www.chile-reise.com\/de\/wp-json\/wp\/v2\/users\/16"}],"replies":[{"embeddable":true,"href":"https:\/\/www.chile-reise.com\/de\/wp-json\/wp\/v2\/comments?post=317"}],"version-history":[{"count":0,"href":"https:\/\/www.chile-reise.com\/de\/wp-json\/wp\/v2\/pages\/317\/revisions"}],"up":[{"embeddable":true,"href":"https:\/\/www.chile-reise.com\/de\/wp-json\/wp\/v2\/pages\/210"}],"wp:attachment":[{"href":"https:\/\/www.chile-reise.com\/de\/wp-json\/wp\/v2\/media?parent=317"}],"curies":[{"name":"wp","href":"https:\/\/api.w.org\/{rel}","templated":true}]}}