{"id":311,"date":"2013-07-03T21:05:17","date_gmt":"2013-07-03T19:05:17","guid":{"rendered":"http:\/\/www.chile-reise.com\/wordpress\/?page_id=311"},"modified":"2013-10-03T23:37:25","modified_gmt":"2013-10-03T21:37:25","slug":"palacio-astoreca","status":"publish","type":"page","link":"https:\/\/www.chile-reise.com\/de\/hotels\/santiago-zentralchile-und-pazifikkueste\/palacio-astoreca\/","title":{"rendered":"Palacio Astoreca ****"},"content":{"rendered":"<p>\r\n        <style type='text\/css'>\r\n            #gallery-1 {\r\n                margin: auto;\r\n            }\r\n            #gallery-1 .gallery-item {\r\n                float: left;\r\n                margin-top: 10px;\r\n                text-align: center;\r\n                width: 33%;           }\r\n            #gallery-1 img {\r\n                border: 2px solid #cfcfcf;\r\n            }\r\n            #gallery-1 .gallery-caption {\r\n                margin-left: 0;\r\n            }\r\n        <\/style>\r\n        <!-- see gallery_shortcode() in wp-includes\/media.php -->\r\n        <div id='gallery-1' class='gallery-images gallery galleryid-311'><dl class='gallery-item'>\r\n            <dt class='gallery-icon'>\r\n                <a href='https:\/\/www.chile-reise.com\/wp-content\/uploads\/Palacio-Astoreca.jpg'><img loading=\"lazy\" decoding=\"async\" width=\"240\" height=\"140\" src=\"https:\/\/www.chile-reise.com\/wp-content\/uploads\/Palacio-Astoreca-240x140.jpg\" class=\"attachment-thumbnail size-thumbnail\" alt=\"Palacio Astoreca\" \/><\/a>\r\n            <\/dt>\r\n                <dd class='gallery-caption'>\r\n                Palacio Astoreca\r\n                <\/dd><\/dl><dl class='gallery-item'>\r\n            <dt class='gallery-icon'>\r\n                <a href='https:\/\/www.chile-reise.com\/wp-content\/uploads\/Palacio-Astoreca-Suite.jpg'><img loading=\"lazy\" decoding=\"async\" width=\"240\" height=\"140\" src=\"https:\/\/www.chile-reise.com\/wp-content\/uploads\/Palacio-Astoreca-Suite-240x140.jpg\" class=\"attachment-thumbnail size-thumbnail\" alt=\"Palacio Astoreca Suite\" \/><\/a>\r\n            <\/dt>\r\n                <dd class='gallery-caption'>\r\n                Palacio Astoreca Suite\r\n                <\/dd><\/dl><dl class='gallery-item'>\r\n            <dt class='gallery-icon'>\r\n                <a href='https:\/\/www.chile-reise.com\/wp-content\/uploads\/Palacio-Astoreca-Bar.jpg'><img loading=\"lazy\" decoding=\"async\" width=\"240\" height=\"140\" src=\"https:\/\/www.chile-reise.com\/wp-content\/uploads\/Palacio-Astoreca-Bar-240x140.jpg\" class=\"attachment-thumbnail size-thumbnail\" alt=\"Palacio Astoreca Bar\" \/><\/a>\r\n            <\/dt>\r\n                <dd class='gallery-caption'>\r\n                Palacio Astoreca Bar\r\n                <\/dd><\/dl><br style=\"clear: both\" \/><dl class='gallery-item'>\r\n            <dt class='gallery-icon'>\r\n                <a href='https:\/\/www.chile-reise.com\/wp-content\/uploads\/Palacio-Astoreca-cave.jpg'><img loading=\"lazy\" decoding=\"async\" width=\"240\" height=\"140\" src=\"https:\/\/www.chile-reise.com\/wp-content\/uploads\/Palacio-Astoreca-cave-240x140.jpg\" class=\"attachment-thumbnail size-thumbnail\" alt=\"Palacio Astoreca cave\" \/><\/a>\r\n            <\/dt>\r\n                <dd class='gallery-caption'>\r\n                Palacio Astoreca Cave\r\n                <\/dd><\/dl><dl class='gallery-item'>\r\n            <dt class='gallery-icon'>\r\n                <a href='https:\/\/www.chile-reise.com\/wp-content\/uploads\/Palacio-Astoreca-Suite-Balcon.jpg'><img loading=\"lazy\" decoding=\"async\" width=\"240\" height=\"140\" src=\"https:\/\/www.chile-reise.com\/wp-content\/uploads\/Palacio-Astoreca-Suite-Balcon-240x140.jpg\" class=\"attachment-thumbnail size-thumbnail\" alt=\"Palacio Astoreca Suite Balcon\" \/><\/a>\r\n            <\/dt>\r\n                <dd class='gallery-caption'>\r\n                Palacio Astoreca Suite Balcon\r\n                <\/dd><\/dl><dl class='gallery-item'>\r\n            <dt class='gallery-icon'>\r\n                <a href='https:\/\/www.chile-reise.com\/wp-content\/uploads\/Palacio-Astoreca-Spa.jpg'><img loading=\"lazy\" decoding=\"async\" width=\"240\" height=\"140\" src=\"https:\/\/www.chile-reise.com\/wp-content\/uploads\/Palacio-Astoreca-Spa-240x140.jpg\" class=\"attachment-thumbnail size-thumbnail\" alt=\"Palacio Astoreca Spa\" \/><\/a>\r\n            <\/dt>\r\n                <dd class='gallery-caption'>\r\n                Palacio Astoreca Pool\r\n                <\/dd><\/dl><br style=\"clear: both\" \/>\r\n            <br style='clear: both;' \/>\r\n        <\/div>\n\n<div class=\"clear\"><\/div><div class=\"divider\"><\/div>\n<p>Palacio Astoreca ist ein denkmalgesch\u00fctzter Palast, von einem Salpeterbaron in den 20er Jahren im europ\u00e4ischen Stil erbaut, und auf dem Cerro Alegre gelegen.  Das Boutique-Hotel mit historischem Flair bietet luxuri\u00f6se Zimmer mit Erkerfenstern, keines in Farbe und Mobiliar dem anderen gleich. Neben modernen Annehmlichkeiten wie speziell angefertigten Betten und von lokalen Kunsthandwerkern gestalteter Dekoration, besteht die Ausstattung zu gro\u00dfen Teilen aus restaurierten Originalst\u00fccken vom Beginn des 20. Jahrhunderts, ebenso wie die Parkettb\u00f6den und die handbemalten Wandfliesen. Im auch f\u00fcr die \u00d6ffentlichkeit zug\u00e4nglichen Restaurant \u201eAlegre\u201c gibt es Gourmetgerichte von internationalem Rang.<\/p>\n<p><strong>Zimmer:<\/strong> 23<br \/>\n<strong>Ausstattung:<\/strong> Telefon, Sat-TV, Zimmersafe, Heizung, Haartrockner, Restaurant, Badem\u00e4ntel, Minibar, Bar, Spa, Schwimmbecken, Bibliothek, Weinkeller, Piano-Lounge<br \/>\n<strong>Internet:<\/strong> Wi-Fi <\/p>","protected":false},"excerpt":{"rendered":"<p>Palacio Astoreca ist ein denkmalgesch\u00fctzter Palast, von einem Salpeterbaron in den 20er Jahren im europ\u00e4ischen Stil erbaut, und auf dem Cerro Alegre gelegen. Das Boutique-Hotel mit historischem Flair bietet luxuri\u00f6se Zimmer mit Erkerfenstern, keines in Farbe und Mobiliar dem anderen &#8230;<\/p>\n","protected":false},"author":16,"featured_media":0,"parent":210,"menu_order":0,"comment_status":"open","ping_status":"open","template":"","meta":{"slim_seo":{"title":"Palacio Astoreca **** Palacio Astoreca **** - travelArt","description":"Palacio Astoreca Palacio Astoreca Suite Palacio Astoreca Bar Palacio Astoreca Cave Palacio Astoreca Suite Balcon Palacio Astoreca Pool Palacio Astoreca ist ein"},"footnotes":""},"class_list":["post-311","page","type-page","status-publish","hentry"],"_links":{"self":[{"href":"https:\/\/www.chile-reise.com\/de\/wp-json\/wp\/v2\/pages\/311","targetHints":{"allow":["GET"]}}],"collection":[{"href":"https:\/\/www.chile-reise.com\/de\/wp-json\/wp\/v2\/pages"}],"about":[{"href":"https:\/\/www.chile-reise.com\/de\/wp-json\/wp\/v2\/types\/page"}],"author":[{"embeddable":true,"href":"https:\/\/www.chile-reise.com\/de\/wp-json\/wp\/v2\/users\/16"}],"replies":[{"embeddable":true,"href":"https:\/\/www.chile-reise.com\/de\/wp-json\/wp\/v2\/comments?post=311"}],"version-history":[{"count":0,"href":"https:\/\/www.chile-reise.com\/de\/wp-json\/wp\/v2\/pages\/311\/revisions"}],"up":[{"embeddable":true,"href":"https:\/\/www.chile-reise.com\/de\/wp-json\/wp\/v2\/pages\/210"}],"wp:attachment":[{"href":"https:\/\/www.chile-reise.com\/de\/wp-json\/wp\/v2\/media?parent=311"}],"curies":[{"name":"wp","href":"https:\/\/api.w.org\/{rel}","templated":true}]}}