{"id":309,"date":"2013-07-03T21:03:10","date_gmt":"2013-07-03T19:03:10","guid":{"rendered":"http:\/\/www.chile-reise.com\/wordpress\/?page_id=309"},"modified":"2013-10-17T20:44:25","modified_gmt":"2013-10-17T18:44:25","slug":"hotel-diego-de-almagro","status":"publish","type":"page","link":"https:\/\/www.chile-reise.com\/de\/hotels\/santiago-zentralchile-und-pazifikkueste\/hotel-diego-de-almagro\/","title":{"rendered":"Hotel Diego de Almagro ****"},"content":{"rendered":"<p>\r\n        <style type='text\/css'>\r\n            #gallery-1 {\r\n                margin: auto;\r\n            }\r\n            #gallery-1 .gallery-item {\r\n                float: left;\r\n                margin-top: 10px;\r\n                text-align: center;\r\n                width: 33%;           }\r\n            #gallery-1 img {\r\n                border: 2px solid #cfcfcf;\r\n            }\r\n            #gallery-1 .gallery-caption {\r\n                margin-left: 0;\r\n            }\r\n        <\/style>\r\n        <!-- see gallery_shortcode() in wp-includes\/media.php -->\r\n        <div id='gallery-1' class='gallery-images gallery galleryid-309'><dl class='gallery-item'>\r\n            <dt class='gallery-icon'>\r\n                <a href='https:\/\/www.chile-reise.com\/wp-content\/uploads\/Diego-de-Almagro-Valpara\u00edso.jpg'><img loading=\"lazy\" decoding=\"async\" width=\"240\" height=\"140\" src=\"https:\/\/www.chile-reise.com\/wp-content\/uploads\/Diego-de-Almagro-Valpara\u00edso-240x140.jpg\" class=\"attachment-thumbnail size-thumbnail\" alt=\"Diego de Almagro Valpara\u00edso\" \/><\/a>\r\n            <\/dt>\r\n                <dd class='gallery-caption'>\r\n                Hotel Diego de Almagro Valpara\u00edso\r\n                <\/dd><\/dl><dl class='gallery-item'>\r\n            <dt class='gallery-icon'>\r\n                <a href='https:\/\/www.chile-reise.com\/wp-content\/uploads\/Diego-de-Almagro-Valpara\u00edso-Double-Room.jpg'><img loading=\"lazy\" decoding=\"async\" width=\"240\" height=\"140\" src=\"https:\/\/www.chile-reise.com\/wp-content\/uploads\/Diego-de-Almagro-Valpara\u00edso-Double-Room-240x140.jpg\" class=\"attachment-thumbnail size-thumbnail\" alt=\"Diego de Almagro Valpara\u00edso Double Room\" \/><\/a>\r\n            <\/dt>\r\n                <dd class='gallery-caption'>\r\n                Diego de Almagro Valpara\u00edso Double Room\r\n                <\/dd><\/dl><dl class='gallery-item'>\r\n            <dt class='gallery-icon'>\r\n                <a href='https:\/\/www.chile-reise.com\/wp-content\/uploads\/Diego-de-Almagro-Valpara\u00edso-Pool.jpg'><img loading=\"lazy\" decoding=\"async\" width=\"240\" height=\"140\" src=\"https:\/\/www.chile-reise.com\/wp-content\/uploads\/Diego-de-Almagro-Valpara\u00edso-Pool-240x140.jpg\" class=\"attachment-thumbnail size-thumbnail\" alt=\"Diego de Almagro Valpara\u00edso Pool\" \/><\/a>\r\n            <\/dt>\r\n                <dd class='gallery-caption'>\r\n                Diego de Almagro Valpara\u00edso Pool\r\n                <\/dd><\/dl><br style=\"clear: both\" \/>\r\n            <br style='clear: both;' \/>\r\n        <\/div>\n\n<div class=\"clear\"><\/div><div class=\"divider\"><\/div>\n<p>In bester Lage direkt an der Promenade bietet das Hotel Diego de Almagro eine sch\u00f6ne Aussicht auf den Sonnenuntergang in der Bucht von Valpara\u00edso. Die Zimmer sind modern und funktionell eingerichtet. Den G\u00e4sten  steht ein gut ausgestatteter Spa-Bereich und ein Restaurant zur Verf\u00fcgung. Besonders f\u00fcr Gruppen ist dieses Hotel eine gute Option in Valpara\u00edso.<\/p>\n<p><strong>Zimmer:<\/strong> 177<br \/>\n<strong>Ausstattung:<\/strong> Klimaanlage, LCD-Fernseher, Minibar, Safe, Restaurant, Spa,  Schwimbecken, Veranstaltungsr\u00e4ume<br \/>\n<strong>Internet:<\/strong> Wi-Fi <\/p>","protected":false},"excerpt":{"rendered":"<p>In bester Lage direkt an der Promenade bietet das Hotel Diego de Almagro eine sch\u00f6ne Aussicht auf den Sonnenuntergang in der Bucht von Valpara\u00edso. Die Zimmer sind modern und funktionell eingerichtet. Den G\u00e4sten steht ein gut ausgestatteter Spa-Bereich und ein &#8230;<\/p>\n","protected":false},"author":16,"featured_media":0,"parent":210,"menu_order":0,"comment_status":"open","ping_status":"open","template":"","meta":{"slim_seo":{"title":"Hotel Diego de Almagro **** Hotel Diego de Almagro **** - travelArt","description":"Hotel Diego de Almagro Valpara\u00edso Diego de Almagro Valpara\u00edso Double Room Diego de Almagro Valpara\u00edso Pool In bester Lage direkt an der Promenade bietet das Hot"},"footnotes":""},"class_list":["post-309","page","type-page","status-publish","hentry"],"_links":{"self":[{"href":"https:\/\/www.chile-reise.com\/de\/wp-json\/wp\/v2\/pages\/309","targetHints":{"allow":["GET"]}}],"collection":[{"href":"https:\/\/www.chile-reise.com\/de\/wp-json\/wp\/v2\/pages"}],"about":[{"href":"https:\/\/www.chile-reise.com\/de\/wp-json\/wp\/v2\/types\/page"}],"author":[{"embeddable":true,"href":"https:\/\/www.chile-reise.com\/de\/wp-json\/wp\/v2\/users\/16"}],"replies":[{"embeddable":true,"href":"https:\/\/www.chile-reise.com\/de\/wp-json\/wp\/v2\/comments?post=309"}],"version-history":[{"count":0,"href":"https:\/\/www.chile-reise.com\/de\/wp-json\/wp\/v2\/pages\/309\/revisions"}],"up":[{"embeddable":true,"href":"https:\/\/www.chile-reise.com\/de\/wp-json\/wp\/v2\/pages\/210"}],"wp:attachment":[{"href":"https:\/\/www.chile-reise.com\/de\/wp-json\/wp\/v2\/media?parent=309"}],"curies":[{"name":"wp","href":"https:\/\/api.w.org\/{rel}","templated":true}]}}