{"id":307,"date":"2013-07-03T21:02:08","date_gmt":"2013-07-03T19:02:08","guid":{"rendered":"http:\/\/www.chile-reise.com\/wordpress\/?page_id=307"},"modified":"2013-10-17T20:28:34","modified_gmt":"2013-10-17T18:28:34","slug":"hotel-patrimonial","status":"publish","type":"page","link":"https:\/\/www.chile-reise.com\/de\/hotels\/santiago-zentralchile-und-pazifikkueste\/hotel-patrimonial\/","title":{"rendered":"Hotel Patrimonial ***"},"content":{"rendered":"<p>\r\n        <style type='text\/css'>\r\n            #gallery-1 {\r\n                margin: auto;\r\n            }\r\n            #gallery-1 .gallery-item {\r\n                float: left;\r\n                margin-top: 10px;\r\n                text-align: center;\r\n                width: 33%;           }\r\n            #gallery-1 img {\r\n                border: 2px solid #cfcfcf;\r\n            }\r\n            #gallery-1 .gallery-caption {\r\n                margin-left: 0;\r\n            }\r\n        <\/style>\r\n        <!-- see gallery_shortcode() in wp-includes\/media.php -->\r\n        <div id='gallery-1' class='gallery-images gallery galleryid-307'><dl class='gallery-item'>\r\n            <dt class='gallery-icon'>\r\n                <a href='https:\/\/www.chile-reise.com\/wp-content\/uploads\/Hotel-Patrimonial.jpg'><img loading=\"lazy\" decoding=\"async\" width=\"240\" height=\"140\" src=\"https:\/\/www.chile-reise.com\/wp-content\/uploads\/Hotel-Patrimonial-240x140.jpg\" class=\"attachment-thumbnail size-thumbnail\" alt=\"Hotel Patrimonial\" \/><\/a>\r\n            <\/dt>\r\n                <dd class='gallery-caption'>\r\n                Hotel Patrimonial\r\n                <\/dd><\/dl><dl class='gallery-item'>\r\n            <dt class='gallery-icon'>\r\n                <a href='https:\/\/www.chile-reise.com\/wp-content\/uploads\/Patrimonial-Double-Room.jpg'><img loading=\"lazy\" decoding=\"async\" width=\"240\" height=\"140\" src=\"https:\/\/www.chile-reise.com\/wp-content\/uploads\/Patrimonial-Double-Room-240x140.jpg\" class=\"attachment-thumbnail size-thumbnail\" alt=\"Patrimonial Double Room\" \/><\/a>\r\n            <\/dt>\r\n                <dd class='gallery-caption'>\r\n                Patrimonial Double Room\r\n                <\/dd><\/dl><dl class='gallery-item'>\r\n            <dt class='gallery-icon'>\r\n                <a href='https:\/\/www.chile-reise.com\/wp-content\/uploads\/Patrimonial-Living-Room.jpg'><img loading=\"lazy\" decoding=\"async\" width=\"240\" height=\"140\" src=\"https:\/\/www.chile-reise.com\/wp-content\/uploads\/Patrimonial-Living-Room-240x140.jpg\" class=\"attachment-thumbnail size-thumbnail\" alt=\"Hotel Patrimonial\" \/><\/a>\r\n            <\/dt>\r\n                <dd class='gallery-caption'>\r\n                Patrimonial Living Room\r\n                <\/dd><\/dl><br style=\"clear: both\" \/>\r\n            <br style='clear: both;' \/>\r\n        <\/div>\n\n<div class=\"clear\"><\/div><div class=\"divider\"><\/div>\n<p>Das Hotel Patrimonial befindet sich in Valpara\u00edso auf dem Cerro Concepci\u00f3n. Von hier aus hat man einen herrlichen Ausblick \u00fcber die Stadt und zum Meer. Das Hotelgeb\u00e4ude besteht aus drei nebeneinander liegenden, renovierten H\u00e4usern und bietet gem\u00fctlich eingerichtete Zimmer. Bei der Dekoration von Zimmern und B\u00e4dern kamen Pastellfarben zum Einsatz, wodurch eine romantische Atmosph\u00e4re entsteht. Wir k\u00f6nnen das Hotel sowohl f\u00fcr Individualreisende als auch f\u00fcr kleine Gruppen empfehlen.<\/p>\n<p><strong>Zimmer:<\/strong> 13<br \/>\n<strong>Ausstattung:<\/strong> Klimaanlage, Kabel-TV, Haartockner, Telefon, Safe<br \/>\n<strong>Internet:<\/strong> Wi-Fi<\/p>","protected":false},"excerpt":{"rendered":"<p>Das Hotel Patrimonial befindet sich in Valpara\u00edso auf dem Cerro Concepci\u00f3n. Von hier aus hat man einen herrlichen Ausblick \u00fcber die Stadt und zum Meer. Das Hotelgeb\u00e4ude besteht aus drei nebeneinander liegenden, renovierten H\u00e4usern und bietet gem\u00fctlich eingerichtete Zimmer. Bei &#8230;<\/p>\n","protected":false},"author":16,"featured_media":0,"parent":210,"menu_order":0,"comment_status":"open","ping_status":"open","template":"","meta":{"slim_seo":{"title":"Hotel Patrimonial *** Hotel Patrimonial *** - travelArt","description":"Hotel Patrimonial Patrimonial Double Room Patrimonial Living Room Das Hotel Patrimonial befindet sich in Valpara\u00edso auf dem Cerro Concepci\u00f3n. Von hier aus hat m"},"footnotes":""},"class_list":["post-307","page","type-page","status-publish","hentry"],"_links":{"self":[{"href":"https:\/\/www.chile-reise.com\/de\/wp-json\/wp\/v2\/pages\/307","targetHints":{"allow":["GET"]}}],"collection":[{"href":"https:\/\/www.chile-reise.com\/de\/wp-json\/wp\/v2\/pages"}],"about":[{"href":"https:\/\/www.chile-reise.com\/de\/wp-json\/wp\/v2\/types\/page"}],"author":[{"embeddable":true,"href":"https:\/\/www.chile-reise.com\/de\/wp-json\/wp\/v2\/users\/16"}],"replies":[{"embeddable":true,"href":"https:\/\/www.chile-reise.com\/de\/wp-json\/wp\/v2\/comments?post=307"}],"version-history":[{"count":0,"href":"https:\/\/www.chile-reise.com\/de\/wp-json\/wp\/v2\/pages\/307\/revisions"}],"up":[{"embeddable":true,"href":"https:\/\/www.chile-reise.com\/de\/wp-json\/wp\/v2\/pages\/210"}],"wp:attachment":[{"href":"https:\/\/www.chile-reise.com\/de\/wp-json\/wp\/v2\/media?parent=307"}],"curies":[{"name":"wp","href":"https:\/\/api.w.org\/{rel}","templated":true}]}}