{"id":304,"date":"2013-07-03T21:01:00","date_gmt":"2013-07-03T19:01:00","guid":{"rendered":"http:\/\/www.chile-reise.com\/wordpress\/?page_id=304"},"modified":"2015-04-10T16:43:20","modified_gmt":"2015-04-10T14:43:20","slug":"casa-higueras","status":"publish","type":"page","link":"https:\/\/www.chile-reise.com\/de\/hotels\/santiago-zentralchile-und-pazifikkueste\/casa-higueras\/","title":{"rendered":"Casa Higueras (B)"},"content":{"rendered":"<p>\r\n        <style type='text\/css'>\r\n            #gallery-1 {\r\n                margin: auto;\r\n            }\r\n            #gallery-1 .gallery-item {\r\n                float: left;\r\n                margin-top: 10px;\r\n                text-align: center;\r\n                width: 33%;           }\r\n            #gallery-1 img {\r\n                border: 2px solid #cfcfcf;\r\n            }\r\n            #gallery-1 .gallery-caption {\r\n                margin-left: 0;\r\n            }\r\n        <\/style>\r\n        <!-- see gallery_shortcode() in wp-includes\/media.php -->\r\n        <div id='gallery-1' class='gallery-images gallery galleryid-304'><dl class='gallery-item'>\r\n            <dt class='gallery-icon'>\r\n                <a href='https:\/\/www.chile-reise.com\/wp-content\/uploads\/Hotel-Casa-Higueras.jpg'><img loading=\"lazy\" decoding=\"async\" width=\"240\" height=\"140\" src=\"https:\/\/www.chile-reise.com\/wp-content\/uploads\/Hotel-Casa-Higueras-240x140.jpg\" class=\"attachment-thumbnail size-thumbnail\" alt=\"Hotel Casa Higueras\" \/><\/a>\r\n            <\/dt>\r\n                <dd class='gallery-caption'>\r\n                Hotel Casa Higueras\r\n                <\/dd><\/dl><dl class='gallery-item'>\r\n            <dt class='gallery-icon'>\r\n                <a href='https:\/\/www.chile-reise.com\/wp-content\/uploads\/Casa-Higueras-Premium-Superior.jpg'><img loading=\"lazy\" decoding=\"async\" width=\"240\" height=\"140\" src=\"https:\/\/www.chile-reise.com\/wp-content\/uploads\/Casa-Higueras-Premium-Superior-240x140.jpg\" class=\"attachment-thumbnail size-thumbnail\" alt=\"Casa Higueras Premium Superior\" \/><\/a>\r\n            <\/dt>\r\n                <dd class='gallery-caption'>\r\n                Casa Higueras Premium Room\r\n                <\/dd><\/dl><dl class='gallery-item'>\r\n            <dt class='gallery-icon'>\r\n                <a href='https:\/\/www.chile-reise.com\/wp-content\/uploads\/Casa-Higueras-Exterior-Pool.jpg'><img loading=\"lazy\" decoding=\"async\" width=\"240\" height=\"140\" src=\"https:\/\/www.chile-reise.com\/wp-content\/uploads\/Casa-Higueras-Exterior-Pool-240x140.jpg\" class=\"attachment-thumbnail size-thumbnail\" alt=\"Casa Higueras Exterior Pool\" \/><\/a>\r\n            <\/dt>\r\n                <dd class='gallery-caption'>\r\n                Casa Higueras Exterior Pool\r\n                <\/dd><\/dl><br style=\"clear: both\" \/><dl class='gallery-item'>\r\n            <dt class='gallery-icon'>\r\n                <a href='https:\/\/www.chile-reise.com\/wp-content\/uploads\/Casa-Higueras-Living-Room.jpg'><img loading=\"lazy\" decoding=\"async\" width=\"240\" height=\"140\" src=\"https:\/\/www.chile-reise.com\/wp-content\/uploads\/Casa-Higueras-Living-Room-240x140.jpg\" class=\"attachment-thumbnail size-thumbnail\" alt=\"Casa Higueras Living Room\" \/><\/a>\r\n            <\/dt>\r\n                <dd class='gallery-caption'>\r\n                Casa Higueras Living Room\r\n                <\/dd><\/dl><dl class='gallery-item'>\r\n            <dt class='gallery-icon'>\r\n                <a href='https:\/\/www.chile-reise.com\/wp-content\/uploads\/Casa-Higueras-Terrace.jpg'><img loading=\"lazy\" decoding=\"async\" width=\"240\" height=\"140\" src=\"https:\/\/www.chile-reise.com\/wp-content\/uploads\/Casa-Higueras-Terrace-240x140.jpg\" class=\"attachment-thumbnail size-thumbnail\" alt=\"Casa Higueras Terrace\" \/><\/a>\r\n            <\/dt>\r\n                <dd class='gallery-caption'>\r\n                Casa Higueras Terrace\r\n                <\/dd><\/dl><dl class='gallery-item'>\r\n            <dt class='gallery-icon'>\r\n                <a href='https:\/\/www.chile-reise.com\/wp-content\/uploads\/Casa-Higueras-Interior-Pool.jpg'><img loading=\"lazy\" decoding=\"async\" width=\"240\" height=\"140\" src=\"https:\/\/www.chile-reise.com\/wp-content\/uploads\/Casa-Higueras-Interior-Pool-240x140.jpg\" class=\"attachment-thumbnail size-thumbnail\" alt=\"Casa Higueras Interior Pool\" \/><\/a>\r\n            <\/dt>\r\n                <dd class='gallery-caption'>\r\n                Casa Higueras Interior Pool\r\n                <\/dd><\/dl><br style=\"clear: both\" \/>\r\n            <br style='clear: both;' \/>\r\n        <\/div>\n\n<div class=\"clear\"><\/div><div class=\"divider\"><\/div>\n<p>Das elegante Hotel Casa Higueras liegt nah am Paseo Yugoslavo und dem Ascensor Peral, mitten auf dem ber\u00fchmten Cerro Alegre, dem \u00abfr\u00f6hlichen Berg\u00bb, der nicht nur mit h\u00fcbschen Einwandererh\u00e4usern aus der Zeit der Jahrhundertwende aufwartet, sondern auch eine wunderbare Aussicht auf Valpara\u00edso und den Pazifik bietet. Nicht umsonst geh\u00f6rt dieses Viertel zum UNESCO Weltkulturerbe. Das liebevoll restaurierte Haus aus den 20er Jahren bietet komfortable Zimmer verschiedener Kategorien, bei deren Einrichtung genau die richtige Mischung aus Nostalgie und Moderne gew\u00e4hlt wurde. Ein Wellness-Bereich mit Sauna und Massageangebot rundet das Angebot ab.<\/p>\n<p><strong>Zimmer:<\/strong> 20<br \/>\n<strong>Ausstattung:<\/strong> Heizung, Telefon, Haartrockner, Safe, Kabel-TV, DVD-Player, Klimaanlage, Minibar, Restaurant, W\u00e4scheservice, Terrasse, Schwimmbecken, Whirlpool, Sauna, Massageraum, Kamin<br \/>\n<strong>Internet:<\/strong> Wi-Fi <\/p>","protected":false},"excerpt":{"rendered":"<p>Das elegante Hotel Casa Higueras liegt nah am Paseo Yugoslavo und dem Ascensor Peral, mitten auf dem ber\u00fchmten Cerro Alegre, dem \u00abfr\u00f6hlichen Berg\u00bb, der nicht nur mit h\u00fcbschen Einwandererh\u00e4usern aus der Zeit der Jahrhundertwende aufwartet, sondern auch eine wunderbare Aussicht &#8230;<\/p>\n","protected":false},"author":16,"featured_media":0,"parent":210,"menu_order":0,"comment_status":"open","ping_status":"open","template":"","meta":{"slim_seo":{"title":"Casa Higueras (B) Casa Higueras (B) - travelArt","description":"Hotel Casa Higueras Casa Higueras Premium Room Casa Higueras Exterior Pool Casa Higueras Living Room Casa Higueras Terrace Casa Higueras Interior Pool Das elega"},"footnotes":""},"class_list":["post-304","page","type-page","status-publish","hentry"],"_links":{"self":[{"href":"https:\/\/www.chile-reise.com\/de\/wp-json\/wp\/v2\/pages\/304","targetHints":{"allow":["GET"]}}],"collection":[{"href":"https:\/\/www.chile-reise.com\/de\/wp-json\/wp\/v2\/pages"}],"about":[{"href":"https:\/\/www.chile-reise.com\/de\/wp-json\/wp\/v2\/types\/page"}],"author":[{"embeddable":true,"href":"https:\/\/www.chile-reise.com\/de\/wp-json\/wp\/v2\/users\/16"}],"replies":[{"embeddable":true,"href":"https:\/\/www.chile-reise.com\/de\/wp-json\/wp\/v2\/comments?post=304"}],"version-history":[{"count":0,"href":"https:\/\/www.chile-reise.com\/de\/wp-json\/wp\/v2\/pages\/304\/revisions"}],"up":[{"embeddable":true,"href":"https:\/\/www.chile-reise.com\/de\/wp-json\/wp\/v2\/pages\/210"}],"wp:attachment":[{"href":"https:\/\/www.chile-reise.com\/de\/wp-json\/wp\/v2\/media?parent=304"}],"curies":[{"name":"wp","href":"https:\/\/api.w.org\/{rel}","templated":true}]}}