{"id":301,"date":"2013-07-03T20:59:39","date_gmt":"2013-07-03T18:59:39","guid":{"rendered":"http:\/\/www.chile-reise.com\/wordpress\/?page_id=301"},"modified":"2015-04-10T16:42:54","modified_gmt":"2015-04-10T14:42:54","slug":"hotel-ultramar","status":"publish","type":"page","link":"https:\/\/www.chile-reise.com\/de\/hotels\/santiago-zentralchile-und-pazifikkueste\/hotel-ultramar\/","title":{"rendered":"Hotel Ultramar (B)"},"content":{"rendered":"<p>\r\n        <style type='text\/css'>\r\n            #gallery-1 {\r\n                margin: auto;\r\n            }\r\n            #gallery-1 .gallery-item {\r\n                float: left;\r\n                margin-top: 10px;\r\n                text-align: center;\r\n                width: 33%;           }\r\n            #gallery-1 img {\r\n                border: 2px solid #cfcfcf;\r\n            }\r\n            #gallery-1 .gallery-caption {\r\n                margin-left: 0;\r\n            }\r\n        <\/style>\r\n        <!-- see gallery_shortcode() in wp-includes\/media.php -->\r\n        <div id='gallery-1' class='gallery-images gallery galleryid-301'><dl class='gallery-item'>\r\n            <dt class='gallery-icon'>\r\n                <a href='https:\/\/www.chile-reise.com\/wp-content\/uploads\/Ultramar.jpg'><img loading=\"lazy\" decoding=\"async\" width=\"240\" height=\"140\" src=\"https:\/\/www.chile-reise.com\/wp-content\/uploads\/Ultramar-240x140.jpg\" class=\"attachment-thumbnail size-thumbnail\" alt=\"Hotel Ultramar\" \/><\/a>\r\n            <\/dt>\r\n                <dd class='gallery-caption'>\r\n                Hotel Ultramar\r\n                <\/dd><\/dl><dl class='gallery-item'>\r\n            <dt class='gallery-icon'>\r\n                <a href='https:\/\/www.chile-reise.com\/wp-content\/uploads\/Ultramar-Suite.jpg'><img loading=\"lazy\" decoding=\"async\" width=\"240\" height=\"140\" src=\"https:\/\/www.chile-reise.com\/wp-content\/uploads\/Ultramar-Suite-240x140.jpg\" class=\"attachment-thumbnail size-thumbnail\" alt=\"Ultramar Suite\" \/><\/a>\r\n            <\/dt>\r\n                <dd class='gallery-caption'>\r\n                Ultramar Suite\r\n                <\/dd><\/dl><dl class='gallery-item'>\r\n            <dt class='gallery-icon'>\r\n                <a href='https:\/\/www.chile-reise.com\/wp-content\/uploads\/Ultramar-Cafeter\u00eda.jpg'><img loading=\"lazy\" decoding=\"async\" width=\"240\" height=\"140\" src=\"https:\/\/www.chile-reise.com\/wp-content\/uploads\/Ultramar-Cafeter\u00eda-240x140.jpg\" class=\"attachment-thumbnail size-thumbnail\" alt=\"Ultramar Cafeter\u00eda\" \/><\/a>\r\n            <\/dt>\r\n                <dd class='gallery-caption'>\r\n                Ultramar Cafeter\u00eda\r\n                <\/dd><\/dl><br style=\"clear: both\" \/><dl class='gallery-item'>\r\n            <dt class='gallery-icon'>\r\n                <a href='https:\/\/www.chile-reise.com\/wp-content\/uploads\/Ultramar-Hallway.jpg'><img loading=\"lazy\" decoding=\"async\" width=\"240\" height=\"140\" src=\"https:\/\/www.chile-reise.com\/wp-content\/uploads\/Ultramar-Hallway-240x140.jpg\" class=\"attachment-thumbnail size-thumbnail\" alt=\"Ultramar Hallway\" \/><\/a>\r\n            <\/dt>\r\n                <dd class='gallery-caption'>\r\n                Ultramar Hallway\r\n                <\/dd><\/dl><dl class='gallery-item'>\r\n            <dt class='gallery-icon'>\r\n                <a href='https:\/\/www.chile-reise.com\/wp-content\/uploads\/Ultramar-Superior-Room.jpg'><img loading=\"lazy\" decoding=\"async\" width=\"240\" height=\"140\" src=\"https:\/\/www.chile-reise.com\/wp-content\/uploads\/Ultramar-Superior-Room-240x140.jpg\" class=\"attachment-thumbnail size-thumbnail\" alt=\"Ultramar Superior Room\" \/><\/a>\r\n            <\/dt>\r\n                <dd class='gallery-caption'>\r\n                Ultramar Superior Room \r\n                <\/dd><\/dl><dl class='gallery-item'>\r\n            <dt class='gallery-icon'>\r\n                <a href='https:\/\/www.chile-reise.com\/wp-content\/uploads\/Ultramar-Terrace.jpg'><img loading=\"lazy\" decoding=\"async\" width=\"240\" height=\"140\" src=\"https:\/\/www.chile-reise.com\/wp-content\/uploads\/Ultramar-Terrace-240x140.jpg\" class=\"attachment-thumbnail size-thumbnail\" alt=\"Ultramar Terrace\" \/><\/a>\r\n            <\/dt><\/dl><br style=\"clear: both\" \/>\r\n            <br style='clear: both;' \/>\r\n        <\/div>\n\n<div class=\"clear\"><\/div><div class=\"divider\"><\/div>\n<p>Das Hotel Ultramar befindet sich mitten im UNESCO-Weltkulturerbeviertel Valpara\u00edsos. Von au\u00dfen l\u00e4sst sich nicht erahnen, dass den Gast innen ein modernes Design-Hotel erwartet: Das Geb\u00e4ude ist ein Herrenhaus im italienischen Stil von 1907. Jedes der geschmackvollen und farbenfrohen Zimmer ist individuell gestaltet. Highlight ist der spektakul\u00e4re Blick von der Terrasse auf die Bucht und den Hafen von Valpara\u00edso.<\/p>\n<p><strong>Zimmer:<\/strong> 16<br \/>\n<strong>Ausstattung:<\/strong> Zentralheizung, Haartrockner Telefon, Radiowecker, Kabel-TV, Minibar, Cafeteria mit Kunstausstellungen, Bar<br \/>\n<strong>Internet:<\/strong> Wi-Fi<\/p>","protected":false},"excerpt":{"rendered":"<p>Das Hotel Ultramar befindet sich mitten im UNESCO-Weltkulturerbeviertel Valpara\u00edsos. Von au\u00dfen l\u00e4sst sich nicht erahnen, dass den Gast innen ein modernes Design-Hotel erwartet: Das Geb\u00e4ude ist ein Herrenhaus im italienischen Stil von 1907. Jedes der geschmackvollen und farbenfrohen Zimmer ist &#8230;<\/p>\n","protected":false},"author":16,"featured_media":0,"parent":210,"menu_order":0,"comment_status":"open","ping_status":"open","template":"","meta":{"slim_seo":{"title":"Hotel Ultramar (B) Hotel Ultramar (B) - travelArt","description":"Hotel Ultramar Ultramar Suite Ultramar Cafeter\u00eda Ultramar Hallway Ultramar Superior Room Das Hotel Ultramar befindet sich mitten im UNESCO-Weltkulturerbeviertel"},"footnotes":""},"class_list":["post-301","page","type-page","status-publish","hentry"],"_links":{"self":[{"href":"https:\/\/www.chile-reise.com\/de\/wp-json\/wp\/v2\/pages\/301","targetHints":{"allow":["GET"]}}],"collection":[{"href":"https:\/\/www.chile-reise.com\/de\/wp-json\/wp\/v2\/pages"}],"about":[{"href":"https:\/\/www.chile-reise.com\/de\/wp-json\/wp\/v2\/types\/page"}],"author":[{"embeddable":true,"href":"https:\/\/www.chile-reise.com\/de\/wp-json\/wp\/v2\/users\/16"}],"replies":[{"embeddable":true,"href":"https:\/\/www.chile-reise.com\/de\/wp-json\/wp\/v2\/comments?post=301"}],"version-history":[{"count":0,"href":"https:\/\/www.chile-reise.com\/de\/wp-json\/wp\/v2\/pages\/301\/revisions"}],"up":[{"embeddable":true,"href":"https:\/\/www.chile-reise.com\/de\/wp-json\/wp\/v2\/pages\/210"}],"wp:attachment":[{"href":"https:\/\/www.chile-reise.com\/de\/wp-json\/wp\/v2\/media?parent=301"}],"curies":[{"name":"wp","href":"https:\/\/api.w.org\/{rel}","templated":true}]}}