{"id":30,"date":"2013-07-02T16:58:05","date_gmt":"2013-07-02T14:58:05","guid":{"rendered":"http:\/\/www.chile-reise.com\/wordpress\/?page_id=30"},"modified":"2013-09-10T19:48:29","modified_gmt":"2013-09-10T17:48:29","slug":"patagonien","status":"publish","type":"page","link":"https:\/\/www.chile-reise.com\/de\/kleiner-reisefuehrer\/patagonien\/","title":{"rendered":"Patagonien"},"content":{"rendered":"<p><img loading=\"lazy\" decoding=\"async\" src=\"https:\/\/www.chile-reise.com\/wp-content\/uploads\/slider_patagonien-240x140.jpg\" alt=\"slider_patagonien\" width=\"240\" height=\"140\" class=\"alignleft size-thumbnail wp-image-703\" \/>Patagonien ist ein bekannter Name f\u00fcr ein wenig bekanntes Land am s\u00fcdlichen \u201eEnde der Welt\u201c, das seinen ganz eigenen Zauber inne hat. Von den St\u00e4dten des einstigen Woll-Booms bis zu den Gletschern und Gipfeln der Nationalparks entfaltet sich eine der letzten urspr\u00fcnglich gebliebenen Regionen der Welt. Chile und Argentinien teilen sich Patagonien. Im westlichen, chilenischen, Teil Patagoniens liegt das s\u00fcdliche Eisfeld, mit knapp 17.000 km\u00b2 Fl\u00e4che das gr\u00f6\u00dfte zusammenh\u00e4ngende Eisfeld au\u00dferhalb der Polarregionen. Unz\u00e4hlige Gletscher kalben hier in kristallklare Seen und verzieren sie mit schillernden Eisbergen. Ganz im S\u00fcden befindet sich Feuerland, die gr\u00f6\u00dfte Insel des s\u00fcdamerikanischen Kontinents. In der patagonischen Steppe leben unter anderem Nandus, Guanacos, F\u00fcchse und Adler, w\u00e4hrend in den Gew\u00e4ssern S\u00fcdpatagoniens Wale, Pinguine. Seeelefanten und Delfine zu Hause sind und sich gut beobachten lassen.<\/p>\n<p>Urspr\u00fcnglich wurde das Gebiet des heutigen Patagoniens von verschiedenen Indianerst\u00e4mmen bewohnt, die entweder J\u00e4ger und Sammler, oder Fischernomaden waren. In Feuerland lebten schon 8000 v.Chr. die V\u00f6lker der Selk\u00b4Nam und Yamana. Mit der Ausbreitung der Schafzucht im 19. Jahrhundert wurden sie grausam verfolgt und ausgerottet, so dass es heute keine Urbev\u00f6lkerung mehr auf Feuerland gibt. Zentral- und Nordpatagonien war von den Tehuelche- und Puelche-Indianern besiedelt, die im 18. Jahrhundert mit den Mapuche aus dem heutigen Seengebiet verschmolzen.<\/p>\n<p>Das Klima in dieser Gegend ist k\u00fchl und feucht, in den Sommermonaten gibt es weniger Regen, daf\u00fcr ist es jedoch recht windig. Der Regen kommt hier aus Westen, vom Pazifik her, wodurch die k\u00fcstennahen Gegenden viel davon abbekommen, w\u00e4hrend die Niederschl\u00e4ge im Gebirge abnehmen. Patagonien ist das einzige Gebiet der s\u00fcdlichen Erdhalbkugel, in dem ein k\u00fchlgem\u00e4ssigtes Klima (wie in Nordeuropa oder Kanada ) herrscht.<\/p>\n<h2>Highlights<\/h2>\n<p>Punta Arenas ist die Hauptstadt der Magallenregion und z\u00e4hlt heute 150.000 Einwohner. Durch ihre g\u00fcnstige Lage an der Magellan-Meerenge ist die Stadt bis heute Anlaufstelle f\u00fcr Hanselsschiffe. Aus diesem Grund, sowie durch die expandierende Schafzucht erfuhr Punta Arenas in der Vergangenheit einen enormen Aufschwung. Die Urspr\u00fcge der Stadt liegen 60 km s\u00fcdlich von Punta Arenas, in der Fuerte (Festung) Bulnes. Hier lebten die ersten Pioniere f\u00fcnf Jahre lang, bevor 1848 das g\u00fcnstiger gelegene Punta Arenas gegr\u00fcndet wurde. Die Rekonstruktion dieser ersten Siedlung ist heute ein Freilichtmuseum. Touristisch interessant ist in Punta Arenas au\u00dfer den ehemaligen Herrenh\u00e4usern der Schafbarone auf der Plaza Mu\u00f1oz Gamero, vor allem der Friedhof, der mit seinen vielen Familiengr\u00e4bern und Kapellen wohl der eindrucksvollste in Chile ist. Vom Gipfel des Cerro de la Cruz hat man einen wunderbaren Blick auf die gesamte Stadt mit ihrern roten, blauen und gelben D\u00e4chern und den Hafen. Weiter Attraktionen hier sind das Skizentrum Andino am Stadtrand, wo man mit Meerblick Ski fahren kann und der Naturpark Reserva Forestal Magallanes. Von hier blickt man bis zur Magellanstra\u00dfe und nach Feuerland.<\/p>\n<p>Puerto Natales, Hauptstadt der Provinz Ultima Esperanza, ist eine Hafenstadt mit ca. 20.000 Einwohnern und liegt etwa 250 km n\u00f6rdlich von Punta Arenas. Die Bewohner lebten lange von Schafzucht und Fischfang. Heute spielt hier der Tourismus die tragende Rolle. Puerto Natales ist Ausgangspunkt f\u00fcr alle Touren in den bekannten Torres del Paine Nationalpark.<\/p>\n<p>Ca. 140 km n\u00f6rdlich von Puerto Natales liegt der Nationalpark Torres del Paine. Die drei steil in den Himmel ragenden Granitspitzen \u201eTorres del Paine\u201c (2650-2800m) sind das wohl bekannteste Bild Chiles. Der Nationalpark von \u00fcber 2400km\u00b2 Ausdehnung ist das unbestrittene Highlight Patagoniens, wenn nicht sogar ganz Chiles. Die n\u00f6rdliche Grenze des Parks ist durch gewaltge Gletscher gekennzeichnet. Hier endet das \u201eS\u00fcdliche Eisfeld\u201c\u2013 die weltweit drittgr\u00f6\u00dfte Inlandseisfl\u00e4che. Der Grey-Gletscher schmilzt dort langsam in den Grey-See hinein und produziert fantastische Eisberge in allen Gr\u00fcn- und Blaut\u00f6nen. Der Park ist Heimat f\u00fcr eine Vielzahl von Wildtieren: Guanakos, Nandus und Hunderte von Vogelarten, einschlie\u00dflich des Kondors, leben hier. Um die Sch\u00f6nheit dieses unvergleichlichen Fleckens Erde richtig zu geniessen sollte man mindestens 3 Tage einplanen &#8211; begeisterte Wanderer werden sicherlich 7-10 Tage f\u00fcr die Trekkingtouren zu den Highlights oder die komplette Umwanderung des Torres Massifs ben\u00f6tigen.<\/p>\n<h2>Feuerland<\/h2>\n<p>Feuerland, zu dessen Archipel auch Kap Hoorn geh\u00f6rt, ist die gr\u00f6\u00dfte Insel S\u00fcdamerikas. Argentinien und Chile teilen sich die Insel, die insgesamt ca. 250.000 Menschen beherbergt. Die wichtigsten Orte sind Ushuaia auf der argentinischen und Puerto Williams auf der chilenischer Seite, die sich jahrelang um den Titel \u201es\u00fcdlichste Stadt der Welt\u201c stritten. Ushuaia ist ein beliebter Anlaufpunkt f\u00fcr Kreuzfahrtschiffe. Das Zentrum der Insel ist von lichtem Wald bestanden, w\u00e4hrend in den K\u00fcstenzonen Tundralandschaft mit einigen wenigen Zwegpflanzen vorherrscht. Um die einheimischen Tier-und Planzenarten zu sch\u00fctzen, wurden im S\u00fcden der Hauptinsel die Nationalparks Karukinka (Chile) und Tierra del Fuego (Argentinien) eingerichtet. Touristisch interessant ist vor allem der Beagle-Kanal, an dem auch die beiden St\u00e4dte liegen, denn hier befindet sich die so genannte \u201eGletscherallee\u201c, viele nebeneinander gelegene Gletscher, die von den Bergen flieen und Fjorde in die feuerl\u00e4ndische Landschaft schneiden.<\/p>\n<p>Kap Hoorn, Der s\u00fcdlichste Punkt im Feuerlandarchipel, ist der Inbegriff f\u00fcr das Ende der Welt und seine Umrundung war lange Zeit bei Seefahrern eine der meistgef\u00fcrchteten Routen. Offiziell zum ersten Mal umrundet wurde es 1616 vom niederl\u00e4ndischen Kapit\u00e4n Schouten, der damit eine Alternative zur hart um k\u00e4mpften und ebendalls gef\u00e4hrlichen Megellanstrasse er\u00f6ffnete. F\u00fcr die Segler so gef\u00e4hrlich war diese Landspitze, weil dort Kalte und warme Luftstr\u00f6me und Meeresstr\u00f6mungen aus Pazifik und Atlantik zusammentreffen, was zu h\u00e4ufigen St\u00fcrmen von Orkanst\u00e4rke f\u00fchrt. Heute muss man kein wagemutiger Segler mehr sein und mit Wind, Wetter und Hunger k\u00e4mpfen, um das ber\u00fcchtigte Kap zu sehen: Verschiedene Kreuzfahrtlinien umrunden heute Kap Hoorn und laufen die Isla Hornos auch an.<\/p>","protected":false},"excerpt":{"rendered":"<p>Patagonien ist ein bekannter Name f\u00fcr ein wenig bekanntes Land am s\u00fcdlichen \u201eEnde der Welt\u201c, das seinen ganz eigenen Zauber inne hat. Von den St\u00e4dten des einstigen Woll-Booms bis zu den Gletschern und Gipfeln der Nationalparks entfaltet sich eine der &#8230;<\/p>\n","protected":false},"author":16,"featured_media":0,"parent":13,"menu_order":0,"comment_status":"open","ping_status":"open","template":"","meta":{"slim_seo":{"title":"Patagonien Patagonia - travelArt","description":"Patagonien ist ein bekannter Name f\u00fcr ein wenig bekanntes Land am s\u00fcdlichen \u201eEnde der Welt\u201c, das seinen ganz eigenen Zauber inne hat. Von den St\u00e4dten des einsti"},"footnotes":""},"class_list":["post-30","page","type-page","status-publish","hentry"],"_links":{"self":[{"href":"https:\/\/www.chile-reise.com\/de\/wp-json\/wp\/v2\/pages\/30","targetHints":{"allow":["GET"]}}],"collection":[{"href":"https:\/\/www.chile-reise.com\/de\/wp-json\/wp\/v2\/pages"}],"about":[{"href":"https:\/\/www.chile-reise.com\/de\/wp-json\/wp\/v2\/types\/page"}],"author":[{"embeddable":true,"href":"https:\/\/www.chile-reise.com\/de\/wp-json\/wp\/v2\/users\/16"}],"replies":[{"embeddable":true,"href":"https:\/\/www.chile-reise.com\/de\/wp-json\/wp\/v2\/comments?post=30"}],"version-history":[{"count":0,"href":"https:\/\/www.chile-reise.com\/de\/wp-json\/wp\/v2\/pages\/30\/revisions"}],"up":[{"embeddable":true,"href":"https:\/\/www.chile-reise.com\/de\/wp-json\/wp\/v2\/pages\/13"}],"wp:attachment":[{"href":"https:\/\/www.chile-reise.com\/de\/wp-json\/wp\/v2\/media?parent=30"}],"curies":[{"name":"wp","href":"https:\/\/api.w.org\/{rel}","templated":true}]}}