{"id":298,"date":"2013-07-03T20:58:34","date_gmt":"2013-07-03T18:58:34","guid":{"rendered":"http:\/\/www.chile-reise.com\/wordpress\/?page_id=298"},"modified":"2015-04-10T16:42:14","modified_gmt":"2015-04-10T14:42:14","slug":"boutique-hotel-zero","status":"publish","type":"page","link":"https:\/\/www.chile-reise.com\/de\/hotels\/santiago-zentralchile-und-pazifikkueste\/boutique-hotel-zero\/","title":{"rendered":"Zero Hotel (B)"},"content":{"rendered":"<p>\r\n        <style type='text\/css'>\r\n            #gallery-1 {\r\n                margin: auto;\r\n            }\r\n            #gallery-1 .gallery-item {\r\n                float: left;\r\n                margin-top: 10px;\r\n                text-align: center;\r\n                width: 33%;           }\r\n            #gallery-1 img {\r\n                border: 2px solid #cfcfcf;\r\n            }\r\n            #gallery-1 .gallery-caption {\r\n                margin-left: 0;\r\n            }\r\n        <\/style>\r\n        <!-- see gallery_shortcode() in wp-includes\/media.php -->\r\n        <div id='gallery-1' class=' gallery galleryid-298'><dl class='gallery-item'>\r\n            <dt class='gallery-icon'>\r\n                <a href='https:\/\/www.chile-reise.com\/de\/hotels\/santiago-zentralchile-und-pazifikkueste\/boutique-hotel-zero\/zero-hotel\/'><img loading=\"lazy\" decoding=\"async\" width=\"240\" height=\"140\" src=\"https:\/\/www.chile-reise.com\/wp-content\/uploads\/Zero-Hotel-240x140.jpg\" class=\"attachment-thumbnail size-thumbnail\" alt=\"Zero Hotel\" \/><\/a>\r\n            <\/dt>\r\n                <dd class='gallery-caption'>\r\n                Zero Hotel\r\n                <\/dd><\/dl><dl class='gallery-item'>\r\n            <dt class='gallery-icon'>\r\n                <a href='https:\/\/www.chile-reise.com\/de\/hotels\/santiago-zentralchile-und-pazifikkueste\/boutique-hotel-zero\/zero-double-room-1\/'><img loading=\"lazy\" decoding=\"async\" width=\"240\" height=\"140\" src=\"https:\/\/www.chile-reise.com\/wp-content\/uploads\/Zero-Double-Room-1-240x140.jpg\" class=\"attachment-thumbnail size-thumbnail\" alt=\"Zero Double Room\" \/><\/a>\r\n            <\/dt>\r\n                <dd class='gallery-caption'>\r\n                Zero Double Room 1\r\n                <\/dd><\/dl><dl class='gallery-item'>\r\n            <dt class='gallery-icon'>\r\n                <a href='https:\/\/www.chile-reise.com\/de\/hotels\/santiago-zentralchile-und-pazifikkueste\/boutique-hotel-zero\/zero_restaurant\/'><img loading=\"lazy\" decoding=\"async\" width=\"240\" height=\"140\" src=\"https:\/\/www.chile-reise.com\/wp-content\/uploads\/Zero_Restaurant-240x140.jpg\" class=\"attachment-thumbnail size-thumbnail\" alt=\"Zero Restaurant\" \/><\/a>\r\n            <\/dt>\r\n                <dd class='gallery-caption'>\r\n                Zero Restaurant \r\n                <\/dd><\/dl><br style=\"clear: both\" \/><dl class='gallery-item'>\r\n            <dt class='gallery-icon'>\r\n                <a href='https:\/\/www.chile-reise.com\/de\/hotels\/santiago-zentralchile-und-pazifikkueste\/boutique-hotel-zero\/zero-cave\/'><img loading=\"lazy\" decoding=\"async\" width=\"240\" height=\"140\" src=\"https:\/\/www.chile-reise.com\/wp-content\/uploads\/Zero-Cave-240x140.jpg\" class=\"attachment-thumbnail size-thumbnail\" alt=\"Zero Hotel\" \/><\/a>\r\n            <\/dt>\r\n                <dd class='gallery-caption'>\r\n                Zero Honesty Bar\r\n                <\/dd><\/dl><dl class='gallery-item'>\r\n            <dt class='gallery-icon'>\r\n                <a href='https:\/\/www.chile-reise.com\/de\/hotels\/santiago-zentralchile-und-pazifikkueste\/boutique-hotel-zero\/zero-double-room-2\/'><img loading=\"lazy\" decoding=\"async\" width=\"240\" height=\"140\" src=\"https:\/\/www.chile-reise.com\/wp-content\/uploads\/Zero-Double-Room-2-240x140.jpg\" class=\"attachment-thumbnail size-thumbnail\" alt=\"Zero Double Room\" \/><\/a>\r\n            <\/dt>\r\n                <dd class='gallery-caption'>\r\n                Zero Double Room 2\r\n                <\/dd><\/dl><dl class='gallery-item'>\r\n            <dt class='gallery-icon'>\r\n                <a href='https:\/\/www.chile-reise.com\/de\/hotels\/santiago-zentralchile-und-pazifikkueste\/boutique-hotel-zero\/zero-hotel_tumbonas\/'><img loading=\"lazy\" decoding=\"async\" width=\"240\" height=\"140\" src=\"https:\/\/www.chile-reise.com\/wp-content\/uploads\/Zero-Hotel_tumbonas-240x140.jpg\" class=\"attachment-thumbnail size-thumbnail\" alt=\"Zero Hotel tumbonas\" \/><\/a>\r\n            <\/dt>\r\n                <dd class='gallery-caption'>\r\n                Zero Terrace\r\n                <\/dd><\/dl><br style=\"clear: both\" \/>\r\n            <br style='clear: both;' \/>\r\n        <\/div>\n\n<div class=\"clear\"><\/div><div class=\"divider\"><\/div>\n<p>Das Zero Hotel ist in einem der f\u00fcr Valpara\u00edso typischen, leuchtend bunten H\u00e4user auf dem Cerro Alegre  untergebracht, der zum UNESCO-Weltkulturerbe z\u00e4hlt. 1880 wurde es von nordeurop\u00e4ischen Einwanderern an dieser privilegierten Stelle mit Blick \u00fcber die Bucht erbaut. Der sch\u00f6ne Wintergarten l\u00e4dt ein, diesen Blick schon beim Fr\u00fchst\u00fcck zu genie\u00dfen. Die Zimmer  sind ger\u00e4umig und haben eine Deckenh\u00f6he von bis zu 4,15 Metern, so dass die gro\u00dfen Fenster viel Tageslicht einlassen. Auf einer der  Terrassen gibt es ein Schwimmbecken und einen Whirlpool, wo sich die G\u00e4ste von den Spazierg\u00e4ngen \u00fcber die Treppen Valpara\u00edsos ausruhen k\u00f6nnen. Eine Besonderheit ist die \u00abHonesty Bar\u00bb: Die G\u00e4ste bedienen sich &#8211; wie zu Hause &#8211; einfach selbst am \u00abWohnzimmerschrank\u00bb und schreiben dann ihre Getr\u00e4nke auf.<\/p>\n<p><strong>Zimmer:<\/strong> 9<br \/>\n<strong>Ausstattung:<\/strong> Heizung, Telefon, Haartrockner, Kabel-TV, Cafeteria, Honesty Bar, W\u00e4scheservice, Safe,  vier Terrassen, Schwimmbecken, Wintergarten, Parkpl\u00e4tze<br \/>\n<strong>Internet:<\/strong> Wi-Fi<\/p>","protected":false},"excerpt":{"rendered":"<p>Das Zero Hotel ist in einem der f\u00fcr Valpara\u00edso typischen, leuchtend bunten H\u00e4user auf dem Cerro Alegre untergebracht, der zum UNESCO-Weltkulturerbe z\u00e4hlt. 1880 wurde es von nordeurop\u00e4ischen Einwanderern an dieser privilegierten Stelle mit Blick \u00fcber die Bucht erbaut. Der sch\u00f6ne &#8230;<\/p>\n","protected":false},"author":16,"featured_media":0,"parent":210,"menu_order":0,"comment_status":"open","ping_status":"open","template":"","meta":{"slim_seo":{"title":"Zero Hotel (B) Zero Hotel (B) - travelArt","description":"Zero Hotel Zero Double Room 1 Zero Restaurant Zero Honesty Bar Zero Double Room 2 Zero Terrace Das Zero Hotel ist in einem der f\u00fcr Valpara\u00edso typischen, leuchte"},"footnotes":""},"class_list":["post-298","page","type-page","status-publish","hentry"],"_links":{"self":[{"href":"https:\/\/www.chile-reise.com\/de\/wp-json\/wp\/v2\/pages\/298","targetHints":{"allow":["GET"]}}],"collection":[{"href":"https:\/\/www.chile-reise.com\/de\/wp-json\/wp\/v2\/pages"}],"about":[{"href":"https:\/\/www.chile-reise.com\/de\/wp-json\/wp\/v2\/types\/page"}],"author":[{"embeddable":true,"href":"https:\/\/www.chile-reise.com\/de\/wp-json\/wp\/v2\/users\/16"}],"replies":[{"embeddable":true,"href":"https:\/\/www.chile-reise.com\/de\/wp-json\/wp\/v2\/comments?post=298"}],"version-history":[{"count":0,"href":"https:\/\/www.chile-reise.com\/de\/wp-json\/wp\/v2\/pages\/298\/revisions"}],"up":[{"embeddable":true,"href":"https:\/\/www.chile-reise.com\/de\/wp-json\/wp\/v2\/pages\/210"}],"wp:attachment":[{"href":"https:\/\/www.chile-reise.com\/de\/wp-json\/wp\/v2\/media?parent=298"}],"curies":[{"name":"wp","href":"https:\/\/api.w.org\/{rel}","templated":true}]}}