{"id":296,"date":"2013-07-03T20:56:56","date_gmt":"2013-07-03T18:56:56","guid":{"rendered":"http:\/\/www.chile-reise.com\/wordpress\/?page_id=296"},"modified":"2015-04-10T16:41:50","modified_gmt":"2015-04-10T14:41:50","slug":"boutique-hotel-casadoca","status":"publish","type":"page","link":"https:\/\/www.chile-reise.com\/de\/hotels\/santiago-zentralchile-und-pazifikkueste\/boutique-hotel-casadoca\/","title":{"rendered":"Boutique-Hotel Casadoca (B)"},"content":{"rendered":"<p>\r\n        <style type='text\/css'>\r\n            #gallery-1 {\r\n                margin: auto;\r\n            }\r\n            #gallery-1 .gallery-item {\r\n                float: left;\r\n                margin-top: 10px;\r\n                text-align: center;\r\n                width: 33%;           }\r\n            #gallery-1 img {\r\n                border: 2px solid #cfcfcf;\r\n            }\r\n            #gallery-1 .gallery-caption {\r\n                margin-left: 0;\r\n            }\r\n        <\/style>\r\n        <!-- see gallery_shortcode() in wp-includes\/media.php -->\r\n        <div id='gallery-1' class='gallery-images gallery galleryid-296'><dl class='gallery-item'>\r\n            <dt class='gallery-icon'>\r\n                <a href='https:\/\/www.chile-reise.com\/wp-content\/uploads\/Casadoca.jpg'><img loading=\"lazy\" decoding=\"async\" width=\"240\" height=\"140\" src=\"https:\/\/www.chile-reise.com\/wp-content\/uploads\/Casadoca-240x140.jpg\" class=\"attachment-thumbnail size-thumbnail\" alt=\"Casadoca\" \/><\/a>\r\n            <\/dt>\r\n                <dd class='gallery-caption'>\r\n                Boutique Hotel Casadoca\r\n                <\/dd><\/dl><dl class='gallery-item'>\r\n            <dt class='gallery-icon'>\r\n                <a href='https:\/\/www.chile-reise.com\/wp-content\/uploads\/Casadoca-Room.jpg'><img loading=\"lazy\" decoding=\"async\" width=\"240\" height=\"140\" src=\"https:\/\/www.chile-reise.com\/wp-content\/uploads\/Casadoca-Room-240x140.jpg\" class=\"attachment-thumbnail size-thumbnail\" alt=\"Casadoca Room\" \/><\/a>\r\n            <\/dt>\r\n                <dd class='gallery-caption'>\r\n                Boutique Hotel Casadoca Room\r\n                <\/dd><\/dl><dl class='gallery-item'>\r\n            <dt class='gallery-icon'>\r\n                <a href='https:\/\/www.chile-reise.com\/wp-content\/uploads\/Casadoca-Terrace.jpg'><img loading=\"lazy\" decoding=\"async\" width=\"240\" height=\"140\" src=\"https:\/\/www.chile-reise.com\/wp-content\/uploads\/Casadoca-Terrace-240x140.jpg\" class=\"attachment-thumbnail size-thumbnail\" alt=\"Casadoca Terrace\" \/><\/a>\r\n            <\/dt>\r\n                <dd class='gallery-caption'>\r\n                Boutique Hotel Casadoca Terrace\r\n                <\/dd><\/dl><br style=\"clear: both\" \/>\r\n            <br style='clear: both;' \/>\r\n        <\/div>\n\n<div class=\"clear\"><\/div><div class=\"divider\"><\/div>\n<p>Das Boutique-Hotel Casadoca ist ein kleines, pers\u00f6nlich gef\u00fchrtes Hotel am Strand von Concon \u2013 rund  12 km n\u00f6rdlich von Vi\u00f1a del Mar. Die hochwertig ausgestatteten Zimmer haben teilweise Meerblick oder eine Gartenterrasse. Der gro\u00dfz\u00fcgige Aufenthalts- und  Restaurantbereich besticht durch einen tollen Meerblick. Zwei Kamine tragen zum Wohlf\u00fchlen in dem kleinen Boutique-Hotel bei. F\u00fcr Kunden, die nach einer Chile Rundreise am Pazifikstrand entspannen m\u00f6chten, ist dies ein idealer Ruheort.<\/p>\n<p><strong>Zimmer:<\/strong> 6<br \/>\n<strong>Ausstattung:<\/strong> Heizung, Haartrockner, Safe, TV mit IPod-Anschluss, Restaurant, Bar, Terrasse, Whirlpool, Sauna, Massageservice<br \/>\n<strong>Internet:<\/strong> Wi-Fi<br \/>\n<em>Ausgezeichnet mit \u201eSello S\u201c, dem chilenischen Nachhaltigkeitssiegel.<\/em><\/p>","protected":false},"excerpt":{"rendered":"<p>Das Boutique-Hotel Casadoca ist ein kleines, pers\u00f6nlich gef\u00fchrtes Hotel am Strand von Concon \u2013 rund 12 km n\u00f6rdlich von Vi\u00f1a del Mar. Die hochwertig ausgestatteten Zimmer haben teilweise Meerblick oder eine Gartenterrasse. Der gro\u00dfz\u00fcgige Aufenthalts- und Restaurantbereich besticht durch einen &#8230;<\/p>\n","protected":false},"author":16,"featured_media":0,"parent":210,"menu_order":0,"comment_status":"open","ping_status":"open","template":"","meta":{"slim_seo":{"title":"Boutique-Hotel Casadoca (B) Boutique-Hotel Casadoca (B) - travelArt","description":"Boutique Hotel Casadoca Boutique Hotel Casadoca Room Boutique Hotel Casadoca Terrace Das Boutique-Hotel Casadoca ist ein kleines, pers\u00f6nlich gef\u00fchrtes Hotel am"},"footnotes":""},"class_list":["post-296","page","type-page","status-publish","hentry"],"_links":{"self":[{"href":"https:\/\/www.chile-reise.com\/de\/wp-json\/wp\/v2\/pages\/296","targetHints":{"allow":["GET"]}}],"collection":[{"href":"https:\/\/www.chile-reise.com\/de\/wp-json\/wp\/v2\/pages"}],"about":[{"href":"https:\/\/www.chile-reise.com\/de\/wp-json\/wp\/v2\/types\/page"}],"author":[{"embeddable":true,"href":"https:\/\/www.chile-reise.com\/de\/wp-json\/wp\/v2\/users\/16"}],"replies":[{"embeddable":true,"href":"https:\/\/www.chile-reise.com\/de\/wp-json\/wp\/v2\/comments?post=296"}],"version-history":[{"count":0,"href":"https:\/\/www.chile-reise.com\/de\/wp-json\/wp\/v2\/pages\/296\/revisions"}],"up":[{"embeddable":true,"href":"https:\/\/www.chile-reise.com\/de\/wp-json\/wp\/v2\/pages\/210"}],"wp:attachment":[{"href":"https:\/\/www.chile-reise.com\/de\/wp-json\/wp\/v2\/media?parent=296"}],"curies":[{"name":"wp","href":"https:\/\/api.w.org\/{rel}","templated":true}]}}