{"id":291,"date":"2013-07-03T20:54:18","date_gmt":"2013-07-03T18:54:18","guid":{"rendered":"http:\/\/www.chile-reise.com\/wordpress\/?page_id=291"},"modified":"2013-10-03T23:46:39","modified_gmt":"2013-10-03T21:46:39","slug":"sheraton-miramar","status":"publish","type":"page","link":"https:\/\/www.chile-reise.com\/de\/hotels\/santiago-zentralchile-und-pazifikkueste\/sheraton-miramar\/","title":{"rendered":"Sheraton Miramar *****"},"content":{"rendered":"<p>\r\n        <style type='text\/css'>\r\n            #gallery-1 {\r\n                margin: auto;\r\n            }\r\n            #gallery-1 .gallery-item {\r\n                float: left;\r\n                margin-top: 10px;\r\n                text-align: center;\r\n                width: 50%;           }\r\n            #gallery-1 img {\r\n                border: 2px solid #cfcfcf;\r\n            }\r\n            #gallery-1 .gallery-caption {\r\n                margin-left: 0;\r\n            }\r\n        <\/style>\r\n        <!-- see gallery_shortcode() in wp-includes\/media.php -->\r\n        <div id='gallery-1' class=' gallery galleryid-291'><dl class='gallery-item'>\r\n            <dt class='gallery-icon'>\r\n                <a href='https:\/\/www.chile-reise.com\/de\/hotels\/santiago-zentralchile-und-pazifikkueste\/sheraton-miramar\/sheraton-miramar-2\/'><img loading=\"lazy\" decoding=\"async\" width=\"240\" height=\"140\" src=\"https:\/\/www.chile-reise.com\/wp-content\/uploads\/Sheraton-Miramar-240x140.jpg\" class=\"attachment-thumbnail size-thumbnail\" alt=\"Sheraton Miramar\" \/><\/a>\r\n            <\/dt>\r\n                <dd class='gallery-caption'>\r\n                Sheraton Miramar\r\n                <\/dd><\/dl><dl class='gallery-item'>\r\n            <dt class='gallery-icon'>\r\n                <a href='https:\/\/www.chile-reise.com\/de\/hotels\/santiago-zentralchile-und-pazifikkueste\/sheraton-miramar\/sheraton-miramar-room\/'><img loading=\"lazy\" decoding=\"async\" width=\"240\" height=\"140\" src=\"https:\/\/www.chile-reise.com\/wp-content\/uploads\/Sheraton-Miramar-Room-240x140.jpg\" class=\"attachment-thumbnail size-thumbnail\" alt=\"Sheraton Miramar Room\" \/><\/a>\r\n            <\/dt>\r\n                <dd class='gallery-caption'>\r\n                Sheraton Miramar Room\r\n                <\/dd><\/dl><br style=\"clear: both\" \/><dl class='gallery-item'>\r\n            <dt class='gallery-icon'>\r\n                <a href='https:\/\/www.chile-reise.com\/de\/hotels\/santiago-zentralchile-und-pazifikkueste\/sheraton-miramar\/sheraton-miramar-pool\/'><img loading=\"lazy\" decoding=\"async\" width=\"240\" height=\"140\" src=\"https:\/\/www.chile-reise.com\/wp-content\/uploads\/Sheraton-Miramar-Pool-240x140.jpg\" class=\"attachment-thumbnail size-thumbnail\" alt=\"Sheraton Miramar Pool\" \/><\/a>\r\n            <\/dt>\r\n                <dd class='gallery-caption'>\r\n                Sheraton Miramar Pool\r\n                <\/dd><\/dl><dl class='gallery-item'>\r\n            <dt class='gallery-icon'>\r\n                <a href='https:\/\/www.chile-reise.com\/de\/hotels\/santiago-zentralchile-und-pazifikkueste\/sheraton-miramar\/sheraton-miramar-terrace\/'><img loading=\"lazy\" decoding=\"async\" width=\"240\" height=\"140\" src=\"https:\/\/www.chile-reise.com\/wp-content\/uploads\/Sheraton-Miramar-Terrace-240x140.jpg\" class=\"attachment-thumbnail size-thumbnail\" alt=\"Sheraton Miramar Terrace\" \/><\/a>\r\n            <\/dt>\r\n                <dd class='gallery-caption'>\r\n                Sheraton Miramar Terrace\r\n                <\/dd><\/dl><br style=\"clear: both\" \/>\r\n            <br style='clear: both;' \/>\r\n        <\/div>\n\n<div class=\"clear\"><\/div><div class=\"divider\"><\/div>\n<p>Die elegante Glasfassade des Hotels Sheraton Miramar erhebt sich auf einem Felsen \u00fcber dem Strand, nahe dem Casino, der Blumenuhr und dem Pr\u00e4sidentenpalast von Vi\u00f1a del Mar. Wo immer man sich auch in dem gro\u00dfz\u00fcgig angelegten Hotel befindet, die Aussicht ist wunderbar, sei es im Gourmet-Restaurant mit Glasfront, im gro\u00dfen Fitnesscenter oder im Au\u00dfenpool, der auf einer k\u00fcnstlichen Landspitze ins Meer hineinragt. Die ger\u00e4umigen Zimmer sind elegant eingerichtet, mit allem Komfort ausgestattet und haben alle einen Balkon mit Meerblick.<\/p>\n<p><strong>Zimmer:<\/strong> 142<br \/>\n<strong>Ausstattung:<\/strong> Heizung, Telefon, Haartrockner, Safe, Kabel-TV, Klimaanlage, Minibar, Balkon, Kinderwiege auf Anfrage, Restaurant, Bar, Cafeteria, Hallenbad, Au\u00dfenschwimmbecken, Spa, Whirlpool,  Fris\u00f6rsalon, Veranstaltungsr\u00e4ume, Terrasse, Schuhputzservice,  W\u00e4scheservice, Parkpl\u00e4tze<br \/>\nZwei behindertengerechte Zimmer.<br \/>\n<strong>Internet:<\/strong> Wi-Fi <\/p>","protected":false},"excerpt":{"rendered":"<p>Die elegante Glasfassade des Hotels Sheraton Miramar erhebt sich auf einem Felsen \u00fcber dem Strand, nahe dem Casino, der Blumenuhr und dem Pr\u00e4sidentenpalast von Vi\u00f1a del Mar. Wo immer man sich auch in dem gro\u00dfz\u00fcgig angelegten Hotel befindet, die Aussicht &#8230;<\/p>\n","protected":false},"author":16,"featured_media":0,"parent":210,"menu_order":0,"comment_status":"open","ping_status":"open","template":"","meta":{"slim_seo":{"title":"Sheraton Miramar ***** Sheraton Miramar ***** - travelArt","description":"Sheraton Miramar Sheraton Miramar Room Sheraton Miramar Pool Sheraton Miramar Terrace Die elegante Glasfassade des Hotels Sheraton Miramar erhebt sich auf einem"},"footnotes":""},"class_list":["post-291","page","type-page","status-publish","hentry"],"_links":{"self":[{"href":"https:\/\/www.chile-reise.com\/de\/wp-json\/wp\/v2\/pages\/291","targetHints":{"allow":["GET"]}}],"collection":[{"href":"https:\/\/www.chile-reise.com\/de\/wp-json\/wp\/v2\/pages"}],"about":[{"href":"https:\/\/www.chile-reise.com\/de\/wp-json\/wp\/v2\/types\/page"}],"author":[{"embeddable":true,"href":"https:\/\/www.chile-reise.com\/de\/wp-json\/wp\/v2\/users\/16"}],"replies":[{"embeddable":true,"href":"https:\/\/www.chile-reise.com\/de\/wp-json\/wp\/v2\/comments?post=291"}],"version-history":[{"count":0,"href":"https:\/\/www.chile-reise.com\/de\/wp-json\/wp\/v2\/pages\/291\/revisions"}],"up":[{"embeddable":true,"href":"https:\/\/www.chile-reise.com\/de\/wp-json\/wp\/v2\/pages\/210"}],"wp:attachment":[{"href":"https:\/\/www.chile-reise.com\/de\/wp-json\/wp\/v2\/media?parent=291"}],"curies":[{"name":"wp","href":"https:\/\/api.w.org\/{rel}","templated":true}]}}