{"id":288,"date":"2013-07-03T20:53:00","date_gmt":"2013-07-03T18:53:00","guid":{"rendered":"http:\/\/www.chile-reise.com\/wordpress\/?page_id=288"},"modified":"2014-02-28T20:29:46","modified_gmt":"2014-02-28T18:29:46","slug":"hotel-del-mar","status":"publish","type":"page","link":"https:\/\/www.chile-reise.com\/de\/hotels\/santiago-zentralchile-und-pazifikkueste\/hotel-del-mar\/","title":{"rendered":"Hotel del Mar *****"},"content":{"rendered":"<p>\r\n        <style type='text\/css'>\r\n            #gallery-1 {\r\n                margin: auto;\r\n            }\r\n            #gallery-1 .gallery-item {\r\n                float: left;\r\n                margin-top: 10px;\r\n                text-align: center;\r\n                width: 33%;           }\r\n            #gallery-1 img {\r\n                border: 2px solid #cfcfcf;\r\n            }\r\n            #gallery-1 .gallery-caption {\r\n                margin-left: 0;\r\n            }\r\n        <\/style>\r\n        <!-- see gallery_shortcode() in wp-includes\/media.php -->\r\n        <div id='gallery-1' class='gallery-images gallery galleryid-288'><dl class='gallery-item'>\r\n            <dt class='gallery-icon'>\r\n                <a href='https:\/\/www.chile-reise.com\/wp-content\/uploads\/Hotel-del-Mar-fachada_klein.jpg'><img loading=\"lazy\" decoding=\"async\" width=\"240\" height=\"140\" src=\"https:\/\/www.chile-reise.com\/wp-content\/uploads\/Hotel-del-Mar-fachada_klein-240x140.jpg\" class=\"attachment-thumbnail size-thumbnail\" alt=\"Hotel del Mar fachada klein\" \/><\/a>\r\n            <\/dt>\r\n                <dd class='gallery-caption'>\r\n                Hotel del Mar\r\n                <\/dd><\/dl><dl class='gallery-item'>\r\n            <dt class='gallery-icon'>\r\n                <a href='https:\/\/www.chile-reise.com\/wp-content\/uploads\/Hotel-del-Mar-habitacion_sehr-klein.jpg'><img loading=\"lazy\" decoding=\"async\" width=\"240\" height=\"140\" src=\"https:\/\/www.chile-reise.com\/wp-content\/uploads\/Hotel-del-Mar-habitacion_sehr-klein-240x140.jpg\" class=\"attachment-thumbnail size-thumbnail\" alt=\"Hotel del Mar habitacion sehr klein\" \/><\/a>\r\n            <\/dt>\r\n                <dd class='gallery-caption'>\r\n                Hotel del Mar Room\r\n                <\/dd><\/dl>\r\n            <br style='clear: both;' \/>\r\n        <\/div>\n<div class=\"clear\"><\/div><div class=\"divider\"><\/div>\n<p>Das exklusive Hotel del Mar geh\u00f6rt zum Casino von Vi\u00f1a del Mar und befindet sich in demselben eleganten, bl\u00fctenwei\u00dfen Geb\u00e4udekomplex, umgeben von einem sch\u00f6nen Garten direkt am Meer. Alle Zimmer und Suiten  haben Balkon oder Terrasse und die meisten bieten auch einen gro\u00dfartigen Blick auf das Meer. Entspannung und Unterhaltung versprechen der Spa-Bereich des Hotels und das Restaurant mit Livemusik.<\/p>\n<p><strong>Zimmer:<\/strong> 60<br \/>\n<strong>Ausstattung:<\/strong> Heizung, Telefon, Haartrockner, Safe, Kabel-TV, Klimaanlage, Minibar, Restaurant, Cafeteria, Kinderbetreuung, Terrasse, Schwimmbecken, Whirlpool, Sauna, Massageraum, Schuhputzservice, W\u00e4scheservice, Parkpl\u00e4tze<br \/>\n<strong>Internet:<\/strong> Wi-Fi<\/p>","protected":false},"excerpt":{"rendered":"<p>Das exklusive Hotel del Mar geh\u00f6rt zum Casino von Vi\u00f1a del Mar und befindet sich in demselben eleganten, bl\u00fctenwei\u00dfen Geb\u00e4udekomplex, umgeben von einem sch\u00f6nen Garten direkt am Meer. Alle Zimmer und Suiten haben Balkon oder Terrasse und die meisten bieten &#8230;<\/p>\n","protected":false},"author":16,"featured_media":0,"parent":210,"menu_order":0,"comment_status":"open","ping_status":"open","template":"","meta":{"slim_seo":{"title":"Hotel del Mar ***** Hotel del Mar ***** - travelArt","description":"Hotel del Mar Hotel del Mar Room Das exklusive Hotel del Mar geh\u00f6rt zum Casino von Vi\u00f1a del Mar und befindet sich in demselben eleganten, bl\u00fctenwei\u00dfen Geb\u00e4udeko"},"footnotes":""},"class_list":["post-288","page","type-page","status-publish","hentry"],"_links":{"self":[{"href":"https:\/\/www.chile-reise.com\/de\/wp-json\/wp\/v2\/pages\/288","targetHints":{"allow":["GET"]}}],"collection":[{"href":"https:\/\/www.chile-reise.com\/de\/wp-json\/wp\/v2\/pages"}],"about":[{"href":"https:\/\/www.chile-reise.com\/de\/wp-json\/wp\/v2\/types\/page"}],"author":[{"embeddable":true,"href":"https:\/\/www.chile-reise.com\/de\/wp-json\/wp\/v2\/users\/16"}],"replies":[{"embeddable":true,"href":"https:\/\/www.chile-reise.com\/de\/wp-json\/wp\/v2\/comments?post=288"}],"version-history":[{"count":0,"href":"https:\/\/www.chile-reise.com\/de\/wp-json\/wp\/v2\/pages\/288\/revisions"}],"up":[{"embeddable":true,"href":"https:\/\/www.chile-reise.com\/de\/wp-json\/wp\/v2\/pages\/210"}],"wp:attachment":[{"href":"https:\/\/www.chile-reise.com\/de\/wp-json\/wp\/v2\/media?parent=288"}],"curies":[{"name":"wp","href":"https:\/\/api.w.org\/{rel}","templated":true}]}}