{"id":286,"date":"2013-07-03T20:51:01","date_gmt":"2013-07-03T18:51:01","guid":{"rendered":"http:\/\/www.chile-reise.com\/wordpress\/?page_id=286"},"modified":"2015-04-09T22:04:38","modified_gmt":"2015-04-09T20:04:38","slug":"elqui-domos","status":"publish","type":"page","link":"https:\/\/www.chile-reise.com\/de\/hotels\/kleiner-norden\/elqui-domos\/","title":{"rendered":"Elqui Domos **"},"content":{"rendered":"<p>\r\n        <style type='text\/css'>\r\n            #gallery-1 {\r\n                margin: auto;\r\n            }\r\n            #gallery-1 .gallery-item {\r\n                float: left;\r\n                margin-top: 10px;\r\n                text-align: center;\r\n                width: 33%;           }\r\n            #gallery-1 img {\r\n                border: 2px solid #cfcfcf;\r\n            }\r\n            #gallery-1 .gallery-caption {\r\n                margin-left: 0;\r\n            }\r\n        <\/style>\r\n        <!-- see gallery_shortcode() in wp-includes\/media.php -->\r\n        <div id='gallery-1' class='gallery-images gallery galleryid-286'><dl class='gallery-item'>\r\n            <dt class='gallery-icon'>\r\n                <a href='https:\/\/www.chile-reise.com\/wp-content\/uploads\/Elqui-Domos.jpg'><img loading=\"lazy\" decoding=\"async\" width=\"240\" height=\"140\" src=\"https:\/\/www.chile-reise.com\/wp-content\/uploads\/Elqui-Domos-240x140.jpg\" class=\"attachment-thumbnail size-thumbnail\" alt=\"Elqui Domos\" \/><\/a>\r\n            <\/dt>\r\n                <dd class='gallery-caption'>\r\n                Elqui Domos Domo Tent\r\n                <\/dd><\/dl><dl class='gallery-item'>\r\n            <dt class='gallery-icon'>\r\n                <a href='https:\/\/www.chile-reise.com\/wp-content\/uploads\/Elqui-Domos-Hab.jpg'><img loading=\"lazy\" decoding=\"async\" width=\"240\" height=\"140\" src=\"https:\/\/www.chile-reise.com\/wp-content\/uploads\/Elqui-Domos-Hab-240x140.jpg\" class=\"attachment-thumbnail size-thumbnail\" alt=\"Elqui Domos Hab\" \/><\/a>\r\n            <\/dt>\r\n                <dd class='gallery-caption'>\r\n                Domo Tent Interior\r\n                <\/dd><\/dl><dl class='gallery-item'>\r\n            <dt class='gallery-icon'>\r\n                <a href='https:\/\/www.chile-reise.com\/wp-content\/uploads\/Elqui-Donis-cama.jpg'><img loading=\"lazy\" decoding=\"async\" width=\"240\" height=\"140\" src=\"https:\/\/www.chile-reise.com\/wp-content\/uploads\/Elqui-Donis-cama-240x140.jpg\" class=\"attachment-thumbnail size-thumbnail\" alt=\"Elqui Donis cama\" \/><\/a>\r\n            <\/dt>\r\n                <dd class='gallery-caption'>\r\n                Domo Tent Bed\r\n                <\/dd><\/dl><br style=\"clear: both\" \/><dl class='gallery-item'>\r\n            <dt class='gallery-icon'>\r\n                <a href='https:\/\/www.chile-reise.com\/wp-content\/uploads\/Elqui-Domos-Piscina.jpg'><img loading=\"lazy\" decoding=\"async\" width=\"240\" height=\"140\" src=\"https:\/\/www.chile-reise.com\/wp-content\/uploads\/Elqui-Domos-Piscina-240x140.jpg\" class=\"attachment-thumbnail size-thumbnail\" alt=\"Elqui Domos Piscina\" \/><\/a>\r\n            <\/dt>\r\n                <dd class='gallery-caption'>\r\n                Elqui Domos Pool\r\n                <\/dd><\/dl><dl class='gallery-item'>\r\n            <dt class='gallery-icon'>\r\n                <a href='https:\/\/www.chile-reise.com\/wp-content\/uploads\/Elqui-DOmos-hab-observatorium.jpg'><img loading=\"lazy\" decoding=\"async\" width=\"240\" height=\"140\" src=\"https:\/\/www.chile-reise.com\/wp-content\/uploads\/Elqui-DOmos-hab-observatorium-240x140.jpg\" class=\"attachment-thumbnail size-thumbnail\" alt=\"Elqui DOmos hab observatorium\" \/><\/a>\r\n            <\/dt>\r\n                <dd class='gallery-caption'>\r\n                Elqui Domos Cabins\r\n                <\/dd><\/dl>\r\n            <br style='clear: both;' \/>\r\n        <\/div>\n\n<div class=\"clear\"><\/div><div class=\"divider\"><\/div>\n<p>Elqui Domos befindet sich 110 km von La Serena entfernt mitten im Elquital. Die Unterk\u00fcnfte bestehen aus kuppelf\u00f6rmigen Domo-Zelten, die innen zweist\u00f6ckig aufgebaut sind: im ersten Stock befindet sich ein Wohnzimmer und ein Bad und im zweiten Stock das Bett sowie ein abnehmbares Dach, das eine fantastische Sicht auf den Sternenhimmel freigibt. Zus\u00e4tzlich verf\u00fcgt jede Unterkunft \u00fcber eine gro\u00dfe Terrasse. Kabinen mit beeindruckender Sicht durch die Glasdecke stehen ebenfalls zur Verf\u00fcgung. Das Hotel hat sich auf Astronomie und Himmelbeobachtungen spezialisiert und bietet verschiedene Astronomietouren sowie n\u00e4chtliche Ausritte an.<\/p>\n<p><strong>Rooms:<\/strong> 10<br \/>\n<strong>Facilities:<\/strong> Minibar, Teeservice, privates Badezimmer, Restaurant, Cafeteria, Fahrrad- und  Autoverleih<br \/>\n<strong>Internet:<\/strong> Wi-Fi<\/p>","protected":false},"excerpt":{"rendered":"<p>Elqui Domos befindet sich 110 km von La Serena entfernt mitten im Elquital. Die Unterk\u00fcnfte bestehen aus kuppelf\u00f6rmigen Domo-Zelten, die innen zweist\u00f6ckig aufgebaut sind: im ersten Stock befindet sich ein Wohnzimmer und ein Bad und im zweiten Stock das Bett &#8230;<\/p>\n","protected":false},"author":16,"featured_media":0,"parent":207,"menu_order":0,"comment_status":"open","ping_status":"open","template":"","meta":{"slim_seo":{"title":"Elqui Domos ** Elqui Domos ** - travelArt","description":"Elqui Domos Domo Tent Domo Tent Interior Domo Tent Bed Elqui Domos Pool Elqui Domos Cabins Elqui Domos befindet sich 110 km von La Serena entfernt mitten im Elq"},"footnotes":""},"class_list":["post-286","page","type-page","status-publish","hentry"],"_links":{"self":[{"href":"https:\/\/www.chile-reise.com\/de\/wp-json\/wp\/v2\/pages\/286","targetHints":{"allow":["GET"]}}],"collection":[{"href":"https:\/\/www.chile-reise.com\/de\/wp-json\/wp\/v2\/pages"}],"about":[{"href":"https:\/\/www.chile-reise.com\/de\/wp-json\/wp\/v2\/types\/page"}],"author":[{"embeddable":true,"href":"https:\/\/www.chile-reise.com\/de\/wp-json\/wp\/v2\/users\/16"}],"replies":[{"embeddable":true,"href":"https:\/\/www.chile-reise.com\/de\/wp-json\/wp\/v2\/comments?post=286"}],"version-history":[{"count":0,"href":"https:\/\/www.chile-reise.com\/de\/wp-json\/wp\/v2\/pages\/286\/revisions"}],"up":[{"embeddable":true,"href":"https:\/\/www.chile-reise.com\/de\/wp-json\/wp\/v2\/pages\/207"}],"wp:attachment":[{"href":"https:\/\/www.chile-reise.com\/de\/wp-json\/wp\/v2\/media?parent=286"}],"curies":[{"name":"wp","href":"https:\/\/api.w.org\/{rel}","templated":true}]}}