{"id":277,"date":"2013-07-03T20:44:04","date_gmt":"2013-07-03T18:44:04","guid":{"rendered":"http:\/\/www.chile-reise.com\/wordpress\/?page_id=277"},"modified":"2015-04-09T22:36:41","modified_gmt":"2015-04-09T20:36:41","slug":"atacama-adventure-lodge","status":"publish","type":"page","link":"https:\/\/www.chile-reise.com\/de\/hotels\/atacamawueste\/atacama-adventure-lodge\/","title":{"rendered":"Atacamadventure Wellness &#038; Ecolodge ***"},"content":{"rendered":"<p>\r\n        <style type='text\/css'>\r\n            #gallery-1 {\r\n                margin: auto;\r\n            }\r\n            #gallery-1 .gallery-item {\r\n                float: left;\r\n                margin-top: 10px;\r\n                text-align: center;\r\n                width: 33%;           }\r\n            #gallery-1 img {\r\n                border: 2px solid #cfcfcf;\r\n            }\r\n            #gallery-1 .gallery-caption {\r\n                margin-left: 0;\r\n            }\r\n        <\/style>\r\n        <!-- see gallery_shortcode() in wp-includes\/media.php -->\r\n        <div id='gallery-1' class='gallery-images gallery galleryid-277'><dl class='gallery-item'>\r\n            <dt class='gallery-icon'>\r\n                <a href='https:\/\/www.chile-reise.com\/wp-content\/uploads\/Atacamadventure.jpg'><img loading=\"lazy\" decoding=\"async\" width=\"240\" height=\"140\" src=\"https:\/\/www.chile-reise.com\/wp-content\/uploads\/Atacamadventure-240x140.jpg\" class=\"attachment-thumbnail size-thumbnail\" alt=\"Atacamadventure\" \/><\/a>\r\n            <\/dt>\r\n                <dd class='gallery-caption'>\r\n                Atacamadventure\r\n                <\/dd><\/dl><dl class='gallery-item'>\r\n            <dt class='gallery-icon'>\r\n                <a href='https:\/\/www.chile-reise.com\/wp-content\/uploads\/Atacamadventure-Room.jpg'><img loading=\"lazy\" decoding=\"async\" width=\"240\" height=\"140\" src=\"https:\/\/www.chile-reise.com\/wp-content\/uploads\/Atacamadventure-Room-240x140.jpg\" class=\"attachment-thumbnail size-thumbnail\" alt=\"Atacamadventure Room\" \/><\/a>\r\n            <\/dt>\r\n                <dd class='gallery-caption'>\r\n                Atacamadventure Room\r\n                <\/dd><\/dl><dl class='gallery-item'>\r\n            <dt class='gallery-icon'>\r\n                <a href='https:\/\/www.chile-reise.com\/wp-content\/uploads\/Atacamadventure-Bathroom.jpg'><img loading=\"lazy\" decoding=\"async\" width=\"240\" height=\"140\" src=\"https:\/\/www.chile-reise.com\/wp-content\/uploads\/Atacamadventure-Bathroom-240x140.jpg\" class=\"attachment-thumbnail size-thumbnail\" alt=\"KONICA MINOLTA DIGITAL CAMERA\" \/><\/a>\r\n            <\/dt>\r\n                <dd class='gallery-caption'>\r\n                Atacamadventure Bathroom\r\n                <\/dd><\/dl><br style=\"clear: both\" \/><dl class='gallery-item'>\r\n            <dt class='gallery-icon'>\r\n                <a href='https:\/\/www.chile-reise.com\/wp-content\/uploads\/Atacamadventure-Kitchen.jpg'><img loading=\"lazy\" decoding=\"async\" width=\"240\" height=\"140\" src=\"https:\/\/www.chile-reise.com\/wp-content\/uploads\/Atacamadventure-Kitchen-240x140.jpg\" class=\"attachment-thumbnail size-thumbnail\" alt=\"KONICA MINOLTA DIGITAL CAMERA\" \/><\/a>\r\n            <\/dt>\r\n                <dd class='gallery-caption'>\r\n                Atacamadventure Kitchen\r\n                <\/dd><\/dl><dl class='gallery-item'>\r\n            <dt class='gallery-icon'>\r\n                <a href='https:\/\/www.chile-reise.com\/wp-content\/uploads\/Atacamadventure-Living.jpg'><img loading=\"lazy\" decoding=\"async\" width=\"240\" height=\"140\" src=\"https:\/\/www.chile-reise.com\/wp-content\/uploads\/Atacamadventure-Living-240x140.jpg\" class=\"attachment-thumbnail size-thumbnail\" alt=\"KONICA MINOLTA DIGITAL CAMERA\" \/><\/a>\r\n            <\/dt>\r\n                <dd class='gallery-caption'>\r\n                Atacamadventure Living Room\r\n                <\/dd><\/dl><dl class='gallery-item'>\r\n            <dt class='gallery-icon'>\r\n                <a href='https:\/\/www.chile-reise.com\/wp-content\/uploads\/Atacamadventure-Terrace.jpg'><img loading=\"lazy\" decoding=\"async\" width=\"240\" height=\"140\" src=\"https:\/\/www.chile-reise.com\/wp-content\/uploads\/Atacamadventure-Terrace-240x140.jpg\" class=\"attachment-thumbnail size-thumbnail\" alt=\"Atacamadventure\" \/><\/a>\r\n            <\/dt>\r\n                <dd class='gallery-caption'>\r\n                Atacamadventure Terrace\r\n                <\/dd><\/dl><br style=\"clear: both\" \/>\r\n            <br style='clear: both;' \/>\r\n        <\/div>\n\n<div class=\"clear\"><\/div><div class=\"divider\"><\/div>\n<p>Die Atacama Adventure Lodge bietet personalisierten Service und Flexibilit\u00e4t in Verbindung abseits der Touristenstr\u00f6me, 1,5 km au\u00dferhalb von San Pedro. Die Lodge verf\u00fcgt \u00fcber geschmackvoll eingerichtete Zimmer mit Whirlpool oder Massagedusche. Im Hauptteil des Hotels befindet sich ein gem\u00fctlicher Wohnbereich mit voll ausgestatteter K\u00fcche. Ganz nach Belieben k\u00f6nnen sich die G\u00e4ste dort selbst Essen zubereiten oder sich von einem Koch verw\u00f6hnen lassen. Hier haben die G\u00e4ste nicht nur Ruhe und Erholung, sondern auch einen atemberaubenden Blick auf die Vulkane und die Andenkette. Abgerundet wird das Ganze von einem breiten Wellnessangebot.<\/p>\n<p><strong>Zimmer:<\/strong> 5<br \/>\n<strong>Ausstattung:<\/strong> Sat-TV, Haartrockner, Safe, Whirlpool oder Massagedusche, K\u00fcche mit Kochservice auf Wunsch, Sonnenterrasse, Garten, Massageservice, W\u00e4scheservice, Parkpl\u00e4tze<br \/>\n<strong>Aktivit\u00e4ten:<\/strong>All-inclusive-Pakete mit Transfer und Exkursionen; alle Exkursionen mit individueller Planung.<br \/>\n<strong>Internet:<\/strong>Wi-Fi<\/p>","protected":false},"excerpt":{"rendered":"<p>Die Atacama Adventure Lodge bietet personalisierten Service und Flexibilit\u00e4t in Verbindung abseits der Touristenstr\u00f6me, 1,5 km au\u00dferhalb von San Pedro. Die Lodge verf\u00fcgt \u00fcber geschmackvoll eingerichtete Zimmer mit Whirlpool oder Massagedusche. Im Hauptteil des Hotels befindet sich ein gem\u00fctlicher Wohnbereich &#8230;<\/p>\n","protected":false},"author":16,"featured_media":0,"parent":202,"menu_order":0,"comment_status":"open","ping_status":"open","template":"","meta":{"slim_seo":{"title":"Atacamadventure Wellness & Ecolodge *** Atacamadventure Wellness & Ecolodge *** - travelArt","description":"Atacamadventure Atacamadventure Room Atacamadventure Bathroom Atacamadventure Kitchen Atacamadventure Living Room Atacamadventure Terrace Die Atacama Adventure"},"footnotes":""},"class_list":["post-277","page","type-page","status-publish","hentry"],"_links":{"self":[{"href":"https:\/\/www.chile-reise.com\/de\/wp-json\/wp\/v2\/pages\/277","targetHints":{"allow":["GET"]}}],"collection":[{"href":"https:\/\/www.chile-reise.com\/de\/wp-json\/wp\/v2\/pages"}],"about":[{"href":"https:\/\/www.chile-reise.com\/de\/wp-json\/wp\/v2\/types\/page"}],"author":[{"embeddable":true,"href":"https:\/\/www.chile-reise.com\/de\/wp-json\/wp\/v2\/users\/16"}],"replies":[{"embeddable":true,"href":"https:\/\/www.chile-reise.com\/de\/wp-json\/wp\/v2\/comments?post=277"}],"version-history":[{"count":0,"href":"https:\/\/www.chile-reise.com\/de\/wp-json\/wp\/v2\/pages\/277\/revisions"}],"up":[{"embeddable":true,"href":"https:\/\/www.chile-reise.com\/de\/wp-json\/wp\/v2\/pages\/202"}],"wp:attachment":[{"href":"https:\/\/www.chile-reise.com\/de\/wp-json\/wp\/v2\/media?parent=277"}],"curies":[{"name":"wp","href":"https:\/\/api.w.org\/{rel}","templated":true}]}}