{"id":275,"date":"2013-07-03T20:42:51","date_gmt":"2013-07-03T18:42:51","guid":{"rendered":"http:\/\/www.chile-reise.com\/wordpress\/?page_id=275"},"modified":"2013-10-02T18:36:15","modified_gmt":"2013-10-02T16:36:15","slug":"hotel-terrantai","status":"publish","type":"page","link":"https:\/\/www.chile-reise.com\/de\/hotels\/atacamawueste\/hotel-terrantai\/","title":{"rendered":"Lodge Terrantai ****"},"content":{"rendered":"<p>\r\n        <style type='text\/css'>\r\n            #gallery-1 {\r\n                margin: auto;\r\n            }\r\n            #gallery-1 .gallery-item {\r\n                float: left;\r\n                margin-top: 10px;\r\n                text-align: center;\r\n                width: 33%;           }\r\n            #gallery-1 img {\r\n                border: 2px solid #cfcfcf;\r\n            }\r\n            #gallery-1 .gallery-caption {\r\n                margin-left: 0;\r\n            }\r\n        <\/style>\r\n        <!-- see gallery_shortcode() in wp-includes\/media.php -->\r\n        <div id='gallery-1' class='gallery-images gallery galleryid-275'><dl class='gallery-item'>\r\n            <dt class='gallery-icon'>\r\n                <a href='https:\/\/www.chile-reise.com\/wp-content\/uploads\/Terrantai-1.jpg'><img loading=\"lazy\" decoding=\"async\" width=\"240\" height=\"140\" src=\"https:\/\/www.chile-reise.com\/wp-content\/uploads\/Terrantai-1-240x140.jpg\" class=\"attachment-thumbnail size-thumbnail\" alt=\"Terrantai\" \/><\/a>\r\n            <\/dt>\r\n                <dd class='gallery-caption'>\r\n                Terrantai Frontage\r\n                <\/dd><\/dl><dl class='gallery-item'>\r\n            <dt class='gallery-icon'>\r\n                <a href='https:\/\/www.chile-reise.com\/wp-content\/uploads\/Terrantai-2.jpg'><img loading=\"lazy\" decoding=\"async\" width=\"240\" height=\"140\" src=\"https:\/\/www.chile-reise.com\/wp-content\/uploads\/Terrantai-2-240x140.jpg\" class=\"attachment-thumbnail size-thumbnail\" alt=\"Terrantai\" \/><\/a>\r\n            <\/dt>\r\n                <dd class='gallery-caption'>\r\n                Terrantai Room 1\r\n                <\/dd><\/dl><dl class='gallery-item'>\r\n            <dt class='gallery-icon'>\r\n                <a href='https:\/\/www.chile-reise.com\/wp-content\/uploads\/Terrantai-3.jpg'><img loading=\"lazy\" decoding=\"async\" width=\"240\" height=\"140\" src=\"https:\/\/www.chile-reise.com\/wp-content\/uploads\/Terrantai-3-240x140.jpg\" class=\"attachment-thumbnail size-thumbnail\" alt=\"Terrantai\" \/><\/a>\r\n            <\/dt>\r\n                <dd class='gallery-caption'>\r\n                Terrantai Room 2\r\n                <\/dd><\/dl><br style=\"clear: both\" \/><dl class='gallery-item'>\r\n            <dt class='gallery-icon'>\r\n                <a href='https:\/\/www.chile-reise.com\/wp-content\/uploads\/Terrantai-4.jpg'><img loading=\"lazy\" decoding=\"async\" width=\"240\" height=\"140\" src=\"https:\/\/www.chile-reise.com\/wp-content\/uploads\/Terrantai-4-240x140.jpg\" class=\"attachment-thumbnail size-thumbnail\" alt=\"Terrantai\" \/><\/a>\r\n            <\/dt>\r\n                <dd class='gallery-caption'>\r\n                Terrantai Pool\r\n                <\/dd><\/dl><dl class='gallery-item'>\r\n            <dt class='gallery-icon'>\r\n                <a href='https:\/\/www.chile-reise.com\/wp-content\/uploads\/Terrantai-6.jpg'><img loading=\"lazy\" decoding=\"async\" width=\"240\" height=\"140\" src=\"https:\/\/www.chile-reise.com\/wp-content\/uploads\/Terrantai-6-240x140.jpg\" class=\"attachment-thumbnail size-thumbnail\" alt=\"Terrantai\" \/><\/a>\r\n            <\/dt>\r\n                <dd class='gallery-caption'>\r\n                Terrantai Pathway\r\n                <\/dd><\/dl><dl class='gallery-item'>\r\n            <dt class='gallery-icon'>\r\n                <a href='https:\/\/www.chile-reise.com\/wp-content\/uploads\/Terrantai-5.jpg'><img loading=\"lazy\" decoding=\"async\" width=\"240\" height=\"140\" src=\"https:\/\/www.chile-reise.com\/wp-content\/uploads\/Terrantai-5-240x140.jpg\" class=\"attachment-thumbnail size-thumbnail\" alt=\"Terrantai\" \/><\/a>\r\n            <\/dt>\r\n                <dd class='gallery-caption'>\r\n                Terrantai Fireplace\r\n                <\/dd><\/dl><br style=\"clear: both\" \/>\r\n            <br style='clear: both;' \/>\r\n        <\/div>\n\n<div class=\"clear\"><\/div><div class=\"divider\"><\/div>\n<p>Die Lodge Terrantai liegt im Herzen San Pedros, neben der Kirche und dem Hauptplatz mit dem Handwerksmarkt und auch nah an der Hauptstra\u00dfe. Das Haus ist freundlich und farbenfroh eingerichtet und verstrahlt eine warme Atmosph\u00e4re, ebenso wie das Restaurant mit guter andiner und internationaler K\u00fcche. Zwischen den mit traditionellenTechniken aus lokalen Materialien errichteten Geb\u00e4uden f\u00fchren steinerne Pfade \u00fcber Terrassen und Patios.<\/p>\n<p><strong>Zimmer:<\/strong> 21<br \/>\n<strong>Ausstattung:<\/strong> Zentralheizung, Telefon, Haartrockner, Safe, Restaurant, Cafeteria, Terrassen,  Schwimmbecken, Whirlpool, Lesesaal, W\u00e4scheservice, Parkpl\u00e4tze<br \/>\n<strong>Internet:<\/strong> Wi-Fi<br \/>\n<\/p>","protected":false},"excerpt":{"rendered":"<p>Die Lodge Terrantai liegt im Herzen San Pedros, neben der Kirche und dem Hauptplatz mit dem Handwerksmarkt und auch nah an der Hauptstra\u00dfe. Das Haus ist freundlich und farbenfroh eingerichtet und verstrahlt eine warme Atmosph\u00e4re, ebenso wie das Restaurant mit &#8230;<\/p>\n","protected":false},"author":16,"featured_media":0,"parent":202,"menu_order":0,"comment_status":"open","ping_status":"open","template":"","meta":{"slim_seo":{"title":"Lodge Terrantai **** Lodge Terrantai **** - travelArt","description":"Terrantai Frontage Terrantai Room 1 Terrantai Room 2 Terrantai Pool Terrantai Pathway Terrantai Fireplace Die Lodge Terrantai liegt im Herzen San Pedros, neben"},"footnotes":""},"class_list":["post-275","page","type-page","status-publish","hentry"],"_links":{"self":[{"href":"https:\/\/www.chile-reise.com\/de\/wp-json\/wp\/v2\/pages\/275","targetHints":{"allow":["GET"]}}],"collection":[{"href":"https:\/\/www.chile-reise.com\/de\/wp-json\/wp\/v2\/pages"}],"about":[{"href":"https:\/\/www.chile-reise.com\/de\/wp-json\/wp\/v2\/types\/page"}],"author":[{"embeddable":true,"href":"https:\/\/www.chile-reise.com\/de\/wp-json\/wp\/v2\/users\/16"}],"replies":[{"embeddable":true,"href":"https:\/\/www.chile-reise.com\/de\/wp-json\/wp\/v2\/comments?post=275"}],"version-history":[{"count":0,"href":"https:\/\/www.chile-reise.com\/de\/wp-json\/wp\/v2\/pages\/275\/revisions"}],"up":[{"embeddable":true,"href":"https:\/\/www.chile-reise.com\/de\/wp-json\/wp\/v2\/pages\/202"}],"wp:attachment":[{"href":"https:\/\/www.chile-reise.com\/de\/wp-json\/wp\/v2\/media?parent=275"}],"curies":[{"name":"wp","href":"https:\/\/api.w.org\/{rel}","templated":true}]}}