{"id":272,"date":"2013-07-03T20:40:33","date_gmt":"2013-07-03T18:40:33","guid":{"rendered":"http:\/\/www.chile-reise.com\/wordpress\/?page_id=272"},"modified":"2015-04-09T22:35:59","modified_gmt":"2015-04-09T20:35:59","slug":"hotel-el-poblado-de-kimal","status":"publish","type":"page","link":"https:\/\/www.chile-reise.com\/de\/hotels\/atacamawueste\/hotel-el-poblado-de-kimal\/","title":{"rendered":"Hotel El Poblado de Kimal ***"},"content":{"rendered":"<p>\r\n        <style type='text\/css'>\r\n            #gallery-1 {\r\n                margin: auto;\r\n            }\r\n            #gallery-1 .gallery-item {\r\n                float: left;\r\n                margin-top: 10px;\r\n                text-align: center;\r\n                width: 33%;           }\r\n            #gallery-1 img {\r\n                border: 2px solid #cfcfcf;\r\n            }\r\n            #gallery-1 .gallery-caption {\r\n                margin-left: 0;\r\n            }\r\n        <\/style>\r\n        <!-- see gallery_shortcode() in wp-includes\/media.php -->\r\n        <div id='gallery-1' class='gallery-images gallery galleryid-272'><dl class='gallery-item'>\r\n            <dt class='gallery-icon'>\r\n                <a href='https:\/\/www.chile-reise.com\/wp-content\/uploads\/Poblado-Kimal.jpg'><img loading=\"lazy\" decoding=\"async\" width=\"240\" height=\"140\" src=\"https:\/\/www.chile-reise.com\/wp-content\/uploads\/Poblado-Kimal-240x140.jpg\" class=\"attachment-thumbnail size-thumbnail\" alt=\"Poblado Kimal\" \/><\/a>\r\n            <\/dt>\r\n                <dd class='gallery-caption'>\r\n                Poblado de Kimal\r\n                <\/dd><\/dl><dl class='gallery-item'>\r\n            <dt class='gallery-icon'>\r\n                <a href='https:\/\/www.chile-reise.com\/wp-content\/uploads\/Poblado-Kimal-Matrimonial.jpg'><img loading=\"lazy\" decoding=\"async\" width=\"240\" height=\"140\" src=\"https:\/\/www.chile-reise.com\/wp-content\/uploads\/Poblado-Kimal-Matrimonial-240x140.jpg\" class=\"attachment-thumbnail size-thumbnail\" alt=\"Poblado Kimal Matrimonial\" \/><\/a>\r\n            <\/dt>\r\n                <dd class='gallery-caption'>\r\n                Poblado de Kimal Matrimonial\r\n                <\/dd><\/dl><dl class='gallery-item'>\r\n            <dt class='gallery-icon'>\r\n                <a href='https:\/\/www.chile-reise.com\/wp-content\/uploads\/Poblado-Kimal-Terrace.jpg'><img loading=\"lazy\" decoding=\"async\" width=\"240\" height=\"140\" src=\"https:\/\/www.chile-reise.com\/wp-content\/uploads\/Poblado-Kimal-Terrace-240x140.jpg\" class=\"attachment-thumbnail size-thumbnail\" alt=\"Poblado Kimal Terrace\" \/><\/a>\r\n            <\/dt>\r\n                <dd class='gallery-caption'>\r\n                Poblado de Kimal Terrace\r\n                <\/dd><\/dl><br style=\"clear: both\" \/><dl class='gallery-item'>\r\n            <dt class='gallery-icon'>\r\n                <a href='https:\/\/www.chile-reise.com\/wp-content\/uploads\/Poblado-Kimal-Twin.jpg'><img loading=\"lazy\" decoding=\"async\" width=\"240\" height=\"140\" src=\"https:\/\/www.chile-reise.com\/wp-content\/uploads\/Poblado-Kimal-Twin-240x140.jpg\" class=\"attachment-thumbnail size-thumbnail\" alt=\"Poblado Kimal Twin\" \/><\/a>\r\n            <\/dt>\r\n                <dd class='gallery-caption'>\r\n                Poblado de Kimal Twin\r\n                <\/dd><\/dl><dl class='gallery-item'>\r\n            <dt class='gallery-icon'>\r\n                <a href='https:\/\/www.chile-reise.com\/wp-content\/uploads\/Poblado-Kimal-Bathroom.jpg'><img loading=\"lazy\" decoding=\"async\" width=\"240\" height=\"140\" src=\"https:\/\/www.chile-reise.com\/wp-content\/uploads\/Poblado-Kimal-Bathroom-240x140.jpg\" class=\"attachment-thumbnail size-thumbnail\" alt=\"Poblado Kimal Bathroom\" \/><\/a>\r\n            <\/dt>\r\n                <dd class='gallery-caption'>\r\n                Poblado de Kimal Bathroom\r\n                <\/dd><\/dl><dl class='gallery-item'>\r\n            <dt class='gallery-icon'>\r\n                <a href='https:\/\/www.chile-reise.com\/wp-content\/uploads\/Poblado-Kimal-Pool.jpg'><img loading=\"lazy\" decoding=\"async\" width=\"240\" height=\"140\" src=\"https:\/\/www.chile-reise.com\/wp-content\/uploads\/Poblado-Kimal-Pool-240x140.jpg\" class=\"attachment-thumbnail size-thumbnail\" alt=\"Poblado Kimal Pool\" \/><\/a>\r\n            <\/dt>\r\n                <dd class='gallery-caption'>\r\n                Poblado de Kimal Pool\r\n                <\/dd><\/dl><br style=\"clear: both\" \/>\r\n            <br style='clear: both;' \/>\r\n        <\/div>\n\n<div class=\"clear\"><\/div><div class=\"divider\"><\/div>\n<p>Das Hotel El Poblado de Kimal ist einem traditionellen Dorf in der Atacama-W\u00fcste nachempfunden und bringt seinen G\u00e4sten so die lokale Kultur nahe. Kleine H\u00e4user mit Terasse aus Holz und Adobe sind entlang von geschwungenen h\u00f6lzernen Wegen arrangiert und von einheimischer Flora umgeben. F\u00fcr die Beleuchtung des Hotels wird allein Solarenergie genutzt. Ein Swimmingpool l\u00e4dt an hei\u00dfen W\u00fcstentagen zum Erfrischen ein und das Hotelrestaurant sorgt f\u00fcr das leibliche Wohl der Reisenden. Durch seine Lage an der Hauptstra\u00dfe von San Pedro ist das Hotel El Poblado de Kimal nur wenige Schritte von Restaurants, Caf\u00e9s und Sehensw\u00fcrdigkeiten entfernt.<\/p>\n<p><strong>Zimmer:<\/strong> 21<br \/>\n<strong>Ausstattung:<\/strong> Minibar, Telefon, Suite mit Whirlpool, Schwimmbecken, Restaurant, Cafeteria, W\u00e4scheservice<br \/>\n<strong>Internet:<\/strong> Wi-Fi<\/p>","protected":false},"excerpt":{"rendered":"<p>Das Hotel El Poblado de Kimal ist einem traditionellen Dorf in der Atacama-W\u00fcste nachempfunden und bringt seinen G\u00e4sten so die lokale Kultur nahe. Kleine H\u00e4user mit Terasse aus Holz und Adobe sind entlang von geschwungenen h\u00f6lzernen Wegen arrangiert und von &#8230;<\/p>\n","protected":false},"author":16,"featured_media":0,"parent":202,"menu_order":0,"comment_status":"open","ping_status":"open","template":"","meta":{"slim_seo":{"title":"Hotel El Poblado de Kimal *** Hotel El Poblado de Kimal *** - travelArt","description":"Poblado de Kimal Poblado de Kimal Matrimonial Poblado de Kimal Terrace Poblado de Kimal Twin Poblado de Kimal Bathroom Poblado de Kimal Pool Das Hotel El Poblad"},"footnotes":""},"class_list":["post-272","page","type-page","status-publish","hentry"],"_links":{"self":[{"href":"https:\/\/www.chile-reise.com\/de\/wp-json\/wp\/v2\/pages\/272","targetHints":{"allow":["GET"]}}],"collection":[{"href":"https:\/\/www.chile-reise.com\/de\/wp-json\/wp\/v2\/pages"}],"about":[{"href":"https:\/\/www.chile-reise.com\/de\/wp-json\/wp\/v2\/types\/page"}],"author":[{"embeddable":true,"href":"https:\/\/www.chile-reise.com\/de\/wp-json\/wp\/v2\/users\/16"}],"replies":[{"embeddable":true,"href":"https:\/\/www.chile-reise.com\/de\/wp-json\/wp\/v2\/comments?post=272"}],"version-history":[{"count":0,"href":"https:\/\/www.chile-reise.com\/de\/wp-json\/wp\/v2\/pages\/272\/revisions"}],"up":[{"embeddable":true,"href":"https:\/\/www.chile-reise.com\/de\/wp-json\/wp\/v2\/pages\/202"}],"wp:attachment":[{"href":"https:\/\/www.chile-reise.com\/de\/wp-json\/wp\/v2\/media?parent=272"}],"curies":[{"name":"wp","href":"https:\/\/api.w.org\/{rel}","templated":true}]}}