{"id":267,"date":"2013-07-02T23:58:03","date_gmt":"2013-07-02T21:58:03","guid":{"rendered":"http:\/\/www.chile-reise.com\/wordpress\/?page_id=267"},"modified":"2015-04-09T22:35:42","modified_gmt":"2015-04-09T20:35:42","slug":"hotel-casa-atacama","status":"publish","type":"page","link":"https:\/\/www.chile-reise.com\/de\/hotels\/atacamawueste\/hotel-casa-atacama\/","title":{"rendered":"Hotel Casa Atacama (B)"},"content":{"rendered":"<p>\r\n        <style type='text\/css'>\r\n            #gallery-1 {\r\n                margin: auto;\r\n            }\r\n            #gallery-1 .gallery-item {\r\n                float: left;\r\n                margin-top: 10px;\r\n                text-align: center;\r\n                width: 33%;           }\r\n            #gallery-1 img {\r\n                border: 2px solid #cfcfcf;\r\n            }\r\n            #gallery-1 .gallery-caption {\r\n                margin-left: 0;\r\n            }\r\n        <\/style>\r\n        <!-- see gallery_shortcode() in wp-includes\/media.php -->\r\n        <div id='gallery-1' class='gallery-images gallery galleryid-267'><dl class='gallery-item'>\r\n            <dt class='gallery-icon'>\r\n                <a href='https:\/\/www.chile-reise.com\/wp-content\/uploads\/Casa-Atacama-hab.jpg'><img loading=\"lazy\" decoding=\"async\" width=\"240\" height=\"140\" src=\"https:\/\/www.chile-reise.com\/wp-content\/uploads\/Casa-Atacama-hab-240x140.jpg\" class=\"attachment-thumbnail size-thumbnail\" alt=\"Casa Atacama hab\" \/><\/a>\r\n            <\/dt>\r\n                <dd class='gallery-caption'>\r\n                Casa Atacama Room\r\n                <\/dd><\/dl><dl class='gallery-item'>\r\n            <dt class='gallery-icon'>\r\n                <a href='https:\/\/www.chile-reise.com\/wp-content\/uploads\/Casa-Atacama-Breakfast.jpg'><img loading=\"lazy\" decoding=\"async\" width=\"240\" height=\"140\" src=\"https:\/\/www.chile-reise.com\/wp-content\/uploads\/Casa-Atacama-Breakfast-240x140.jpg\" class=\"attachment-thumbnail size-thumbnail\" alt=\"Casa Atacama Breakfast\" \/><\/a>\r\n            <\/dt>\r\n                <dd class='gallery-caption'>\r\n                Casa Atacama Breakfast\r\n                <\/dd><\/dl><dl class='gallery-item'>\r\n            <dt class='gallery-icon'>\r\n                <a href='https:\/\/www.chile-reise.com\/wp-content\/uploads\/Casa-Atacama-Living.jpg'><img loading=\"lazy\" decoding=\"async\" width=\"240\" height=\"140\" src=\"https:\/\/www.chile-reise.com\/wp-content\/uploads\/Casa-Atacama-Living-240x140.jpg\" class=\"attachment-thumbnail size-thumbnail\" alt=\"Casa Atacama\" \/><\/a>\r\n            <\/dt>\r\n                <dd class='gallery-caption'>\r\n                Casa Atacama Living Room\r\n                <\/dd><\/dl><br style=\"clear: both\" \/>\r\n            <br style='clear: both;' \/>\r\n        <\/div>\n\n<div class=\"clear\"><\/div><div class=\"divider\"><\/div>\n<p>Das Hotel Casa Atacama liegt im Zentrum von San Pedro und spiegelt wunderbar die W\u00e4rme, Ruhe und Sch\u00f6nheit der W\u00fcste wider. Ein Innengarten und zwei sonnige Terrassen zu jedem Zimmer laden zu Erholung und Entspannung ein. Verw\u00f6hnen lassen kann man sich zudem bei Massagen im Spa \u00abEl Salar\u00bb des Hotels oder im Restaurant \u00abLa Romer\u00eda\u00bb, das besonderen Wert auf die Zubereitung lokaler Gerichte legt.<\/p>\n<p><strong>Zimmer:<\/strong> 25<br \/>\n<strong>Ausstattung:<\/strong> Solarheizung, Terrasse, Restaurant, W\u00e4scheservice, Sonnenterrasse, Garten, zwei Wohnzimmer, Swimmingpool, Spa mit t\u00fcrkischer Sauna und Whirlpool, Massageservice, Bibliothek, Souvenirshop<br \/>\n<strong>Activities:<\/strong> All-Inclusive-Programme m\u00f6glich<br \/>\n<strong>Internet:<\/strong> Wi-Fi<\/p>","protected":false},"excerpt":{"rendered":"<p>Das Hotel Casa Atacama liegt im Zentrum von San Pedro und spiegelt wunderbar die W\u00e4rme, Ruhe und Sch\u00f6nheit der W\u00fcste wider. Ein Innengarten und zwei sonnige Terrassen zu jedem Zimmer laden zu Erholung und Entspannung ein. Verw\u00f6hnen lassen kann man &#8230;<\/p>\n","protected":false},"author":16,"featured_media":0,"parent":202,"menu_order":0,"comment_status":"open","ping_status":"open","template":"","meta":{"slim_seo":{"title":"Hotel Casa Atacama (B) Hotel Casa Atacama (B) - travelArt","description":"Casa Atacama Room Casa Atacama Breakfast Casa Atacama Living Room Das Hotel Casa Atacama liegt im Zentrum von San Pedro und spiegelt wunderbar die W\u00e4rme, Ruhe u"},"footnotes":""},"class_list":["post-267","page","type-page","status-publish","hentry"],"_links":{"self":[{"href":"https:\/\/www.chile-reise.com\/de\/wp-json\/wp\/v2\/pages\/267","targetHints":{"allow":["GET"]}}],"collection":[{"href":"https:\/\/www.chile-reise.com\/de\/wp-json\/wp\/v2\/pages"}],"about":[{"href":"https:\/\/www.chile-reise.com\/de\/wp-json\/wp\/v2\/types\/page"}],"author":[{"embeddable":true,"href":"https:\/\/www.chile-reise.com\/de\/wp-json\/wp\/v2\/users\/16"}],"replies":[{"embeddable":true,"href":"https:\/\/www.chile-reise.com\/de\/wp-json\/wp\/v2\/comments?post=267"}],"version-history":[{"count":0,"href":"https:\/\/www.chile-reise.com\/de\/wp-json\/wp\/v2\/pages\/267\/revisions"}],"up":[{"embeddable":true,"href":"https:\/\/www.chile-reise.com\/de\/wp-json\/wp\/v2\/pages\/202"}],"wp:attachment":[{"href":"https:\/\/www.chile-reise.com\/de\/wp-json\/wp\/v2\/media?parent=267"}],"curies":[{"name":"wp","href":"https:\/\/api.w.org\/{rel}","templated":true}]}}