{"id":265,"date":"2013-07-02T23:56:35","date_gmt":"2013-07-02T21:56:35","guid":{"rendered":"http:\/\/www.chile-reise.com\/wordpress\/?page_id=265"},"modified":"2015-04-09T22:35:11","modified_gmt":"2015-04-09T20:35:11","slug":"altiplanico-atacama","status":"publish","type":"page","link":"https:\/\/www.chile-reise.com\/de\/hotels\/atacamawueste\/altiplanico-atacama\/","title":{"rendered":"Altiplanico Atacama (B)"},"content":{"rendered":"<p>\r\n        <style type='text\/css'>\r\n            #gallery-1 {\r\n                margin: auto;\r\n            }\r\n            #gallery-1 .gallery-item {\r\n                float: left;\r\n                margin-top: 10px;\r\n                text-align: center;\r\n                width: 33%;           }\r\n            #gallery-1 img {\r\n                border: 2px solid #cfcfcf;\r\n            }\r\n            #gallery-1 .gallery-caption {\r\n                margin-left: 0;\r\n            }\r\n        <\/style>\r\n        <!-- see gallery_shortcode() in wp-includes\/media.php -->\r\n        <div id='gallery-1' class='gallery-images gallery galleryid-265'><dl class='gallery-item'>\r\n            <dt class='gallery-icon'>\r\n                <a href='https:\/\/www.chile-reise.com\/wp-content\/uploads\/Altiplanico.jpg'><img loading=\"lazy\" decoding=\"async\" width=\"240\" height=\"140\" src=\"https:\/\/www.chile-reise.com\/wp-content\/uploads\/Altiplanico-240x140.jpg\" class=\"attachment-thumbnail size-thumbnail\" alt=\"Altiplanico\" \/><\/a>\r\n            <\/dt>\r\n                <dd class='gallery-caption'>\r\n                Altiplanico Atacama\r\n                <\/dd><\/dl><dl class='gallery-item'>\r\n            <dt class='gallery-icon'>\r\n                <a href='https:\/\/www.chile-reise.com\/wp-content\/uploads\/Altiplanico-Front.jpg'><img loading=\"lazy\" decoding=\"async\" width=\"240\" height=\"140\" src=\"https:\/\/www.chile-reise.com\/wp-content\/uploads\/Altiplanico-Front-240x140.jpg\" class=\"attachment-thumbnail size-thumbnail\" alt=\"Altiplanico Front\" \/><\/a>\r\n            <\/dt>\r\n                <dd class='gallery-caption'>\r\n                Altiplanico Atacama Frontage\r\n                <\/dd><\/dl><dl class='gallery-item'>\r\n            <dt class='gallery-icon'>\r\n                <a href='https:\/\/www.chile-reise.com\/wp-content\/uploads\/Altiplanico-Lobby.jpg'><img loading=\"lazy\" decoding=\"async\" width=\"240\" height=\"140\" src=\"https:\/\/www.chile-reise.com\/wp-content\/uploads\/Altiplanico-Lobby-240x140.jpg\" class=\"attachment-thumbnail size-thumbnail\" alt=\"Altiplanico Lobby\" \/><\/a>\r\n            <\/dt><\/dl><br style=\"clear: both\" \/><dl class='gallery-item'>\r\n            <dt class='gallery-icon'>\r\n                <a href='https:\/\/www.chile-reise.com\/wp-content\/uploads\/Altiplanico-room.jpg'><img loading=\"lazy\" decoding=\"async\" width=\"240\" height=\"140\" src=\"https:\/\/www.chile-reise.com\/wp-content\/uploads\/Altiplanico-room-240x140.jpg\" class=\"attachment-thumbnail size-thumbnail\" alt=\"Altiplanico room\" \/><\/a>\r\n            <\/dt>\r\n                <dd class='gallery-caption'>\r\n                Altiplanico Atacama Matrimonial\r\n                <\/dd><\/dl><dl class='gallery-item'>\r\n            <dt class='gallery-icon'>\r\n                <a href='https:\/\/www.chile-reise.com\/wp-content\/uploads\/Altiplanico-Twin.jpg'><img loading=\"lazy\" decoding=\"async\" width=\"240\" height=\"140\" src=\"https:\/\/www.chile-reise.com\/wp-content\/uploads\/Altiplanico-Twin-240x140.jpg\" class=\"attachment-thumbnail size-thumbnail\" alt=\"Altiplanico Twin\" \/><\/a>\r\n            <\/dt>\r\n                <dd class='gallery-caption'>\r\n                Altiplanico Atacama Twim\r\n                <\/dd><\/dl><dl class='gallery-item'>\r\n            <dt class='gallery-icon'>\r\n                <a href='https:\/\/www.chile-reise.com\/wp-content\/uploads\/Altiplanico-Pool.jpg'><img loading=\"lazy\" decoding=\"async\" width=\"240\" height=\"140\" src=\"https:\/\/www.chile-reise.com\/wp-content\/uploads\/Altiplanico-Pool-240x140.jpg\" class=\"attachment-thumbnail size-thumbnail\" alt=\"Altiplanico Pool\" \/><\/a>\r\n            <\/dt><\/dl><br style=\"clear: both\" \/>\r\n            <br style='clear: both;' \/>\r\n        <\/div>\n\n<div class=\"clear\"><\/div><div class=\"divider\"><\/div>\n<p>Das sehr sch\u00f6ne Hotel Altiplanico befindet sich in ruhiger Lage, 20 Gehminuten von San Pedros lebhaftem Zentrum entfernt. Auf einem weitl\u00e4ufigen Gel\u00e4nde rund um einen gro\u00dfen Platz mit Schwimbecken sind die Zimmer des Hotels so angeordnet, dass sie einem beschaulichen kleinen Dorf mit Hauptplatz gleichen. Auf dem Platz lodert abends ein Lagerfeuer und l\u00e4dt zum Verweilen ein. Die ger\u00e4umigen Zimmer sind alle individuell eingerichtet.<\/p>\n<p><strong>Zimmer:<\/strong> 29, davon 3 f\u00fcr Familien<br \/>\n<strong>Ausstattung:<\/strong> Telefon, Haartrockner, Safe, private Terrasse, Restaurant, Bar, Schwimmbecken, Whirlpool, Lagerfeuer, Garten, Grillplatz, W\u00e4scheservice, Parkpl\u00e4tze<br \/>\n<strong>Internet:<\/strong> Wi-Fi<\/p>","protected":false},"excerpt":{"rendered":"<p>Das sehr sch\u00f6ne Hotel Altiplanico befindet sich in ruhiger Lage, 20 Gehminuten von San Pedros lebhaftem Zentrum entfernt. Auf einem weitl\u00e4ufigen Gel\u00e4nde rund um einen gro\u00dfen Platz mit Schwimbecken sind die Zimmer des Hotels so angeordnet, dass sie einem beschaulichen &#8230;<\/p>\n","protected":false},"author":16,"featured_media":0,"parent":202,"menu_order":0,"comment_status":"open","ping_status":"open","template":"","meta":{"slim_seo":{"title":"Altiplanico Atacama (B) Altiplanico Atacama (B) - travelArt","description":"Altiplanico Atacama Altiplanico Atacama Frontage Altiplanico Atacama Matrimonial Altiplanico Atacama Twim Das sehr sch\u00f6ne Hotel Altiplanico befindet sich in ruh"},"footnotes":""},"class_list":["post-265","page","type-page","status-publish","hentry"],"_links":{"self":[{"href":"https:\/\/www.chile-reise.com\/de\/wp-json\/wp\/v2\/pages\/265","targetHints":{"allow":["GET"]}}],"collection":[{"href":"https:\/\/www.chile-reise.com\/de\/wp-json\/wp\/v2\/pages"}],"about":[{"href":"https:\/\/www.chile-reise.com\/de\/wp-json\/wp\/v2\/types\/page"}],"author":[{"embeddable":true,"href":"https:\/\/www.chile-reise.com\/de\/wp-json\/wp\/v2\/users\/16"}],"replies":[{"embeddable":true,"href":"https:\/\/www.chile-reise.com\/de\/wp-json\/wp\/v2\/comments?post=265"}],"version-history":[{"count":0,"href":"https:\/\/www.chile-reise.com\/de\/wp-json\/wp\/v2\/pages\/265\/revisions"}],"up":[{"embeddable":true,"href":"https:\/\/www.chile-reise.com\/de\/wp-json\/wp\/v2\/pages\/202"}],"wp:attachment":[{"href":"https:\/\/www.chile-reise.com\/de\/wp-json\/wp\/v2\/media?parent=265"}],"curies":[{"name":"wp","href":"https:\/\/api.w.org\/{rel}","templated":true}]}}