{"id":261,"date":"2013-07-02T23:53:55","date_gmt":"2013-07-02T21:53:55","guid":{"rendered":"http:\/\/www.chile-reise.com\/wordpress\/?page_id=261"},"modified":"2015-06-11T16:38:56","modified_gmt":"2015-06-11T14:38:56","slug":"hotel-kunza","status":"publish","type":"page","link":"https:\/\/www.chile-reise.com\/de\/hotels\/atacamawueste\/hotel-kunza\/","title":{"rendered":"Hotel Cumbres San Pedro *****"},"content":{"rendered":"<p>\r\n        <style type='text\/css'>\r\n            #gallery-1 {\r\n                margin: auto;\r\n            }\r\n            #gallery-1 .gallery-item {\r\n                float: left;\r\n                margin-top: 10px;\r\n                text-align: center;\r\n                width: 33%;           }\r\n            #gallery-1 img {\r\n                border: 2px solid #cfcfcf;\r\n            }\r\n            #gallery-1 .gallery-caption {\r\n                margin-left: 0;\r\n            }\r\n        <\/style>\r\n        <!-- see gallery_shortcode() in wp-includes\/media.php -->\r\n        <div id='gallery-1' class='gallery-images gallery galleryid-261'><dl class='gallery-item'>\r\n            <dt class='gallery-icon'>\r\n                <a href='https:\/\/www.chile-reise.com\/wp-content\/uploads\/Kunza-Pool.jpg'><img loading=\"lazy\" decoding=\"async\" width=\"240\" height=\"140\" src=\"https:\/\/www.chile-reise.com\/wp-content\/uploads\/Kunza-Pool-240x140.jpg\" class=\"attachment-thumbnail size-thumbnail\" alt=\"Kunza Pool\" \/><\/a>\r\n            <\/dt>\r\n                <dd class='gallery-caption'>\r\n                Kunza Pool\r\n                <\/dd><\/dl><dl class='gallery-item'>\r\n            <dt class='gallery-icon'>\r\n                <a href='https:\/\/www.chile-reise.com\/wp-content\/uploads\/Kunza-Room.jpg'><img loading=\"lazy\" decoding=\"async\" width=\"240\" height=\"140\" src=\"https:\/\/www.chile-reise.com\/wp-content\/uploads\/Kunza-Room-240x140.jpg\" class=\"attachment-thumbnail size-thumbnail\" alt=\"Kunza Room\" \/><\/a>\r\n            <\/dt>\r\n                <dd class='gallery-caption'>\r\n                Kunza Room\r\n                <\/dd><\/dl><dl class='gallery-item'>\r\n            <dt class='gallery-icon'>\r\n                <a href='https:\/\/www.chile-reise.com\/wp-content\/uploads\/Kunza-Spa.jpg'><img loading=\"lazy\" decoding=\"async\" width=\"240\" height=\"140\" src=\"https:\/\/www.chile-reise.com\/wp-content\/uploads\/Kunza-Spa-240x140.jpg\" class=\"attachment-thumbnail size-thumbnail\" alt=\"Kunza Spa\" \/><\/a>\r\n            <\/dt>\r\n                <dd class='gallery-caption'>\r\n                Kunza Spa\r\n                <\/dd><\/dl><br style=\"clear: both\" \/><dl class='gallery-item'>\r\n            <dt class='gallery-icon'>\r\n                <a href='https:\/\/www.chile-reise.com\/wp-content\/uploads\/Kunza-Living-Room.jpg'><img loading=\"lazy\" decoding=\"async\" width=\"240\" height=\"140\" src=\"https:\/\/www.chile-reise.com\/wp-content\/uploads\/Kunza-Living-Room-240x140.jpg\" class=\"attachment-thumbnail size-thumbnail\" alt=\"Kunza Living Room\" \/><\/a>\r\n            <\/dt>\r\n                <dd class='gallery-caption'>\r\n                Kunza Living Room\r\n                <\/dd><\/dl><dl class='gallery-item'>\r\n            <dt class='gallery-icon'>\r\n                <a href='https:\/\/www.chile-reise.com\/wp-content\/uploads\/Kunza-Excursiones.jpg'><img loading=\"lazy\" decoding=\"async\" width=\"240\" height=\"140\" src=\"https:\/\/www.chile-reise.com\/wp-content\/uploads\/Kunza-Excursiones-240x140.jpg\" class=\"attachment-thumbnail size-thumbnail\" alt=\"Kunza Excursiones\" \/><\/a>\r\n            <\/dt>\r\n                <dd class='gallery-caption'>\r\n                Kunza Excursions\r\n                <\/dd><\/dl><dl class='gallery-item'>\r\n            <dt class='gallery-icon'>\r\n                <a href='https:\/\/www.chile-reise.com\/wp-content\/uploads\/Kunza-Exkursiones-2.jpg'><img loading=\"lazy\" decoding=\"async\" width=\"240\" height=\"140\" src=\"https:\/\/www.chile-reise.com\/wp-content\/uploads\/Kunza-Exkursiones-2-240x140.jpg\" class=\"attachment-thumbnail size-thumbnail\" alt=\"Kunza Exkursiones\" \/><\/a>\r\n            <\/dt>\r\n                <dd class='gallery-caption'>\r\n                Kunza Bikes\r\n                <\/dd><\/dl><br style=\"clear: both\" \/>\r\n            <br style='clear: both;' \/>\r\n        <\/div>\n\n<div class=\"clear\"><\/div><div class=\"divider\"><\/div>\n<p>Das Hotel Cumbres San Pedro befindet sich 2 km s\u00fcdlich von San Pedro de Atacama und macht mit seiner Architektur eine Hommage an die Ureinwohner der Atacama: Urspr\u00fcngliche, rustikale Elemente mischen sich gekonnt mit modernem Komfort und gro\u00dfe Fenster lassen den Vulkan Licancabur immer pr\u00e4sent sein. Die Zimmer und Suiten sind sehr ger\u00e4umig, gem\u00fctlich und komfortabel eingerichtet.<\/p>\n<p><strong>Zimmer:<\/strong> 60<br \/>\n<strong>Ausstattung:<\/strong> Klimaanlage, Heizung, private Terrasse, Minibar, Nespresso-Maschine, TV, Zimmersafe, Telefon, Service-Tablet-Computer, Restaurant, Terrasse, drei Schwimmbecken, zwei Whirpools, Spa mit Sauna und Massageraum, Fitnessraum, Versammlungsr\u00e4ume, W\u00e4scheservice, Parkpl\u00e4tze<br \/>\n<strong>Internet:<\/strong> Wi-Fi <\/p>","protected":false},"excerpt":{"rendered":"<p>Das Hotel Cumbres San Pedro befindet sich 2 km s\u00fcdlich von San Pedro de Atacama und macht mit seiner Architektur eine Hommage an die Ureinwohner der Atacama: Urspr\u00fcngliche, rustikale Elemente mischen sich gekonnt mit modernem Komfort und gro\u00dfe Fenster lassen &#8230;<\/p>\n","protected":false},"author":16,"featured_media":0,"parent":202,"menu_order":0,"comment_status":"open","ping_status":"open","template":"","meta":{"slim_seo":{"title":"Hotel Cumbres San Pedro ***** Hotel Cumbres San Pedro ***** - travelArt","description":"Kunza Pool Kunza Room Kunza Spa Kunza Living Room Kunza Excursions Kunza Bikes Das Hotel Cumbres San Pedro befindet sich 2 km s\u00fcdlich von San Pedro de Atacama u"},"footnotes":""},"class_list":["post-261","page","type-page","status-publish","hentry"],"_links":{"self":[{"href":"https:\/\/www.chile-reise.com\/de\/wp-json\/wp\/v2\/pages\/261","targetHints":{"allow":["GET"]}}],"collection":[{"href":"https:\/\/www.chile-reise.com\/de\/wp-json\/wp\/v2\/pages"}],"about":[{"href":"https:\/\/www.chile-reise.com\/de\/wp-json\/wp\/v2\/types\/page"}],"author":[{"embeddable":true,"href":"https:\/\/www.chile-reise.com\/de\/wp-json\/wp\/v2\/users\/16"}],"replies":[{"embeddable":true,"href":"https:\/\/www.chile-reise.com\/de\/wp-json\/wp\/v2\/comments?post=261"}],"version-history":[{"count":0,"href":"https:\/\/www.chile-reise.com\/de\/wp-json\/wp\/v2\/pages\/261\/revisions"}],"up":[{"embeddable":true,"href":"https:\/\/www.chile-reise.com\/de\/wp-json\/wp\/v2\/pages\/202"}],"wp:attachment":[{"href":"https:\/\/www.chile-reise.com\/de\/wp-json\/wp\/v2\/media?parent=261"}],"curies":[{"name":"wp","href":"https:\/\/api.w.org\/{rel}","templated":true}]}}