{"id":26,"date":"2013-07-02T16:54:14","date_gmt":"2013-07-02T14:54:14","guid":{"rendered":"http:\/\/www.chile-reise.com\/wordpress\/?page_id=26"},"modified":"2016-07-21T23:36:05","modified_gmt":"2016-07-21T21:36:05","slug":"seengebiet","status":"publish","type":"page","link":"https:\/\/www.chile-reise.com\/de\/kleiner-reisefuehrer\/seengebiet\/","title":{"rendered":"Seengebiet"},"content":{"rendered":"<img loading=\"lazy\" decoding=\"async\" src=\"https:\/\/www.chile-reise.com\/wp-content\/uploads\/slider_seengebiet-240x140.jpg\" alt=\"slider_seengebiet\" width=\"240\" height=\"140\" class=\"alignleft size-thumbnail wp-image-701\" \/> Die chilenische Seenregion erstreckt sich geographisch in etwa von Temuco bis ins etwa 350 km s\u00fcdlich gelegene Puerto Montt. Die vielen Seen sind alle Gletscherseen, gro\u00dfe Becken, die die Andengletscher einst in die Landschaft gegraben und dann bei ihrem R\u00fcckzug mit Wasser gef\u00fcllt haben. In der N\u00e4he von Puerto Montt belegen <strong>uralte Siedlungsspuren<\/strong>, dass bereits vor 12.500 Jahren Menschen hier als J\u00e4ger und Sammler gelebt haben. <\/p>\n<p>Das Klima mag dem mitteleurop\u00e4ischen Reisenden sehr vertraut vorkommen: <strong>gem\u00e4\u00dfigt und niederschlagsreich<\/strong>. Von Nord nach S\u00fcd wird es immer k\u00fchler und regenreicher. In Puerto Montt liegt die Jahresmitteltemperatur bei 11\u00ba; im Sommer kann sie tags\u00fcber 25\u00baC erreichen, im Winter nachts um die 5\u00baC. Die Niederschlagsmenge liegt um die 1900mm pro Jahr, wobei es im Sommer gl\u00fccklicherweise weniger regnet.<\/p>\n<p>Zwischen den vielen Seen erstrecken sich Berg- und H\u00fcgellandschaften mit endlos erscheinenden, unber\u00fchrten <strong>kalten Nebelregenw\u00e4ldern<\/strong>. Hier finden sich auch die unter strengem Schutz stehenden \u201eAlerce\u201c-B\u00e4ume, gigantische Koniferen die kerzengerade in den Himmel ragen und mehrere tausend Jahre alt werden k\u00f6nnen. Ihr Holz ist extrem widerstandsf\u00e4hig, weswegen sie zur Zeit der Besiedlung als Baumaterial genutzt und somit sehr selten wurden. <\/p>\n<p>Das Gebiet um Temuco wird wegen der vielen Araukarienb\u00e4ume, die in den H\u00f6henlagen wachsen, <strong>\u201eAraucan\u00eda\u201c <\/strong>genannt. Diese Gegend wurde von den Mapuche erbittert und lange Zeit auch mit Erfolg gegen die Europ\u00e4er verteidigt. Auch heute noch ist die Araucan\u00eda das Zentrum der Mapuchekultur und die Region mit dem h\u00f6chsten Anteil an indigener Bev\u00f6lkerung in Chile.<br \/>\n<strong>\u201eMapuche\u201c<\/strong> bedeutet <strong>\u201eMenschen der Erde\u201c<\/strong> (mapu=Erde, che=Mensch). Die Mapuche bewohnten urspr\u00fcnglich das ganze Gebiet zwischen dem \u201ekleinen Norden\u201c Chiles und der Insel Chilo\u00e9. Sie lebten je nach Region sehr naturverbunden als Ackerbauern und Fischer oder J\u00e4ger in \u201eRukas\u201c, gro\u00dfen, fensterlosen H\u00e4usern aus Holz und Schilf. Noch heute sind sie bekannt f\u00fcr ihre Handwerkskunst, vor allem als Silberschmiede und Weber. <\/p>\n<p>Die Seenregion war das Hauptsiedlungsgebiet von <strong>Einwanderern aus Deutschland<\/strong> und \u00d6sterreich-Ungarn, die ab Mitte des 19. Jh. dort angesiedelt wurden. Der Kolonisationsbeauftragte Vicente Perez Rosales warb ab 1845 Handwerker und andere Menschen mit guter Ausbildung aus Deutschland f\u00fcr eine Ansiedlung in Chile an. Da die Revolution von 1848\/49 in Deutschland nicht in der von vielen erhofften Republik m\u00fcndete, lockte die Aussicht auf ein neues Leben in \u00dcbersee zahlreiche entt\u00e4uschte Deutsche an. Den Einfluss dieser Siedler bemerkt man noch heute stark \u2013 in Architektur, K\u00fcche, Sprache  und anderen Lebensbereichen. <\/p>\n<p>Die <strong>sagenumwobene Insel Chilo\u00e9<\/strong> liegt s\u00fcd\u00f6stlich von Puerto Montt im Pazifik und ist Chiles zweitgr\u00f6\u00dfte Insel nach Feuerland, zum Archipel geh\u00f6ren viele kleine Inselchen. Bauern und Fischer leben oft noch auf traditionelle Weise in malerischen D\u00f6rfern, in denen die Zeit stehengeblieben zu sein scheint. Die Landschaft ist saftig gr\u00fcn und bei Sonnenschein leuchten die bunt gestrichenen Holzh\u00e4uschen und Fischerboote in den sch\u00f6nsten Farben. Chilo\u00e9 war lange Zeit weitgehend vom Festland isoliert, sodass sich bis heute ganz urt\u00fcmliche Traditionen, Mythen und Legenden erhalten haben. Markenzeichen der Insel sind die vielen Holzkirchen, die ohne einen einzigen Metallnagel oder Schraube auskommen und im Jahr 2000 von der UNESCO zum Weltkulturerbe ernannt wurden. Die Inselhauptstadt Castro ist f\u00fcr ihre \u201ePalafitos\u201c ber\u00fchmt, Pfahlbauten \u00fcber dem Wasser.<\/p>\n<p>Beim Wandern, Klettern, Raften, Reiten, Segeln, Kayaken, Angeln, Entspannen in Thermalquellen und und&#8230; erlebt man zwischen der Araucan\u00eda und Chilo\u00e9 eine <strong>gro\u00dfartige Szenerie <\/strong>und eine urspr\u00fcngliche Tier- und Pflanzenwelt. Zwischen den vielen schneebedeckten Vulkankegeln f\u00fchlt man sich leicht wie in einer M\u00e4rchenlandschaft. Auch <strong>kulinarisch<\/strong> hat die Region einiges zu bieten: gekocht wird mit dem Besten, was Meer und Seen zu bieten haben: Lachse, Forellen, Krebse, Muscheln, K\u00f6nigskrabben, Austern&#8230;","protected":false},"excerpt":{"rendered":"<p>Die chilenische Seenregion erstreckt sich geographisch in etwa von Temuco bis ins etwa 350 km s\u00fcdlich gelegene Puerto Montt. Die vielen Seen sind alle Gletscherseen, gro\u00dfe Becken, die die Andengletscher einst in die Landschaft gegraben und dann bei ihrem R\u00fcckzug &#8230;<\/p>\n","protected":false},"author":16,"featured_media":0,"parent":13,"menu_order":0,"comment_status":"open","ping_status":"open","template":"","meta":{"slim_seo":{"title":"[:de]Seengebiet[:en]Chilean Lake District[:] - travelArt","description":"[:de] Die chilenische Seenregion erstreckt sich geographisch in etwa von Temuco bis ins etwa 350 km s\u00fcdlich gelegene Puerto Montt. Die vielen Seen sind alle Gle"},"footnotes":""},"class_list":["post-26","page","type-page","status-publish","hentry"],"_links":{"self":[{"href":"https:\/\/www.chile-reise.com\/de\/wp-json\/wp\/v2\/pages\/26","targetHints":{"allow":["GET"]}}],"collection":[{"href":"https:\/\/www.chile-reise.com\/de\/wp-json\/wp\/v2\/pages"}],"about":[{"href":"https:\/\/www.chile-reise.com\/de\/wp-json\/wp\/v2\/types\/page"}],"author":[{"embeddable":true,"href":"https:\/\/www.chile-reise.com\/de\/wp-json\/wp\/v2\/users\/16"}],"replies":[{"embeddable":true,"href":"https:\/\/www.chile-reise.com\/de\/wp-json\/wp\/v2\/comments?post=26"}],"version-history":[{"count":0,"href":"https:\/\/www.chile-reise.com\/de\/wp-json\/wp\/v2\/pages\/26\/revisions"}],"up":[{"embeddable":true,"href":"https:\/\/www.chile-reise.com\/de\/wp-json\/wp\/v2\/pages\/13"}],"wp:attachment":[{"href":"https:\/\/www.chile-reise.com\/de\/wp-json\/wp\/v2\/media?parent=26"}],"curies":[{"name":"wp","href":"https:\/\/api.w.org\/{rel}","templated":true}]}}