{"id":2589,"date":"2013-09-04T23:49:26","date_gmt":"2013-09-04T21:49:26","guid":{"rendered":"http:\/\/www.chile-reise.com\/wordpress\/?page_id=2589"},"modified":"2013-10-02T18:36:21","modified_gmt":"2013-10-02T16:36:21","slug":"residencial-don-raul","status":"publish","type":"page","link":"https:\/\/www.chile-reise.com\/de\/hotels\/atacamawueste\/residencial-don-raul\/","title":{"rendered":"Residencial Don Ra\u00fal **"},"content":{"rendered":"<p>\r\n        <style type='text\/css'>\r\n            #gallery-1 {\r\n                margin: auto;\r\n            }\r\n            #gallery-1 .gallery-item {\r\n                float: left;\r\n                margin-top: 10px;\r\n                text-align: center;\r\n                width: 33%;           }\r\n            #gallery-1 img {\r\n                border: 2px solid #cfcfcf;\r\n            }\r\n            #gallery-1 .gallery-caption {\r\n                margin-left: 0;\r\n            }\r\n        <\/style>\r\n        <!-- see gallery_shortcode() in wp-includes\/media.php -->\r\n        <div id='gallery-1' class='gallery-images gallery galleryid-2589'><dl class='gallery-item'>\r\n            <dt class='gallery-icon'>\r\n                <a href='https:\/\/www.chile-reise.com\/wp-content\/uploads\/Don-Raul-1.jpg'><img loading=\"lazy\" decoding=\"async\" width=\"240\" height=\"140\" src=\"https:\/\/www.chile-reise.com\/wp-content\/uploads\/Don-Raul-1-240x140.jpg\" class=\"attachment-thumbnail size-thumbnail\" alt=\"Don Raul\" \/><\/a>\r\n            <\/dt>\r\n                <dd class='gallery-caption'>\r\n                Don Raul Frontage\r\n                <\/dd><\/dl><dl class='gallery-item'>\r\n            <dt class='gallery-icon'>\r\n                <a href='https:\/\/www.chile-reise.com\/wp-content\/uploads\/Don-Raul-2.jpg'><img loading=\"lazy\" decoding=\"async\" width=\"240\" height=\"140\" src=\"https:\/\/www.chile-reise.com\/wp-content\/uploads\/Don-Raul-2-240x140.jpg\" class=\"attachment-thumbnail size-thumbnail\" alt=\"Don Raul\" \/><\/a>\r\n            <\/dt>\r\n                <dd class='gallery-caption'>\r\n                Don Raul Lobby\r\n                <\/dd><\/dl><dl class='gallery-item'>\r\n            <dt class='gallery-icon'>\r\n                <a href='https:\/\/www.chile-reise.com\/wp-content\/uploads\/Don-Raul-3.jpg'><img loading=\"lazy\" decoding=\"async\" width=\"240\" height=\"140\" src=\"https:\/\/www.chile-reise.com\/wp-content\/uploads\/Don-Raul-3-240x140.jpg\" class=\"attachment-thumbnail size-thumbnail\" alt=\"Don Raul\" \/><\/a>\r\n            <\/dt>\r\n                <dd class='gallery-caption'>\r\n                Don Raul Triple Room\r\n                <\/dd><\/dl><br style=\"clear: both\" \/><dl class='gallery-item'>\r\n            <dt class='gallery-icon'>\r\n                <a href='https:\/\/www.chile-reise.com\/wp-content\/uploads\/Don-Raul-4.jpg'><img loading=\"lazy\" decoding=\"async\" width=\"240\" height=\"140\" src=\"https:\/\/www.chile-reise.com\/wp-content\/uploads\/Don-Raul-4-240x140.jpg\" class=\"attachment-thumbnail size-thumbnail\" alt=\"Don Raul\" \/><\/a>\r\n            <\/dt>\r\n                <dd class='gallery-caption'>\r\n                Don Raul Patio\r\n                <\/dd><\/dl>\r\n            <br style='clear: both;' \/>\r\n        <\/div>\n\n<div class=\"clear\"><\/div><div class=\"divider\"><\/div>\n<p>Das einfache, aber sehr nette und saubere Hotel Don Ra\u00fal befindet sich am Ende der Hauptstrasse in San Pedro de Atacama, in der N\u00e4he von vielen Bars und Restaurants, aber zugleich ruhig gelegen. Es wurde im landestypischen Stil aus Lehmziegeln erbaut und f\u00fcgt sich somit harmonisch in die kleine W\u00fcstenstadt ein. Der Innenhof l\u00e4dt zum Ausspannen in H\u00e4ngematten ein. <\/p>\n<p><strong>Zimmer:<\/strong> 33<br \/>\n<strong>Ausstattung:<\/strong> TV, Cafeteria, Parkpl\u00e4tze, Innenhof, TV in der Lobby, Safe an der Rezeption<br \/>\nDas Hotel verf\u00fcgt \u00fcber ein behindertengerechtes Zimmer.<br \/>\n<strong>Internet:<\/strong> Wi-Fi in der Lobby<\/p>","protected":false},"excerpt":{"rendered":"<p>Das einfache, aber sehr nette und saubere Hotel Don Ra\u00fal befindet sich am Ende der Hauptstrasse in San Pedro de Atacama, in der N\u00e4he von vielen Bars und Restaurants, aber zugleich ruhig gelegen. Es wurde im landestypischen Stil aus Lehmziegeln &#8230;<\/p>\n","protected":false},"author":3,"featured_media":0,"parent":202,"menu_order":0,"comment_status":"open","ping_status":"open","template":"","meta":{"slim_seo":{"title":"Residencial Don Ra\u00fal ** Residencial Don Ra\u00fal ** - travelArt","description":"Don Raul Frontage Don Raul Lobby Don Raul Triple Room Don Raul Patio Das einfache, aber sehr nette und saubere Hotel Don Ra\u00fal befindet sich am Ende der Hauptstr"},"footnotes":""},"class_list":["post-2589","page","type-page","status-publish","hentry"],"_links":{"self":[{"href":"https:\/\/www.chile-reise.com\/de\/wp-json\/wp\/v2\/pages\/2589","targetHints":{"allow":["GET"]}}],"collection":[{"href":"https:\/\/www.chile-reise.com\/de\/wp-json\/wp\/v2\/pages"}],"about":[{"href":"https:\/\/www.chile-reise.com\/de\/wp-json\/wp\/v2\/types\/page"}],"author":[{"embeddable":true,"href":"https:\/\/www.chile-reise.com\/de\/wp-json\/wp\/v2\/users\/3"}],"replies":[{"embeddable":true,"href":"https:\/\/www.chile-reise.com\/de\/wp-json\/wp\/v2\/comments?post=2589"}],"version-history":[{"count":0,"href":"https:\/\/www.chile-reise.com\/de\/wp-json\/wp\/v2\/pages\/2589\/revisions"}],"up":[{"embeddable":true,"href":"https:\/\/www.chile-reise.com\/de\/wp-json\/wp\/v2\/pages\/202"}],"wp:attachment":[{"href":"https:\/\/www.chile-reise.com\/de\/wp-json\/wp\/v2\/media?parent=2589"}],"curies":[{"name":"wp","href":"https:\/\/api.w.org\/{rel}","templated":true}]}}