{"id":2581,"date":"2013-09-04T01:01:49","date_gmt":"2013-09-03T23:01:49","guid":{"rendered":"http:\/\/www.chile-reise.com\/wordpress\/?page_id=2581"},"modified":"2021-10-28T14:47:03","modified_gmt":"2021-10-28T12:47:03","slug":"zwischen-fels-und-eis","status":"publish","type":"page","link":"https:\/\/www.chile-reise.com\/de\/packages-daytrips\/patagonien\/zwischen-fels-und-eis\/","title":{"rendered":"Zwischen Fels und Eis"},"content":{"rendered":"<style type='text\/css'>\r\n            #gallery-1 {\r\n                margin: auto;\r\n            }\r\n            #gallery-1 .gallery-item {\r\n                float: left;\r\n                margin-top: 10px;\r\n                text-align: center;\r\n                width: 33%;           }\r\n            #gallery-1 img {\r\n                border: 2px solid #cfcfcf;\r\n            }\r\n            #gallery-1 .gallery-caption {\r\n                margin-left: 0;\r\n            }\r\n        <\/style>\r\n        <!-- see gallery_shortcode() in wp-includes\/media.php -->\r\n        <div id='gallery-1' class='gallery-images gallery galleryid-2581'><dl class='gallery-item'>\r\n            <dt class='gallery-icon'>\r\n                <a href='https:\/\/www.chile-reise.com\/wp-content\/uploads\/Balmaceda-Serrano-2.jpg'><img loading=\"lazy\" decoding=\"async\" width=\"240\" height=\"140\" src=\"https:\/\/www.chile-reise.com\/wp-content\/uploads\/Balmaceda-Serrano-2-240x140.jpg\" class=\"attachment-thumbnail size-thumbnail\" alt=\"Balmaceda Serrano\" \/><\/a>\r\n            <\/dt>\r\n                <dd class='gallery-caption'>\r\n                Serrano Glacier\r\n                <\/dd><\/dl><dl class='gallery-item'>\r\n            <dt class='gallery-icon'>\r\n                <a href='https:\/\/www.chile-reise.com\/wp-content\/uploads\/Guanacos.jpg'><img loading=\"lazy\" decoding=\"async\" width=\"240\" height=\"140\" src=\"https:\/\/www.chile-reise.com\/wp-content\/uploads\/Guanacos-240x140.jpg\" class=\"attachment-thumbnail size-thumbnail\" alt=\"Guanacos\" \/><\/a>\r\n            <\/dt>\r\n                <dd class='gallery-caption'>\r\n                Guanacos at Torres del Paine\r\n                <\/dd><\/dl><dl class='gallery-item'>\r\n            <dt class='gallery-icon'>\r\n                <a href='https:\/\/www.chile-reise.com\/wp-content\/uploads\/Grey-2.jpg'><img loading=\"lazy\" decoding=\"async\" width=\"240\" height=\"140\" src=\"https:\/\/www.chile-reise.com\/wp-content\/uploads\/Grey-2-240x140.jpg\" class=\"attachment-thumbnail size-thumbnail\" alt=\"Fels und Eis\" \/><\/a>\r\n            <\/dt>\r\n                <dd class='gallery-caption'>\r\n                Grey Glacier\r\n                <\/dd><\/dl><br style=\"clear: both\" \/><dl class='gallery-item'>\r\n            <dt class='gallery-icon'>\r\n                <a href='https:\/\/www.chile-reise.com\/wp-content\/uploads\/Cuernos-Wanderung-1.jpg'><img loading=\"lazy\" decoding=\"async\" width=\"240\" height=\"140\" src=\"https:\/\/www.chile-reise.com\/wp-content\/uploads\/Cuernos-Wanderung-1-240x140.jpg\" class=\"attachment-thumbnail size-thumbnail\" alt=\"Cuernos Wanderung\" \/><\/a>\r\n            <\/dt>\r\n                <dd class='gallery-caption'>\r\n                Cuernos del Paine\r\n                <\/dd><\/dl>\r\n            <br style='clear: both;' \/>\r\n        <\/div>\n\n<div class=\"clear\"><\/div><div class=\"divider\"><\/div>\n<p><strong>Art der Reise:<\/strong> Natur<br \/>\n<strong>Dauer:<\/strong> 5 Tage<\/p>\n\n\t<script type=\"text\/javascript\">\tjQuery(document).ready(function($){\tjQuery(\"ul.tabs-nav\").tabs(\"> .pane\"); }); <\/script>\n\n\t\t<div class=\"post-tabs\">\n\t\t\n<ul class=\"tabs-nav\">\n<li>Tourverlauf<\/li>\n<li>Ausr\u00fcstung<\/li>\n<\/ul>\n\n\t\t<div class=\"pane\">\n\t\t\n<strong>1. Tag \u2013 Punta Arenas \u2013 Puerto Natales<\/strong><br \/>\nAnkunft am Flughafen in Punta Arenas und Fahrt nach Puerto Natales.<br \/>\n\u00dcbernachtung in Puerto Natales.<\/p>\n<p><strong>2. Tag \u2013 Gletscher Balmaceda und Serrano<\/strong><br \/>\nMorgens startet diese Bootsfahrt von Puerto Natales. Die Fahrt f\u00fchrt durch den Ultima Esperanza-Fjord, vorbei am Balmaceda-Gletscher, der von einem Berg herabflie\u00dft. Am Ende des Fjords legt das Boot an und es geht zu Fu\u00df weiter \u2013 ca. 1 km auf einem gut ausgebauten Weg bis an den Fu\u00df des Serrano Gletschers. So nahe kommt man wohl nur selten in seinem Leben an einen Gletscher!  Auf dem R\u00fcckweg halten Sie auf der Estancia Perales, wo Ihnen ein leckeres Mittagessen serviert wird. Im Laufe des Nachmittags geht die Fahrt zur\u00fcck nach Puerto Natales. \u00dcbernachtung in Puerto Natales.<\/p>\n<p><strong>3. Tag \u2013 Torres del Paine Nationalpark<\/strong><br \/>\nAm fr\u00fchen Morgen werden Sie von Ihrer Reiseleitung im Hotel abgeholt und fahren in den ber\u00fchmten Torres del Paine Nationalpark. Auf einer Rundfahrt durch den Park haben Sie  herrliche  Ausblicke auf die Torres-Spitzen und das  Paine-Massiv. Bei einigen Spazierg\u00e4ngen  gelangen Sie zu den allersch\u00f6nsten  Aussichtspunkten des Parks  und lernen die Flora und Fauna des Parkes kennen. In der Hoster\u00eda Lago Grey erwartet Sie ein leckeres Mittagessen (optional), bevor Sie eine dreist\u00fcndige Bootsfahrt zum eindrucksvollen Grey-Gletscher unternehmen, der in den Grey-See kalbt und ihn mit kleinen Eisbergen schm\u00fcckt. Am sp\u00e4ten Nachmittag Fahrt  zu dem von Ihnen gew\u00e4hl-ten Hotel im Park.<\/p>\n<p><strong>4. Tag \u2013 Torres del Paine Nationalpark<\/strong><br \/>\nEin weiterer Tag in diesem gro\u00dfartigen Park am Ende der Welt. Viel Zeit f\u00fcr eigene Erkundungen, oder um an einer der vielen optionalen Exkursionen teilzunehmen: F\u00fcr jeden ist etwas dabei, von leichten Wanderungen \u00fcber Reitausfl\u00fcge oder Kayak bis hin zur anspruchsvollen Trekkingtour. Am  Abend R\u00fcckfahrt nach Puerto Natales und \u00dcbernachtung dort.<\/p>\n<p><strong>5. Tag \u2013 Puerto Natales \u2013 Punta Arenas<\/strong><br \/>\nNach dem Fr\u00fchst\u00fcck  Aufbruch zum Flughafen in Punta Arenas. Je nach Abflugszeit machen Sie einen Abstecher zum Museum Nao Victoria, einer originalgetreuen Nachbildung  des  gleichnamigen Schiffes, mit der Her-nando de Magallanes im 16. Jahrhundert die Welt umse-gelte. Gehen Sie an Bord, schauen Sie \u00fcber das Meer und stellen Sie sich vor, wie es damals an Bord zugegang-en sein muss. Sie k\u00f6nnen das ganze Schiff erkunden: Die Kammer des Kapit\u00e4ns, die Mannschaftsdecks sowie die Werkst\u00e4tten und Vorratsr\u00e4ume im dunklen Schiffsbauch. Ergreifen Sie das Steuer und lassen Sie Ihre Fantasie spielen!<br \/>\n\n\t\t<\/div>\n\t\n\n\t\t<div class=\"pane\">\n\t\t\nFeste Schuhe, Allwetterkleidung, Sonnenschutz.<br \/>\n\n\t\t<\/div>\n\t\n\n\t\t<\/div>","protected":false},"excerpt":{"rendered":"<p>Art der Reise: Natur Dauer: 5 Tage<\/p>\n","protected":false},"author":3,"featured_media":0,"parent":103,"menu_order":0,"comment_status":"open","ping_status":"open","template":"","meta":{"slim_seo":{"title":"[:de]Zwischen Fels und Eis[:en]Between Rock and Ice[:] - travelArt","description":"[:de] Serrano Glacier Guanacos at Torres del Paine Grey Glacier Cuernos del Paine Art der Reise: Natur Dauer: 5 Tage Tourverlauf Ausr\u00fcstung 1. Tag \u2013 Punta Arena"},"footnotes":""},"class_list":["post-2581","page","type-page","status-publish","hentry"],"_links":{"self":[{"href":"https:\/\/www.chile-reise.com\/de\/wp-json\/wp\/v2\/pages\/2581","targetHints":{"allow":["GET"]}}],"collection":[{"href":"https:\/\/www.chile-reise.com\/de\/wp-json\/wp\/v2\/pages"}],"about":[{"href":"https:\/\/www.chile-reise.com\/de\/wp-json\/wp\/v2\/types\/page"}],"author":[{"embeddable":true,"href":"https:\/\/www.chile-reise.com\/de\/wp-json\/wp\/v2\/users\/3"}],"replies":[{"embeddable":true,"href":"https:\/\/www.chile-reise.com\/de\/wp-json\/wp\/v2\/comments?post=2581"}],"version-history":[{"count":0,"href":"https:\/\/www.chile-reise.com\/de\/wp-json\/wp\/v2\/pages\/2581\/revisions"}],"up":[{"embeddable":true,"href":"https:\/\/www.chile-reise.com\/de\/wp-json\/wp\/v2\/pages\/103"}],"wp:attachment":[{"href":"https:\/\/www.chile-reise.com\/de\/wp-json\/wp\/v2\/media?parent=2581"}],"curies":[{"name":"wp","href":"https:\/\/api.w.org\/{rel}","templated":true}]}}