{"id":258,"date":"2013-07-02T23:52:41","date_gmt":"2013-07-02T21:52:41","guid":{"rendered":"http:\/\/www.chile-reise.com\/wordpress\/?page_id=258"},"modified":"2013-10-02T18:35:27","modified_gmt":"2013-10-02T16:35:27","slug":"explora-atacama","status":"publish","type":"page","link":"https:\/\/www.chile-reise.com\/de\/hotels\/atacamawueste\/explora-atacama\/","title":{"rendered":"Explora Atacama *****"},"content":{"rendered":"<p>\r\n        <style type='text\/css'>\r\n            #gallery-1 {\r\n                margin: auto;\r\n            }\r\n            #gallery-1 .gallery-item {\r\n                float: left;\r\n                margin-top: 10px;\r\n                text-align: center;\r\n                width: 33%;           }\r\n            #gallery-1 img {\r\n                border: 2px solid #cfcfcf;\r\n            }\r\n            #gallery-1 .gallery-caption {\r\n                margin-left: 0;\r\n            }\r\n        <\/style>\r\n        <!-- see gallery_shortcode() in wp-includes\/media.php -->\r\n        <div id='gallery-1' class=' gallery galleryid-258'><dl class='gallery-item'>\r\n            <dt class='gallery-icon'>\r\n                <a href='https:\/\/www.chile-reise.com\/de\/hotels\/atacamawueste\/explora-atacama\/explora-atacama-2\/'><img loading=\"lazy\" decoding=\"async\" width=\"240\" height=\"140\" src=\"https:\/\/www.chile-reise.com\/wp-content\/uploads\/Explora-Atacama-240x140.jpg\" class=\"attachment-thumbnail size-thumbnail\" alt=\"Explora Atacama\" \/><\/a>\r\n            <\/dt>\r\n                <dd class='gallery-caption'>\r\n                Explora Atacama\r\n                <\/dd><\/dl><dl class='gallery-item'>\r\n            <dt class='gallery-icon'>\r\n                <a href='https:\/\/www.chile-reise.com\/de\/hotels\/atacamawueste\/explora-atacama\/explora-atacama-twin\/'><img loading=\"lazy\" decoding=\"async\" width=\"240\" height=\"140\" src=\"https:\/\/www.chile-reise.com\/wp-content\/uploads\/Explora-Atacama-Twin-240x140.jpg\" class=\"attachment-thumbnail size-thumbnail\" alt=\"Explora Atacama\" \/><\/a>\r\n            <\/dt>\r\n                <dd class='gallery-caption'>\r\n                Explora Atacama Twin\r\n                <\/dd><\/dl><dl class='gallery-item'>\r\n            <dt class='gallery-icon'>\r\n                <a href='https:\/\/www.chile-reise.com\/de\/hotels\/atacamawueste\/explora-atacama\/explora-atacama-living-room-1\/'><img loading=\"lazy\" decoding=\"async\" width=\"240\" height=\"140\" src=\"https:\/\/www.chile-reise.com\/wp-content\/uploads\/Explora-Atacama-Living-Room-1-240x140.jpg\" class=\"attachment-thumbnail size-thumbnail\" alt=\"Explora Atacama Living Room\" \/><\/a>\r\n            <\/dt>\r\n                <dd class='gallery-caption'>\r\n                Explora Atacama Living Room 1\r\n                <\/dd><\/dl><br style=\"clear: both\" \/><dl class='gallery-item'>\r\n            <dt class='gallery-icon'>\r\n                <a href='https:\/\/www.chile-reise.com\/de\/hotels\/atacamawueste\/explora-atacama\/explora-atacama-living-room-2\/'><img loading=\"lazy\" decoding=\"async\" width=\"240\" height=\"140\" src=\"https:\/\/www.chile-reise.com\/wp-content\/uploads\/Explora-Atacama-Living-Room-2-240x140.jpg\" class=\"attachment-thumbnail size-thumbnail\" alt=\"Explora Atacama Living Room\" \/><\/a>\r\n            <\/dt>\r\n                <dd class='gallery-caption'>\r\n                Explora Atacama Living Room 2\r\n                <\/dd><\/dl><dl class='gallery-item'>\r\n            <dt class='gallery-icon'>\r\n                <a href='https:\/\/www.chile-reise.com\/de\/hotels\/atacamawueste\/explora-atacama\/explora-atacama-pool\/'><img loading=\"lazy\" decoding=\"async\" width=\"240\" height=\"140\" src=\"https:\/\/www.chile-reise.com\/wp-content\/uploads\/Explora-Atacama-Pool-240x140.jpg\" class=\"attachment-thumbnail size-thumbnail\" alt=\"Explora Atacama Pool\" \/><\/a>\r\n            <\/dt>\r\n                <dd class='gallery-caption'>\r\n                Explora Atacama Pool\r\n                <\/dd><\/dl><dl class='gallery-item'>\r\n            <dt class='gallery-icon'>\r\n                <a href='https:\/\/www.chile-reise.com\/de\/hotels\/atacamawueste\/explora-atacama\/explora-atacama-terrace\/'><img loading=\"lazy\" decoding=\"async\" width=\"240\" height=\"140\" src=\"https:\/\/www.chile-reise.com\/wp-content\/uploads\/Explora-Atacama-Terrace-240x140.jpg\" class=\"attachment-thumbnail size-thumbnail\" alt=\"Explora Atacama Terrace\" \/><\/a>\r\n            <\/dt>\r\n                <dd class='gallery-caption'>\r\n                Explora Atacama \r\n                <\/dd><\/dl><br style=\"clear: both\" \/>\r\n            <br style='clear: both;' \/>\r\n        <\/div>\n\n<div class=\"clear\"><\/div><div class=\"divider\"><\/div>\n<p>Das Hotel Explora Atacama nahe San Pedro de Atacama entf\u00fchrt seine Besucher in die Lebenswelt der W\u00fcste: Wie in den traditionellen H\u00e4usern spielt sich das Leben zwischen den drei Innenh\u00f6fen ab: Die Zimmer werden zu den G\u00e4ngen ge\u00f6ffnet, die zu den Patios hinausf\u00fchren. Ein gro\u00dfes, architektonisch sch\u00f6nes Schwimmbecken sorgt f\u00fcr Erfrischung. Die Zimmer sind mit viel Holz, Schieferboden, gem\u00fctlicher Sitzecke und einem Badezimmer mit Whirlpool ausgestattet.<\/p>\n<p><strong>Zimmer:<\/strong> 50<br \/>\n<strong>Ausstattung:<\/strong> Heizung, Telefon, Haartrockner, Safe, Ventilator, Restaurant, Cafeter\u00eda, Kamin, Schwimmbecken, Whirlpool, Observatorium, Spabereich mit Sauna und Massager\u00e4umen, Bibliothek, Aussichtsterrassen, W\u00e4scheservice, Parkpl\u00e4tze<br \/>\n<strong>Aktivit\u00e4ten:<\/strong> All-inclusive-Pakete mit Tranfers und Exkursionen<br \/>\n<strong>Internet:<\/strong> Wi-Fi<\/p>","protected":false},"excerpt":{"rendered":"<p>Das Hotel Explora Atacama nahe San Pedro de Atacama entf\u00fchrt seine Besucher in die Lebenswelt der W\u00fcste: Wie in den traditionellen H\u00e4usern spielt sich das Leben zwischen den drei Innenh\u00f6fen ab: Die Zimmer werden zu den G\u00e4ngen ge\u00f6ffnet, die zu &#8230;<\/p>\n","protected":false},"author":16,"featured_media":0,"parent":202,"menu_order":0,"comment_status":"open","ping_status":"open","template":"","meta":{"slim_seo":{"title":"Explora Atacama ***** Explora Atacama ***** - travelArt","description":"Explora Atacama Explora Atacama Twin Explora Atacama Living Room 1 Explora Atacama Living Room 2 Explora Atacama Pool Explora Atacama Das Hotel Explora Atacama"},"footnotes":""},"class_list":["post-258","page","type-page","status-publish","hentry"],"_links":{"self":[{"href":"https:\/\/www.chile-reise.com\/de\/wp-json\/wp\/v2\/pages\/258","targetHints":{"allow":["GET"]}}],"collection":[{"href":"https:\/\/www.chile-reise.com\/de\/wp-json\/wp\/v2\/pages"}],"about":[{"href":"https:\/\/www.chile-reise.com\/de\/wp-json\/wp\/v2\/types\/page"}],"author":[{"embeddable":true,"href":"https:\/\/www.chile-reise.com\/de\/wp-json\/wp\/v2\/users\/16"}],"replies":[{"embeddable":true,"href":"https:\/\/www.chile-reise.com\/de\/wp-json\/wp\/v2\/comments?post=258"}],"version-history":[{"count":0,"href":"https:\/\/www.chile-reise.com\/de\/wp-json\/wp\/v2\/pages\/258\/revisions"}],"up":[{"embeddable":true,"href":"https:\/\/www.chile-reise.com\/de\/wp-json\/wp\/v2\/pages\/202"}],"wp:attachment":[{"href":"https:\/\/www.chile-reise.com\/de\/wp-json\/wp\/v2\/media?parent=258"}],"curies":[{"name":"wp","href":"https:\/\/api.w.org\/{rel}","templated":true}]}}