{"id":2578,"date":"2013-09-04T00:45:44","date_gmt":"2013-09-03T22:45:44","guid":{"rendered":"http:\/\/www.chile-reise.com\/wordpress\/?page_id=2578"},"modified":"2013-11-06T17:28:03","modified_gmt":"2013-11-06T15:28:03","slug":"wunder-aus-eis-der-perito-moreno-gletscher","status":"publish","type":"page","link":"https:\/\/www.chile-reise.com\/de\/packages-daytrips\/patagonien\/wunder-aus-eis-der-perito-moreno-gletscher\/","title":{"rendered":"Wunder aus Eis: Der Perito Moreno Gletscher"},"content":{"rendered":"<style type='text\/css'>\r\n            #gallery-1 {\r\n                margin: auto;\r\n            }\r\n            #gallery-1 .gallery-item {\r\n                float: left;\r\n                margin-top: 10px;\r\n                text-align: center;\r\n                width: 33%;           }\r\n            #gallery-1 img {\r\n                border: 2px solid #cfcfcf;\r\n            }\r\n            #gallery-1 .gallery-caption {\r\n                margin-left: 0;\r\n            }\r\n        <\/style>\r\n        <!-- see gallery_shortcode() in wp-includes\/media.php -->\r\n        <div id='gallery-1' class='gallery-images gallery galleryid-2578'><dl class='gallery-item'>\r\n            <dt class='gallery-icon'>\r\n                <a href='https:\/\/www.chile-reise.com\/wp-content\/uploads\/Perito-Moreno-1.jpg'><img loading=\"lazy\" decoding=\"async\" width=\"240\" height=\"140\" src=\"https:\/\/www.chile-reise.com\/wp-content\/uploads\/Perito-Moreno-1-240x140.jpg\" class=\"attachment-thumbnail size-thumbnail\" alt=\"Perito Moreno\" \/><\/a>\r\n            <\/dt>\r\n                <dd class='gallery-caption'>\r\n                Perito Moreno 1\r\n                <\/dd><\/dl><dl class='gallery-item'>\r\n            <dt class='gallery-icon'>\r\n                <a href='https:\/\/www.chile-reise.com\/wp-content\/uploads\/Perito-Moreno-2.jpg'><img loading=\"lazy\" decoding=\"async\" width=\"240\" height=\"140\" src=\"https:\/\/www.chile-reise.com\/wp-content\/uploads\/Perito-Moreno-2-240x140.jpg\" class=\"attachment-thumbnail size-thumbnail\" alt=\"Perito Moreno\" \/><\/a>\r\n            <\/dt>\r\n                <dd class='gallery-caption'>\r\n                Perito Moreno 2\r\n                <\/dd><\/dl>\r\n            <br style='clear: both;' \/>\r\n        <\/div>\n\n<div class=\"clear\"><\/div><div class=\"divider\"><\/div>\n<p><strong>Art der Reise:<\/strong> Natur<br \/>\n<strong>Dauer:<\/strong> 1 Tag<\/p>\n\n\t<script type=\"text\/javascript\">\tjQuery(document).ready(function($){\tjQuery(\"ul.tabs-nav\").tabs(\"> .pane\"); }); <\/script>\n\n\t\t<div class=\"post-tabs\">\n\t\t\n<ul class=\"tabs-nav\">\n<li>Tourverlauf<\/li>\n<\/ul>\n\n\t\t<div class=\"pane\">\n\t\t\nFr\u00fch am Morgen fahren Sie in Richtung Argentinien und<br \/>\ndurchqueren die weite Patagonische Pampa bis nach El Calafate.  Von dort aus geht es zum wundrsch\u00f6nen Perito<br \/>\nMoreno-Gletscher. Er geh\u00f6rt zum argentinischen Teil des s\u00fcdlichen Eisfeldes, enormen Eismassen, die riesige Fl\u00e4chen unter sich begraben. Auf sicheren, gut gekennzeichneten Wegen haben Sie die Gelegenheit, dieses Naturwunder aus verschiedenen Blickwinkeln zu beobachten. Wenn Sie Gl\u00fcck haben, k\u00f6nnen Sie sogar erleben, wie Eiss\u00e4ulen aus dem Gletscher brechen und donnernd in den Argentino -See st\u00fcrzen. Nachmittags R\u00fcckkehr nach Chile. Ankunft in Puerto Natales am sp\u00e4ten Abend.<br \/>\n\n\t\t<\/div>\n\t\n\n\t\t<\/div>\n\t\n<\/p>","protected":false},"excerpt":{"rendered":"<p>Art der Reise: Natur Dauer: 1 Tag<\/p>\n","protected":false},"author":3,"featured_media":0,"parent":103,"menu_order":0,"comment_status":"open","ping_status":"open","template":"","meta":{"slim_seo":{"title":"Wunder aus Eis: Der Perito Moreno Gletscher Icy Giant: The Perito Moreno Glacier - travelArt","description":"Perito Moreno 1 Perito Moreno 2 Art der Reise: Natur Dauer: 1 Tag Tourverlauf Fr\u00fch am Morgen fahren Sie in Richtung Argentinien und durchqueren die weite Patago"},"footnotes":""},"class_list":["post-2578","page","type-page","status-publish","hentry"],"_links":{"self":[{"href":"https:\/\/www.chile-reise.com\/de\/wp-json\/wp\/v2\/pages\/2578","targetHints":{"allow":["GET"]}}],"collection":[{"href":"https:\/\/www.chile-reise.com\/de\/wp-json\/wp\/v2\/pages"}],"about":[{"href":"https:\/\/www.chile-reise.com\/de\/wp-json\/wp\/v2\/types\/page"}],"author":[{"embeddable":true,"href":"https:\/\/www.chile-reise.com\/de\/wp-json\/wp\/v2\/users\/3"}],"replies":[{"embeddable":true,"href":"https:\/\/www.chile-reise.com\/de\/wp-json\/wp\/v2\/comments?post=2578"}],"version-history":[{"count":0,"href":"https:\/\/www.chile-reise.com\/de\/wp-json\/wp\/v2\/pages\/2578\/revisions"}],"up":[{"embeddable":true,"href":"https:\/\/www.chile-reise.com\/de\/wp-json\/wp\/v2\/pages\/103"}],"wp:attachment":[{"href":"https:\/\/www.chile-reise.com\/de\/wp-json\/wp\/v2\/media?parent=2578"}],"curies":[{"name":"wp","href":"https:\/\/api.w.org\/{rel}","templated":true}]}}