{"id":2575,"date":"2013-09-04T00:41:25","date_gmt":"2013-09-03T22:41:25","guid":{"rendered":"http:\/\/www.chile-reise.com\/wordpress\/?page_id=2575"},"modified":"2013-11-06T17:33:07","modified_gmt":"2013-11-06T15:33:07","slug":"balmaceda-serrano-gletscher-exkursion-und-estancia-perales","status":"publish","type":"page","link":"https:\/\/www.chile-reise.com\/de\/packages-daytrips\/patagonien\/balmaceda-serrano-gletscher-exkursion-und-estancia-perales\/","title":{"rendered":"Balmaceda-Serrano Gletscher-Exkursion und Estancia Perales"},"content":{"rendered":"<style type='text\/css'>\r\n            #gallery-1 {\r\n                margin: auto;\r\n            }\r\n            #gallery-1 .gallery-item {\r\n                float: left;\r\n                margin-top: 10px;\r\n                text-align: center;\r\n                width: 33%;           }\r\n            #gallery-1 img {\r\n                border: 2px solid #cfcfcf;\r\n            }\r\n            #gallery-1 .gallery-caption {\r\n                margin-left: 0;\r\n            }\r\n        <\/style>\r\n        <!-- see gallery_shortcode() in wp-includes\/media.php -->\r\n        <div id='gallery-1' class='gallery-images gallery galleryid-2575'><dl class='gallery-item'>\r\n            <dt class='gallery-icon'>\r\n                <a href='https:\/\/www.chile-reise.com\/wp-content\/uploads\/Balmaceda-Serrano-1.jpg'><img loading=\"lazy\" decoding=\"async\" width=\"240\" height=\"140\" src=\"https:\/\/www.chile-reise.com\/wp-content\/uploads\/Balmaceda-Serrano-1-240x140.jpg\" class=\"attachment-thumbnail size-thumbnail\" alt=\"Balmaceda Serrano\" \/><\/a>\r\n            <\/dt>\r\n                <dd class='gallery-caption'>\r\n                Balmaceda Clacier\r\n                <\/dd><\/dl><dl class='gallery-item'>\r\n            <dt class='gallery-icon'>\r\n                <a href='https:\/\/www.chile-reise.com\/wp-content\/uploads\/Balmaceda-Serrano-2.jpg'><img loading=\"lazy\" decoding=\"async\" width=\"240\" height=\"140\" src=\"https:\/\/www.chile-reise.com\/wp-content\/uploads\/Balmaceda-Serrano-2-240x140.jpg\" class=\"attachment-thumbnail size-thumbnail\" alt=\"Balmaceda Serrano\" \/><\/a>\r\n            <\/dt>\r\n                <dd class='gallery-caption'>\r\n                Serrano Glacier\r\n                <\/dd><\/dl><dl class='gallery-item'>\r\n            <dt class='gallery-icon'>\r\n                <a href='https:\/\/www.chile-reise.com\/wp-content\/uploads\/Balmaceda-Serrano-3.jpg'><img loading=\"lazy\" decoding=\"async\" width=\"240\" height=\"140\" src=\"https:\/\/www.chile-reise.com\/wp-content\/uploads\/Balmaceda-Serrano-3-240x140.jpg\" class=\"attachment-thumbnail size-thumbnail\" alt=\"Balmaceda Serrano\" \/><\/a>\r\n            <\/dt>\r\n                <dd class='gallery-caption'>\r\n                Serrano Glacier 2\r\n                <\/dd><\/dl><br style=\"clear: both\" \/>\r\n            <br style='clear: both;' \/>\r\n        <\/div>\n\n<div class=\"clear\"><\/div><div class=\"divider\"><\/div>\n<p><strong>Art der Reise:<\/strong> Natur<br \/>\n<strong>Dauer:<\/strong> 1 Tag<\/p>\n\n\t<script type=\"text\/javascript\">\tjQuery(document).ready(function($){\tjQuery(\"ul.tabs-nav\").tabs(\"> .pane\"); }); <\/script>\n\n\t\t<div class=\"post-tabs\">\n\t\t\n<ul class=\"tabs-nav\">\n<li>Tourverlauf<\/li>\n<li>Anmerkungen<\/li>\n<\/ul>\n\n\t\t<div class=\"pane\">\n\t\t\nDiese Bootexkursion bringt Sie ganz nah an zwei der eisigen Zungen Patagoniens heran: Die Gletscher Balmaceda und Serrano. Sie brechen fr\u00fch am Morgen von Puerto Natales auf und fahren in Richtung Nord-Westen in den Fjord Ultima Esperanza (\u201eLetzte Hoffnung\u201c) hinein. Genie\u00dfen Sie die Aussicht auf Berge, rauschende Wasserf\u00e4lle und tiefgr\u00fcne W\u00e4lder. Gegen Mittag erreichen Sie die Gletscher Balmaceda und Serrano, die nebeneinander vom Balmaceda-Gipfel herabstr\u00f6men. In der Laguna Serrano gehen Sie von Bord und unternehmen eine kurze Wanderung. Wieder an Bord des Schiffes fahren Sie zur Estancia Perales, wo ein k\u00f6stliches Mittagessen auf Sie wartet. Anschlie\u00dfend geht es zur\u00fcck \u00fcber den Fjord nach Puerto Natales, wo Sie am sp\u00e4ten Nachmittag anlegen.<br \/>\n\n\t\t<\/div>\n\t\n\n\t\t<div class=\"pane\">\n\t\t\nBei einer Variante dieser Tour halten Sie nicht an der Estancia Perales, sondern fahren mit einem Zodiac-Boot auf dem  FlussSerrano in den Torres del Paine Nationalpark hinein.<br \/>\n\n\t\t<\/div>\n\t\n\n\t\t<\/div>\n\t\n<\/p>","protected":false},"excerpt":{"rendered":"<p>Art der Reise: Natur Dauer: 1 Tag<\/p>\n","protected":false},"author":3,"featured_media":0,"parent":103,"menu_order":0,"comment_status":"open","ping_status":"open","template":"","meta":{"slim_seo":{"title":"Balmaceda-Serrano Gletscher-Exkursion und Estancia Perales Balmaceda and Serrano Glaciers + Estancia Perales - travelArt","description":"Balmaceda Clacier Serrano Glacier Serrano Glacier 2 Art der Reise: Natur Dauer: 1 Tag Tourverlauf Anmerkungen Diese Bootexkursion bringt Sie ganz nah an zwei de"},"footnotes":""},"class_list":["post-2575","page","type-page","status-publish","hentry"],"_links":{"self":[{"href":"https:\/\/www.chile-reise.com\/de\/wp-json\/wp\/v2\/pages\/2575","targetHints":{"allow":["GET"]}}],"collection":[{"href":"https:\/\/www.chile-reise.com\/de\/wp-json\/wp\/v2\/pages"}],"about":[{"href":"https:\/\/www.chile-reise.com\/de\/wp-json\/wp\/v2\/types\/page"}],"author":[{"embeddable":true,"href":"https:\/\/www.chile-reise.com\/de\/wp-json\/wp\/v2\/users\/3"}],"replies":[{"embeddable":true,"href":"https:\/\/www.chile-reise.com\/de\/wp-json\/wp\/v2\/comments?post=2575"}],"version-history":[{"count":0,"href":"https:\/\/www.chile-reise.com\/de\/wp-json\/wp\/v2\/pages\/2575\/revisions"}],"up":[{"embeddable":true,"href":"https:\/\/www.chile-reise.com\/de\/wp-json\/wp\/v2\/pages\/103"}],"wp:attachment":[{"href":"https:\/\/www.chile-reise.com\/de\/wp-json\/wp\/v2\/media?parent=2575"}],"curies":[{"name":"wp","href":"https:\/\/api.w.org\/{rel}","templated":true}]}}