{"id":2568,"date":"2013-09-04T00:06:27","date_gmt":"2013-09-03T22:06:27","guid":{"rendered":"http:\/\/www.chile-reise.com\/wordpress\/?page_id=2568"},"modified":"2013-11-06T17:24:16","modified_gmt":"2013-11-06T15:24:16","slug":"milodonhoehle","status":"publish","type":"page","link":"https:\/\/www.chile-reise.com\/de\/packages-daytrips\/patagonien\/milodonhoehle\/","title":{"rendered":"Milodonh\u00f6hle"},"content":{"rendered":"<style type='text\/css'>\r\n            #gallery-1 {\r\n                margin: auto;\r\n            }\r\n            #gallery-1 .gallery-item {\r\n                float: left;\r\n                margin-top: 10px;\r\n                text-align: center;\r\n                width: 33%;           }\r\n            #gallery-1 img {\r\n                border: 2px solid #cfcfcf;\r\n            }\r\n            #gallery-1 .gallery-caption {\r\n                margin-left: 0;\r\n            }\r\n        <\/style>\r\n        <!-- see gallery_shortcode() in wp-includes\/media.php -->\r\n        <div id='gallery-1' class='gallery-images gallery galleryid-2568'><dl class='gallery-item'>\r\n            <dt class='gallery-icon'>\r\n                <a href='https:\/\/www.chile-reise.com\/wp-content\/uploads\/Milodon-1.jpg'><img loading=\"lazy\" decoding=\"async\" width=\"240\" height=\"140\" src=\"https:\/\/www.chile-reise.com\/wp-content\/uploads\/Milodon-1-240x140.jpg\" class=\"attachment-thumbnail size-thumbnail\" alt=\"Milodon\" \/><\/a>\r\n            <\/dt>\r\n                <dd class='gallery-caption'>\r\n                Milodon 1\r\n                <\/dd><\/dl><dl class='gallery-item'>\r\n            <dt class='gallery-icon'>\r\n                <a href='https:\/\/www.chile-reise.com\/wp-content\/uploads\/Milodon-2.jpg'><img loading=\"lazy\" decoding=\"async\" width=\"240\" height=\"140\" src=\"https:\/\/www.chile-reise.com\/wp-content\/uploads\/Milodon-2-240x140.jpg\" class=\"attachment-thumbnail size-thumbnail\" alt=\"Milodon\" \/><\/a>\r\n            <\/dt>\r\n                <dd class='gallery-caption'>\r\n                Milodon 2\r\n                <\/dd><\/dl><dl class='gallery-item'>\r\n            <dt class='gallery-icon'>\r\n                <a href='https:\/\/www.chile-reise.com\/wp-content\/uploads\/Milodon-3.jpg'><img loading=\"lazy\" decoding=\"async\" width=\"240\" height=\"140\" src=\"https:\/\/www.chile-reise.com\/wp-content\/uploads\/Milodon-3-240x140.jpg\" class=\"attachment-thumbnail size-thumbnail\" alt=\"Milodon\" \/><\/a>\r\n            <\/dt>\r\n                <dd class='gallery-caption'>\r\n                Milodon 3\r\n                <\/dd><\/dl><br style=\"clear: both\" \/>\r\n            <br style='clear: both;' \/>\r\n        <\/div>\n<div class=\"clear\"><\/div><div class=\"divider\"><\/div>\n<p><strong>Art der Reise:<\/strong> Natur<br \/>\n<strong>Dauer:<\/strong> 1 Tag<\/p>\n\n\t<script type=\"text\/javascript\">\tjQuery(document).ready(function($){\tjQuery(\"ul.tabs-nav\").tabs(\"> .pane\"); }); <\/script>\n\n\t\t<div class=\"post-tabs\">\n\t\t\n<ul class=\"tabs-nav\">\n<li>Tourverlauf<\/li>\n<\/ul>\n\n\t\t<div class=\"pane\">\n\t\t\nNur 25 km von Puerto Natales entfernt liegt die ber\u00fchmte Milodon-H\u00f6hle in der der deutsche Abenteurer Hermann Eberhard 1895 \u00dcberreste des pr\u00e4historischen Riesenfaultiers Mylodon fand. Ein sehr gut erhaltenes St\u00fcck Haut, Knochen und Haare belegten zweifelsfrei die Existenz des Tieres. In der 30 m hohen und 200 m tiefen H\u00f6hle kann heute ein lebensgro\u00dfes Modell des Milodons bestaunt werden.<br \/>\nDie Halbtagesexkursion f\u00fchrt Sie von Puerto Natales aus zur H\u00f6hle, wobei Sie w\u00e4hrend der Fahrt eine gro\u00dfartige Aussicht auf die Fjorde Eberhard und Ultima Esperanza (\u201eLetzte Hoffnung\u201c) haben. Nach einem Besuch im Informationszentrum folgen Sie einem kleinen Pfad zur H\u00f6hle. Nach der Besichtigung geht es zur\u00fcck nach Puerto Natales.<br \/>\n\n\t\t<\/div>\n\t\n\n\t\t<\/div>\n\t<\/p>","protected":false},"excerpt":{"rendered":"<p>Art der Reise: Natur Dauer: 1 Tag<\/p>\n","protected":false},"author":3,"featured_media":0,"parent":103,"menu_order":0,"comment_status":"open","ping_status":"open","template":"","meta":{"slim_seo":{"title":"Milodonh\u00f6hle Milodon Cave - travelArt","description":"Milodon 1 Milodon 2 Milodon 3 Art der Reise: Natur Dauer: 1 Tag Tourverlauf Nur 25 km von Puerto Natales entfernt liegt die ber\u00fchmte Milodon-H\u00f6hle in der der de"},"footnotes":""},"class_list":["post-2568","page","type-page","status-publish","hentry"],"_links":{"self":[{"href":"https:\/\/www.chile-reise.com\/de\/wp-json\/wp\/v2\/pages\/2568","targetHints":{"allow":["GET"]}}],"collection":[{"href":"https:\/\/www.chile-reise.com\/de\/wp-json\/wp\/v2\/pages"}],"about":[{"href":"https:\/\/www.chile-reise.com\/de\/wp-json\/wp\/v2\/types\/page"}],"author":[{"embeddable":true,"href":"https:\/\/www.chile-reise.com\/de\/wp-json\/wp\/v2\/users\/3"}],"replies":[{"embeddable":true,"href":"https:\/\/www.chile-reise.com\/de\/wp-json\/wp\/v2\/comments?post=2568"}],"version-history":[{"count":0,"href":"https:\/\/www.chile-reise.com\/de\/wp-json\/wp\/v2\/pages\/2568\/revisions"}],"up":[{"embeddable":true,"href":"https:\/\/www.chile-reise.com\/de\/wp-json\/wp\/v2\/pages\/103"}],"wp:attachment":[{"href":"https:\/\/www.chile-reise.com\/de\/wp-json\/wp\/v2\/media?parent=2568"}],"curies":[{"name":"wp","href":"https:\/\/api.w.org\/{rel}","templated":true}]}}