{"id":2564,"date":"2013-09-03T23:11:30","date_gmt":"2013-09-03T21:11:30","guid":{"rendered":"http:\/\/www.chile-reise.com\/wordpress\/?page_id=2564"},"modified":"2013-11-06T17:17:42","modified_gmt":"2013-11-06T15:17:42","slug":"nao-victoria","status":"publish","type":"page","link":"https:\/\/www.chile-reise.com\/de\/packages-daytrips\/patagonien\/nao-victoria\/","title":{"rendered":"Nao Victoria"},"content":{"rendered":"<style type='text\/css'>\r\n            #gallery-1 {\r\n                margin: auto;\r\n            }\r\n            #gallery-1 .gallery-item {\r\n                float: left;\r\n                margin-top: 10px;\r\n                text-align: center;\r\n                width: 33%;           }\r\n            #gallery-1 img {\r\n                border: 2px solid #cfcfcf;\r\n            }\r\n            #gallery-1 .gallery-caption {\r\n                margin-left: 0;\r\n            }\r\n        <\/style>\r\n        <!-- see gallery_shortcode() in wp-includes\/media.php -->\r\n        <div id='gallery-1' class='gallery-images gallery galleryid-2564'><dl class='gallery-item'>\r\n            <dt class='gallery-icon'>\r\n                <a href='https:\/\/www.chile-reise.com\/wp-content\/uploads\/Nao-Victoria-1.jpg'><img loading=\"lazy\" decoding=\"async\" width=\"240\" height=\"140\" src=\"https:\/\/www.chile-reise.com\/wp-content\/uploads\/Nao-Victoria-1-240x140.jpg\" class=\"attachment-thumbnail size-thumbnail\" alt=\"Nao Victoria\" \/><\/a>\r\n            <\/dt>\r\n                <dd class='gallery-caption'>\r\n                Nao Victoria\r\n                <\/dd><\/dl><dl class='gallery-item'>\r\n            <dt class='gallery-icon'>\r\n                <a href='https:\/\/www.chile-reise.com\/wp-content\/uploads\/Nao-Victoria-2.jpg'><img loading=\"lazy\" decoding=\"async\" width=\"240\" height=\"140\" src=\"https:\/\/www.chile-reise.com\/wp-content\/uploads\/Nao-Victoria-2-240x140.jpg\" class=\"attachment-thumbnail size-thumbnail\" alt=\"Nao Victoria\" \/><\/a>\r\n            <\/dt>\r\n                <dd class='gallery-caption'>\r\n                Nao Victoria Detail\r\n                <\/dd><\/dl><dl class='gallery-item'>\r\n            <dt class='gallery-icon'>\r\n                <a href='https:\/\/www.chile-reise.com\/wp-content\/uploads\/Nao-Victoria-3.jpg'><img loading=\"lazy\" decoding=\"async\" width=\"240\" height=\"140\" src=\"https:\/\/www.chile-reise.com\/wp-content\/uploads\/Nao-Victoria-3-240x140.jpg\" class=\"attachment-thumbnail size-thumbnail\" alt=\"Nao Victoria\" \/><\/a>\r\n            <\/dt>\r\n                <dd class='gallery-caption'>\r\n                Nao Victoria Interior\r\n                <\/dd><\/dl><br style=\"clear: both\" \/>\r\n            <br style='clear: both;' \/>\r\n        <\/div>\n\n<div class=\"clear\"><\/div><div class=\"divider\"><\/div>\n<p><strong>Art der Reise:<\/strong> Kultur<br \/>\n<strong>Dauer:<\/strong> 1 Tag<\/p>\n\n\t<script type=\"text\/javascript\">\tjQuery(document).ready(function($){\tjQuery(\"ul.tabs-nav\").tabs(\"> .pane\"); }); <\/script>\n\n\t\t<div class=\"post-tabs\">\n\t\t\n<ul class=\"tabs-nav\">\n<li>Tourverlauf<\/li>\n<li>Anmerkungen<\/li>\n<\/ul>\n\n\t\t<div class=\"pane\">\n\t\t\nDie \u201cNao Victoria\u201d ist eine originalgetreue Nachbildung  des gleichnamigen Schiffes, mit der Hernando de Magallanes im 16. Jahrhundert die Welt umsegelte.  Sie  liegt gleich am Ufer der Magellanstra\u03b2e vor den Toren von Punta Arenas und eignet sich gut als Zwischenstop auf der Fahrt vom oder zum Flughafen. Gehen sie an Bord, schauen sie \u00fcber das Meer und stellen Sie sich vor, wie es damals an Bord zugegangen sein muss. Sie k\u00f6nnen das ganze Schiff erkunden: Die Kammer des Kapit\u00e4ns, die Mannschaftsdecks sowie die Werkst\u00e4tten und Vorratsr\u00e4ume im dunklen Schiffsbauch. Ergreifen sie das Steuer und lassen Sie Ihre Fantasie spielen!<br \/>\n\n\t\t<\/div>\n\t\n\n\t\t<div class=\"pane\">\n\t\t\nKurzausflug.<br \/>\nEignet sich als Zwischenstopp auf dem Weg vom oder zum Flughafen Punta Arenas<br \/>\n\n\t\t<\/div>\n\t\n\n\t\t<\/div>\n\t\n<\/p>","protected":false},"excerpt":{"rendered":"<p>Art der Reise: Kultur Dauer: 1 Tag<\/p>\n","protected":false},"author":3,"featured_media":0,"parent":103,"menu_order":0,"comment_status":"open","ping_status":"open","template":"","meta":{"slim_seo":{"title":"Nao Victoria Nao Victoria - travelArt","description":"Nao Victoria Nao Victoria Detail Nao Victoria Interior Art der Reise: Kultur Dauer: 1 Tag Tourverlauf Anmerkungen Die \u201cNao Victoria\u201d ist eine originalgetreue Na"},"footnotes":""},"class_list":["post-2564","page","type-page","status-publish","hentry"],"_links":{"self":[{"href":"https:\/\/www.chile-reise.com\/de\/wp-json\/wp\/v2\/pages\/2564","targetHints":{"allow":["GET"]}}],"collection":[{"href":"https:\/\/www.chile-reise.com\/de\/wp-json\/wp\/v2\/pages"}],"about":[{"href":"https:\/\/www.chile-reise.com\/de\/wp-json\/wp\/v2\/types\/page"}],"author":[{"embeddable":true,"href":"https:\/\/www.chile-reise.com\/de\/wp-json\/wp\/v2\/users\/3"}],"replies":[{"embeddable":true,"href":"https:\/\/www.chile-reise.com\/de\/wp-json\/wp\/v2\/comments?post=2564"}],"version-history":[{"count":0,"href":"https:\/\/www.chile-reise.com\/de\/wp-json\/wp\/v2\/pages\/2564\/revisions"}],"up":[{"embeddable":true,"href":"https:\/\/www.chile-reise.com\/de\/wp-json\/wp\/v2\/pages\/103"}],"wp:attachment":[{"href":"https:\/\/www.chile-reise.com\/de\/wp-json\/wp\/v2\/media?parent=2564"}],"curies":[{"name":"wp","href":"https:\/\/api.w.org\/{rel}","templated":true}]}}