{"id":2562,"date":"2013-09-03T23:03:22","date_gmt":"2013-09-03T21:03:22","guid":{"rendered":"http:\/\/www.chile-reise.com\/wordpress\/?page_id=2562"},"modified":"2013-11-06T20:16:16","modified_gmt":"2013-11-06T18:16:16","slug":"feuerland-und-porvenir","status":"publish","type":"page","link":"https:\/\/www.chile-reise.com\/de\/packages-daytrips\/patagonien\/feuerland-und-porvenir\/","title":{"rendered":"Feuerland und Porvenir"},"content":{"rendered":"<style type='text\/css'>\r\n            #gallery-1 {\r\n                margin: auto;\r\n            }\r\n            #gallery-1 .gallery-item {\r\n                float: left;\r\n                margin-top: 10px;\r\n                text-align: center;\r\n                width: 33%;           }\r\n            #gallery-1 img {\r\n                border: 2px solid #cfcfcf;\r\n            }\r\n            #gallery-1 .gallery-caption {\r\n                margin-left: 0;\r\n            }\r\n        <\/style>\r\n        <!-- see gallery_shortcode() in wp-includes\/media.php -->\r\n        <div id='gallery-1' class='gallery-images gallery galleryid-2562'><dl class='gallery-item'>\r\n            <dt class='gallery-icon'>\r\n                <a href='https:\/\/www.chile-reise.com\/wp-content\/uploads\/Tierra-del-Fuego_3.jpg'><img loading=\"lazy\" decoding=\"async\" width=\"240\" height=\"140\" src=\"https:\/\/www.chile-reise.com\/wp-content\/uploads\/Tierra-del-Fuego_3-240x140.jpg\" class=\"attachment-thumbnail size-thumbnail\" alt=\"Tierra del Fuego\" \/><\/a>\r\n            <\/dt>\r\n                <dd class='gallery-caption'>\r\n                Tierra del Fuego 1\r\n                <\/dd><\/dl><dl class='gallery-item'>\r\n            <dt class='gallery-icon'>\r\n                <a href='https:\/\/www.chile-reise.com\/wp-content\/uploads\/Tierra-del-Fuego_2.jpg'><img loading=\"lazy\" decoding=\"async\" width=\"240\" height=\"140\" src=\"https:\/\/www.chile-reise.com\/wp-content\/uploads\/Tierra-del-Fuego_2-240x140.jpg\" class=\"attachment-thumbnail size-thumbnail\" alt=\"Tierra del Fuego\" \/><\/a>\r\n            <\/dt>\r\n                <dd class='gallery-caption'>\r\n                Tierra del Fuego 2\r\n                <\/dd><\/dl><dl class='gallery-item'>\r\n            <dt class='gallery-icon'>\r\n                <a href='https:\/\/www.chile-reise.com\/wp-content\/uploads\/Tierra-del-Fuego_1.jpg'><img loading=\"lazy\" decoding=\"async\" width=\"240\" height=\"140\" src=\"https:\/\/www.chile-reise.com\/wp-content\/uploads\/Tierra-del-Fuego_1-240x140.jpg\" class=\"attachment-thumbnail size-thumbnail\" alt=\"Tierra del Fuego\" \/><\/a>\r\n            <\/dt>\r\n                <dd class='gallery-caption'>\r\n                Tierra del Fuego 3\r\n                <\/dd><\/dl><br style=\"clear: both\" \/>\r\n            <br style='clear: both;' \/>\r\n        <\/div>\n\n<div class=\"clear\"><\/div><div class=\"divider\"><\/div>\n<p><strong>Art der Reise:<\/strong> Kultur<br \/>\n<strong>Dauer:<\/strong> 1 Tag<\/p>\n\n\t<script type=\"text\/javascript\">\tjQuery(document).ready(function($){\tjQuery(\"ul.tabs-nav\").tabs(\"> .pane\"); }); <\/script>\n\n\t\t<div class=\"post-tabs\">\n\t\t\n<ul class=\"tabs-nav\">\n<li>Tourverlauf<\/li>\n<\/ul>\n\n\t\t<div class=\"pane\">\n\t\t\nAm Morgen fahren Sie auf einer F\u00e4hre von Punta Arenas \u00fcber die eisige Magellanstra\u00dfe nach Feuerland, der gr\u00f6\u00dften Insel S\u00fcdamerikas. Mit etwas Gl\u00fcck k\u00f6nnen Sie w\u00e4hrend der \u00dcberfahrt Delfine beobachten. Auf Feuerland besuchen Sie die Siedlung Porvenir und das kleine, faszinierende Museum Fernando Cordero Rusque. Hier werden seltene arch\u00e4ologische und fotografische Ausstellungsst\u00fccke \u00fcber die Ona, die Ureinwohner Feuerlands, ausgestellt. Die Ona wurden ausgerottet, nachdem 1880 in ihrem Gebiet Gold gefunden wurde. Am Nachmittag kehren Sie per Flugzeug nach Punta Arenas zur\u00fcck.<br \/>\n\n\t\t<\/div>\n\t\n\n\t\t<\/div>\n\t\n<\/p>","protected":false},"excerpt":{"rendered":"<p>Art der Reise: Kultur Dauer: 1 Tag<\/p>\n","protected":false},"author":3,"featured_media":0,"parent":103,"menu_order":0,"comment_status":"open","ping_status":"open","template":"","meta":{"slim_seo":{"title":"Feuerland und Porvenir Tierra del Fuego and Porvenir - travelArt","description":"Tierra del Fuego 1 Tierra del Fuego 2 Tierra del Fuego 3 Art der Reise: Kultur Dauer: 1 Tag Tourverlauf Am Morgen fahren Sie auf einer F\u00e4hre von Punta Arenas \u00fcb"},"footnotes":""},"class_list":["post-2562","page","type-page","status-publish","hentry"],"_links":{"self":[{"href":"https:\/\/www.chile-reise.com\/de\/wp-json\/wp\/v2\/pages\/2562","targetHints":{"allow":["GET"]}}],"collection":[{"href":"https:\/\/www.chile-reise.com\/de\/wp-json\/wp\/v2\/pages"}],"about":[{"href":"https:\/\/www.chile-reise.com\/de\/wp-json\/wp\/v2\/types\/page"}],"author":[{"embeddable":true,"href":"https:\/\/www.chile-reise.com\/de\/wp-json\/wp\/v2\/users\/3"}],"replies":[{"embeddable":true,"href":"https:\/\/www.chile-reise.com\/de\/wp-json\/wp\/v2\/comments?post=2562"}],"version-history":[{"count":0,"href":"https:\/\/www.chile-reise.com\/de\/wp-json\/wp\/v2\/pages\/2562\/revisions"}],"up":[{"embeddable":true,"href":"https:\/\/www.chile-reise.com\/de\/wp-json\/wp\/v2\/pages\/103"}],"wp:attachment":[{"href":"https:\/\/www.chile-reise.com\/de\/wp-json\/wp\/v2\/media?parent=2562"}],"curies":[{"name":"wp","href":"https:\/\/api.w.org\/{rel}","templated":true}]}}