{"id":2560,"date":"2013-09-03T22:51:36","date_gmt":"2013-09-03T20:51:36","guid":{"rendered":"http:\/\/www.chile-reise.com\/wordpress\/?page_id=2560"},"modified":"2014-03-17T16:56:11","modified_gmt":"2014-03-17T14:56:11","slug":"estancia-fitz-roy","status":"publish","type":"page","link":"https:\/\/www.chile-reise.com\/de\/packages-daytrips\/patagonien\/estancia-fitz-roy\/","title":{"rendered":"Estancia Fitz Roy"},"content":{"rendered":"<p>\r\n        <style type='text\/css'>\r\n            #gallery-1 {\r\n                margin: auto;\r\n            }\r\n            #gallery-1 .gallery-item {\r\n                float: left;\r\n                margin-top: 10px;\r\n                text-align: center;\r\n                width: 33%;           }\r\n            #gallery-1 img {\r\n                border: 2px solid #cfcfcf;\r\n            }\r\n            #gallery-1 .gallery-caption {\r\n                margin-left: 0;\r\n            }\r\n        <\/style>\r\n        <!-- see gallery_shortcode() in wp-includes\/media.php -->\r\n        <div id='gallery-1' class='gallery-images gallery galleryid-2560'><dl class='gallery-item'>\r\n            <dt class='gallery-icon'>\r\n                <a href='https:\/\/www.chile-reise.com\/wp-content\/uploads\/Estancia-Fitz-Roy_klein.jpg'><img loading=\"lazy\" decoding=\"async\" width=\"240\" height=\"140\" src=\"https:\/\/www.chile-reise.com\/wp-content\/uploads\/Estancia-Fitz-Roy_klein-240x140.jpg\" class=\"attachment-thumbnail size-thumbnail\" alt=\"Estancia Fitz Roy klein\" \/><\/a>\r\n            <\/dt>\r\n                <dd class='gallery-caption'>\r\n                Estancia Fitz Roy\r\n                <\/dd><\/dl><dl class='gallery-item'>\r\n            <dt class='gallery-icon'>\r\n                <a href='https:\/\/www.chile-reise.com\/wp-content\/uploads\/Estancia-Fitz-Roy6_klein.jpg'><img loading=\"lazy\" decoding=\"async\" width=\"240\" height=\"140\" src=\"https:\/\/www.chile-reise.com\/wp-content\/uploads\/Estancia-Fitz-Roy6_klein-240x140.jpg\" class=\"attachment-thumbnail size-thumbnail\" alt=\"Estancia Fitz Roy6 klein\" \/><\/a>\r\n            <\/dt>\r\n                <dd class='gallery-caption'>\r\n                Estancia Fitz Roy\r\n                <\/dd><\/dl><dl class='gallery-item'>\r\n            <dt class='gallery-icon'>\r\n                <a href='https:\/\/www.chile-reise.com\/wp-content\/uploads\/Estancia-Fitz-Roy3_klein.jpg'><img loading=\"lazy\" decoding=\"async\" width=\"240\" height=\"140\" src=\"https:\/\/www.chile-reise.com\/wp-content\/uploads\/Estancia-Fitz-Roy3_klein-240x140.jpg\" class=\"attachment-thumbnail size-thumbnail\" alt=\"Estancia Fitz Roy3 klein\" \/><\/a>\r\n            <\/dt>\r\n                <dd class='gallery-caption'>\r\n                Estancia Fitz Roy\r\n                <\/dd><\/dl><br style=\"clear: both\" \/><dl class='gallery-item'>\r\n            <dt class='gallery-icon'>\r\n                <a href='https:\/\/www.chile-reise.com\/wp-content\/uploads\/Estancia-Fitz-Roy2_klein.jpg'><img loading=\"lazy\" decoding=\"async\" width=\"240\" height=\"140\" src=\"https:\/\/www.chile-reise.com\/wp-content\/uploads\/Estancia-Fitz-Roy2_klein-240x140.jpg\" class=\"attachment-thumbnail size-thumbnail\" alt=\"Estancia Fitz Roy2 klein\" \/><\/a>\r\n            <\/dt>\r\n                <dd class='gallery-caption'>\r\n                Estancia Fitz Roy\r\n                <\/dd><\/dl><dl class='gallery-item'>\r\n            <dt class='gallery-icon'>\r\n                <a href='https:\/\/www.chile-reise.com\/wp-content\/uploads\/Estancia-Fitz-Roy4_klein.jpg'><img loading=\"lazy\" decoding=\"async\" width=\"240\" height=\"140\" src=\"https:\/\/www.chile-reise.com\/wp-content\/uploads\/Estancia-Fitz-Roy4_klein-240x140.jpg\" class=\"attachment-thumbnail size-thumbnail\" alt=\"Estancia Fitz Roy4 klein\" \/><\/a>\r\n            <\/dt>\r\n                <dd class='gallery-caption'>\r\n                Estancia Fitz Roy\r\n                <\/dd><\/dl><dl class='gallery-item'>\r\n            <dt class='gallery-icon'>\r\n                <a href='https:\/\/www.chile-reise.com\/wp-content\/uploads\/Estancia-Fitz-Roy5_klein.jpg'><img loading=\"lazy\" decoding=\"async\" width=\"240\" height=\"140\" src=\"https:\/\/www.chile-reise.com\/wp-content\/uploads\/Estancia-Fitz-Roy5_klein-240x140.jpg\" class=\"attachment-thumbnail size-thumbnail\" alt=\"Estancia Fitz Roy5 klein\" \/><\/a>\r\n            <\/dt>\r\n                <dd class='gallery-caption'>\r\n                Estancia Fitz Roy\r\n                <\/dd><\/dl><br style=\"clear: both\" \/>\r\n            <br style='clear: both;' \/>\r\n        <\/div>\n<div class=\"clear\"><\/div><div class=\"divider\"><\/div>\n<p><strong>Art der Reise:<\/strong> Kultur<br \/>\n<strong>Dauer:<\/strong> 1 Tag<\/p>\n\n\t<script type=\"text\/javascript\">\tjQuery(document).ready(function($){\tjQuery(\"ul.tabs-nav\").tabs(\"> .pane\"); }); <\/script>\n\n\t\t<div class=\"post-tabs\">\n\t\t\n<ul class=\"tabs-nav\">\n<li>Tourverlauf<\/li>\n<li>Anmerkungen<\/li>\n<\/ul>\n\n\t\t<div class=\"pane\">\n\t\t\nJeder der nach Patagonien reist, sollte mindestens ein \u201easado al palo\u201c, erlebt haben. Die Schaffarm Estancia Fitz Roy l\u00e4dt zu diesem traditionellen Essen ein, bei dem ein ganzes Lamm mit viel Geduld am St\u00fcck gegrillt wird. Sie fahren mit einer F\u00e4hre zu der Estancia auf der Insel Riesco. Hier werden sie von den Besitzern selbst in Empfang genommen und k\u00f6nnen zun\u00e4chst ein\u00a0 kleines hauseigenes Museum besuchen, in dem Leben und Alltag der ersten Bewohner dargestellt werden. Danach steht das k\u00f6stliche Grillessen f\u00fcr Sie bereit. Sp\u00e4ter k\u00f6nnen Sie erfahrenen Schafscherern bei der Arbeit zusehen.<br \/>\n\n\t\t<\/div>\n\t\n\n\t\t<div class=\"pane\">\n\t\t\nNur f\u00fcr Gruppen.<br \/>\nInformationen f\u00fcr Einzelreisende auf Anfrage.<br \/>\n\n\t\t<\/div>\n\t\n\n\t\t<\/div>\n\t\n<\/p>","protected":false},"excerpt":{"rendered":"<p>Art der Reise: Kultur Dauer: 1 Tag<\/p>\n","protected":false},"author":3,"featured_media":0,"parent":103,"menu_order":0,"comment_status":"open","ping_status":"open","template":"","meta":{"slim_seo":{"title":"Estancia Fitz Roy Estancia Fitz Roy - travelArt","description":"Estancia Fitz Roy Estancia Fitz Roy Estancia Fitz Roy Estancia Fitz Roy Estancia Fitz Roy Estancia Fitz Roy Art der Reise: Kultur Dauer: 1 Tag Tourverlauf Anmer"},"footnotes":""},"class_list":["post-2560","page","type-page","status-publish","hentry"],"_links":{"self":[{"href":"https:\/\/www.chile-reise.com\/de\/wp-json\/wp\/v2\/pages\/2560","targetHints":{"allow":["GET"]}}],"collection":[{"href":"https:\/\/www.chile-reise.com\/de\/wp-json\/wp\/v2\/pages"}],"about":[{"href":"https:\/\/www.chile-reise.com\/de\/wp-json\/wp\/v2\/types\/page"}],"author":[{"embeddable":true,"href":"https:\/\/www.chile-reise.com\/de\/wp-json\/wp\/v2\/users\/3"}],"replies":[{"embeddable":true,"href":"https:\/\/www.chile-reise.com\/de\/wp-json\/wp\/v2\/comments?post=2560"}],"version-history":[{"count":0,"href":"https:\/\/www.chile-reise.com\/de\/wp-json\/wp\/v2\/pages\/2560\/revisions"}],"up":[{"embeddable":true,"href":"https:\/\/www.chile-reise.com\/de\/wp-json\/wp\/v2\/pages\/103"}],"wp:attachment":[{"href":"https:\/\/www.chile-reise.com\/de\/wp-json\/wp\/v2\/media?parent=2560"}],"curies":[{"name":"wp","href":"https:\/\/api.w.org\/{rel}","templated":true}]}}