{"id":256,"date":"2013-07-02T23:51:24","date_gmt":"2013-07-02T21:51:24","guid":{"rendered":"http:\/\/www.chile-reise.com\/wordpress\/?page_id=256"},"modified":"2015-04-10T16:35:03","modified_gmt":"2015-04-10T14:35:03","slug":"tierra-atacama-hotel-spa","status":"publish","type":"page","link":"https:\/\/www.chile-reise.com\/de\/hotels\/atacamawueste\/tierra-atacama-hotel-spa\/","title":{"rendered":"Tierra Atacama Hotel &#038; Spa *****"},"content":{"rendered":"<p>\r\n        <style type='text\/css'>\r\n            #gallery-1 {\r\n                margin: auto;\r\n            }\r\n            #gallery-1 .gallery-item {\r\n                float: left;\r\n                margin-top: 10px;\r\n                text-align: center;\r\n                width: 33%;           }\r\n            #gallery-1 img {\r\n                border: 2px solid #cfcfcf;\r\n            }\r\n            #gallery-1 .gallery-caption {\r\n                margin-left: 0;\r\n            }\r\n        <\/style>\r\n        <!-- see gallery_shortcode() in wp-includes\/media.php -->\r\n        <div id='gallery-1' class='gallery-images gallery galleryid-256'><dl class='gallery-item'>\r\n            <dt class='gallery-icon'>\r\n                <a href='https:\/\/www.chile-reise.com\/wp-content\/uploads\/Tierra-Atacama-Exterior.jpg'><img loading=\"lazy\" decoding=\"async\" width=\"240\" height=\"140\" src=\"https:\/\/www.chile-reise.com\/wp-content\/uploads\/Tierra-Atacama-Exterior-240x140.jpg\" class=\"attachment-thumbnail size-thumbnail\" alt=\"Tierra Atacama\" \/><\/a>\r\n            <\/dt>\r\n                <dd class='gallery-caption'>\r\n                Tiewrra Atacama\r\n                <\/dd><\/dl><dl class='gallery-item'>\r\n            <dt class='gallery-icon'>\r\n                <a href='https:\/\/www.chile-reise.com\/wp-content\/uploads\/Tierra-Atacama-Mapa.jpg'><img loading=\"lazy\" decoding=\"async\" width=\"240\" height=\"140\" src=\"https:\/\/www.chile-reise.com\/wp-content\/uploads\/Tierra-Atacama-Mapa-240x140.jpg\" class=\"attachment-thumbnail size-thumbnail\" alt=\"Tierra Atacama Mapa\" \/><\/a>\r\n            <\/dt>\r\n                <dd class='gallery-caption'>\r\n                Tiewrra Atacama Map\r\n                <\/dd><\/dl><dl class='gallery-item'>\r\n            <dt class='gallery-icon'>\r\n                <a href='https:\/\/www.chile-reise.com\/wp-content\/uploads\/Tierra-Atacama-Habitacion-Poniente.jpg'><img loading=\"lazy\" decoding=\"async\" width=\"240\" height=\"140\" src=\"https:\/\/www.chile-reise.com\/wp-content\/uploads\/Tierra-Atacama-Habitacion-Poniente-240x140.jpg\" class=\"attachment-thumbnail size-thumbnail\" alt=\"Tierra Atacama Habitacion Poniente\" \/><\/a>\r\n            <\/dt>\r\n                <dd class='gallery-caption'>\r\n                Tiewrra Atacama Western Room\r\n                <\/dd><\/dl><br style=\"clear: both\" \/><dl class='gallery-item'>\r\n            <dt class='gallery-icon'>\r\n                <a href='https:\/\/www.chile-reise.com\/wp-content\/uploads\/Tierra-Atacama-Habitacion-oriente.jpg'><img loading=\"lazy\" decoding=\"async\" width=\"240\" height=\"140\" src=\"https:\/\/www.chile-reise.com\/wp-content\/uploads\/Tierra-Atacama-Habitacion-oriente-240x140.jpg\" class=\"attachment-thumbnail size-thumbnail\" alt=\"Tierra Atacama Habitacion oriente\" \/><\/a>\r\n            <\/dt><\/dl><dl class='gallery-item'>\r\n            <dt class='gallery-icon'>\r\n                <a href='https:\/\/www.chile-reise.com\/wp-content\/uploads\/Tierra-Atacama-Pool.jpg'><img loading=\"lazy\" decoding=\"async\" width=\"240\" height=\"140\" src=\"https:\/\/www.chile-reise.com\/wp-content\/uploads\/Tierra-Atacama-Pool-240x140.jpg\" class=\"attachment-thumbnail size-thumbnail\" alt=\"Tierra Atacama Pool\" \/><\/a>\r\n            <\/dt>\r\n                <dd class='gallery-caption'>\r\n                Tiewrra Atacama Pool\r\n                <\/dd><\/dl><dl class='gallery-item'>\r\n            <dt class='gallery-icon'>\r\n                <a href='https:\/\/www.chile-reise.com\/wp-content\/uploads\/Tierra-Atacama-Living-Room.jpg'><img loading=\"lazy\" decoding=\"async\" width=\"240\" height=\"140\" src=\"https:\/\/www.chile-reise.com\/wp-content\/uploads\/Tierra-Atacama-Living-Room-240x140.jpg\" class=\"attachment-thumbnail size-thumbnail\" alt=\"Tierra Atacama Living Room\" \/><\/a>\r\n            <\/dt>\r\n                <dd class='gallery-caption'>\r\n                Tiewrra Atacama Living Room\r\n                <\/dd><\/dl><br style=\"clear: both\" \/>\r\n            <br style='clear: both;' \/>\r\n        <\/div>\n\n<div class=\"clear\"><\/div><div class=\"divider\"><\/div>\n<p>Das Tierra Atacama Hotel &#038; Spa liegt etwas au\u00dferhalb von San Pedro de Atacama. Die Zimmer bestechen durch ihre gekonnte Kombination von minimalistischem Design und Gem\u00fctlichkeit.  Alle bieten einen Blick auf den Vulkan Licancabur, einige von der privaten Terrasse aus, andere durch das Fenster. Die Einrichtung ist aus lokalen Materialien gemacht und es dominieren Naturfarben, was dem Hotel trotz seiner Modernit\u00e4t einen rustikalen Anstrich verleiht. Das Haus ist auf Ruhe und Erholung ausgelegt, weswegen lediglich der Aufenhaltsraum \u00fcber einen Fernseher verf\u00fcgt. Besonderes Highlight des Hotels ist die flexible Exkursionsplanung. Anhand einer gro\u00dfen Wandkarte werden die Attraktionen der Umgebung erkl\u00e4rt und dann mit den Besuchern ein Exkursionsprogramm entworfen. Nach einem langen Ausflugstag wartet ein Lagerfeuer auf der Terrasse, wo man den Tag entspannt ausklingen lassen kann. Das Hotelrestaurant bietet leckere, abwechslungsreiche K\u00fcche, die traditionelle lokale Rezepte mit internationaler Cuisine kombiniert und immer auch eine vegetarische Option bereith\u00e4lt.<\/p>\n<p><strong>Zimmer:<\/strong> 32<br \/>\n<strong>Ausstattung:<\/strong> Zentralheizung,Klimaanlage, Telefon,Haartrockner, Safe, Restaurant, Parkpl\u00e4tze, TV im Aufenthaltsbereich, Schwimmbecken, Whirlpool, Spabereich mit Sauna und Massager\u00e4umen, Bibliothek, Lagerfeuer, W\u00e4scheservice, Parkpl\u00e4tze<br \/>\n<strong>Aktivit\u00e4ten:<\/strong> All-inclusive-Pakete mit Transfer und Exkursionen; alle Exkursionen mit individueller Planung<br \/>\n<strong>Internet:<\/strong> Wi-Fi<br \/>\n<em>Ausgezeichnet mit \u201eSello S\u201c, dem chilenischen Nachhaltigkeitssiegel.<\/em><br \/>\n<\/p>","protected":false},"excerpt":{"rendered":"<p>Das Tierra Atacama Hotel &#038; Spa liegt etwas au\u00dferhalb von San Pedro de Atacama. Die Zimmer bestechen durch ihre gekonnte Kombination von minimalistischem Design und Gem\u00fctlichkeit. Alle bieten einen Blick auf den Vulkan Licancabur, einige von der privaten Terrasse aus, &#8230;<\/p>\n","protected":false},"author":16,"featured_media":0,"parent":202,"menu_order":0,"comment_status":"open","ping_status":"open","template":"","meta":{"slim_seo":{"title":"Tierra Atacama Hotel & Spa ***** Tierra Atacama Hotel & Spa ***** - travelArt","description":"Tiewrra Atacama Tiewrra Atacama Map Tiewrra Atacama Western Room Tiewrra Atacama Pool Tiewrra Atacama Living Room Das Tierra Atacama Hotel & Spa liegt etwas au\u00df"},"footnotes":""},"class_list":["post-256","page","type-page","status-publish","hentry"],"_links":{"self":[{"href":"https:\/\/www.chile-reise.com\/de\/wp-json\/wp\/v2\/pages\/256","targetHints":{"allow":["GET"]}}],"collection":[{"href":"https:\/\/www.chile-reise.com\/de\/wp-json\/wp\/v2\/pages"}],"about":[{"href":"https:\/\/www.chile-reise.com\/de\/wp-json\/wp\/v2\/types\/page"}],"author":[{"embeddable":true,"href":"https:\/\/www.chile-reise.com\/de\/wp-json\/wp\/v2\/users\/16"}],"replies":[{"embeddable":true,"href":"https:\/\/www.chile-reise.com\/de\/wp-json\/wp\/v2\/comments?post=256"}],"version-history":[{"count":0,"href":"https:\/\/www.chile-reise.com\/de\/wp-json\/wp\/v2\/pages\/256\/revisions"}],"up":[{"embeddable":true,"href":"https:\/\/www.chile-reise.com\/de\/wp-json\/wp\/v2\/pages\/202"}],"wp:attachment":[{"href":"https:\/\/www.chile-reise.com\/de\/wp-json\/wp\/v2\/media?parent=256"}],"curies":[{"name":"wp","href":"https:\/\/api.w.org\/{rel}","templated":true}]}}