{"id":2552,"date":"2013-09-03T22:23:22","date_gmt":"2013-09-03T20:23:22","guid":{"rendered":"http:\/\/www.chile-reise.com\/wordpress\/?page_id=2552"},"modified":"2013-11-06T19:31:19","modified_gmt":"2013-11-06T17:31:19","slug":"pinguininsel-magdalena","status":"publish","type":"page","link":"https:\/\/www.chile-reise.com\/de\/packages-daytrips\/patagonien\/pinguininsel-magdalena\/","title":{"rendered":"Pinguininsel Magdalena"},"content":{"rendered":"<style type='text\/css'>\r\n            #gallery-1 {\r\n                margin: auto;\r\n            }\r\n            #gallery-1 .gallery-item {\r\n                float: left;\r\n                margin-top: 10px;\r\n                text-align: center;\r\n                width: 33%;           }\r\n            #gallery-1 img {\r\n                border: 2px solid #cfcfcf;\r\n            }\r\n            #gallery-1 .gallery-caption {\r\n                margin-left: 0;\r\n            }\r\n        <\/style>\r\n        <!-- see gallery_shortcode() in wp-includes\/media.php -->\r\n        <div id='gallery-1' class='gallery-images gallery galleryid-2552'><dl class='gallery-item'>\r\n            <dt class='gallery-icon'>\r\n                <a href='https:\/\/www.chile-reise.com\/wp-content\/uploads\/Magdalena-1.jpg'><img loading=\"lazy\" decoding=\"async\" width=\"240\" height=\"140\" src=\"https:\/\/www.chile-reise.com\/wp-content\/uploads\/Magdalena-1-240x140.jpg\" class=\"attachment-thumbnail size-thumbnail\" alt=\"Magdalena\" \/><\/a>\r\n            <\/dt>\r\n                <dd class='gallery-caption'>\r\n                Isla Magdalena 1\r\n                <\/dd><\/dl><dl class='gallery-item'>\r\n            <dt class='gallery-icon'>\r\n                <a href='https:\/\/www.chile-reise.com\/wp-content\/uploads\/Magdalena-2.jpg'><img loading=\"lazy\" decoding=\"async\" width=\"240\" height=\"140\" src=\"https:\/\/www.chile-reise.com\/wp-content\/uploads\/Magdalena-2-240x140.jpg\" class=\"attachment-thumbnail size-thumbnail\" alt=\"Magdalena\" \/><\/a>\r\n            <\/dt>\r\n                <dd class='gallery-caption'>\r\n                Isla Magdalena 2\r\n                <\/dd><\/dl><dl class='gallery-item'>\r\n            <dt class='gallery-icon'>\r\n                <a href='https:\/\/www.chile-reise.com\/wp-content\/uploads\/Magdalena-3.jpg'><img loading=\"lazy\" decoding=\"async\" width=\"240\" height=\"140\" src=\"https:\/\/www.chile-reise.com\/wp-content\/uploads\/Magdalena-3-240x140.jpg\" class=\"attachment-thumbnail size-thumbnail\" alt=\"Magdalena\" \/><\/a>\r\n            <\/dt>\r\n                <dd class='gallery-caption'>\r\n                Isla Magdalena 3\r\n                <\/dd><\/dl><br style=\"clear: both\" \/>\r\n            <br style='clear: both;' \/>\r\n        <\/div>\n\n<div class=\"clear\"><\/div><div class=\"divider\"><\/div>\n<p><strong>Art der Reise:<\/strong> Natur<br \/>\n<strong>Dauer:<\/strong> 1 Tag<\/p>\n\n\t<script type=\"text\/javascript\">\tjQuery(document).ready(function($){\tjQuery(\"ul.tabs-nav\").tabs(\"> .pane\"); }); <\/script>\n\n\t\t<div class=\"post-tabs\">\n\t\t\n<ul class=\"tabs-nav\">\n<li>Tourverlauf<\/li>\n<li>Ausr\u00fcstung<\/li>\n<li>Anmerkungen<\/li>\n<li>Video<\/li>\n<\/ul>\n\n\t\t<div class=\"pane\">\n\t\t\nDiese 4 \u00bd st\u00fcndige Bootsexkursion f\u00fchrt sie im Zodiac durch die eisigen Wasser der Magellanstra\u00dfe zu den Inseln Santa Marta und Magdalena. Hier befindet sich eine riesige Kolonie von ca. 150.000 Magellanpinguinen. Daneben lassen sich weitere Tiere der Region, wie zum Beispiel Kormorane und Sturmv\u00f6gel beobachten. Sie starten die Bootsfahrt am Laredo Bay, 25 km n\u00f6rdlich von Punta Arenas und segeln in Richutng der Insel Santa Marta. Hier k\u00f6nnen Sie Seel\u00f6wen in ihrer nat\u00fcrlichen Umgebung sehen und Nestpl\u00e4tze der Kormorane auf den Felsen beobachten. Die Fahrt geht weiter zur Insel Magdalena, auf der Sie die Magellanpinguinkolonie sehen k\u00f6nnen. Beide Inseln sind seit 1982 Teil der Pinguinschutzzone. Zwischen Oktober und M\u00e4rz br\u00fcten hier \u00fcber 60 Tausend Pinguinpaare. Nach dem Besuch des Leuchtturms von Isla Magdalena, einem Umweltinformationszentrum \u00fcber die Region, fahren Sie zur\u00fcck nach Punta Arenas.<br \/>\n\n\t\t<\/div>\n\t\n\n\t\t<div class=\"pane\">\n\t\t\nRettungswesten werden gestellt<br \/>\n\n\t\t<\/div>\n\t\n\n\t\t<div class=\"pane\">\n\t\t\nDie Exkursion findet nur bei gutem Wetter statt. <\/p>\n<p>Mindestteilnehmerzahl: 8 Personen<br \/>\n\n\t\t<\/div>\n\t\n\n\t\t<div class=\"pane\">\n\t\t\n<iframe loading=\"lazy\" width=\"480\" height=\"360\" src=\"\/\/www.youtube.com\/embed\/9m3akieMopk?rel=0\" frameborder=\"0\" allowfullscreen><\/iframe><br \/>\n\n\t\t<\/div>\n\t\n\n\t\t<\/div>\n\t<\/p>","protected":false},"excerpt":{"rendered":"<p>Art der Reise: Natur Dauer: 1 Tag<\/p>\n","protected":false},"author":3,"featured_media":0,"parent":103,"menu_order":0,"comment_status":"open","ping_status":"open","template":"","meta":{"slim_seo":{"title":"Pinguininsel Magdalena Magdalena Penguin Island - travelArt","description":"Isla Magdalena 1 Isla Magdalena 2 Isla Magdalena 3 Art der Reise: Natur Dauer: 1 Tag Tourverlauf Ausr\u00fcstung Anmerkungen Video Diese 4 \u00bd st\u00fcndige Bootsexkursion"},"footnotes":""},"class_list":["post-2552","page","type-page","status-publish","hentry"],"_links":{"self":[{"href":"https:\/\/www.chile-reise.com\/de\/wp-json\/wp\/v2\/pages\/2552","targetHints":{"allow":["GET"]}}],"collection":[{"href":"https:\/\/www.chile-reise.com\/de\/wp-json\/wp\/v2\/pages"}],"about":[{"href":"https:\/\/www.chile-reise.com\/de\/wp-json\/wp\/v2\/types\/page"}],"author":[{"embeddable":true,"href":"https:\/\/www.chile-reise.com\/de\/wp-json\/wp\/v2\/users\/3"}],"replies":[{"embeddable":true,"href":"https:\/\/www.chile-reise.com\/de\/wp-json\/wp\/v2\/comments?post=2552"}],"version-history":[{"count":0,"href":"https:\/\/www.chile-reise.com\/de\/wp-json\/wp\/v2\/pages\/2552\/revisions"}],"up":[{"embeddable":true,"href":"https:\/\/www.chile-reise.com\/de\/wp-json\/wp\/v2\/pages\/103"}],"wp:attachment":[{"href":"https:\/\/www.chile-reise.com\/de\/wp-json\/wp\/v2\/media?parent=2552"}],"curies":[{"name":"wp","href":"https:\/\/api.w.org\/{rel}","templated":true}]}}