{"id":2547,"date":"2013-09-03T22:13:24","date_gmt":"2013-09-03T20:13:24","guid":{"rendered":"http:\/\/www.chile-reise.com\/wordpress\/?page_id=2547"},"modified":"2013-11-06T20:03:57","modified_gmt":"2013-11-06T18:03:57","slug":"citytour-punta-arenas","status":"publish","type":"page","link":"https:\/\/www.chile-reise.com\/de\/packages-daytrips\/patagonien\/citytour-punta-arenas\/","title":{"rendered":"Citytour Punta Arenas"},"content":{"rendered":"<style type='text\/css'>\r\n            #gallery-1 {\r\n                margin: auto;\r\n            }\r\n            #gallery-1 .gallery-item {\r\n                float: left;\r\n                margin-top: 10px;\r\n                text-align: center;\r\n                width: 33%;           }\r\n            #gallery-1 img {\r\n                border: 2px solid #cfcfcf;\r\n            }\r\n            #gallery-1 .gallery-caption {\r\n                margin-left: 0;\r\n            }\r\n        <\/style>\r\n        <!-- see gallery_shortcode() in wp-includes\/media.php -->\r\n        <div id='gallery-1' class='gallery-images gallery galleryid-2547'><dl class='gallery-item'>\r\n            <dt class='gallery-icon'>\r\n                <a href='https:\/\/www.chile-reise.com\/wp-content\/uploads\/Punta-Arenas-1.jpg'><img loading=\"lazy\" decoding=\"async\" width=\"240\" height=\"140\" src=\"https:\/\/www.chile-reise.com\/wp-content\/uploads\/Punta-Arenas-1-240x140.jpg\" class=\"attachment-thumbnail size-thumbnail\" alt=\"Punta Arenas\" \/><\/a>\r\n            <\/dt>\r\n                <dd class='gallery-caption'>\r\n                Punta Arenas 1\r\n                <\/dd><\/dl><dl class='gallery-item'>\r\n            <dt class='gallery-icon'>\r\n                <a href='https:\/\/www.chile-reise.com\/wp-content\/uploads\/Punta-Arenas-3.jpg'><img loading=\"lazy\" decoding=\"async\" width=\"240\" height=\"140\" src=\"https:\/\/www.chile-reise.com\/wp-content\/uploads\/Punta-Arenas-3-240x140.jpg\" class=\"attachment-thumbnail size-thumbnail\" alt=\"Punta Arenas\" \/><\/a>\r\n            <\/dt>\r\n                <dd class='gallery-caption'>\r\n                Punta Arenas 2\r\n                <\/dd><\/dl><dl class='gallery-item'>\r\n            <dt class='gallery-icon'>\r\n                <a href='https:\/\/www.chile-reise.com\/wp-content\/uploads\/Punta-Arenas-2.jpg'><img loading=\"lazy\" decoding=\"async\" width=\"240\" height=\"140\" src=\"https:\/\/www.chile-reise.com\/wp-content\/uploads\/Punta-Arenas-2-240x140.jpg\" class=\"attachment-thumbnail size-thumbnail\" alt=\"Punta Arenas\" \/><\/a>\r\n            <\/dt>\r\n                <dd class='gallery-caption'>\r\n                Punta Arenas 3\r\n                <\/dd><\/dl><br style=\"clear: both\" \/>\r\n            <br style='clear: both;' \/>\r\n        <\/div>\n\n<div class=\"clear\"><\/div><div class=\"divider\"><\/div>\n<p><strong>Art der Reise:<\/strong> Kultur<br \/>\n<strong>Dauer:<\/strong> 1 Tag<\/p>\n\n\t<script type=\"text\/javascript\">\tjQuery(document).ready(function($){\tjQuery(\"ul.tabs-nav\").tabs(\"> .pane\"); }); <\/script>\n\n\t\t<div class=\"post-tabs\">\n\t\t\n<ul class=\"tabs-nav\">\n<li>Tourverlauf<\/li>\n<li>Anmerkungen<\/li>\n<\/ul>\n\n\t\t<div class=\"pane\">\n\t\t\nPunta Arenas ist die Hauptstadt der Magallenregion und z\u00e4hlt heute 150.000 Einwohner. Durch ihre g\u00fcnstige Lage an der Magellanstra\u00dfe ist die Stadt bis heute Anlaufstelle f\u00fcr Handelsschiffe. Aus diesem Grund, sowie durch die expandierende Schafzucht erfuhr Punta Arenas in der Vergangenheit einen enormen Aufschwung.<br \/>\nAuf der gef\u00fchrten Stadtrundfahrt durch Punta Arenas fahren Sie zun\u00e4chst zu einem hochgelegenen Aussichtspunkt, dem \u201eCerro La Cruz\u201c. Von hier aus bietet sich ein sch\u00f6ner Blick auf Punta Arenas und die Magellanstra\u00dfe. Die Stadtf\u00fchrung geht weiter auf dem zentralen Platz der Stadt, der \u201ePlaza de Armas\u201c der von den Herrenh\u00e4usern der reichen Schafz\u00fcchter-familien aus dem 19. Jh. ges\u00e4umt wird. Die pr\u00e4chtigen B\u00fcrgerh\u00e4user der Gro\u00dfgrundbesitzer\u00a0Braun-Men\u00e9ndez und Nogueira k\u00fcnden vom einstigen m\u00e4rchenhaften Reichtum der Stadt. In der Mitte des Platzes gr\u00fc\u00dft eine Magellan-Statue die Seefahrer. Zum Abschluss gibt es Zeit f\u00fcr einen kleinen Bummel auf dem Handwerkermarkt.<br \/>\n\n\t\t<\/div>\n\t\n\n\t\t<div class=\"pane\">\n\t\t\nMontags sind die Museen in Chile geschlossen.<br \/>\n\n\t\t<\/div>\n\t\n\n\t\t<\/div>\n\t<\/p>","protected":false},"excerpt":{"rendered":"<p>Art der Reise: Kultur Dauer: 1 Tag<\/p>\n","protected":false},"author":3,"featured_media":0,"parent":103,"menu_order":0,"comment_status":"open","ping_status":"open","template":"","meta":{"slim_seo":{"title":"Citytour Punta Arenas City Tour Punta Arenas - travelArt","description":"Punta Arenas 1 Punta Arenas 2 Punta Arenas 3 Art der Reise: Kultur Dauer: 1 Tag Tourverlauf Anmerkungen Punta Arenas ist die Hauptstadt der Magallenregion und z"},"footnotes":""},"class_list":["post-2547","page","type-page","status-publish","hentry"],"_links":{"self":[{"href":"https:\/\/www.chile-reise.com\/de\/wp-json\/wp\/v2\/pages\/2547","targetHints":{"allow":["GET"]}}],"collection":[{"href":"https:\/\/www.chile-reise.com\/de\/wp-json\/wp\/v2\/pages"}],"about":[{"href":"https:\/\/www.chile-reise.com\/de\/wp-json\/wp\/v2\/types\/page"}],"author":[{"embeddable":true,"href":"https:\/\/www.chile-reise.com\/de\/wp-json\/wp\/v2\/users\/3"}],"replies":[{"embeddable":true,"href":"https:\/\/www.chile-reise.com\/de\/wp-json\/wp\/v2\/comments?post=2547"}],"version-history":[{"count":0,"href":"https:\/\/www.chile-reise.com\/de\/wp-json\/wp\/v2\/pages\/2547\/revisions"}],"up":[{"embeddable":true,"href":"https:\/\/www.chile-reise.com\/de\/wp-json\/wp\/v2\/pages\/103"}],"wp:attachment":[{"href":"https:\/\/www.chile-reise.com\/de\/wp-json\/wp\/v2\/media?parent=2547"}],"curies":[{"name":"wp","href":"https:\/\/api.w.org\/{rel}","templated":true}]}}