{"id":254,"date":"2013-07-02T23:49:55","date_gmt":"2013-07-02T21:49:55","guid":{"rendered":"http:\/\/www.chile-reise.com\/wordpress\/?page_id=254"},"modified":"2015-04-10T16:36:09","modified_gmt":"2015-04-10T14:36:09","slug":"alto-atacama","status":"publish","type":"page","link":"https:\/\/www.chile-reise.com\/de\/hotels\/atacamawueste\/alto-atacama\/","title":{"rendered":"Alto Atacama *****"},"content":{"rendered":"<p>\r\n        <style type='text\/css'>\r\n            #gallery-1 {\r\n                margin: auto;\r\n            }\r\n            #gallery-1 .gallery-item {\r\n                float: left;\r\n                margin-top: 10px;\r\n                text-align: center;\r\n                width: 33%;           }\r\n            #gallery-1 img {\r\n                border: 2px solid #cfcfcf;\r\n            }\r\n            #gallery-1 .gallery-caption {\r\n                margin-left: 0;\r\n            }\r\n        <\/style>\r\n        <!-- see gallery_shortcode() in wp-includes\/media.php -->\r\n        <div id='gallery-1' class='gallery-images gallery galleryid-254'><dl class='gallery-item'>\r\n            <dt class='gallery-icon'>\r\n                <a href='https:\/\/www.chile-reise.com\/wp-content\/uploads\/Alto-Atacama-1.jpg'><img loading=\"lazy\" decoding=\"async\" width=\"240\" height=\"140\" src=\"https:\/\/www.chile-reise.com\/wp-content\/uploads\/Alto-Atacama-1-240x140.jpg\" class=\"attachment-thumbnail size-thumbnail\" alt=\"Alto Atacama\" \/><\/a>\r\n            <\/dt>\r\n                <dd class='gallery-caption'>\r\n                Alto Atacama Frontage Night\r\n                <\/dd><\/dl><dl class='gallery-item'>\r\n            <dt class='gallery-icon'>\r\n                <a href='https:\/\/www.chile-reise.com\/wp-content\/uploads\/Alto-Atacama-2.jpg'><img loading=\"lazy\" decoding=\"async\" width=\"240\" height=\"140\" src=\"https:\/\/www.chile-reise.com\/wp-content\/uploads\/Alto-Atacama-2-240x140.jpg\" class=\"attachment-thumbnail size-thumbnail\" alt=\"Alto Atacama\" \/><\/a>\r\n            <\/dt>\r\n                <dd class='gallery-caption'>\r\n                Alto Atacama Patio\r\n                <\/dd><\/dl><dl class='gallery-item'>\r\n            <dt class='gallery-icon'>\r\n                <a href='https:\/\/www.chile-reise.com\/wp-content\/uploads\/Alto-Atacama-3.jpg'><img loading=\"lazy\" decoding=\"async\" width=\"240\" height=\"140\" src=\"https:\/\/www.chile-reise.com\/wp-content\/uploads\/Alto-Atacama-3-240x140.jpg\" class=\"attachment-thumbnail size-thumbnail\" alt=\"Alto Atacama\" \/><\/a>\r\n            <\/dt>\r\n                <dd class='gallery-caption'>\r\n                Alto Atacama Room\r\n                <\/dd><\/dl><br style=\"clear: both\" \/><dl class='gallery-item'>\r\n            <dt class='gallery-icon'>\r\n                <a href='https:\/\/www.chile-reise.com\/wp-content\/uploads\/Alto-Atacama-4.jpg'><img loading=\"lazy\" decoding=\"async\" width=\"240\" height=\"140\" src=\"https:\/\/www.chile-reise.com\/wp-content\/uploads\/Alto-Atacama-4-240x140.jpg\" class=\"attachment-thumbnail size-thumbnail\" alt=\"Alto Atacama\" \/><\/a>\r\n            <\/dt>\r\n                <dd class='gallery-caption'>\r\n                Alto Atacama Bathroom\r\n                <\/dd><\/dl><dl class='gallery-item'>\r\n            <dt class='gallery-icon'>\r\n                <a href='https:\/\/www.chile-reise.com\/wp-content\/uploads\/Alto-Atacama-5.jpg'><img loading=\"lazy\" decoding=\"async\" width=\"240\" height=\"140\" src=\"https:\/\/www.chile-reise.com\/wp-content\/uploads\/Alto-Atacama-5-240x140.jpg\" class=\"attachment-thumbnail size-thumbnail\" alt=\"Alto Atacama\" \/><\/a>\r\n            <\/dt>\r\n                <dd class='gallery-caption'>\r\n                Alto Atacama Breakfast\r\n                <\/dd><\/dl><dl class='gallery-item'>\r\n            <dt class='gallery-icon'>\r\n                <a href='https:\/\/www.chile-reise.com\/wp-content\/uploads\/Alto-Atacama-6.jpg'><img loading=\"lazy\" decoding=\"async\" width=\"240\" height=\"140\" src=\"https:\/\/www.chile-reise.com\/wp-content\/uploads\/Alto-Atacama-6-240x140.jpg\" class=\"attachment-thumbnail size-thumbnail\" alt=\"Alto Atacama\" \/><\/a>\r\n            <\/dt>\r\n                <dd class='gallery-caption'>\r\n                Alto Atacama Surroundings\r\n                <\/dd><\/dl><br style=\"clear: both\" \/>\r\n            <br style='clear: both;' \/>\r\n        <\/div>\n\n<div class=\"clear\"><\/div><div class=\"divider\"><\/div>\n<p>Vor einer atemberaubenden Kulisse, wie in einem Amphitheater aus hohen Felsw\u00e4nden liegt das Hotel Alto Atacama hinter der alten Festung Pukar\u00e1 de Quitor, etwas au\u00dferhalb von San Pedro de Atacama. Dieses sch\u00f6ne Hotel in warmen Naturt\u00f6nen bietet ein sehr angenehmes Ambiente und legt viel Wert auf Ruhe und Wohlbefinden. Spa, Sauna Massagebereich und offene Kamine tragen dazu bei. Die Zimmer \u00fcberzeugen mit modernem, sehr behaglichen Design und die Terrassen im Au\u00dfenbereich sind gem\u00fctlich und einladend und perfekt um dort nach einem Bad in einem der Pools oder einem langen Ausflugstag zu entspannen.<\/p>\n<p><strong>Zimmer:<\/strong> 42<br \/>\n<strong>Ausstattung:<\/strong> Heizung, Telefon, Haartrockner, Safe, private Terrasse, Restaurant, Bar, Terrassen, Kamin, Au\u00dfenbereich mit sechs Schwimmbecken, Bar, Lagerfeuer, Whirlpool, Spa-Bereich mit Sauna und Massager\u00e4umen, W\u00e4scheservice, Parkpl\u00e4tze<br \/>\n<strong>Aktivit\u00e4ten:<\/strong> All-inclusive-Pakete mit Transfer und Exkursionen<br \/>\n<strong>Internet:<\/strong> Wi-Fi<br \/>\n<em>Ausgezeichnet mit \u201eSello S\u201c, dem chilenischen Nachhaltigkeitssiegel.<\/em><\/p>","protected":false},"excerpt":{"rendered":"<p>Vor einer atemberaubenden Kulisse, wie in einem Amphitheater aus hohen Felsw\u00e4nden liegt das Hotel Alto Atacama hinter der alten Festung Pukar\u00e1 de Quitor, etwas au\u00dferhalb von San Pedro de Atacama. Dieses sch\u00f6ne Hotel in warmen Naturt\u00f6nen bietet ein sehr angenehmes &#8230;<\/p>\n","protected":false},"author":16,"featured_media":0,"parent":202,"menu_order":0,"comment_status":"open","ping_status":"open","template":"","meta":{"slim_seo":{"title":"Alto Atacama ***** Alto Atacama ***** - travelArt","description":"Alto Atacama Frontage Night Alto Atacama Patio Alto Atacama Room Alto Atacama Bathroom Alto Atacama Breakfast Alto Atacama Surroundings Vor einer atemberaubende"},"footnotes":""},"class_list":["post-254","page","type-page","status-publish","hentry"],"_links":{"self":[{"href":"https:\/\/www.chile-reise.com\/de\/wp-json\/wp\/v2\/pages\/254","targetHints":{"allow":["GET"]}}],"collection":[{"href":"https:\/\/www.chile-reise.com\/de\/wp-json\/wp\/v2\/pages"}],"about":[{"href":"https:\/\/www.chile-reise.com\/de\/wp-json\/wp\/v2\/types\/page"}],"author":[{"embeddable":true,"href":"https:\/\/www.chile-reise.com\/de\/wp-json\/wp\/v2\/users\/16"}],"replies":[{"embeddable":true,"href":"https:\/\/www.chile-reise.com\/de\/wp-json\/wp\/v2\/comments?post=254"}],"version-history":[{"count":0,"href":"https:\/\/www.chile-reise.com\/de\/wp-json\/wp\/v2\/pages\/254\/revisions"}],"up":[{"embeddable":true,"href":"https:\/\/www.chile-reise.com\/de\/wp-json\/wp\/v2\/pages\/202"}],"wp:attachment":[{"href":"https:\/\/www.chile-reise.com\/de\/wp-json\/wp\/v2\/media?parent=254"}],"curies":[{"name":"wp","href":"https:\/\/api.w.org\/{rel}","templated":true}]}}