{"id":251,"date":"2013-07-02T23:47:54","date_gmt":"2013-07-02T21:47:54","guid":{"rendered":"http:\/\/www.chile-reise.com\/wordpress\/?page_id=251"},"modified":"2015-04-09T22:34:28","modified_gmt":"2015-04-09T20:34:28","slug":"awasi","status":"publish","type":"page","link":"https:\/\/www.chile-reise.com\/de\/hotels\/atacamawueste\/awasi\/","title":{"rendered":"Awasi (B)"},"content":{"rendered":"<p>\r\n        <style type='text\/css'>\r\n            #gallery-1 {\r\n                margin: auto;\r\n            }\r\n            #gallery-1 .gallery-item {\r\n                float: left;\r\n                margin-top: 10px;\r\n                text-align: center;\r\n                width: 33%;           }\r\n            #gallery-1 img {\r\n                border: 2px solid #cfcfcf;\r\n            }\r\n            #gallery-1 .gallery-caption {\r\n                margin-left: 0;\r\n            }\r\n        <\/style>\r\n        <!-- see gallery_shortcode() in wp-includes\/media.php -->\r\n        <div id='gallery-1' class='gallery-images gallery galleryid-251'><dl class='gallery-item'>\r\n            <dt class='gallery-icon'>\r\n                <a href='https:\/\/www.chile-reise.com\/wp-content\/uploads\/Awasi-1.jpg'><img loading=\"lazy\" decoding=\"async\" width=\"240\" height=\"140\" src=\"https:\/\/www.chile-reise.com\/wp-content\/uploads\/Awasi-1-240x140.jpg\" class=\"attachment-thumbnail size-thumbnail\" alt=\"Hotel Awasi\" srcset=\"https:\/\/www.chile-reise.com\/wp-content\/uploads\/Awasi-1-240x140.jpg 240w, https:\/\/www.chile-reise.com\/wp-content\/uploads\/Awasi-1-567x330.jpg 567w, https:\/\/www.chile-reise.com\/wp-content\/uploads\/Awasi-1.jpg 640w\" sizes=\"auto, (max-width: 240px) 100vw, 240px\" \/><\/a>\r\n            <\/dt>\r\n                <dd class='gallery-caption'>\r\n                Awasi 1\r\n                <\/dd><\/dl><dl class='gallery-item'>\r\n            <dt class='gallery-icon'>\r\n                <a href='https:\/\/www.chile-reise.com\/wp-content\/uploads\/Awasi-2.jpg'><img loading=\"lazy\" decoding=\"async\" width=\"240\" height=\"140\" src=\"https:\/\/www.chile-reise.com\/wp-content\/uploads\/Awasi-2-240x140.jpg\" class=\"attachment-thumbnail size-thumbnail\" alt=\"Awasi\" \/><\/a>\r\n            <\/dt>\r\n                <dd class='gallery-caption'>\r\n                Awasi 2\r\n                <\/dd><\/dl><dl class='gallery-item'>\r\n            <dt class='gallery-icon'>\r\n                <a href='https:\/\/www.chile-reise.com\/wp-content\/uploads\/Awasi-3.jpg'><img loading=\"lazy\" decoding=\"async\" width=\"240\" height=\"140\" src=\"https:\/\/www.chile-reise.com\/wp-content\/uploads\/Awasi-3-240x140.jpg\" class=\"attachment-thumbnail size-thumbnail\" alt=\"Awasi\" \/><\/a>\r\n            <\/dt>\r\n                <dd class='gallery-caption'>\r\n                Awasi 3\r\n                <\/dd><\/dl><br style=\"clear: both\" \/><dl class='gallery-item'>\r\n            <dt class='gallery-icon'>\r\n                <a href='https:\/\/www.chile-reise.com\/wp-content\/uploads\/Awasi-4.jpg'><img loading=\"lazy\" decoding=\"async\" width=\"240\" height=\"140\" src=\"https:\/\/www.chile-reise.com\/wp-content\/uploads\/Awasi-4-240x140.jpg\" class=\"attachment-thumbnail size-thumbnail\" alt=\"Awasi\" srcset=\"https:\/\/www.chile-reise.com\/wp-content\/uploads\/Awasi-4-240x140.jpg 240w, https:\/\/www.chile-reise.com\/wp-content\/uploads\/Awasi-4-567x330.jpg 567w, https:\/\/www.chile-reise.com\/wp-content\/uploads\/Awasi-4.jpg 640w\" sizes=\"auto, (max-width: 240px) 100vw, 240px\" \/><\/a>\r\n            <\/dt>\r\n                <dd class='gallery-caption'>\r\n                Awasi 4\r\n                <\/dd><\/dl><dl class='gallery-item'>\r\n            <dt class='gallery-icon'>\r\n                <a href='https:\/\/www.chile-reise.com\/wp-content\/uploads\/Awasi-5.jpg'><img loading=\"lazy\" decoding=\"async\" width=\"240\" height=\"140\" src=\"https:\/\/www.chile-reise.com\/wp-content\/uploads\/Awasi-5-240x140.jpg\" class=\"attachment-thumbnail size-thumbnail\" alt=\"Awasi\" \/><\/a>\r\n            <\/dt>\r\n                <dd class='gallery-caption'>\r\n                Awasi 5\r\n                <\/dd><\/dl><dl class='gallery-item'>\r\n            <dt class='gallery-icon'>\r\n                <a href='https:\/\/www.chile-reise.com\/wp-content\/uploads\/Awasi-6.jpg'><img loading=\"lazy\" decoding=\"async\" width=\"240\" height=\"140\" src=\"https:\/\/www.chile-reise.com\/wp-content\/uploads\/Awasi-6-240x140.jpg\" class=\"attachment-thumbnail size-thumbnail\" alt=\"Awasi\" srcset=\"https:\/\/www.chile-reise.com\/wp-content\/uploads\/Awasi-6-240x140.jpg 240w, https:\/\/www.chile-reise.com\/wp-content\/uploads\/Awasi-6-567x330.jpg 567w, https:\/\/www.chile-reise.com\/wp-content\/uploads\/Awasi-6.jpg 640w\" sizes=\"auto, (max-width: 240px) 100vw, 240px\" \/><\/a>\r\n            <\/dt>\r\n                <dd class='gallery-caption'>\r\n                Awasi 6\r\n                <\/dd><\/dl><br style=\"clear: both\" \/>\r\n            <br style='clear: both;' \/>\r\n        <\/div>\n\n<div class=\"clear\"><\/div><div class=\"divider\"><\/div>\n<p>Am Rand von San Pedro und dennoch nur zwei Stra\u00dfen vom Hauptplatz und der Kirche der Oase entfernt bietet das Luxushotel Awasi acht behaglich und \u00e4u\u00dferst komfortabel eingerichtete, sehr ger\u00e4umige G\u00e4steh\u00e4user. Das Hotel verpr\u00fcht gleicherma\u00dfen rustikales wie elegantes Ambiente und l\u00e4\u00dft keine W\u00fcnsche offen. Das Leben spielt sich hier drau\u00dfen ab: gem\u00fctliche Sitzecken und eine Feuerstelle laden zum Entspannen ein. Im Hotel-restaurant k\u00f6nnen es sich die G\u00e4ste am Kamin gem\u00fctlich machen und der Zubereitung ihrer exquisiten Speisen zuschauen. Im exklusiven all-inclusive-Konzept sind alle Ausfl\u00fcge im privaten Fahrzeug mit Reiseleiter inbegriffen.<\/p>\n<p><strong>Zimmer:<\/strong> 8<br \/>\n<strong>Ausstattung:<\/strong> Heizung, Telefon, Haartrockner, Safe, Ventilator, Restaurant, Kamin, kleine Bibliothek, beheiztes Schwimmbecken, Massager\u00e4ume, Lagerfeuer, W\u00e4scheservice, Schuhputzservice, Parkpl\u00e4tze<br \/>\n<strong>Aktivit\u00e4ten:<\/strong> All-inclusive-Pakete mit Transfer und Exkursionen. Alle Exkursionen mit privatem Reisef\u00fchrer, privatem Jeep und individueller Planung<br \/>\n<strong>Internet:<\/strong> Wi-Fi<\/p>","protected":false},"excerpt":{"rendered":"<p>Am Rand von San Pedro und dennoch nur zwei Stra\u00dfen vom Hauptplatz und der Kirche der Oase entfernt bietet das Luxushotel Awasi acht behaglich und \u00e4u\u00dferst komfortabel eingerichtete, sehr ger\u00e4umige G\u00e4steh\u00e4user. Das Hotel verpr\u00fcht gleicherma\u00dfen rustikales wie elegantes Ambiente und &#8230;<\/p>\n","protected":false},"author":16,"featured_media":0,"parent":202,"menu_order":0,"comment_status":"open","ping_status":"open","template":"","meta":{"slim_seo":{"title":"Awasi (B) Awasi (B) - travelArt","description":"Awasi 1 Awasi 2 Awasi 3 Awasi 4 Awasi 5 Awasi 6 Am Rand von San Pedro und dennoch nur zwei Stra\u00dfen vom Hauptplatz und der Kirche der Oase entfernt bietet das Lu"},"footnotes":""},"class_list":["post-251","page","type-page","status-publish","hentry"],"_links":{"self":[{"href":"https:\/\/www.chile-reise.com\/de\/wp-json\/wp\/v2\/pages\/251","targetHints":{"allow":["GET"]}}],"collection":[{"href":"https:\/\/www.chile-reise.com\/de\/wp-json\/wp\/v2\/pages"}],"about":[{"href":"https:\/\/www.chile-reise.com\/de\/wp-json\/wp\/v2\/types\/page"}],"author":[{"embeddable":true,"href":"https:\/\/www.chile-reise.com\/de\/wp-json\/wp\/v2\/users\/16"}],"replies":[{"embeddable":true,"href":"https:\/\/www.chile-reise.com\/de\/wp-json\/wp\/v2\/comments?post=251"}],"version-history":[{"count":0,"href":"https:\/\/www.chile-reise.com\/de\/wp-json\/wp\/v2\/pages\/251\/revisions"}],"up":[{"embeddable":true,"href":"https:\/\/www.chile-reise.com\/de\/wp-json\/wp\/v2\/pages\/202"}],"wp:attachment":[{"href":"https:\/\/www.chile-reise.com\/de\/wp-json\/wp\/v2\/media?parent=251"}],"curies":[{"name":"wp","href":"https:\/\/api.w.org\/{rel}","templated":true}]}}