{"id":2498,"date":"2013-08-30T21:51:17","date_gmt":"2013-08-30T19:51:17","guid":{"rendered":"http:\/\/www.chile-reise.com\/wordpress\/?page_id=2498"},"modified":"2014-03-17T16:35:59","modified_gmt":"2014-03-17T14:35:59","slug":"natur-pur-terra-luna","status":"publish","type":"page","link":"https:\/\/www.chile-reise.com\/de\/packages-daytrips\/carretera-austral\/natur-pur-terra-luna\/","title":{"rendered":"Natur Pur &#8211; Terra Luna"},"content":{"rendered":"<p>\r\n        <style type='text\/css'>\r\n            #gallery-1 {\r\n                margin: auto;\r\n            }\r\n            #gallery-1 .gallery-item {\r\n                float: left;\r\n                margin-top: 10px;\r\n                text-align: center;\r\n                width: 33%;           }\r\n            #gallery-1 img {\r\n                border: 2px solid #cfcfcf;\r\n            }\r\n            #gallery-1 .gallery-caption {\r\n                margin-left: 0;\r\n            }\r\n        <\/style>\r\n        <!-- see gallery_shortcode() in wp-includes\/media.php -->\r\n        <div id='gallery-1' class='gallery-images gallery galleryid-2498'><dl class='gallery-item'>\r\n            <dt class='gallery-icon'>\r\n                <a href='https:\/\/www.chile-reise.com\/wp-content\/uploads\/Capillas-de-Marmol-1_klein.jpg'><img loading=\"lazy\" decoding=\"async\" width=\"240\" height=\"140\" src=\"https:\/\/www.chile-reise.com\/wp-content\/uploads\/Capillas-de-Marmol-1_klein-240x140.jpg\" class=\"attachment-thumbnail size-thumbnail\" alt=\"Capillas de Marmol 1 klein\" \/><\/a>\r\n            <\/dt>\r\n                <dd class='gallery-caption'>\r\n                Catedral de M\u00e1rmol\r\n                <\/dd><\/dl><dl class='gallery-item'>\r\n            <dt class='gallery-icon'>\r\n                <a href='https:\/\/www.chile-reise.com\/wp-content\/uploads\/General-Carrera-Lake-1_klein.jpg'><img loading=\"lazy\" decoding=\"async\" width=\"240\" height=\"140\" src=\"https:\/\/www.chile-reise.com\/wp-content\/uploads\/General-Carrera-Lake-1_klein-240x140.jpg\" class=\"attachment-thumbnail size-thumbnail\" alt=\"General Carrera Lake 1 klein\" \/><\/a>\r\n            <\/dt>\r\n                <dd class='gallery-caption'>\r\n                Lake General Carrera\r\n                <\/dd><\/dl><dl class='gallery-item'>\r\n            <dt class='gallery-icon'>\r\n                <a href='https:\/\/www.chile-reise.com\/wp-content\/uploads\/Laguna-San-Rafael-3_klein.jpg'><img loading=\"lazy\" decoding=\"async\" width=\"240\" height=\"140\" src=\"https:\/\/www.chile-reise.com\/wp-content\/uploads\/Laguna-San-Rafael-3_klein-240x140.jpg\" class=\"attachment-thumbnail size-thumbnail\" alt=\"Laguna San Rafael 3 klein\" \/><\/a>\r\n            <\/dt>\r\n                <dd class='gallery-caption'>\r\n                Lagoon San Rafael\r\n                <\/dd><\/dl><br style=\"clear: both\" \/><dl class='gallery-item'>\r\n            <dt class='gallery-icon'>\r\n                <a href='https:\/\/www.chile-reise.com\/wp-content\/uploads\/Puerto-Chacabuco-1_klein.jpg'><img loading=\"lazy\" decoding=\"async\" width=\"240\" height=\"140\" src=\"https:\/\/www.chile-reise.com\/wp-content\/uploads\/Puerto-Chacabuco-1_klein-240x140.jpg\" class=\"attachment-thumbnail size-thumbnail\" alt=\"Puerto Chacabuco 1 klein\" srcset=\"https:\/\/www.chile-reise.com\/wp-content\/uploads\/Puerto-Chacabuco-1_klein-240x140.jpg 240w, https:\/\/www.chile-reise.com\/wp-content\/uploads\/Puerto-Chacabuco-1_klein-567x330.jpg 567w\" sizes=\"auto, (max-width: 240px) 100vw, 240px\" \/><\/a>\r\n            <\/dt>\r\n                <dd class='gallery-caption'>\r\n                Puerto Chacabuco\r\n                <\/dd><\/dl><dl class='gallery-item'>\r\n            <dt class='gallery-icon'>\r\n                <a href='https:\/\/www.chile-reise.com\/wp-content\/uploads\/Puerto-Chacabuco-2_klein.jpg'><img loading=\"lazy\" decoding=\"async\" width=\"240\" height=\"140\" src=\"https:\/\/www.chile-reise.com\/wp-content\/uploads\/Puerto-Chacabuco-2_klein-240x140.jpg\" class=\"attachment-thumbnail size-thumbnail\" alt=\"Puerto Chacabuco 2 klein\" srcset=\"https:\/\/www.chile-reise.com\/wp-content\/uploads\/Puerto-Chacabuco-2_klein-240x140.jpg 240w, https:\/\/www.chile-reise.com\/wp-content\/uploads\/Puerto-Chacabuco-2_klein-567x330.jpg 567w\" sizes=\"auto, (max-width: 240px) 100vw, 240px\" \/><\/a>\r\n            <\/dt>\r\n                <dd class='gallery-caption'>\r\n                Puerto Chacabuco\r\n                <\/dd><\/dl><dl class='gallery-item'>\r\n            <dt class='gallery-icon'>\r\n                <a href='https:\/\/www.chile-reise.com\/wp-content\/uploads\/Terra-Luna-afuera-small_klein.jpg'><img loading=\"lazy\" decoding=\"async\" width=\"240\" height=\"140\" src=\"https:\/\/www.chile-reise.com\/wp-content\/uploads\/Terra-Luna-afuera-small_klein-240x140.jpg\" class=\"attachment-thumbnail size-thumbnail\" alt=\"Terra Luna afuera small klein\" \/><\/a>\r\n            <\/dt>\r\n                <dd class='gallery-caption'>\r\n                Terra Luna\r\n                <\/dd><\/dl><br style=\"clear: both\" \/>\r\n            <br style='clear: both;' \/>\r\n        <\/div>\n<div class=\"clear\"><\/div><div class=\"divider\"><\/div>\n<p>S\u00fcdlich von Coyhaique befindet sich der General Carrera-See in einer der sch\u00f6nsten Regionen der Carretera Austral: Im Westen liegt das ber\u00fchmte \u00abCampo de Hielo Norte\u00bb, das dem  \u00c4quator am n\u00e4chsten gelegene Eisfeld, aus dem sich der Monte San Valentin (4.058 m) erhebt. Im S\u00fcden  liegt der  Fluss Baker, ein Paradies f\u00fcr Angler und schlie\u00dflich der Cochrane-See, an dessen Ufer  der Monte San Lorenzo (3.700 m) in die H\u00f6he ragt. Sie werden ein Land entdecken, das nocht nicht lange f\u00fcr Touristen zug\u00e4nglich ist.<\/p>\n<p>Genie\u00dfen Sie die famili\u00e4re Atmsph\u00e4re der <a href=\"https:\/\/www.chile-reise.com\/hotels\/carretera-austral\/terra-luna-lodge\/\" title=\"Terra Luna Lodge ***\">Terra Luna Lodge.<\/a> Sie liegt in Puerto Guadal, einer Bucht mit au\u00dfergew\u00f6hnlichem Mikroklima. Dies erm\u00f6glicht, dass die Lodge das ganze Jahr hindurch besucht werden kann und dass je nach Saison zahlreiche Aktivit\u00e4ten, von Wassersport (Kayak, Fliegenfischen, etc.) bis Wintersport (Langlauf, Schneeschuhe, etc.) angeboten werden k\u00f6nnen. Die Lodge, auf 6 ha privatem Land mit mehr als 400 m Ufer, hat eine fantastische Aussicht auf den See und die umliegenden Berge.  <\/p>\n\n\t<script type=\"text\/javascript\">\tjQuery(document).ready(function($){\tjQuery(\"ul.tabs-nav\").tabs(\"> .pane\"); }); <\/script>\n\n\t\t<div class=\"post-tabs\">\n\t\t\n<ul class=\"tabs-nav\">\n<li>Tourverlauf<\/li>\n<li>Leistungen<\/li>\n<li>Ausr\u00fcstung<\/li>\n<\/ul>\n\n\t\t<div class=\"pane\">\n\t\t\n<strong>1. Tag \u2013 Coihayque \u2013 Terra Luna<\/strong><br \/>\nAb Coyhaique oder Flughafen Balmaceda folgen Sie der<br \/>\nlegend\u00e4ren Carretera Austral bis nach Puerto Guadal am General Carrera-See. In Puerto Tranquilo besteht die M\u00f6glichkeit (wetterabh\u00e4ngig) einer Bootsexkursion zu der <a href=\"https:\/\/www.chile-reise.com\/packages-daytrips\/carretera-austral\/kunstwerk-der-natur-die-marmorkathedrale\/\" title=\"Kunstwerk der Natur: Die Marmorkathedrale\">\u00abCapilla de Marmol\u00bb,<\/a> einem fantastischen Naturkunst-werk aus ausgesp\u00fclten Felsbogen und H\u00f6hlen mitten im See. \u00dcbernachtung in der Terra Luna Lodge.<\/p>\n<p><strong>2. Tag \u2013 Aktiv-Exkursion nach Wahl<\/strong><br \/>\nHeute haben Sie die M\u00f6glichkeit, an einer der vielen zur Auswahl stehenden Exkursionen (Fluss Baker, Seen, Fossilien, Gletscher, Wandern, Mountainbiking, Reiten, Angeln, etc.) teilzunehmen. Ein ganz einmaliges Erlebnis ist ein <a href=\"https:\/\/www.chile-reise.com\/packages-daytrips\/carretera-austral\/flug-uber-die-laguna-san-rafael\/\" title=\"Flug \u00fcber die Laguna San Rafael\">Flug (optional) \u00fcber das n\u00f6rdliche Eisfeld <\/a>und den Monte San Valentin (4.057 m) zur Laguna San Rafael.<\/p>\n<p><strong>3. Tag \u2013 Aktiv-Exkursion nach Wahl<\/strong><br \/>\nExkursionsangebot wie am Vortag.<\/p>\n<p><strong>4. Tag \u2013 Terra Luna \u2013 Chile Chico &#8211; Coihayque<\/strong><br \/>\nFahrt entlang des Ufers des General Carrera Sees nach Chile Chico und lokaler Flug nach Coyhaique oder Balmaceda, um einen Anschlussflug zur\u00fcck nach Santiago<br \/>\n\n\t\t<\/div>\n\t\n\n\t\t<div class=\"pane\">\n\t\t\nTransfers<br \/>\nExkursionen<br \/>\nVollpension<br \/>\n\n\t\t<\/div>\n\t\n\n\t\t<div class=\"pane\">\n\t\t\nDenken Sie unbedingt an Allwetterkleidung.<br \/>\nAusr\u00fcstung f\u00fcr die Exkursionen wird werden gestellt.<br \/>\n\n\t\t<\/div>\n\t\n\n\t\t<\/div>\n\t\n<\/p>","protected":false},"excerpt":{"rendered":"<p>S\u00fcdlich von Coyhaique befindet sich der General Carrera-See in einer der sch\u00f6nsten Regionen der Carretera Austral: Im Westen liegt das ber\u00fchmte \u00abCampo de Hielo Norte\u00bb, das dem \u00c4quator am n\u00e4chsten gelegene Eisfeld, aus dem sich der Monte San Valentin (4.058 &#8230;<\/p>\n","protected":false},"author":3,"featured_media":0,"parent":102,"menu_order":0,"comment_status":"open","ping_status":"open","template":"","meta":{"slim_seo":{"title":"Natur Pur - Terra Luna Pure Nature - Terra Luna - travelArt","description":"Catedral de M\u00e1rmol Lake General Carrera Lagoon San Rafael Puerto Chacabuco Puerto Chacabuco Terra Luna S\u00fcdlich von Coyhaique befindet sich der General Carrera-S"},"footnotes":""},"class_list":["post-2498","page","type-page","status-publish","hentry"],"_links":{"self":[{"href":"https:\/\/www.chile-reise.com\/de\/wp-json\/wp\/v2\/pages\/2498","targetHints":{"allow":["GET"]}}],"collection":[{"href":"https:\/\/www.chile-reise.com\/de\/wp-json\/wp\/v2\/pages"}],"about":[{"href":"https:\/\/www.chile-reise.com\/de\/wp-json\/wp\/v2\/types\/page"}],"author":[{"embeddable":true,"href":"https:\/\/www.chile-reise.com\/de\/wp-json\/wp\/v2\/users\/3"}],"replies":[{"embeddable":true,"href":"https:\/\/www.chile-reise.com\/de\/wp-json\/wp\/v2\/comments?post=2498"}],"version-history":[{"count":0,"href":"https:\/\/www.chile-reise.com\/de\/wp-json\/wp\/v2\/pages\/2498\/revisions"}],"up":[{"embeddable":true,"href":"https:\/\/www.chile-reise.com\/de\/wp-json\/wp\/v2\/pages\/102"}],"wp:attachment":[{"href":"https:\/\/www.chile-reise.com\/de\/wp-json\/wp\/v2\/media?parent=2498"}],"curies":[{"name":"wp","href":"https:\/\/api.w.org\/{rel}","templated":true}]}}