{"id":2496,"date":"2013-08-30T21:31:19","date_gmt":"2013-08-30T19:31:19","guid":{"rendered":"http:\/\/www.chile-reise.com\/wordpress\/?page_id=2496"},"modified":"2014-03-17T16:28:50","modified_gmt":"2014-03-17T14:28:50","slug":"durch-die-grune-wildnis-elizalde-see-und-simpsontal","status":"publish","type":"page","link":"https:\/\/www.chile-reise.com\/de\/packages-daytrips\/carretera-austral\/durch-die-grune-wildnis-elizalde-see-und-simpsontal\/","title":{"rendered":"Durch die gr\u00fcne Wildnis: Elizalde-See und Simpsontal"},"content":{"rendered":"<p>\r\n        <style type='text\/css'>\r\n            #gallery-1 {\r\n                margin: auto;\r\n            }\r\n            #gallery-1 .gallery-item {\r\n                float: left;\r\n                margin-top: 10px;\r\n                text-align: center;\r\n                width: 33%;           }\r\n            #gallery-1 img {\r\n                border: 2px solid #cfcfcf;\r\n            }\r\n            #gallery-1 .gallery-caption {\r\n                margin-left: 0;\r\n            }\r\n        <\/style>\r\n        <!-- see gallery_shortcode() in wp-includes\/media.php -->\r\n        <div id='gallery-1' class='gallery-images gallery galleryid-2496'><dl class='gallery-item'>\r\n            <dt class='gallery-icon'>\r\n                <a href='https:\/\/www.chile-reise.com\/wp-content\/uploads\/Reserva-Nacional-Rio-Simpson-2_klein.jpg'><img loading=\"lazy\" decoding=\"async\" width=\"240\" height=\"140\" src=\"https:\/\/www.chile-reise.com\/wp-content\/uploads\/Reserva-Nacional-Rio-Simpson-2_klein-240x140.jpg\" class=\"attachment-thumbnail size-thumbnail\" alt=\"Reserva Nacional Rio Simpson 2 klein\" \/><\/a>\r\n            <\/dt>\r\n                <dd class='gallery-caption'>\r\n                National Reserve Rio Simpson\r\n                <\/dd><\/dl><dl class='gallery-item'>\r\n            <dt class='gallery-icon'>\r\n                <a href='https:\/\/www.chile-reise.com\/wp-content\/uploads\/Elizalde-See_klein.png'><img loading=\"lazy\" decoding=\"async\" width=\"240\" height=\"140\" src=\"https:\/\/www.chile-reise.com\/wp-content\/uploads\/Elizalde-See_klein-240x140.png\" class=\"attachment-thumbnail size-thumbnail\" alt=\"Elizalde See klein\" \/><\/a>\r\n            <\/dt>\r\n                <dd class='gallery-caption'>\r\n                Lake Elizalde\r\n                <\/dd><\/dl>\r\n            <br style='clear: both;' \/>\r\n        <\/div>\n<div class=\"clear\"><\/div><div class=\"divider\"><\/div>\n<p><strong>Art der Reise:<\/strong> Natur<br \/>\n<strong>Dauer:<\/strong> 1 Tag<\/p>\n\n\t<script type=\"text\/javascript\">\tjQuery(document).ready(function($){\tjQuery(\"ul.tabs-nav\").tabs(\"> .pane\"); }); <\/script>\n\n\t\t<div class=\"post-tabs\">\n\t\t\n<ul class=\"tabs-nav\">\n<li>Tourverlauf<\/li>\n<\/ul>\n\n\t\t<div class=\"pane\">\n\t\t\nSie verlassen Coyhaique\/Puerto Aysen in Richtung S\u00fcden, zum wundersch\u00f6nen Elizalde See.  Auf dem Weg kommen Sie an einer Lagune in einem Vulkankrater und am Wasserfall \u00abEl Salto\u00bb vorbei. Sie durchqueren das Simpsontal und fahren zwischen dicht bewaldeten Bergen hindurch. Am See haben Sie die M\u00f6glichkeit, durch die dichten W\u00e4lder zu wandern, die den tiefblauen See umgeben. Sie fahren auf einem anderen Weg zur\u00fcck und kommen an den \u00abSeis Lagunas\u00bb vorbei, in deren N\u00e4he einige der letzten wilden \u00abHuemule\u00bb leben, eine kleine Hirschart, die fr\u00fcher in gro\u00dfer Zahl hier vorkam.  Am sp\u00e4ten Nachmittag kehren Sie nach Coyhaique zur\u00fcck.<br \/>\n\n\t\t<\/div>\n\t\n\n\t\t<\/div>\n\t<\/p>","protected":false},"excerpt":{"rendered":"<p>Art der Reise: Natur Dauer: 1 Tag<\/p>\n","protected":false},"author":3,"featured_media":0,"parent":102,"menu_order":0,"comment_status":"open","ping_status":"open","template":"","meta":{"slim_seo":{"title":"Durch die gr\u00fcne Wildnis: Elizalde-See und Simpsontal Through thr Green Wilderness: Lake Elizalde and Simpson Valley - travelArt","description":"National Reserve Rio Simpson Lake Elizalde Art der Reise: Natur Dauer: 1 Tag Tourverlauf Sie verlassen Coyhaique\/Puerto Aysen in Richtung S\u00fcden, zum wundersch\u00f6n"},"footnotes":""},"class_list":["post-2496","page","type-page","status-publish","hentry"],"_links":{"self":[{"href":"https:\/\/www.chile-reise.com\/de\/wp-json\/wp\/v2\/pages\/2496","targetHints":{"allow":["GET"]}}],"collection":[{"href":"https:\/\/www.chile-reise.com\/de\/wp-json\/wp\/v2\/pages"}],"about":[{"href":"https:\/\/www.chile-reise.com\/de\/wp-json\/wp\/v2\/types\/page"}],"author":[{"embeddable":true,"href":"https:\/\/www.chile-reise.com\/de\/wp-json\/wp\/v2\/users\/3"}],"replies":[{"embeddable":true,"href":"https:\/\/www.chile-reise.com\/de\/wp-json\/wp\/v2\/comments?post=2496"}],"version-history":[{"count":0,"href":"https:\/\/www.chile-reise.com\/de\/wp-json\/wp\/v2\/pages\/2496\/revisions"}],"up":[{"embeddable":true,"href":"https:\/\/www.chile-reise.com\/de\/wp-json\/wp\/v2\/pages\/102"}],"wp:attachment":[{"href":"https:\/\/www.chile-reise.com\/de\/wp-json\/wp\/v2\/media?parent=2496"}],"curies":[{"name":"wp","href":"https:\/\/api.w.org\/{rel}","templated":true}]}}