{"id":2487,"date":"2013-08-30T20:55:57","date_gmt":"2013-08-30T18:55:57","guid":{"rendered":"http:\/\/www.chile-reise.com\/wordpress\/?page_id=2487"},"modified":"2014-03-17T16:42:44","modified_gmt":"2014-03-17T14:42:44","slug":"naturpark-aiken-del-sur","status":"publish","type":"page","link":"https:\/\/www.chile-reise.com\/de\/packages-daytrips\/carretera-austral\/naturpark-aiken-del-sur\/","title":{"rendered":"Naturpark Aiken del Sur"},"content":{"rendered":"<p>\r\n        <style type='text\/css'>\r\n            #gallery-1 {\r\n                margin: auto;\r\n            }\r\n            #gallery-1 .gallery-item {\r\n                float: left;\r\n                margin-top: 10px;\r\n                text-align: center;\r\n                width: 33%;           }\r\n            #gallery-1 img {\r\n                border: 2px solid #cfcfcf;\r\n            }\r\n            #gallery-1 .gallery-caption {\r\n                margin-left: 0;\r\n            }\r\n        <\/style>\r\n        <!-- see gallery_shortcode() in wp-includes\/media.php -->\r\n        <div id='gallery-1' class='gallery-images gallery galleryid-2487'><dl class='gallery-item'>\r\n            <dt class='gallery-icon'>\r\n                <a href='https:\/\/www.chile-reise.com\/wp-content\/uploads\/aiken-del-sur2_by-lober\u00edas-del-sur_klein.jpg'><img loading=\"lazy\" decoding=\"async\" width=\"240\" height=\"140\" src=\"https:\/\/www.chile-reise.com\/wp-content\/uploads\/aiken-del-sur2_by-lober\u00edas-del-sur_klein-240x140.jpg\" class=\"attachment-thumbnail size-thumbnail\" alt=\"Aiken del sur2 by lober\u00edas del sur klein\" \/><\/a>\r\n            <\/dt>\r\n                <dd class='gallery-caption'>\r\n                Aiken del Sur Nature Park\r\n                <\/dd><\/dl><dl class='gallery-item'>\r\n            <dt class='gallery-icon'>\r\n                <a href='https:\/\/www.chile-reise.com\/wp-content\/uploads\/aiken-del-sur3_by-Lober\u00edas-del-Sur_klein.jpg'><img loading=\"lazy\" decoding=\"async\" width=\"240\" height=\"140\" src=\"https:\/\/www.chile-reise.com\/wp-content\/uploads\/aiken-del-sur3_by-Lober\u00edas-del-Sur_klein-240x140.jpg\" class=\"attachment-thumbnail size-thumbnail\" alt=\"Aiken del sur3 by Lober\u00edas del Sur klein\" \/><\/a>\r\n            <\/dt>\r\n                <dd class='gallery-caption'>\r\n                Aiken del Sur Nature Park\r\n                <\/dd><\/dl><dl class='gallery-item'>\r\n            <dt class='gallery-icon'>\r\n                <a href='https:\/\/www.chile-reise.com\/wp-content\/uploads\/aiken-del-sur4_by-lober\u00eda-del-sur_klein.jpg'><img loading=\"lazy\" decoding=\"async\" width=\"240\" height=\"140\" src=\"https:\/\/www.chile-reise.com\/wp-content\/uploads\/aiken-del-sur4_by-lober\u00eda-del-sur_klein-240x140.jpg\" class=\"attachment-thumbnail size-thumbnail\" alt=\"Aiken del sur4 by lober\u00eda del sur klein\" \/><\/a>\r\n            <\/dt>\r\n                <dd class='gallery-caption'>\r\n                Aiken del Sur Nature Park\r\n                <\/dd><\/dl><br style=\"clear: both\" \/>\r\n            <br style='clear: both;' \/>\r\n        <\/div>\n<div class=\"clear\"><\/div><div class=\"divider\"><\/div>\n<p><strong>Art der Reise:<\/strong> Natur<br \/>\n<strong>Dauer:<\/strong> 1 Tag<\/p>\n\n\t<script type=\"text\/javascript\">\tjQuery(document).ready(function($){\tjQuery(\"ul.tabs-nav\").tabs(\"> .pane\"); }); <\/script>\n\n\t\t<div class=\"post-tabs\">\n\t\t\n<ul class=\"tabs-nav\">\n<li>Tourverlauf<\/li>\n<\/ul>\n\n\t\t<div class=\"pane\">\n\t\t\nDieser 300 ha gro\u00dfe Naturpark s\u00e4umt das Seeufer des 14 km langen klaren Sees Lago Riesco. Hier erwarten Sie Wildwasser, Wasserf\u00e4lle und immergr\u00fcner Urwald mit Farnen,  von denen einige Arten erst vor kurzer Zeit entdeckt wurden. Wandern Sie inmitten dieser herrlichen Natur und lassen Sie sich von einem erfahrenen Ranger die Flora und Fauna erkl\u00e4ren.<br \/>\n\n\t\t<\/div>\n\t\n\n\t\t<\/div>\n\t<\/p>","protected":false},"excerpt":{"rendered":"<p>Art der Reise: Natur Dauer: 1 Tag<\/p>\n","protected":false},"author":3,"featured_media":0,"parent":102,"menu_order":0,"comment_status":"open","ping_status":"open","template":"","meta":{"slim_seo":{"title":"Naturpark Aiken del Sur Aiken del Sur Nature Park - travelArt","description":"Aiken del Sur Nature Park Aiken del Sur Nature Park Aiken del Sur Nature Park Art der Reise: Natur Dauer: 1 Tag Tourverlauf Dieser 300 ha gro\u00dfe Naturpark s\u00e4umt"},"footnotes":""},"class_list":["post-2487","page","type-page","status-publish","hentry"],"_links":{"self":[{"href":"https:\/\/www.chile-reise.com\/de\/wp-json\/wp\/v2\/pages\/2487","targetHints":{"allow":["GET"]}}],"collection":[{"href":"https:\/\/www.chile-reise.com\/de\/wp-json\/wp\/v2\/pages"}],"about":[{"href":"https:\/\/www.chile-reise.com\/de\/wp-json\/wp\/v2\/types\/page"}],"author":[{"embeddable":true,"href":"https:\/\/www.chile-reise.com\/de\/wp-json\/wp\/v2\/users\/3"}],"replies":[{"embeddable":true,"href":"https:\/\/www.chile-reise.com\/de\/wp-json\/wp\/v2\/comments?post=2487"}],"version-history":[{"count":0,"href":"https:\/\/www.chile-reise.com\/de\/wp-json\/wp\/v2\/pages\/2487\/revisions"}],"up":[{"embeddable":true,"href":"https:\/\/www.chile-reise.com\/de\/wp-json\/wp\/v2\/pages\/102"}],"wp:attachment":[{"href":"https:\/\/www.chile-reise.com\/de\/wp-json\/wp\/v2\/media?parent=2487"}],"curies":[{"name":"wp","href":"https:\/\/api.w.org\/{rel}","templated":true}]}}