{"id":2484,"date":"2013-08-30T20:49:15","date_gmt":"2013-08-30T18:49:15","guid":{"rendered":"http:\/\/www.chile-reise.com\/wordpress\/?page_id=2484"},"modified":"2014-05-20T22:04:46","modified_gmt":"2014-05-20T20:04:46","slug":"queulat-nationalpark","status":"publish","type":"page","link":"https:\/\/www.chile-reise.com\/de\/packages-daytrips\/carretera-austral\/queulat-nationalpark\/","title":{"rendered":"Queulat Nationalpark"},"content":{"rendered":"<p>\r\n        <style type='text\/css'>\r\n            #gallery-1 {\r\n                margin: auto;\r\n            }\r\n            #gallery-1 .gallery-item {\r\n                float: left;\r\n                margin-top: 10px;\r\n                text-align: center;\r\n                width: 33%;           }\r\n            #gallery-1 img {\r\n                border: 2px solid #cfcfcf;\r\n            }\r\n            #gallery-1 .gallery-caption {\r\n                margin-left: 0;\r\n            }\r\n        <\/style>\r\n        <!-- see gallery_shortcode() in wp-includes\/media.php -->\r\n        <div id='gallery-1' class='gallery-images gallery galleryid-2484'><dl class='gallery-item'>\r\n            <dt class='gallery-icon'>\r\n                <a href='https:\/\/www.chile-reise.com\/wp-content\/uploads\/Queulat_travelArt16.jpg'><img loading=\"lazy\" decoding=\"async\" width=\"240\" height=\"140\" src=\"https:\/\/www.chile-reise.com\/wp-content\/uploads\/Queulat_travelArt16-240x140.jpg\" class=\"attachment-thumbnail size-thumbnail\" alt=\"Queulat travelArt16\" \/><\/a>\r\n            <\/dt>\r\n                <dd class='gallery-caption'>\r\n                Queulat National Park\r\n                <\/dd><\/dl><dl class='gallery-item'>\r\n            <dt class='gallery-icon'>\r\n                <a href='https:\/\/www.chile-reise.com\/wp-content\/uploads\/PN-Queulat_travelArt19.jpg'><img loading=\"lazy\" decoding=\"async\" width=\"240\" height=\"140\" src=\"https:\/\/www.chile-reise.com\/wp-content\/uploads\/PN-Queulat_travelArt19-240x140.jpg\" class=\"attachment-thumbnail size-thumbnail\" alt=\"PN Queulat travelArt19\" \/><\/a>\r\n            <\/dt>\r\n                <dd class='gallery-caption'>\r\n                Queulat National Park\r\n                <\/dd><\/dl><dl class='gallery-item'>\r\n            <dt class='gallery-icon'>\r\n                <a href='https:\/\/www.chile-reise.com\/wp-content\/uploads\/Queulat_travelArt12.jpg'><img loading=\"lazy\" decoding=\"async\" width=\"240\" height=\"140\" src=\"https:\/\/www.chile-reise.com\/wp-content\/uploads\/Queulat_travelArt12-240x140.jpg\" class=\"attachment-thumbnail size-thumbnail\" alt=\"Queulat travelArt12\" \/><\/a>\r\n            <\/dt>\r\n                <dd class='gallery-caption'>\r\n                Queulat National Park\r\n                <\/dd><\/dl><br style=\"clear: both\" \/>\r\n            <br style='clear: both;' \/>\r\n        <\/div>\n<div class=\"clear\"><\/div><div class=\"divider\"><\/div>\n<p><strong>Art der Reise:<\/strong> Natur<br \/>\n<strong>Dauer:<\/strong> 1 Tag<\/p>\n\n\t<script type=\"text\/javascript\">\tjQuery(document).ready(function($){\tjQuery(\"ul.tabs-nav\").tabs(\"> .pane\"); }); <\/script>\n\n\t\t<div class=\"post-tabs\">\n\t\t\n<ul class=\"tabs-nav\">\n<li>Tourverlauf<\/li>\n<\/ul>\n\n\t\t<div class=\"pane\">\n\t\t\nIm Nationalpark Queulat, gelegen am gleichnamigen Fjord nahe Puyuhuapi, k\u00f6nnen Sie eine der urspr\u00fcnglichsten Landschaften Chiles erkunden. Die Carretera Austral durchquert den Park auf \u00fcber 40 Kilometern und macht ihn so leicht zug\u00e4nglich f\u00fcr Besucher. Ein Teil des \u00fcber 150.000 Hektar gro\u00dfen Gel\u00e4ndes ist dennoch weiterhin unerforscht. Der Nationalpark ist gepr\u00e4gt von dichten, immergr\u00fcnen W\u00e4ldern, Seen und Gletschern. Die bekannteste  Attraktion ist der \u201eH\u00e4ngende Gletscher\u201c (Ventisquero Colgante), der von den Bergen herabflie\u00dft und in einem spektakul\u00e4ren Wasserfall endet. Neben der einheimischen Vegetation aus Coig\u00fce-B\u00e4umen und essbaren Nalcas kann mit etwas Gl\u00fcck auch eine vielf\u00e4ltige Fauna mit Eisv\u00f6geln und Pumas beobachtet werden.<br \/>\n\n\t\t<\/div>\n\t\n\n\t\t<\/div>\n\t<\/p>","protected":false},"excerpt":{"rendered":"<p>Art der Reise: Natur Dauer: 1 Tag<\/p>\n","protected":false},"author":3,"featured_media":0,"parent":102,"menu_order":0,"comment_status":"open","ping_status":"open","template":"","meta":{"slim_seo":{"title":"Queulat Nationalpark Queulat National Park - travelArt","description":"Queulat National Park Queulat National Park Queulat National Park Art der Reise: Natur Dauer: 1 Tag Tourverlauf Im Nationalpark Queulat, gelegen am gleichnamige"},"footnotes":""},"class_list":["post-2484","page","type-page","status-publish","hentry"],"_links":{"self":[{"href":"https:\/\/www.chile-reise.com\/de\/wp-json\/wp\/v2\/pages\/2484","targetHints":{"allow":["GET"]}}],"collection":[{"href":"https:\/\/www.chile-reise.com\/de\/wp-json\/wp\/v2\/pages"}],"about":[{"href":"https:\/\/www.chile-reise.com\/de\/wp-json\/wp\/v2\/types\/page"}],"author":[{"embeddable":true,"href":"https:\/\/www.chile-reise.com\/de\/wp-json\/wp\/v2\/users\/3"}],"replies":[{"embeddable":true,"href":"https:\/\/www.chile-reise.com\/de\/wp-json\/wp\/v2\/comments?post=2484"}],"version-history":[{"count":0,"href":"https:\/\/www.chile-reise.com\/de\/wp-json\/wp\/v2\/pages\/2484\/revisions"}],"up":[{"embeddable":true,"href":"https:\/\/www.chile-reise.com\/de\/wp-json\/wp\/v2\/pages\/102"}],"wp:attachment":[{"href":"https:\/\/www.chile-reise.com\/de\/wp-json\/wp\/v2\/media?parent=2484"}],"curies":[{"name":"wp","href":"https:\/\/api.w.org\/{rel}","templated":true}]}}