{"id":248,"date":"2013-07-02T23:35:22","date_gmt":"2013-07-02T21:35:22","guid":{"rendered":"http:\/\/www.chile-reise.com\/wordpress\/?page_id=248"},"modified":"2013-10-02T18:24:09","modified_gmt":"2013-10-02T16:24:09","slug":"spark-hotel","status":"publish","type":"page","link":"https:\/\/www.chile-reise.com\/de\/hotels\/altiplano\/spark-hotel\/","title":{"rendered":"Spark Hotel ****"},"content":{"rendered":"<p>\r\n        <style type='text\/css'>\r\n            #gallery-1 {\r\n                margin: auto;\r\n            }\r\n            #gallery-1 .gallery-item {\r\n                float: left;\r\n                margin-top: 10px;\r\n                text-align: center;\r\n                width: 33%;           }\r\n            #gallery-1 img {\r\n                border: 2px solid #cfcfcf;\r\n            }\r\n            #gallery-1 .gallery-caption {\r\n                margin-left: 0;\r\n            }\r\n        <\/style>\r\n        <!-- see gallery_shortcode() in wp-includes\/media.php -->\r\n        <div id='gallery-1' class='gallery-images gallery galleryid-248'><dl class='gallery-item'>\r\n            <dt class='gallery-icon'>\r\n                <a href='https:\/\/www.chile-reise.com\/wp-content\/uploads\/Hotel-Spark.jpg'><img loading=\"lazy\" decoding=\"async\" width=\"240\" height=\"140\" src=\"https:\/\/www.chile-reise.com\/wp-content\/uploads\/Hotel-Spark-240x140.jpg\" class=\"attachment-thumbnail size-thumbnail\" alt=\"Hotel Spark\" \/><\/a>\r\n            <\/dt>\r\n                <dd class='gallery-caption'>\r\n                Hotel Spark\r\n                <\/dd><\/dl><dl class='gallery-item'>\r\n            <dt class='gallery-icon'>\r\n                <a href='https:\/\/www.chile-reise.com\/wp-content\/uploads\/Hotel-Spark-Room.jpg'><img loading=\"lazy\" decoding=\"async\" width=\"240\" height=\"140\" src=\"https:\/\/www.chile-reise.com\/wp-content\/uploads\/Hotel-Spark-Room-240x140.jpg\" class=\"attachment-thumbnail size-thumbnail\" alt=\"Hotel Spark Room\" \/><\/a>\r\n            <\/dt>\r\n                <dd class='gallery-caption'>\r\n                Hotel Spark Room\r\n                <\/dd><\/dl><dl class='gallery-item'>\r\n            <dt class='gallery-icon'>\r\n                <a href='https:\/\/www.chile-reise.com\/wp-content\/uploads\/Hotel-Spark-Terrace.jpg'><img loading=\"lazy\" decoding=\"async\" width=\"240\" height=\"140\" src=\"https:\/\/www.chile-reise.com\/wp-content\/uploads\/Hotel-Spark-Terrace-240x140.jpg\" class=\"attachment-thumbnail size-thumbnail\" alt=\"Hotel Spark\" \/><\/a>\r\n            <\/dt>\r\n                <dd class='gallery-caption'>\r\n                Hotel Spark Terrace\r\n                <\/dd><\/dl><br style=\"clear: both\" \/>\r\n            <br style='clear: both;' \/>\r\n        <\/div>\n\n<div class=\"clear\"><\/div><div class=\"divider\"><\/div>\n<p>Das modern und komfortabel eingerichtete Spark Hotel Iquique liegt in unmittelbarer N\u00e4he zu Iquiques sch\u00f6nstem Strand Playa Cavancha. Alle Zimmer bieten einen herrlichen Blick auf den Strand und den Sonnenuntergang im Pazifik.<\/p>\n<p><strong>Zimmer:<\/strong> 67<br \/>\n<strong>Ausstattung:<\/strong> Klimaanlage, TV, Telefon, Minibar, Safe, Schreibtisch, Schwimmbecken, Fitnessraum, Konferenzr\u00e4ume, Restaurant, Caf\u00e9, W\u00e4scheservice, Parkpl\u00e4tze<br \/>\n<strong>Internet:<\/strong> Wi-Fi<\/p>","protected":false},"excerpt":{"rendered":"<p>Das modern und komfortabel eingerichtete Spark Hotel Iquique liegt in unmittelbarer N\u00e4he zu Iquiques sch\u00f6nstem Strand Playa Cavancha. Alle Zimmer bieten einen herrlichen Blick auf den Strand und den Sonnenuntergang im Pazifik. Zimmer: 67 Ausstattung: Klimaanlage, TV, Telefon, Minibar, Safe, &#8230;<\/p>\n","protected":false},"author":16,"featured_media":0,"parent":198,"menu_order":0,"comment_status":"open","ping_status":"open","template":"","meta":{"slim_seo":{"title":"Spark Hotel **** Spark Hotel **** - travelArt","description":"Hotel Spark Hotel Spark Room Hotel Spark Terrace Das modern und komfortabel eingerichtete Spark Hotel Iquique liegt in unmittelbarer N\u00e4he zu Iquiques sch\u00f6nstem"},"footnotes":""},"class_list":["post-248","page","type-page","status-publish","hentry"],"_links":{"self":[{"href":"https:\/\/www.chile-reise.com\/de\/wp-json\/wp\/v2\/pages\/248","targetHints":{"allow":["GET"]}}],"collection":[{"href":"https:\/\/www.chile-reise.com\/de\/wp-json\/wp\/v2\/pages"}],"about":[{"href":"https:\/\/www.chile-reise.com\/de\/wp-json\/wp\/v2\/types\/page"}],"author":[{"embeddable":true,"href":"https:\/\/www.chile-reise.com\/de\/wp-json\/wp\/v2\/users\/16"}],"replies":[{"embeddable":true,"href":"https:\/\/www.chile-reise.com\/de\/wp-json\/wp\/v2\/comments?post=248"}],"version-history":[{"count":0,"href":"https:\/\/www.chile-reise.com\/de\/wp-json\/wp\/v2\/pages\/248\/revisions"}],"up":[{"embeddable":true,"href":"https:\/\/www.chile-reise.com\/de\/wp-json\/wp\/v2\/pages\/198"}],"wp:attachment":[{"href":"https:\/\/www.chile-reise.com\/de\/wp-json\/wp\/v2\/media?parent=248"}],"curies":[{"name":"wp","href":"https:\/\/api.w.org\/{rel}","templated":true}]}}